{"id":24578,"date":"2025-12-24T11:51:36","date_gmt":"2025-12-24T03:51:36","guid":{"rendered":"https:\/\/yebodaglass.com\/?post_type=product&#038;p=24578"},"modified":"2025-12-24T13:14:13","modified_gmt":"2025-12-24T05:14:13","slug":"borosilicate-glass-jars-with-bamboo-lids-and-spoons-bulk","status":"publish","type":"product","link":"https:\/\/yebodaglass.com\/de\/borosilicate-glass-jars-with-bamboo-lids-and-spoons-bulk\/","title":{"rendered":"500 ml, 850 ml, 1150 ml Borosilikatglas-Einmachgl\u00e4ser mit Bambusdeckeln und L\u00f6ffeln (Gro\u00dfpackung)"},"content":{"rendered":"<p data-start=\"66\" data-end=\"288\">Diese Glasgef\u00e4\u00dfe mit Bambusdeckeln und -l\u00f6ffeln sind aus transparentem Borosilikatglas gefertigt und bestechen durch ihre klassische, abgerundete Form, die nie aus der Mode kommt. Erg\u00e4nzt werden die Gef\u00e4\u00dfe durch einen hellen, farblich abgestimmten, flachen Bambusdeckel und einen farblich passenden Bambusl\u00f6ffel.<\/p>\n<h2>Produkteigenschaften<\/h2>\n<ul>\n<li><strong>Klassisches, abgerundetes Design:<\/strong> Durch die breite Korpusform lassen sich Gegenst\u00e4nde sehr leicht verstauen, da gen\u00fcgend Platz f\u00fcr alles vorhanden ist, was man unterbringen m\u00f6chte, und man schnell auf die Gegenst\u00e4nde zugreifen kann.<\/li>\n<li><strong>Bambusdeckel- und L\u00f6ffelset:<\/strong> Die Packung enth\u00e4lt einen Deckel und einen L\u00f6ffel, die die gleiche Farbe haben und somit perfekt zueinander passen und sofort ohne Probleme einsatzbereit sind.<\/li>\n<li><strong>Hochwertiges Borosilikatglas:<\/strong> Das Produkt zeichnet sich durch seine Best\u00e4ndigkeit gegen\u00fcber schnellen Temperatur\u00e4nderungen aus und bleibt zudem lange Zeit klar.<\/li>\n<\/ul>\n<h2 style=\"text-align: left;\">Wichtigste Spezifikationen<\/h2>\n<table class=\"aligncenter\" style=\"border-collapse: collapse; width: 622.52pt;\" border=\"0\" width=\"830\" cellspacing=\"0\" cellpadding=\"0\">\n<tbody>\n<tr style=\"height: 13.50pt;\">\n<td style=\"height: 13.50pt; width: 186.75pt;\" width=\"249\" height=\"18\">Attribut<\/td>\n<td style=\"width: 435.75pt;\" width=\"581\">Details<\/td>\n<\/tr>\n<tr style=\"height: 13.50pt;\">\n<td style=\"height: 13.50pt;\" height=\"18\">Kapazit\u00e4t<\/td>\n<td>500 ml, 850 ml, 1150 ml<\/td>\n<\/tr>\n<tr style=\"height: 13.50pt;\">\n<td style=\"height: 13.50pt;\" height=\"18\">Ma\u00dfe<\/td>\n<td>7 \u00d7 10,5 cm \/ 7 \u00d7 13 cm \/ 7,5 \u00d7 14 cm<\/td>\n<\/tr>\n<tr style=\"height: 13.50pt;\">\n<td style=\"height: 13.50pt;\" height=\"18\">Material<\/td>\n<td>Transparentes Borosilikatglas und Bambus (Deckel &amp; L\u00f6ffel)<\/td>\n<\/tr>\n<tr style=\"height: 13.50pt;\">\n<td style=\"height: 13.50pt;\" height=\"18\">Deckeltyp<\/td>\n<td>Flacher, hellbeiger Bambusdeckel (mit luftdichtem Dichtungsring innen)<\/td>\n<\/tr>\n<tr style=\"height: 13.50pt;\">\n<td style=\"height: 13.50pt;\" height=\"18\">Eigenschaften von Borosilikat-Materialien<\/td>\n<td>Hohe Transparenz, ausgezeichnete Temperaturbest\u00e4ndigkeit, korrosionsbest\u00e4ndig<\/td>\n<\/tr>\n<tr style=\"height: 13.50pt;\">\n<td style=\"height: 13.50pt;\" height=\"18\">Ideal f\u00fcr<\/td>\n<td>Gro\u00dfpackungen Glasbeh\u00e4lter, Glasbeh\u00e4lter mit L\u00f6ffeln<\/td>\n<\/tr>\n<\/tbody>\n<\/table>\n<h2>Erfolgsgeschichte: Schnelles Wachstum des Vertriebspartners<\/h2>\n<p>Ein landesweiter K\u00fcchen- und Lebensmittelh\u00e4ndler bestellte zun\u00e4chst 15.000 unserer Glasbeh\u00e4lter mit Bambusdeckel und passenden L\u00f6ffeln. Die Supermarktkette gab bekannt, dass sich die Haltbarkeit von Trockenlebensmitteln durch den luftdichten Verschluss mit dem Bambusdeckel um 42 % verl\u00e4ngert und der Platzbedarf im Regal dank des kompakten, runden Designs um 32 % reduziert wird. Daraufhin bestellte der H\u00e4ndler weitere 380.000 Glasbeh\u00e4lter, um die hohe Marktnachfrage umgehend zu decken.<\/p>\n<h2>Vorschl\u00e4ge zur individuellen Gestaltung von Gro\u00dfpackungen aus Glas<\/h2>\n<ul>\n<li>Farbige Silikon-Dichtungsringe: Bietet farbige, lebensmittelechte Silikon-Innendichtungsringe f\u00fcr die Deckel, die individuell gestaltet werden k\u00f6nnen.<\/li>\n<li>Individuelle Bambusf\u00e4rbung: Geben Sie die gew\u00fcnschte Farbe (natur, dunkel usw.) f\u00fcr den Bambusdeckel und den L\u00f6ffel an.<\/li>\n<li>Eingravierte Symbole f\u00fcr den Verwendungszweck: Bringen Sie kleine Symbole f\u00fcr Gew\u00fcrze, Getreide oder Honig an der Schulter des Glases an, um den Aufbewahrungsort des jeweiligen Produkts leicht zu finden.<\/li>\n<li>Strukturierter Boden: Durch das Aufbringen eines sehr dezenten Gittermusters auf den Boden des Glases wird die Haftung auf glatten K\u00fcchenarbeitsplatten deutlich verbessert.<\/li>\n<\/ul>","protected":false},"excerpt":{"rendered":"<p dir=\"auto\">Entdecken Sie Glasbeh\u00e4lter mit Bambusdeckeln und L\u00f6ffeln f\u00fcr Gro\u00dfpackungen \u2013 elegante, bauchige Form, transparentes Glas, passender L\u00f6ffelclip. Individuell gestaltbare Designs.<\/p>","protected":false},"featured_media":24581,"template":"","meta":[],"product_brand":[],"product_cat":[122,124,137],"product_tag":[],"class_list":{"0":"post-24578","1":"product","2":"type-product","3":"status-publish","4":"has-post-thumbnail","6":"product_cat-custom-glass-packaging","7":"product_cat-custom-glass-jars","8":"product_cat-glass-jars-with-lids","10":"first","11":"instock","12":"shipping-taxable","13":"product-type-simple"},"jetpack_sharing_enabled":true,"_links":{"self":[{"href":"https:\/\/yebodaglass.com\/de\/wp-json\/wp\/v2\/product\/24578","targetHints":{"allow":["GET"]}}],"collection":[{"href":"https:\/\/yebodaglass.com\/de\/wp-json\/wp\/v2\/product"}],"about":[{"href":"https:\/\/yebodaglass.com\/de\/wp-json\/wp\/v2\/types\/product"}],"version-history":[{"count":3,"href":"https:\/\/yebodaglass.com\/de\/wp-json\/wp\/v2\/product\/24578\/revisions"}],"predecessor-version":[{"id":24585,"href":"https:\/\/yebodaglass.com\/de\/wp-json\/wp\/v2\/product\/24578\/revisions\/24585"}],"wp:featuredmedia":[{"embeddable":true,"href":"https:\/\/yebodaglass.com\/de\/wp-json\/wp\/v2\/media\/24581"}],"wp:attachment":[{"href":"https:\/\/yebodaglass.com\/de\/wp-json\/wp\/v2\/media?parent=24578"}],"wp:term":[{"taxonomy":"product_brand","embeddable":true,"href":"https:\/\/yebodaglass.com\/de\/wp-json\/wp\/v2\/product_brand?post=24578"},{"taxonomy":"product_cat","embeddable":true,"href":"https:\/\/yebodaglass.com\/de\/wp-json\/wp\/v2\/product_cat?post=24578"},{"taxonomy":"product_tag","embeddable":true,"href":"https:\/\/yebodaglass.com\/de\/wp-json\/wp\/v2\/product_tag?post=24578"}],"curies":[{"name":"wp","href":"https:\/\/api.w.org\/{rel}","templated":true}]}}