{"id":24570,"date":"2025-12-24T10:32:19","date_gmt":"2025-12-24T02:32:19","guid":{"rendered":"https:\/\/yebodaglass.com\/?post_type=product&#038;p=24570"},"modified":"2025-12-24T16:47:49","modified_gmt":"2025-12-24T08:47:49","slug":"custom-glass-jar-with-bamboo-lid-for-food-storage-bulk","status":"publish","type":"product","link":"https:\/\/yebodaglass.com\/de\/produkt\/custom-glass-jar-with-bamboo-lid-for-food-storage-bulk\/","title":{"rendered":"450 ml, 560 ml, 700 ml, 950 ml Ma\u00dfgefertigtes Glasgef\u00e4\u00df mit Bambusdeckel zur Aufbewahrung von Lebensmitteln in gro\u00dfen Mengen"},"content":{"rendered":"<p>Schluss mit dem \u00c4rgernis durch Plastikdeckel! Wir fertigen Glasbeh\u00e4lter mit Bambusdeckel \u2013 ideal f\u00fcr Marken, die Wert auf praktische Aufbewahrung legen. Mit diesen Vorratsbeh\u00e4ltern wird die t\u00e4gliche Warenpr\u00e4sentation zum Markenauftritt. Bei Gro\u00dfbestellungen erhalten Sie individuelle Oberfl\u00e4chenveredelungen, die perfekt zu Ihrer Marke passen.<\/p>\n<h2>Produkteigenschaften<\/h2>\n<p><strong>Bambusdeckeldichtung<\/strong><\/p>\n<p>H\u00e4lt Kaffeebohnen knackig \u2013 keine Feuchtigkeit, kein Geruch, kein Stress f\u00fcr Aufbewahrungsgl\u00e4ser.<\/p>\n<p><strong>Hitzebest\u00e4ndiges Glas<\/strong><\/p>\n<p>Vertr\u00e4gt hei\u00dfen Honig und kalten Sirup \u2013 kein Temperaturschock garantiert.<\/p>\n<p><strong>Geradseitige Klarheit<\/strong><\/p>\n<p>Sehen Sie jedes einzelne K\u00f6rnchen Glasgelee \u2013 Ihre Aufbewahrungsgl\u00e4ser pr\u00e4sentieren Ihr Produkt perfekt.<\/p>\n<h2>Wichtigste Spezifikationen<\/h2>\n<table style=\"border-collapse: collapse; width: 80%; margin-left: auto; margin-right: auto;\" border=\"0\" width=\"360\" cellspacing=\"0\" cellpadding=\"0\">\n<tbody>\n<tr style=\"height: 13.50pt;\">\n<td style=\"height: 13.5pt; width: 54pt; text-align: center;\" width=\"72\" height=\"18\">Fassungsverm\u00f6gen (ml)<\/td>\n<td style=\"width: 54pt; text-align: center;\" width=\"72\">Gr\u00f6\u00dfe (cm)<\/td>\n<td style=\"width: 54pt; text-align: center;\" width=\"72\">Munddurchmesser<\/td>\n<td style=\"width: 54pt; text-align: center;\" width=\"72\">Material<\/td>\n<td style=\"width: 54pt; text-align: center;\" width=\"72\">Farbe<\/td>\n<\/tr>\n<tr style=\"height: 13.50pt;\">\n<td style=\"height: 13.5pt; text-align: center;\" align=\"right\" height=\"18\">450<\/td>\n<td style=\"text-align: center;\">8,5 x 10,0<\/td>\n<td class=\"et2\" style=\"text-align: center;\" rowspan=\"4\">85 mm<\/td>\n<td class=\"et2\" style=\"text-align: center;\" rowspan=\"4\">Borosilikat<\/td>\n<td class=\"et2\" style=\"text-align: center;\" rowspan=\"4\">Klar und individuell<\/td>\n<\/tr>\n<tr style=\"height: 13.50pt;\">\n<td style=\"height: 13.5pt; text-align: center;\" align=\"right\" height=\"18\">560<\/td>\n<td style=\"text-align: center;\">8,5 x 12,0<\/td>\n<\/tr>\n<tr style=\"height: 13.50pt;\">\n<td style=\"height: 13.5pt; text-align: center;\" align=\"right\" height=\"18\">700<\/td>\n<td style=\"text-align: center;\">8,5 x 15,0<\/td>\n<\/tr>\n<tr style=\"height: 13.50pt;\">\n<td style=\"height: 13.5pt; text-align: center;\" align=\"right\" height=\"18\">950<\/td>\n<td style=\"text-align: center;\">8,5 x 20,0<\/td>\n<\/tr>\n<\/tbody>\n<\/table>\n<h2>Erfolgsbeispiel<\/h2>\n<p>Diese Marke setzt sich stark f\u00fcr den Umweltschutz ein. Sie hat beschlossen, auf Plastikbeh\u00e4lter zu verzichten und stattdessen Glasbeh\u00e4lter mit Bambusdeckel zu verwenden. Nachhaltigkeit und Nat\u00fcrlichkeit stehen bei der Marke im Vordergrund. Die Bambusdeckel passen perfekt zu diesem Markenbild. Umweltbewusste Menschen, die Wert auf Qualit\u00e4t legen, werden diese Umstellung lieben. Die Marke hat diese Ver\u00e4nderung f\u00fcr ihre Produkte vorgenommen, um umweltfreundlicher zu sein. Die Glasbeh\u00e4lter mit Bambusdeckeln sind ein wichtiger Bestandteil davon.<\/p>\n<p>Nach der Produkteinf\u00fchrung der Marke stiegen die Verkaufszahlen innerhalb von drei Monaten um 20 %, wobei die Bio-Snacklinie bei den Verbrauchern am beliebtesten war.<\/p>\n<h2>Ihr individuelles Anpassungshandbuch<\/h2>\n<ol>\n<li><strong>Personalisierte Etiketten: <\/strong>Man kann die Glasvorratsbeh\u00e4lter f\u00fcr Branding-Zwecke nutzen, indem man einfach individuelle Etiketten, Logos oder beliebige Designs hinzuf\u00fcgt, die die Markenwiedererkennung erleichtern und gleichzeitig Design\u00e4nderungen auf der Grundlage der Marktanforderungen erm\u00f6glichen.<\/li>\n<li><strong>Deckelmaterial: <\/strong>Neben Bambusdeckeln k\u00f6nnen auch andere Naturmaterialien oder Metalldeckel gew\u00e4hlt werden, um den Markenanforderungen gerecht zu werden. Metalldeckel verleihen ein moderneres und luxuri\u00f6seres Erscheinungsbild, w\u00e4hrend Bambusdeckel umweltfreundlicher sind.<\/li>\n<li><strong>Kapazit\u00e4tsetiketten: <\/strong>Es ist m\u00f6glich, verschiedene Kapazit\u00e4tsetiketten oder Graduierungen individuell f\u00fcr unterschiedliche Zwecke anfertigen zu lassen, beispielsweise um die Menge oder das Gewicht der gelagerten Gegenst\u00e4nde genau zu messen und so die Benutzerfreundlichkeit und den Komfort zu erh\u00f6hen.<\/li>\n<\/ol>","protected":false},"excerpt":{"rendered":"<p>Stilvolles Glasgef\u00e4\u00df mit Bambusdeckel, ideal zum Organisieren und Aufbewahren von Lebensmitteln. Perfekt, um Trockenwaren frisch zu halten. Gro\u00dfbestellungen und Gratisproben erh\u00e4ltlich.<\/p>","protected":false},"featured_media":24577,"template":"","meta":[],"product_brand":[],"product_cat":[122,124,137],"product_tag":[],"class_list":{"0":"post-24570","1":"product","2":"type-product","3":"status-publish","4":"has-post-thumbnail","6":"product_cat-custom-glass-packaging","7":"product_cat-custom-glass-jars","8":"product_cat-glass-jars-with-lids","10":"first","11":"instock","12":"shipping-taxable","13":"product-type-simple"},"jetpack_sharing_enabled":true,"_links":{"self":[{"href":"https:\/\/yebodaglass.com\/de\/wp-json\/wp\/v2\/product\/24570","targetHints":{"allow":["GET"]}}],"collection":[{"href":"https:\/\/yebodaglass.com\/de\/wp-json\/wp\/v2\/product"}],"about":[{"href":"https:\/\/yebodaglass.com\/de\/wp-json\/wp\/v2\/types\/product"}],"version-history":[{"count":4,"href":"https:\/\/yebodaglass.com\/de\/wp-json\/wp\/v2\/product\/24570\/revisions"}],"predecessor-version":[{"id":24602,"href":"https:\/\/yebodaglass.com\/de\/wp-json\/wp\/v2\/product\/24570\/revisions\/24602"}],"wp:featuredmedia":[{"embeddable":true,"href":"https:\/\/yebodaglass.com\/de\/wp-json\/wp\/v2\/media\/24577"}],"wp:attachment":[{"href":"https:\/\/yebodaglass.com\/de\/wp-json\/wp\/v2\/media?parent=24570"}],"wp:term":[{"taxonomy":"product_brand","embeddable":true,"href":"https:\/\/yebodaglass.com\/de\/wp-json\/wp\/v2\/product_brand?post=24570"},{"taxonomy":"product_cat","embeddable":true,"href":"https:\/\/yebodaglass.com\/de\/wp-json\/wp\/v2\/product_cat?post=24570"},{"taxonomy":"product_tag","embeddable":true,"href":"https:\/\/yebodaglass.com\/de\/wp-json\/wp\/v2\/product_tag?post=24570"}],"curies":[{"name":"wp","href":"https:\/\/api.w.org\/{rel}","templated":true}]}}