{"id":24552,"date":"2025-12-23T15:56:39","date_gmt":"2025-12-23T07:56:39","guid":{"rendered":"https:\/\/yebodaglass.com\/?post_type=product&#038;p=24552"},"modified":"2025-12-24T09:18:02","modified_gmt":"2025-12-24T01:18:02","slug":"empty-unique-glass-jars-with-lids-wholesale","status":"publish","type":"product","link":"https:\/\/yebodaglass.com\/de\/empty-unique-glass-jars-with-lids-wholesale\/","title":{"rendered":"350 ml \u2013 950 ml Leere, einzigartige Glasbeh\u00e4lter mit Deckel \u2013 Gro\u00dfhandel"},"content":{"rendered":"<p data-start=\"66\" data-end=\"288\">Es handelt sich um ungew\u00f6hnliche Glasgef\u00e4\u00dfe mit Deckeln: Sie haben eine ungew\u00f6hnliche Trapezform, sind oben schmal, unten breiter und weisen scharfe Kanten auf. Dank der leichten Deckel aus nat\u00fcrlichem Bambus ist der Inhalt gut sichtbar.<\/p>\n<h2>Produkteigenschaften<\/h2>\n<ul>\n<li><strong>Facettenreiche Trapezform:<\/strong> Die trapezf\u00f6rmige Gestalt, die oben schmaler und unten breiter ist und scharfe Winkel aufweist, ist im Vergleich zu zylindrischen Gef\u00e4\u00dfen nicht nur stabiler, sondern bietet auch optische Tiefe.<\/li>\n<li><strong>Transparenter K\u00f6rper:<\/strong> Der Korpus des Einmachglases besteht aus vollst\u00e4ndig transparentem Glas, sodass man den Inhalt deutlich sehen kann, ohne den Deckel \u00f6ffnen zu m\u00fcssen.<\/li>\n<li><strong>Bambusdeckel:<\/strong> Der Bambusdeckel ist ein leichter Deckel mit einer innenliegenden Dichtungsschicht, einem schlichten Design und einer hervorragenden Abdichtung.<\/li>\n<\/ul>\n<h2 style=\"text-align: left;\">Wichtigste Spezifikationen<\/h2>\n<table class=\"aligncenter\" style=\"border-collapse: collapse; width: 459.02pt;\" border=\"0\" width=\"612\" cellspacing=\"0\" cellpadding=\"0\">\n<tbody>\n<tr style=\"height: 13.50pt;\">\n<td style=\"height: 13.50pt; width: 100.50pt;\" width=\"134\" height=\"18\">Spezifikation<\/td>\n<td style=\"width: 358.50pt;\" width=\"478\">Details<\/td>\n<\/tr>\n<tr style=\"height: 13.50pt;\">\n<td style=\"height: 13.50pt;\" height=\"18\">Kapazit\u00e4t<\/td>\n<td>350 ml \/ 500 ml \/ 750 ml \/ 950 ml<\/td>\n<\/tr>\n<tr style=\"height: 13.50pt;\">\n<td style=\"height: 13.50pt;\" height=\"18\">Ma\u00dfe<\/td>\n<td>10 \u00d7 10,2 cm \/ 11,5 \u00d7 12 cm \/ 12,5 \u00d7 13,7 cm \/ 14 \u00d7 15,2 cm<\/td>\n<\/tr>\n<tr style=\"height: 13.50pt;\">\n<td style=\"height: 13.50pt;\" height=\"18\">Material<\/td>\n<td>Hochborosilikatglas<\/td>\n<\/tr>\n<tr style=\"height: 13.50pt;\">\n<td style=\"height: 13.50pt;\" height=\"18\">Glasform<\/td>\n<td>Mehrfach facettierte Pyramide mit abgestumpfter Basis (sich verbreiternde Basis)<\/td>\n<\/tr>\n<tr style=\"height: 13.50pt;\">\n<td style=\"height: 13.50pt;\" height=\"18\">Deckeltyp<\/td>\n<td>Flacher Deckel aus leichtem Bambus mit Randdichtung<\/td>\n<\/tr>\n<tr style=\"height: 13.50pt;\">\n<td style=\"height: 13.50pt;\" height=\"18\">Materialeigenschaften<\/td>\n<td>Thermisch und chemikalienbest\u00e4ndig, hohe Transparenz<\/td>\n<\/tr>\n<tr style=\"height: 13.50pt;\">\n<td style=\"height: 13.50pt;\" height=\"18\">Ideal f\u00fcr<\/td>\n<td>Gro\u00dfhandel mit Glasbeh\u00e4ltern und Deckeln, Glasbeh\u00e4lter mit Holzdeckeln<\/td>\n<\/tr>\n<\/tbody>\n<\/table>\n<h2>Erfolgsgeschichte<\/h2>\n<p>Ein Premium-Teeunternehmen suchte nach einer Verpackung, die sowohl der Pr\u00e4sentation als auch der Warenpr\u00e4sentation dienen sollte. Unsere einzigartigen 500-ml-Glasbeh\u00e4lter mit Deckel wurden f\u00fcr die neue Single-Origin-Teelinie ausgew\u00e4hlt. Das Borosilikatglas ist nicht nur robust (mit einer Bruchrate von nur 0,2 % beim Transport), sondern pr\u00e4sentiert dank seines facettenreichen Designs auch die Farbe und Textur des Tees optimal. Dies f\u00fchrte zu einem Anstieg der Produktbeitr\u00e4ge in den sozialen Medien um 70 %. Nach diesem gro\u00dfen Erfolg bestellte das Unternehmen weitere 200.000 Glasbeh\u00e4lter f\u00fcr den weltweiten Vertrieb.<\/p>\n<h2>Optionen zur individuellen Gestaltung von Glasbeh\u00e4ltern und Deckeln (Gro\u00dfhandel)<\/h2>\n<ul>\n<li>Werbe-Einmachglasdeckel aus Bambus: Sie k\u00f6nnen jetzt auf einen Einmachglasdeckel umsteigen, der aus einem einzigen St\u00fcck Bambus gefertigt ist und mit lasergravierten Logos versehen ist.<\/li>\n<li>Frost. Um ein eindrucksvolles Licht- und Schattenspiel zu erzeugen, wurde beschlossen, die abwechselnden Facetten des Gef\u00e4\u00dfk\u00f6rpers mit einer mattierten Oberfl\u00e4che zu versehen.<\/li>\n<li>Geometrische Siebdruckmuster \u2013 Muster, die die Winkel des Gef\u00e4\u00dfk\u00f6rpers auf einer oder zwei Oberfl\u00e4chen wiederholen.<\/li>\n<li>Akzente aus Buntglas \u2013 Diese k\u00f6nnen auf bestimmten Fl\u00e4chen (z. B. der Vorderseite) mit farbigem Glas verwendet werden, um einen Kontrast zu erzeugen.<\/li>\n<\/ul>","protected":false},"excerpt":{"rendered":"<p dir=\"auto\">Entdecken Sie unser Sortiment an Glasgef\u00e4\u00dfen und Deckeln im Gro\u00dfhandel. Wir bieten einzigartige Glasgef\u00e4\u00dfe mit Deckeln in facettiertem Trapezdesign aus hochwertigem Borosilikatglas mit Bambusdeckeln. Schneller Versand.<\/p>","protected":false},"featured_media":24554,"template":"","meta":[],"product_brand":[],"product_cat":[122,124,137],"product_tag":[],"class_list":{"0":"post-24552","1":"product","2":"type-product","3":"status-publish","4":"has-post-thumbnail","6":"product_cat-custom-glass-packaging","7":"product_cat-custom-glass-jars","8":"product_cat-glass-jars-with-lids","10":"first","11":"instock","12":"shipping-taxable","13":"product-type-simple"},"jetpack_sharing_enabled":true,"_links":{"self":[{"href":"https:\/\/yebodaglass.com\/de\/wp-json\/wp\/v2\/product\/24552","targetHints":{"allow":["GET"]}}],"collection":[{"href":"https:\/\/yebodaglass.com\/de\/wp-json\/wp\/v2\/product"}],"about":[{"href":"https:\/\/yebodaglass.com\/de\/wp-json\/wp\/v2\/types\/product"}],"version-history":[{"count":3,"href":"https:\/\/yebodaglass.com\/de\/wp-json\/wp\/v2\/product\/24552\/revisions"}],"predecessor-version":[{"id":24568,"href":"https:\/\/yebodaglass.com\/de\/wp-json\/wp\/v2\/product\/24552\/revisions\/24568"}],"wp:featuredmedia":[{"embeddable":true,"href":"https:\/\/yebodaglass.com\/de\/wp-json\/wp\/v2\/media\/24554"}],"wp:attachment":[{"href":"https:\/\/yebodaglass.com\/de\/wp-json\/wp\/v2\/media?parent=24552"}],"wp:term":[{"taxonomy":"product_brand","embeddable":true,"href":"https:\/\/yebodaglass.com\/de\/wp-json\/wp\/v2\/product_brand?post=24552"},{"taxonomy":"product_cat","embeddable":true,"href":"https:\/\/yebodaglass.com\/de\/wp-json\/wp\/v2\/product_cat?post=24552"},{"taxonomy":"product_tag","embeddable":true,"href":"https:\/\/yebodaglass.com\/de\/wp-json\/wp\/v2\/product_tag?post=24552"}],"curies":[{"name":"wp","href":"https:\/\/api.w.org\/{rel}","templated":true}]}}