{"id":24543,"date":"2025-12-23T15:34:26","date_gmt":"2025-12-23T07:34:26","guid":{"rendered":"https:\/\/yebodaglass.com\/?post_type=product&#038;p=24543"},"modified":"2026-04-10T16:06:08","modified_gmt":"2026-04-10T08:06:08","slug":"wide-mouth-glass-jars-with-stainless-steel-lids-bulk","status":"publish","type":"product","link":"https:\/\/yebodaglass.com\/de\/wide-mouth-glass-jars-with-stainless-steel-lids-bulk\/","title":{"rendered":"600 ml, 1000 ml, 1200 ml Weithals-Glasbeh\u00e4lter mit Edelstahldeckeln (Gro\u00dfpackung)"},"content":{"rendered":"<p>Diese Weithals-Glasbeh\u00e4lter bestechen durch ihr modernes Design dank ihrer zylindrischen Form und der Verwendung von hochtransparentem Borosilikatglas. Der Beh\u00e4lter ist durch seinen Edelstahldeckel und die lebensmittelechte Silikondichtung luft- und feuchtigkeitsdicht verschlossen.<\/p>\n<h2>Produkteigenschaften<\/h2>\n<ul>\n<li><strong>Kristallklares Borosilikatglas:<\/strong> Das Borosilikatglas beh\u00e4lt sein transparentes Aussehen, w\u00e4hrend seine Langlebigkeit und einfache Reinigung es vor Hitzeschocks sch\u00fctzen.<\/li>\n<li><strong>Versiegelter Edelstahldeckel:<\/strong> Der versiegelte Edelstahldeckel bildet durch seinen Edelstahl-Schraubverschluss und die integrierte Silikondichtung eine luftdichte, lebensmittelsichere Barriere.<\/li>\n<li><strong>Geradwandige zylindrische Ausf\u00fchrung:<\/strong> Die einfache zylindrische Bauweise mit geraden W\u00e4nden erm\u00f6glicht es dem Benutzer, Gegenst\u00e4nde sicher zu stapeln, da sie maximale Speicherkapazit\u00e4t bietet.<\/li>\n<\/ul>\n<h2>Wichtigste Spezifikationen<\/h2>\n<table style=\"border-collapse: collapse; width: 80%; margin-left: auto; margin-right: auto;\" border=\"0\" width=\"360\" cellspacing=\"0\" cellpadding=\"0\">\n<tbody>\n<tr style=\"height: 13.50pt;\">\n<td style=\"height: 13.5pt; width: 54pt; text-align: center;\" width=\"72\" height=\"18\">Fassungsverm\u00f6gen (ml)<\/td>\n<td style=\"width: 54pt; text-align: center;\" width=\"72\">Gr\u00f6\u00dfe (cm)<\/td>\n<td style=\"width: 54pt; text-align: center;\" width=\"72\">Munddurchmesser<\/td>\n<td style=\"width: 54pt; text-align: center;\" width=\"72\">Material<\/td>\n<td style=\"width: 54pt; text-align: center;\" width=\"72\">Form<\/td>\n<\/tr>\n<tr style=\"height: 13.50pt;\">\n<td style=\"height: 13.5pt; text-align: center;\" align=\"right\" height=\"18\">600<\/td>\n<td style=\"text-align: center;\">9.5&#215;10.0<\/td>\n<td class=\"et2\" style=\"text-align: center;\" rowspan=\"3\">95 mm<\/td>\n<td class=\"et2\" style=\"text-align: center;\" rowspan=\"3\">Borosilikat<\/td>\n<td class=\"et2\" style=\"text-align: center;\" rowspan=\"3\">Rund Gerade \u2013 Seite<\/td>\n<\/tr>\n<tr style=\"height: 13.50pt;\">\n<td style=\"height: 13.5pt; text-align: center;\" align=\"right\" height=\"18\">1000<\/td>\n<td style=\"text-align: center;\">9.5&#215;15.0<\/td>\n<\/tr>\n<tr style=\"height: 13.50pt;\">\n<td style=\"height: 13.5pt; text-align: center;\" align=\"right\" height=\"18\">1200<\/td>\n<td style=\"text-align: center;\">9.5&#215;20.0<\/td>\n<\/tr>\n<\/tbody>\n<\/table>\n<h2>Erfolgsbeispiel<\/h2>\n<p>Eine US-amerikanische Supermarktkette entschied sich f\u00fcr unsere 946-ml-Vorratsgl\u00e4ser und passte die F\u00fcllstandsmarkierungen sowie die farbigen Deckel an, um die verschiedenen Produktkategorien zu unterscheiden. Der hervorragende Verschluss hielt die Produkte frisch und reduzierte den Verderb um 45 %. Das kristallklare Glas und die Markierungen steigerten den Absatz von unverpackten Waren um 28 %. Das System der Supermarktkette f\u00fcr unverpackte Waren war so erfolgreich, dass sie anschlie\u00dfend weitere 380.000 Gl\u00e4ser f\u00fcr ihre neu eingef\u00fchrte Produktlinie mit abgepackten Vorratsartikeln und ihre Online-Abo-Boxen bestellte.<\/p>\n<h2>Die Weithals-Glasgef\u00e4\u00dfe bieten vielf\u00e4ltige Gestaltungsm\u00f6glichkeiten.<\/h2>\n<ul>\n<li>Ausf\u00fchrungen der Deckel: Zur Auswahl stehen Edelstahl, Schwarz, Kupfer und verschiedene farbige Emaille-Ausf\u00fchrungen.<\/li>\n<li>Siebdruck: Die Glasoberfl\u00e4che erm\u00f6glicht es dem Benutzer, Skalenlinien, Inhaltsleitf\u00e4den und dekorative Muster aufzudrucken.<\/li>\n<li>Zubeh\u00f6r: Das Zubeh\u00f6r umfasst eine Kombination aus L\u00f6ffeln, Etiketten und individuell gestalteten Holzdeckeln, um verschiedene Designoptionen zu schaffen.<\/li>\n<\/ul>","protected":false},"excerpt":{"rendered":"<p>Direkt vom Hersteller: Weithals-Glasbeh\u00e4lter mit Edelstahldeckeln, ideal zur Aufbewahrung von Obst, Getreide usw. Diese Vorratsgl\u00e4ser sind individuell gestaltbar.<\/p>","protected":false},"featured_media":24550,"template":"","meta":[],"product_brand":[],"product_cat":[137,124,122],"product_tag":[],"class_list":{"0":"post-24543","1":"product","2":"type-product","3":"status-publish","4":"has-post-thumbnail","6":"product_cat-glass-jars-with-lids","7":"product_cat-custom-glass-jars","8":"product_cat-custom-glass-packaging","10":"first","11":"instock","12":"shipping-taxable","13":"product-type-simple"},"jetpack_sharing_enabled":true,"_links":{"self":[{"href":"https:\/\/yebodaglass.com\/de\/wp-json\/wp\/v2\/product\/24543","targetHints":{"allow":["GET"]}}],"collection":[{"href":"https:\/\/yebodaglass.com\/de\/wp-json\/wp\/v2\/product"}],"about":[{"href":"https:\/\/yebodaglass.com\/de\/wp-json\/wp\/v2\/types\/product"}],"version-history":[{"count":5,"href":"https:\/\/yebodaglass.com\/de\/wp-json\/wp\/v2\/product\/24543\/revisions"}],"predecessor-version":[{"id":25747,"href":"https:\/\/yebodaglass.com\/de\/wp-json\/wp\/v2\/product\/24543\/revisions\/25747"}],"wp:featuredmedia":[{"embeddable":true,"href":"https:\/\/yebodaglass.com\/de\/wp-json\/wp\/v2\/media\/24550"}],"wp:attachment":[{"href":"https:\/\/yebodaglass.com\/de\/wp-json\/wp\/v2\/media?parent=24543"}],"wp:term":[{"taxonomy":"product_brand","embeddable":true,"href":"https:\/\/yebodaglass.com\/de\/wp-json\/wp\/v2\/product_brand?post=24543"},{"taxonomy":"product_cat","embeddable":true,"href":"https:\/\/yebodaglass.com\/de\/wp-json\/wp\/v2\/product_cat?post=24543"},{"taxonomy":"product_tag","embeddable":true,"href":"https:\/\/yebodaglass.com\/de\/wp-json\/wp\/v2\/product_tag?post=24543"}],"curies":[{"name":"wp","href":"https:\/\/api.w.org\/{rel}","templated":true}]}}