{"id":24526,"date":"2025-12-23T10:20:01","date_gmt":"2025-12-23T02:20:01","guid":{"rendered":"https:\/\/yebodaglass.com\/?post_type=product&#038;p=24526"},"modified":"2025-12-23T14:09:46","modified_gmt":"2025-12-23T06:09:46","slug":"custom-98mm-diameter-glass-jars-with-lids-wholesale","status":"publish","type":"product","link":"https:\/\/yebodaglass.com\/de\/custom-98mm-diameter-glass-jars-with-lids-wholesale\/","title":{"rendered":"600 ml, 1000 ml, 1350 ml, individuell gestaltete Glasbeh\u00e4lter mit Deckel (98 mm Durchmesser) \u2013 Gro\u00dfhandel"},"content":{"rendered":"<p>Schluss mit dem \u00c4rger mit kleinen Deckeln! Wir fertigen im Gro\u00dfhandel Glasbeh\u00e4lter mit Deckeln, die speziell f\u00fcr Marken entwickelt wurden, die auf praktische Aufbewahrung angewiesen sind. Diese Glasbeh\u00e4lter bieten eine hervorragende M\u00f6glichkeit, den t\u00e4glichen Warenbestand wirkungsvoll in Szene zu setzen. Bei gr\u00f6\u00dferen Bestellmengen erhalten Sie individuelle Oberfl\u00e4chenveredelungen, die perfekt zu Ihrer Marke passen.<\/p>\n<h2>Produkteigenschaften<\/h2>\n<p><strong>Breiter Mundzugang<\/strong><\/p>\n<p>Honig oder Glasgelee sauber und ordentlich portionieren. Hier gilt: Nichts versch\u00fctten!<\/p>\n<p><strong>Hohe Dichtungsleistung<\/strong><\/p>\n<p>Durch die Verwendung eines Verschlussdeckels kann das Produkt Lebensmittel l\u00e4nger frisch halten, sie vor Feuchtigkeit und Oxidation sch\u00fctzen und somit ihre Haltbarkeit verl\u00e4ngern.<\/p>\n<p><strong>Hitzebest\u00e4ndige Langlebigkeit<\/strong><\/p>\n<p>Borosilikatglas eignet sich f\u00fcr die Lagerung von hei\u00dfem Sirup, kaltem Honig oder im Gefrierschrank, ohne dass es zu einem Temperaturschock kommt.<\/p>\n<h2>Wichtigste Spezifikationen<\/h2>\n<table style=\"border-collapse: collapse; width: 80%; margin-left: auto; margin-right: auto;\" border=\"0\" width=\"360\" cellspacing=\"0\" cellpadding=\"0\">\n<tbody>\n<tr style=\"height: 13.50pt;\">\n<td style=\"height: 13.5pt; width: 54pt; text-align: center;\" width=\"72\" height=\"18\">Fassungsverm\u00f6gen (ml)<\/td>\n<td style=\"width: 54pt; text-align: center;\" width=\"72\">Gr\u00f6\u00dfe (cm)<\/td>\n<td style=\"width: 54pt; text-align: center;\" width=\"72\">Munddurchmesser<\/td>\n<td style=\"width: 54pt; text-align: center;\" width=\"72\">Material<\/td>\n<td style=\"width: 54pt; text-align: center;\" width=\"72\">Form<\/td>\n<\/tr>\n<tr style=\"height: 13.50pt;\">\n<td style=\"height: 13.5pt; text-align: center;\" align=\"right\" height=\"18\">600<\/td>\n<td style=\"text-align: center;\">9,8 x 10,0<\/td>\n<td class=\"et2\" style=\"text-align: center;\" rowspan=\"3\">98 mm<\/td>\n<td class=\"et2\" style=\"text-align: center;\" rowspan=\"3\">Borosilikatglas<\/td>\n<td class=\"et2\" style=\"text-align: center;\" rowspan=\"3\">Rund Gerade \u2013 Seite<\/td>\n<\/tr>\n<tr style=\"height: 13.50pt;\">\n<td style=\"height: 13.5pt; text-align: center;\" align=\"right\" height=\"18\">1000<\/td>\n<td style=\"text-align: center;\">9,8 x 15,0<\/td>\n<\/tr>\n<tr style=\"height: 13.50pt;\">\n<td style=\"height: 13.5pt; text-align: center;\" align=\"right\" height=\"18\">1350<\/td>\n<td style=\"text-align: center;\">9,8 x 20,0<\/td>\n<\/tr>\n<\/tbody>\n<\/table>\n<h2>Erfolgsgeschichte<\/h2>\n<p>Eine Marke f\u00fcr gesunde Lebensmittel entschied sich f\u00fcr diese Vorratsgl\u00e4ser aus Borosilikatglas zur Aufbewahrung und Pr\u00e4sentation ihrer verschiedenen Trockenfr\u00fcchte und N\u00fcsse. Die Gl\u00e4ser haben eine weite \u00d6ffnung, die das Entnehmen der Trockenfr\u00fcchte erleichtert, und das klare Glas ist optisch ansprechend und animiert die Kunden eher dazu, die Produkte aus dem Regal zu nehmen.<\/p>\n<p>Innerhalb von etwa 3 Monaten stieg der Absatz von Trockenfr\u00fcchten der Marke um 20%.<\/p>\n<h2>Ihr individuelles Anpassungshandbuch<\/h2>\n<ol>\n<li><strong>Auswahl:<\/strong> Je nach Lagerungsanforderungen k\u00f6nnen unterschiedliche Versiegelungsmethoden gew\u00e4hlt werden, wie z. B. Deckel mit Metallclips oder Silikondichtungsringe, um eine bessere Dichtungsleistung zu erzielen, die f\u00fcr die Lagerung von verdorbenen oder frisch aufbewahrten Lebensmitteln geeignet ist.<\/li>\n<li><strong>Deckelfarben:<\/strong> Passen Sie die Deckelfarben an die Markenfarben oder Produktmerkmale an, um Ihre Produkte pers\u00f6nlicher und einzigartiger zu gestalten. Beispielsweise vermitteln Deckel aus Gold oder Silber ein Gef\u00fchl von Luxus, w\u00e4hrend Deckel aus Naturholz einen umweltfreundlichen und nat\u00fcrlichen Trend signalisieren.<\/li>\n<li><strong>Zubeh\u00f6r:<\/strong> Um den Benutzer zu erfreuen und die Funktionalit\u00e4t und Attraktivit\u00e4t des Produkts weiter zu steigern, k\u00f6nnen Zubeh\u00f6rteile wie Etiketten, Aufkleber, L\u00f6ffel aus Glas usw. hinzugef\u00fcgt werden.<\/li>\n<\/ol>","protected":false},"excerpt":{"rendered":"<p>Direkt vom Hersteller: Gro\u00dfhandel mit hochwertigen Borosilikatglas-Einmachgl\u00e4sern inklusive Deckel, ideal zur Aufbewahrung von Trockenwaren, Gew\u00fcrzen und Tee. Individuelle Anpassung m\u00f6glich.<\/p>","protected":false},"featured_media":24540,"template":"","meta":[],"product_brand":[],"product_cat":[122,124,137],"product_tag":[],"class_list":{"0":"post-24526","1":"product","2":"type-product","3":"status-publish","4":"has-post-thumbnail","6":"product_cat-custom-glass-packaging","7":"product_cat-custom-glass-jars","8":"product_cat-glass-jars-with-lids","10":"first","11":"instock","12":"shipping-taxable","13":"product-type-simple"},"jetpack_sharing_enabled":true,"_links":{"self":[{"href":"https:\/\/yebodaglass.com\/de\/wp-json\/wp\/v2\/product\/24526","targetHints":{"allow":["GET"]}}],"collection":[{"href":"https:\/\/yebodaglass.com\/de\/wp-json\/wp\/v2\/product"}],"about":[{"href":"https:\/\/yebodaglass.com\/de\/wp-json\/wp\/v2\/types\/product"}],"version-history":[{"count":5,"href":"https:\/\/yebodaglass.com\/de\/wp-json\/wp\/v2\/product\/24526\/revisions"}],"predecessor-version":[{"id":24542,"href":"https:\/\/yebodaglass.com\/de\/wp-json\/wp\/v2\/product\/24526\/revisions\/24542"}],"wp:featuredmedia":[{"embeddable":true,"href":"https:\/\/yebodaglass.com\/de\/wp-json\/wp\/v2\/media\/24540"}],"wp:attachment":[{"href":"https:\/\/yebodaglass.com\/de\/wp-json\/wp\/v2\/media?parent=24526"}],"wp:term":[{"taxonomy":"product_brand","embeddable":true,"href":"https:\/\/yebodaglass.com\/de\/wp-json\/wp\/v2\/product_brand?post=24526"},{"taxonomy":"product_cat","embeddable":true,"href":"https:\/\/yebodaglass.com\/de\/wp-json\/wp\/v2\/product_cat?post=24526"},{"taxonomy":"product_tag","embeddable":true,"href":"https:\/\/yebodaglass.com\/de\/wp-json\/wp\/v2\/product_tag?post=24526"}],"curies":[{"name":"wp","href":"https:\/\/api.w.org\/{rel}","templated":true}]}}