{"id":24517,"date":"2025-12-22T16:14:46","date_gmt":"2025-12-22T08:14:46","guid":{"rendered":"https:\/\/yebodaglass.com\/?post_type=product&#038;p=24517"},"modified":"2026-03-12T15:13:26","modified_gmt":"2026-03-12T07:13:26","slug":"high-borosilicate-glass-storage-jars-with-lids-bulk","status":"publish","type":"product","link":"https:\/\/yebodaglass.com\/de\/high-borosilicate-glass-storage-jars-with-lids-bulk\/","title":{"rendered":"Vorratsgl\u00e4ser aus Borosilikatglas (550 ml \u2013 1950 ml) mit Deckel, Gro\u00dfpackung"},"content":{"rendered":"<p>Diese zylindrischen Vorratsgl\u00e4ser mit Deckel sind glatt, transparent und haben einen Deckel aus nat\u00fcrlichem Bambus mit robusten silberfarbenen Metallverschl\u00fcssen. Dank ihrer weiten \u00d6ffnung eignen sie sich ideal zur Aufbewahrung von Snacks, K\u00fcchenutensilien und Trockenwaren.<\/p>\n<h2>Produkteigenschaften<\/h2>\n<ul>\n<li><strong>Klassisches zylindrisches Design:<\/strong> Der flache Boden und die geraden W\u00e4nde sorgen f\u00fcr Stabilit\u00e4t, einfache Reinigung und effizientes Stapeln.<\/li>\n<li><strong>Vollst\u00e4ndig offenes Weitmauldesign:<\/strong> Es hat eine weite \u00d6ffnung, was das Bef\u00fcllen, Sch\u00f6pfen und Reinigen erleichtert.<\/li>\n<li><strong>Versiegelung von Naturholz und Metall:<\/strong> Die Metallplatten auf dem Holzdeckel w\u00fcrden einen geschlossenen Beh\u00e4lter bilden und dem Produkt einen Hauch von Nat\u00fcrlichkeit verleihen.<\/li>\n<\/ul>\n<h2>Wichtigste Spezifikationen<\/h2>\n<table style=\"border-collapse: collapse; width: 80%; margin-left: auto; margin-right: auto;\" border=\"0\" width=\"288\" cellspacing=\"0\" cellpadding=\"0\">\n<tbody>\n<tr style=\"height: 13.50pt;\">\n<td style=\"height: 13.5pt; width: 54pt; text-align: center;\" width=\"72\" height=\"18\">Fassungsverm\u00f6gen (ml)<\/td>\n<td style=\"width: 54pt; text-align: center;\" width=\"72\">Gr\u00f6\u00dfe (cm)<\/td>\n<td style=\"width: 54pt; text-align: center;\" width=\"72\">Munddurchmesser<\/td>\n<td style=\"width: 54pt; text-align: center;\" width=\"72\">Material<\/td>\n<\/tr>\n<tr style=\"height: 13.50pt;\">\n<td style=\"height: 13.5pt; text-align: center;\" align=\"right\" height=\"18\">550<\/td>\n<td style=\"text-align: center;\">10,0 x 10,0<\/td>\n<td class=\"et2\" style=\"text-align: center;\" rowspan=\"6\">100 mm<\/td>\n<td class=\"et2\" style=\"text-align: center;\" rowspan=\"6\">Borosilikat<\/td>\n<\/tr>\n<tr style=\"height: 13.50pt;\">\n<td style=\"height: 13.5pt; text-align: center;\" align=\"right\" height=\"18\">660<\/td>\n<td style=\"text-align: center;\">10,0 x 12,0<\/td>\n<\/tr>\n<tr style=\"height: 13.50pt;\">\n<td style=\"height: 13.5pt; text-align: center;\" align=\"right\" height=\"18\">900<\/td>\n<td style=\"text-align: center;\">10,0 x 15,0<\/td>\n<\/tr>\n<tr style=\"height: 13.50pt;\">\n<td style=\"height: 13.5pt; text-align: center;\" align=\"right\" height=\"18\">1250<\/td>\n<td style=\"text-align: center;\">10,0 x 20,0<\/td>\n<\/tr>\n<tr style=\"height: 13.50pt;\">\n<td style=\"height: 13.5pt; text-align: center;\" align=\"right\" height=\"18\">1500<\/td>\n<td style=\"text-align: center;\">10,0 x 23,0<\/td>\n<\/tr>\n<tr style=\"height: 13.50pt;\">\n<td style=\"height: 13.5pt; text-align: center;\" align=\"right\" height=\"18\">1950<\/td>\n<td style=\"text-align: center;\">10,0 x 28,0<\/td>\n<\/tr>\n<\/tbody>\n<\/table>\n<h2>Erfolgsgeschichte: Sonderbestellung eines kalifornischen Lebensmittellieferdienstes<\/h2>\n<p>Unsere Weithalsgl\u00e4ser und personalisierten Bambusdeckel wurden von einem kalifornischen Lebensmittel-Direktvertriebsunternehmen erworben. Dank des verbesserten Verschlusses verl\u00e4ngerte sich die Haltbarkeit ihrer Trockengetreide und -bohnen um ein Viertel, wodurch Lebensmittelverschwendung reduziert wurde. Der transparente Glask\u00f6rper erm\u00f6glichte die Beobachtung der Verteilzentren, was Kommissionierfehler um 15 Prozent verringerte. Aufgrund dieses Erfolgs bestellte das Unternehmen k\u00fcrzlich weitere 500.000 Gl\u00e4ser, um sein Gesch\u00e4ft mit der Verpackung von Trockenwaren auszubauen.<\/p>\n<h2>Ideen zur individuellen Gestaltung von Vorratsgl\u00e4sern mit Deckel<\/h2>\n<ul>\n<li>Ma\u00dfgeschneiderte Deckelmaterialien: Es gibt Deckel aus Holz, aber auch Deckel aus anderen umweltfreundlichen Materialien wie Kork oder recyceltem Kunststoff oder sogar Keramik.<\/li>\n<li>Messmarkierungen: Markierungen (Tassen, Gramm, Unzen) k\u00f6nnen dauerhaft durch Pr\u00e4gen oder Bedrucken auf der Seite des Glases angebracht werden, sodass sie als Rezeptmarkierungen verwendet werden k\u00f6nnen.<\/li>\n<li>Design von quadratischen Gl\u00e4sern: Entwerfen Sie quadratische oder rechteckige Gl\u00e4ser mit breiter \u00d6ffnung, deren Design den Platz in Verpackung und Regal optimal nutzt.<\/li>\n<\/ul>","protected":false},"excerpt":{"rendered":"<p>Robuste Vorratsgl\u00e4ser mit Deckel, Holzgriff und Metallklammern. Praktische Weithalsgl\u00e4ser, ideal f\u00fcr Getreide, Snacks und Trockenlebensmittel. Gratisproben.<\/p>","protected":false},"featured_media":24525,"template":"","meta":[],"product_brand":[],"product_cat":[122,124,137],"product_tag":[],"class_list":{"0":"post-24517","1":"product","2":"type-product","3":"status-publish","4":"has-post-thumbnail","6":"product_cat-custom-glass-packaging","7":"product_cat-custom-glass-jars","8":"product_cat-glass-jars-with-lids","10":"first","11":"instock","12":"shipping-taxable","13":"product-type-simple"},"jetpack_sharing_enabled":true,"_links":{"self":[{"href":"https:\/\/yebodaglass.com\/de\/wp-json\/wp\/v2\/product\/24517","targetHints":{"allow":["GET"]}}],"collection":[{"href":"https:\/\/yebodaglass.com\/de\/wp-json\/wp\/v2\/product"}],"about":[{"href":"https:\/\/yebodaglass.com\/de\/wp-json\/wp\/v2\/types\/product"}],"version-history":[{"count":5,"href":"https:\/\/yebodaglass.com\/de\/wp-json\/wp\/v2\/product\/24517\/revisions"}],"predecessor-version":[{"id":25411,"href":"https:\/\/yebodaglass.com\/de\/wp-json\/wp\/v2\/product\/24517\/revisions\/25411"}],"wp:featuredmedia":[{"embeddable":true,"href":"https:\/\/yebodaglass.com\/de\/wp-json\/wp\/v2\/media\/24525"}],"wp:attachment":[{"href":"https:\/\/yebodaglass.com\/de\/wp-json\/wp\/v2\/media?parent=24517"}],"wp:term":[{"taxonomy":"product_brand","embeddable":true,"href":"https:\/\/yebodaglass.com\/de\/wp-json\/wp\/v2\/product_brand?post=24517"},{"taxonomy":"product_cat","embeddable":true,"href":"https:\/\/yebodaglass.com\/de\/wp-json\/wp\/v2\/product_cat?post=24517"},{"taxonomy":"product_tag","embeddable":true,"href":"https:\/\/yebodaglass.com\/de\/wp-json\/wp\/v2\/product_tag?post=24517"}],"curies":[{"name":"wp","href":"https:\/\/api.w.org\/{rel}","templated":true}]}}