{"id":24509,"date":"2025-12-22T11:32:32","date_gmt":"2025-12-22T03:32:32","guid":{"rendered":"https:\/\/yebodaglass.com\/?post_type=product&#038;p=24509"},"modified":"2026-04-13T15:43:41","modified_gmt":"2026-04-13T07:43:41","slug":"borosilicate-big-glass-jar-with-lid-for-storage-wholesale","status":"publish","type":"product","link":"https:\/\/yebodaglass.com\/de\/borosilicate-big-glass-jar-with-lid-for-storage-wholesale\/","title":{"rendered":"1360 ml 1800 ml Borosilikatglas mit Deckel f\u00fcr die Aufbewahrung (Gro\u00dfhandel)"},"content":{"rendered":"<p>Das Glasgef\u00e4\u00df mit Deckel hat eine zylindrische Form und besteht aus hochtransparentem Borosilikatglas. Der Glask\u00f6rper ist nahtlos verarbeitet und bildet zusammen mit dem Deckel aus nat\u00fcrlichem Bambus und dem lebensmittelechten Silikondichtungsring eine absolut luftdichte Barriere gegen Feuchtigkeit.<\/p>\n<h2>Produkteigenschaften<\/h2>\n<ul>\n<li><strong>Borosilikatglas-Material:<\/strong> Das Produkt besteht aus lebensmittelechtem Borosilikatglas, das eine hohe Transparenz bietet und vor extremen Temperaturschwankungen sch\u00fctzt, dabei aber sicher und geruchlos bleibt.<\/li>\n<li><strong>Verschlussdeckel aus nat\u00fcrlichem Bambus:<\/strong> Die Kombination aus einem Deckel aus nat\u00fcrlichem Bambus und einem Dichtungsring aus lebensmittelechtem Silikon ergibt ein Dichtungssystem, das \u00fcberragende Dichtungseigenschaften bietet.<\/li>\n<li><strong>Gro\u00dfe \u00d6ffnung f\u00fcr einfache Reinigung:<\/strong> Die weite \u00d6ffnung erm\u00f6glicht es dem Benutzer, auf seine Lebensmittel zuzugreifen und sie gr\u00fcndlich zu reinigen, und erf\u00fcllt gleichzeitig unterschiedliche Anforderungen an die K\u00fcchenaufbewahrung.<\/li>\n<\/ul>\n<h2>Wichtigste Spezifikationen<\/h2>\n<table style=\"border-collapse: collapse; width: 80%; margin-left: auto; margin-right: auto;\" border=\"0\" width=\"360\" cellspacing=\"0\" cellpadding=\"0\">\n<tbody>\n<tr style=\"height: 13.50pt;\">\n<td style=\"height: 13.5pt; width: 54pt; text-align: center;\" width=\"72\" height=\"18\">Fassungsverm\u00f6gen (ml)<\/td>\n<td style=\"width: 54pt; text-align: center;\" width=\"72\">Gr\u00f6\u00dfe (cm)<\/td>\n<td style=\"width: 54pt; text-align: center;\" width=\"72\">Munddurchmesser<\/td>\n<td style=\"width: 54pt; text-align: center;\" width=\"72\">Material<\/td>\n<td style=\"width: 54pt; text-align: center;\" width=\"72\">Merkmale<\/td>\n<\/tr>\n<tr style=\"height: 13.50pt;\">\n<td style=\"height: 13.5pt; text-align: center;\" height=\"18\">1360<\/td>\n<td style=\"text-align: center;\">12,0 x 15,0<\/td>\n<td class=\"et2\" style=\"text-align: center;\" rowspan=\"2\">120 mm<\/td>\n<td class=\"et2\" style=\"text-align: center;\" rowspan=\"2\">Borosilikatglas<\/td>\n<td class=\"et2\" style=\"text-align: center;\" rowspan=\"2\">Deckel mit geraden Seiten, 120 mm<\/td>\n<\/tr>\n<tr style=\"height: 13.50pt;\">\n<td style=\"height: 13.5pt; text-align: center;\" height=\"18\">1800<\/td>\n<td style=\"text-align: center;\">12,0 x 20,0<\/td>\n<\/tr>\n<\/tbody>\n<\/table>\n<h2>Erfolgsgeschichte: Eine Sonderanfertigung einer Zero-Waste-Supermarktkette<\/h2>\n<p>Unsere K\u00fcchengl\u00e4ser wurden von einer nationalen Supermarktkette ausgew\u00e4hlt, die personalisierte Volumenmarkierungen auf den Gl\u00e4sern w\u00fcnschte. Die individuell gestalteten Gl\u00e4ser erfreuen sich gro\u00dfer Beliebtheit, da ihr luftdichter Verschluss die Haltbarkeit von Vorr\u00e4ten um 30 % verl\u00e4ngert und die Volumenmarkierungen es den Kunden erm\u00f6glichen, ihre Einkaufsmenge um 15 % zu reduzieren. Nach der ersten Bestellung orderte die Kette weitere 580.000 Gl\u00e4ser, um eine neue Produktlinie mit vorverpackten Lebensmittel-Aufbewahrungssets zu entwickeln.<\/p>\n<h2>Anpassungsm\u00f6glichkeiten f\u00fcr K\u00fcchenbeh\u00e4lter<\/h2>\n<ol>\n<li><strong>Deckelmaterial und Dichtungsstruktur:<\/strong> Ein flaches, 120 mm gro\u00dfes Einmachglas mit Rand kann mit Deckeln aus Bambus, Holz oder Verbundmaterial kombiniert werden. Die Dicke des Silikondichtungsrings kann erh\u00f6ht werden, um eine bessere Feuchtigkeitsbest\u00e4ndigkeit und Frischeerhaltung zu erzielen.<\/li>\n<li><strong>Anpassung des Glask\u00f6rpers:\u00a0<\/strong>Der Korpus des Glases ist eine Sieb-, Druck-, Aufkleber-, Etikettenbereichs- oder Mattierungsoberfl\u00e4che und dient als Tr\u00e4ger, um den Anforderungen an Branding und Informationsbereitstellung gerecht zu werden.<\/li>\n<li><strong>Glasdicke und Schlagkraft:<\/strong> Verdicktes Borosilikatglas kann f\u00fcr sehr h\u00e4ufige Warenumschlagsszenarien in Superm\u00e4rkten weiter angepasst werden, um die Bruchrate w\u00e4hrend des Transports und der Einlagerung zu senken.<\/li>\n<\/ol>","protected":false},"excerpt":{"rendered":"<p>Elegantes, gro\u00dfes Glasgef\u00e4\u00df mit Deckel und nat\u00fcrlichem Bambusdesign. Ideal f\u00fcr moderne Aufbewahrungsl\u00f6sungen in der K\u00fcche. Individuelle Branding-Optionen verf\u00fcgbar. Kostenlose Muster.<\/p>","protected":false},"featured_media":24510,"template":"","meta":[],"product_brand":[],"product_cat":[137,124,122],"product_tag":[],"class_list":{"0":"post-24509","1":"product","2":"type-product","3":"status-publish","4":"has-post-thumbnail","6":"product_cat-glass-jars-with-lids","7":"product_cat-custom-glass-jars","8":"product_cat-custom-glass-packaging","10":"first","11":"instock","12":"shipping-taxable","13":"product-type-simple"},"jetpack_sharing_enabled":true,"_links":{"self":[{"href":"https:\/\/yebodaglass.com\/de\/wp-json\/wp\/v2\/product\/24509","targetHints":{"allow":["GET"]}}],"collection":[{"href":"https:\/\/yebodaglass.com\/de\/wp-json\/wp\/v2\/product"}],"about":[{"href":"https:\/\/yebodaglass.com\/de\/wp-json\/wp\/v2\/types\/product"}],"version-history":[{"count":5,"href":"https:\/\/yebodaglass.com\/de\/wp-json\/wp\/v2\/product\/24509\/revisions"}],"predecessor-version":[{"id":25766,"href":"https:\/\/yebodaglass.com\/de\/wp-json\/wp\/v2\/product\/24509\/revisions\/25766"}],"wp:featuredmedia":[{"embeddable":true,"href":"https:\/\/yebodaglass.com\/de\/wp-json\/wp\/v2\/media\/24510"}],"wp:attachment":[{"href":"https:\/\/yebodaglass.com\/de\/wp-json\/wp\/v2\/media?parent=24509"}],"wp:term":[{"taxonomy":"product_brand","embeddable":true,"href":"https:\/\/yebodaglass.com\/de\/wp-json\/wp\/v2\/product_brand?post=24509"},{"taxonomy":"product_cat","embeddable":true,"href":"https:\/\/yebodaglass.com\/de\/wp-json\/wp\/v2\/product_cat?post=24509"},{"taxonomy":"product_tag","embeddable":true,"href":"https:\/\/yebodaglass.com\/de\/wp-json\/wp\/v2\/product_tag?post=24509"}],"curies":[{"name":"wp","href":"https:\/\/api.w.org\/{rel}","templated":true}]}}