{"id":24500,"date":"2025-12-19T17:46:32","date_gmt":"2025-12-19T09:46:32","guid":{"rendered":"https:\/\/yebodaglass.com\/?post_type=product&#038;p=24500"},"modified":"2025-12-22T10:08:45","modified_gmt":"2025-12-22T02:08:45","slug":"glass-jars-with-airtight-lids-for-storage-wholesale","status":"publish","type":"product","link":"https:\/\/yebodaglass.com\/de\/glass-jars-with-airtight-lids-for-storage-wholesale\/","title":{"rendered":"335 ml, 580 ml, 800 ml Glasbeh\u00e4lter mit luftdichten Deckeln zur Aufbewahrung (Gro\u00dfhandel)"},"content":{"rendered":"<p data-start=\"66\" data-end=\"288\">Diese robusten und langlebigen Glasbeh\u00e4lter mit luftdichten Deckeln werden aus hochwertigem Borosilikatglas gefertigt und sind daher besonders klar und langlebig. Der flache Deckel in dunkler Holzoptik mit Maserung sieht nicht nur gut aus, sondern sorgt auch f\u00fcr einen sicheren Verschluss und ist in drei verschiedenen Gr\u00f6\u00dfen erh\u00e4ltlich.<\/p>\n<h2>Produkteigenschaften<\/h2>\n<ul>\n<li><strong>Robuste zylindrische Konstruktion:<\/strong> Der Korpus des Glases ist dick und stabil, wodurch es schwer umzukippen ist, und au\u00dferdem ist es robust genug f\u00fcr den t\u00e4glichen Gebrauch.<\/li>\n<li><strong>Hochwertige Abdichtung:<\/strong> Der nach einem speziellen Verfahren hergestellte Deckel aus Holzmaserung verschlie\u00dft den Beh\u00e4lter dicht und sorgt so daf\u00fcr, dass die Lebensmittel lange frisch bleiben.<\/li>\n<li><strong>Hochwertiges Borosilikatglas:<\/strong> Neben seiner ausgezeichneten Best\u00e4ndigkeit gegen Hitzeschocks ist das Glas auch sehr klar, sodass der Inhalt lange sichtbar bleibt.<\/li>\n<\/ul>\n<h2 style=\"text-align: left;\">Wichtigste Spezifikationen<\/h2>\n<table class=\"aligncenter\" style=\"border-collapse: collapse; width: 424.52pt;\" border=\"0\" width=\"566\" cellspacing=\"0\" cellpadding=\"0\">\n<tbody>\n<tr style=\"height: 13.50pt;\">\n<td style=\"height: 13.50pt; width: 107.25pt;\" width=\"143\" height=\"18\">Spezifikation<\/td>\n<td style=\"width: 317.25pt;\" width=\"423\">Details<\/td>\n<\/tr>\n<tr style=\"height: 13.50pt;\">\n<td style=\"height: 13.50pt;\" height=\"18\">Kapazit\u00e4t<\/td>\n<td>335ml \/ 580ml \/ 800ml<\/td>\n<\/tr>\n<tr style=\"height: 13.50pt;\">\n<td style=\"height: 13.50pt;\" height=\"18\">Ma\u00dfe<\/td>\n<td>8\u00d710cm \/ 8\u00d715cm \/ 8\u00d720cm<\/td>\n<\/tr>\n<tr style=\"height: 13.50pt;\">\n<td style=\"height: 13.50pt;\" height=\"18\">Material<\/td>\n<td>Hochborosilikatglas<\/td>\n<\/tr>\n<tr style=\"height: 13.50pt;\">\n<td style=\"height: 13.50pt;\" height=\"18\">Deckeltyp<\/td>\n<td>Dark Wood-Grain Flat Lid (Airtight)<\/td>\n<\/tr>\n<tr style=\"height: 13.50pt;\">\n<td style=\"height: 13.50pt;\" height=\"18\">Deckeldurchmesser<\/td>\n<td>80mm (Uniform across all sizes)<\/td>\n<\/tr>\n<tr style=\"height: 13.50pt;\">\n<td style=\"height: 13.50pt;\" height=\"18\">Materialeigenschaften<\/td>\n<td>Hohe thermische und chemische Best\u00e4ndigkeit, \u00fcberragende Klarheit<\/td>\n<\/tr>\n<tr style=\"height: 13.50pt;\">\n<td style=\"height: 13.50pt;\" height=\"18\">Ideal f\u00fcr<\/td>\n<td>Glasbeh\u00e4lter mit luftdichten Deckeln, Glasbeh\u00e4lter im Gro\u00dfhandel<\/td>\n<\/tr>\n<\/tbody>\n<\/table>\n<h2>Erfolgsgeschichte: Die Lieferkettenl\u00f6sung einer Kaffeer\u00f6sterei<\/h2>\n<p>Die mittelgro\u00dfe Kaffeer\u00f6sterei verpackte ihr meistverkauftes Produkt in unsere 580-ml-Glasbeh\u00e4lter mit luftdichtem Deckel. Dank der Verwendung der robusten Borosilikatglasbeh\u00e4lter sank die Bruchrate beim Transport und der Lagerung um 85 %. Der luftdichte Deckel aus Holz mit Maserung erwies sich als \u00e4u\u00dferst effektiv, um die Kaffeebohnen frisch zu halten, und die Caf\u00e9s (Kunden) berichteten von einer um 30 % verl\u00e4ngerten optimalen Br\u00fchzeit. Angesichts dieser betrieblichen und finanziellen Vorteile bestellte die R\u00f6sterei weitere 250.000 Beh\u00e4lter, um ihre Produktion auszuweiten.<\/p>\n<h2>Gro\u00dfhandel mit Glasgef\u00e4\u00dfen \u2013 Anpassungsm\u00f6glichkeiten<\/h2>\n<ul>\n<li>Deckel aus Massivholz, Umstieg auf robuste, lebensmittelechte Deckel aus Massivholz, wobei Sie zwischen verschiedenen Oberfl\u00e4chenmaterialien wie Walnuss oder Akazie w\u00e4hlen k\u00f6nnen.<\/li>\n<li>Deckelbranding: Ihr Logo wird auf den Holzdeckel gestempelt oder per Laser graviert.<\/li>\n<li>F\u00fcllmengenangabe: Die F\u00fcllmenge des Glases (z. B. \u201e580 ml\u201c) wird durch die Pr\u00e4gung am Boden des Glases angegeben.<\/li>\n<li>Eine breitere oder farbige Silikondichtung in Lebensmittelqualit\u00e4t sorgt f\u00fcr eine bessere Abdichtung.<\/li>\n<\/ul>","protected":false},"excerpt":{"rendered":"<p>Elegant glass jars with airtight lids for glass jars wholesale buyers, featuring thick glass bodies and natural wood lids. Bulk order discounts available.<\/p>","protected":false},"featured_media":24504,"template":"","meta":[],"product_brand":[],"product_cat":[122,124,137],"product_tag":[],"class_list":{"0":"post-24500","1":"product","2":"type-product","3":"status-publish","4":"has-post-thumbnail","6":"product_cat-custom-glass-packaging","7":"product_cat-custom-glass-jars","8":"product_cat-glass-jars-with-lids","10":"first","11":"instock","12":"shipping-taxable","13":"product-type-simple"},"jetpack_sharing_enabled":true,"_links":{"self":[{"href":"https:\/\/yebodaglass.com\/de\/wp-json\/wp\/v2\/product\/24500","targetHints":{"allow":["GET"]}}],"collection":[{"href":"https:\/\/yebodaglass.com\/de\/wp-json\/wp\/v2\/product"}],"about":[{"href":"https:\/\/yebodaglass.com\/de\/wp-json\/wp\/v2\/types\/product"}],"version-history":[{"count":4,"href":"https:\/\/yebodaglass.com\/de\/wp-json\/wp\/v2\/product\/24500\/revisions"}],"predecessor-version":[{"id":24508,"href":"https:\/\/yebodaglass.com\/de\/wp-json\/wp\/v2\/product\/24500\/revisions\/24508"}],"wp:featuredmedia":[{"embeddable":true,"href":"https:\/\/yebodaglass.com\/de\/wp-json\/wp\/v2\/media\/24504"}],"wp:attachment":[{"href":"https:\/\/yebodaglass.com\/de\/wp-json\/wp\/v2\/media?parent=24500"}],"wp:term":[{"taxonomy":"product_brand","embeddable":true,"href":"https:\/\/yebodaglass.com\/de\/wp-json\/wp\/v2\/product_brand?post=24500"},{"taxonomy":"product_cat","embeddable":true,"href":"https:\/\/yebodaglass.com\/de\/wp-json\/wp\/v2\/product_cat?post=24500"},{"taxonomy":"product_tag","embeddable":true,"href":"https:\/\/yebodaglass.com\/de\/wp-json\/wp\/v2\/product_tag?post=24500"}],"curies":[{"name":"wp","href":"https:\/\/api.w.org\/{rel}","templated":true}]}}