{"id":24486,"date":"2025-12-19T16:52:38","date_gmt":"2025-12-19T08:52:38","guid":{"rendered":"https:\/\/yebodaglass.com\/?post_type=product&#038;p=24486"},"modified":"2026-04-10T10:09:38","modified_gmt":"2026-04-10T02:09:38","slug":"straight-sided-round-borosilicate-huge-glass-jars-bulk","status":"publish","type":"product","link":"https:\/\/yebodaglass.com\/de\/straight-sided-round-borosilicate-huge-glass-jars-bulk\/","title":{"rendered":"3200 ml 4800 ml Geradwandige runde Borosilikatglas-Gro\u00dfpackung"},"content":{"rendered":"<p>Sind Sie es leid, dass in kleinen Gl\u00e4sern st\u00e4ndig Lebensmittel versch\u00fcttet werden? Wir bieten Ihnen L\u00f6sungen f\u00fcr gro\u00dfe Glasbeh\u00e4lter \u2013 ideal f\u00fcr Marken mit hohem Lagerbedarf. Mit diesen Gro\u00dfpackungen verwandeln Sie Ihren t\u00e4glichen Warenbestand in ein Premium-Markenerlebnis. Bei Gro\u00dfbestellungen passen wir die Farben individuell an Ihre Marke an.<\/p>\n<h2>Produkteigenschaften<\/h2>\n<p><strong>Geradliniges Design:\u00a0<\/strong>Mit einem Fassungsverm\u00f6gen von 4800 ml bietet das Gef\u00e4\u00df Platz f\u00fcr Pulver, K\u00f6rner, Getreide, Kaffeebohnen, Unkraut, Gew\u00fcrze usw. \u2013 so geh\u00f6ren Produktverschwendung in kleinen Beh\u00e4ltern der Vergangenheit an.<\/p>\n<p><strong>Hitzebest\u00e4ndiges Borosilikatglas:\u00a0<\/strong>Diese riesigen Glasgef\u00e4\u00dfe eignen sich zur Aufbewahrung von warmen, kalten und gefrorenen Lebensmitteln \u2013 ohne dass es jemals zu einem Temperaturschock kommt \u2013 und k\u00f6nnen auch als Vasen oder Windlichter verwendet werden.<\/p>\n<p><strong>150 mm breiter Deckel f\u00fcr einfachen Zugriff:\u00a0<\/strong>Mit Hilfe des Glasl\u00f6ffels lassen sich Pulver oder andere trockene Produkte m\u00fchelos entnehmen \u2013 auslaufsicher und leicht zu handhaben.<\/p>\n<h2>Wichtigste Spezifikationen<\/h2>\n<table style=\"border-collapse: collapse; width: 80%; margin-left: auto; margin-right: auto;\" border=\"0\" width=\"360\" cellspacing=\"0\" cellpadding=\"0\">\n<tbody>\n<tr style=\"height: 13.50pt;\">\n<td style=\"height: 13.5pt; width: 54pt; text-align: center;\" width=\"72\" height=\"18\">Fassungsverm\u00f6gen (ml)<\/td>\n<td style=\"width: 54pt; text-align: center;\" width=\"72\">Gr\u00f6\u00dfe (cm)<\/td>\n<td style=\"width: 54pt; text-align: center;\" width=\"72\">Munddurchmesser<\/td>\n<td style=\"width: 54pt; text-align: center;\" width=\"72\">Material<\/td>\n<td style=\"width: 54pt; text-align: center;\" width=\"72\">Form<\/td>\n<\/tr>\n<tr style=\"height: 13.50pt;\">\n<td style=\"height: 13.5pt; text-align: center;\" align=\"right\" height=\"18\">3200<\/td>\n<td style=\"text-align: center;\">15,0 x 20,0<\/td>\n<td class=\"et2\" style=\"text-align: center;\" rowspan=\"2\">150 mm<\/td>\n<td class=\"et2\" style=\"text-align: center;\" rowspan=\"2\">Borosilikat<\/td>\n<td class=\"et2\" style=\"text-align: center;\" rowspan=\"2\">Rund<\/td>\n<\/tr>\n<tr style=\"height: 13.50pt;\">\n<td style=\"height: 13.5pt; text-align: center;\" align=\"right\" height=\"18\">4800<\/td>\n<td style=\"text-align: center;\">15,0 x 30,0<\/td>\n<\/tr>\n<\/tbody>\n<\/table>\n<h2>Erfolgsbeispiel<\/h2>\n<p>Nach der Umstellung auf diese geradwandigen, flachm\u00fcndigen Aufbewahrungsbeh\u00e4lter aus Borosilikatglas mit Bambusdeckeln hat eine kanadische Handelskette, die lose Trockenwaren und Tee in gro\u00dfen Mengen verkauft, ihr gesamtes Sortiment von Plastikbeh\u00e4ltern auf Glasverpackungen umgestellt. Die verbesserten Warenpr\u00e4sentationen sind dank der besseren Ausleuchtung durch die hohe Transparenz der Glasbeh\u00e4lter, des gro\u00dfen Durchmessers von 150 mm f\u00fcr schnelles Nachf\u00fcllen und der zuverl\u00e4ssigen Verschlussleistung deutlich attraktiver geworden. Dadurch wurde auch die wahrgenommene Qualit\u00e4t der Produkte gesteigert.<\/p>\n<p>Innerhalb der ersten drei Monate nach der Implementierung auf Kundenseite verzeichnete der Kunde einen j\u00e4hrlichen Zuwachs von etwa 28 % bei den Einzelhandelsums\u00e4tzen mit vergleichbaren Massenprodukten, wobei das st\u00e4rkste Wachstum in der Kategorie der hochwertigen Tees zu verzeichnen war.<\/p>\n<h2>Ihr individuelles Anpassungshandbuch<\/h2>\n<ol>\n<li>Der Deckel kann wahlweise aus Bambus, Holz oder Verbundmaterial gefertigt sein und ist mit einem lasergravierten Logo versehen.<\/li>\n<li>Durch das Aufbringen von Graduierungen, Siebdruck oder Hei\u00dfpr\u00e4gung von Markenlogos auf den Dosenk\u00f6rper kann die Markenbekanntheit bei Gro\u00dfhandelskunden verbessert werden.<\/li>\n<\/ol>","protected":false},"excerpt":{"rendered":"<p>Gro\u00dfe Glasbeh\u00e4lter zur Aufbewahrung von Lebensmitteln, hergestellt von einem professionellen Glasbeh\u00e4lterhersteller. Direkt vom Hersteller: Gro\u00dfpackungen mit individuellen Gr\u00f6\u00dfen, Deckeln und Gro\u00dfhandelspreisen.<\/p>","protected":false},"featured_media":24487,"template":"","meta":[],"product_brand":[],"product_cat":[137,124,122],"product_tag":[],"class_list":{"0":"post-24486","1":"product","2":"type-product","3":"status-publish","4":"has-post-thumbnail","6":"product_cat-glass-jars-with-lids","7":"product_cat-custom-glass-jars","8":"product_cat-custom-glass-packaging","10":"first","11":"instock","12":"shipping-taxable","13":"product-type-simple"},"jetpack_sharing_enabled":true,"_links":{"self":[{"href":"https:\/\/yebodaglass.com\/de\/wp-json\/wp\/v2\/product\/24486","targetHints":{"allow":["GET"]}}],"collection":[{"href":"https:\/\/yebodaglass.com\/de\/wp-json\/wp\/v2\/product"}],"about":[{"href":"https:\/\/yebodaglass.com\/de\/wp-json\/wp\/v2\/types\/product"}],"version-history":[{"count":5,"href":"https:\/\/yebodaglass.com\/de\/wp-json\/wp\/v2\/product\/24486\/revisions"}],"predecessor-version":[{"id":25713,"href":"https:\/\/yebodaglass.com\/de\/wp-json\/wp\/v2\/product\/24486\/revisions\/25713"}],"wp:featuredmedia":[{"embeddable":true,"href":"https:\/\/yebodaglass.com\/de\/wp-json\/wp\/v2\/media\/24487"}],"wp:attachment":[{"href":"https:\/\/yebodaglass.com\/de\/wp-json\/wp\/v2\/media?parent=24486"}],"wp:term":[{"taxonomy":"product_brand","embeddable":true,"href":"https:\/\/yebodaglass.com\/de\/wp-json\/wp\/v2\/product_brand?post=24486"},{"taxonomy":"product_cat","embeddable":true,"href":"https:\/\/yebodaglass.com\/de\/wp-json\/wp\/v2\/product_cat?post=24486"},{"taxonomy":"product_tag","embeddable":true,"href":"https:\/\/yebodaglass.com\/de\/wp-json\/wp\/v2\/product_tag?post=24486"}],"curies":[{"name":"wp","href":"https:\/\/api.w.org\/{rel}","templated":true}]}}