{"id":24485,"date":"2025-12-19T15:29:18","date_gmt":"2025-12-19T07:29:18","guid":{"rendered":"https:\/\/yebodaglass.com\/?post_type=product&#038;p=24485"},"modified":"2025-12-19T16:44:27","modified_gmt":"2025-12-19T08:44:27","slug":"clear-small-glass-jars-with-lids-bulk","status":"publish","type":"product","link":"https:\/\/yebodaglass.com\/de\/clear-small-glass-jars-with-lids-bulk\/","title":{"rendered":"120 ml, 210 ml, 260 ml Klare kleine Gl\u00e4ser mit Deckel (Gro\u00dfpackung)"},"content":{"rendered":"<p data-start=\"66\" data-end=\"288\">Diese stilvollen und dennoch robusten kleinen Glasbeh\u00e4lter aus Borosilikatglas bestechen durch ihre attraktive, dunkle Holzmaserung. Die Beh\u00e4lter sind in verschiedenen Gr\u00f6\u00dfen erh\u00e4ltlich, von sehr klein bis etwas gr\u00f6\u00dfer. Dank des vollst\u00e4ndig transparenten Glask\u00f6rpers sind die kleinen Dinge im Inneren (z. B. Gew\u00fcrze, Stecknadeln oder Snacks) stets gut sichtbar.<\/p>\n<h2>Produkteigenschaften<\/h2>\n<ul>\n<li><strong>Zylindrisches Design:<\/strong> Die Gl\u00e4ser haben einen abgerundeten Boden, wodurch sie sehr stabil stehen und somit nicht von Ihrer vollgestellten Arbeitsfl\u00e4che oder Ihren Regalen umkippen k\u00f6nnen.<\/li>\n<li><strong>Vorteile von Borosilikatglas:<\/strong> Die aus Borosilikatglas gefertigten Gl\u00e4ser sind best\u00e4ndig gegen pl\u00f6tzliche Temperatur\u00e4nderungen und eignen sich daher zur Aufbewahrung von warmen und kalten Speisen. Sie k\u00f6nnen auch \u00fcber einen l\u00e4ngeren Zeitraum sicher aufbewahrt werden.<\/li>\n<li><strong>Design mit dunklem Holzschraubendeckel:<\/strong> Der sch\u00f6n gemaserte Holzschraubdeckel l\u00e4sst das Glas nicht nur gut aussehen, sondern ist auch die beste und einfachste M\u00f6glichkeit, die im Glas aufbewahrten Lebensmittel trocken, frisch und schmackhaft zu halten.<\/li>\n<\/ul>\n<h2 style=\"text-align: left;\">Wichtigste Spezifikationen<\/h2>\n<table class=\"aligncenter\" style=\"border-collapse: collapse; width: 486.02pt;\" border=\"0\" width=\"648\" cellspacing=\"0\" cellpadding=\"0\">\n<tbody>\n<tr style=\"height: 13.50pt;\">\n<td style=\"height: 13.50pt; width: 117.00pt;\" width=\"156\" height=\"18\">Spezifikation<\/td>\n<td style=\"width: 369.00pt;\" width=\"492\">Details<\/td>\n<\/tr>\n<tr style=\"height: 13.50pt;\">\n<td style=\"height: 13.50pt;\" height=\"18\">Kapazit\u00e4t<\/td>\n<td>120 ml \/ 210 ml \/ 260 ml<\/td>\n<\/tr>\n<tr style=\"height: 13.50pt;\">\n<td style=\"height: 13.50pt;\" height=\"18\">Ma\u00dfe<\/td>\n<td>6,5 \u00d7 5,5 cm \/ 9 \u00d7 8 cm \/ 9 \u00d7 10,2 cm<\/td>\n<\/tr>\n<tr style=\"height: 13.50pt;\">\n<td style=\"height: 13.50pt;\" height=\"18\">Material<\/td>\n<td>Hochborosilikatglas<\/td>\n<\/tr>\n<tr style=\"height: 13.50pt;\">\n<td style=\"height: 13.50pt;\" height=\"18\">Glasform<\/td>\n<td>Flacher Zylinder<\/td>\n<\/tr>\n<tr style=\"height: 13.50pt;\">\n<td style=\"height: 13.50pt;\" height=\"18\">Deckeltyp<\/td>\n<td>Flacher Deckel in dunkler Holzoptik<\/td>\n<\/tr>\n<tr style=\"height: 13.50pt;\">\n<td style=\"height: 13.50pt;\" height=\"18\">Deckeldurchmesser<\/td>\n<td>65 mm (einheitlich \u00fcber alle Gr\u00f6\u00dfen hinweg)<\/td>\n<\/tr>\n<tr style=\"height: 13.50pt;\">\n<td style=\"height: 13.50pt;\" height=\"18\">Materialeigenschaften<\/td>\n<td>Thermisch und chemikalienbest\u00e4ndig, hohe Transparenz, kratzfest<\/td>\n<\/tr>\n<tr style=\"height: 13.50pt;\">\n<td style=\"height: 13.50pt;\" height=\"18\">Ideal f\u00fcr<\/td>\n<td>Kleine Gl\u00e4ser mit Deckel, zylindrische Gl\u00e4ser<\/td>\n<\/tr>\n<\/tbody>\n<\/table>\n<h2>Fallstudie aus der Praxis: Wie Qualit\u00e4t zu Stammkunden f\u00fchrt<\/h2>\n<p>Eine Spezialit\u00e4tenr\u00f6sterei in Nordamerika hat sich f\u00fcr unsere 210-ml-Glasbeh\u00e4lter mit Deckel entschieden. Dank der robusten Form und des widerstandsf\u00e4higen Glases konnten die Bruchf\u00e4lle beim Transport um 70 % reduziert werden. Das kompakte, ansprechende Design erm\u00f6glichte die Herstellung attraktiver und platzsparender Geschenksets, die nun zu einem um 40 % h\u00f6heren Preis als die bisherigen Produkte angeboten werden k\u00f6nnen. Da die R\u00f6sterei mit der Produktleistung und dem Kundenfeedback rundum zufrieden war, bestellte sie im Anschluss weitere 300.000 Glasbeh\u00e4lter f\u00fcr die Verpackung ihrer neuen Abonnement-Produktlinie.<\/p>\n<h2>Personalisieren Sie Ihre kleinen Glasbeh\u00e4lter mit Deckeln.<\/h2>\n<ul>\n<li>Deckel aus Massivholz \u2013 F\u00fcr einen luxuri\u00f6sen Touch k\u00f6nnen Sie auf Deckel aus Massivholz wie Walnuss, Ebenholz oder Bambus umsteigen.<\/li>\n<li>Deckelgravur \u2013 Mit einem Laser wird ein ansprechendes Logo oder ein dekoratives Muster auf die Oberfl\u00e4che des Holzdeckels graviert.<\/li>\n<li>Siebgedruckte F\u00fcllstandsmarkierungen \u2013 Bringen Sie kleine und stilvolle F\u00fcllstandsmarkierungen auf dem Glas an.<\/li>\n<li>Silikon-Dichtungsring \u2013 F\u00fcr eine bessere Abdichtung sollte ein lebensmittelechter Silikon-Dichtungsring auf den Deckel gesetzt werden.<\/li>\n<\/ul>","protected":false},"excerpt":{"rendered":"<p>Entdecken Sie kleine Glasgef\u00e4\u00dfe mit Deckel in bauchiger, runder Form und flachem, dunklem Holzdeckel. Kristallklares Borosilikatglas, schneller Versand m\u00f6glich.<\/p>","protected":false},"featured_media":24490,"template":"","meta":[],"product_brand":[],"product_cat":[122,124,137],"product_tag":[],"class_list":{"0":"post-24485","1":"product","2":"type-product","3":"status-publish","4":"has-post-thumbnail","6":"product_cat-custom-glass-packaging","7":"product_cat-custom-glass-jars","8":"product_cat-glass-jars-with-lids","10":"first","11":"instock","12":"shipping-taxable","13":"product-type-simple"},"jetpack_sharing_enabled":true,"_links":{"self":[{"href":"https:\/\/yebodaglass.com\/de\/wp-json\/wp\/v2\/product\/24485","targetHints":{"allow":["GET"]}}],"collection":[{"href":"https:\/\/yebodaglass.com\/de\/wp-json\/wp\/v2\/product"}],"about":[{"href":"https:\/\/yebodaglass.com\/de\/wp-json\/wp\/v2\/types\/product"}],"version-history":[{"count":2,"href":"https:\/\/yebodaglass.com\/de\/wp-json\/wp\/v2\/product\/24485\/revisions"}],"predecessor-version":[{"id":24492,"href":"https:\/\/yebodaglass.com\/de\/wp-json\/wp\/v2\/product\/24485\/revisions\/24492"}],"wp:featuredmedia":[{"embeddable":true,"href":"https:\/\/yebodaglass.com\/de\/wp-json\/wp\/v2\/media\/24490"}],"wp:attachment":[{"href":"https:\/\/yebodaglass.com\/de\/wp-json\/wp\/v2\/media?parent=24485"}],"wp:term":[{"taxonomy":"product_brand","embeddable":true,"href":"https:\/\/yebodaglass.com\/de\/wp-json\/wp\/v2\/product_brand?post=24485"},{"taxonomy":"product_cat","embeddable":true,"href":"https:\/\/yebodaglass.com\/de\/wp-json\/wp\/v2\/product_cat?post=24485"},{"taxonomy":"product_tag","embeddable":true,"href":"https:\/\/yebodaglass.com\/de\/wp-json\/wp\/v2\/product_tag?post=24485"}],"curies":[{"name":"wp","href":"https:\/\/api.w.org\/{rel}","templated":true}]}}