{"id":24478,"date":"2025-12-19T11:04:51","date_gmt":"2025-12-19T03:04:51","guid":{"rendered":"https:\/\/yebodaglass.com\/?post_type=product&#038;p=24478"},"modified":"2026-04-14T10:56:07","modified_gmt":"2026-04-14T02:56:07","slug":"clear-glass-jars-with-wood-lids-bulk","status":"publish","type":"product","link":"https:\/\/yebodaglass.com\/de\/clear-glass-jars-with-wood-lids-bulk\/","title":{"rendered":"450 ml \u2013 1550 ml Klarglasbeh\u00e4lter mit Holzdeckeln (Gro\u00dfpackung)"},"content":{"rendered":"<p data-start=\"66\" data-end=\"288\">Diese Glasgef\u00e4\u00dfe mit Holzdeckeln bestechen durch ihre elegante, zylindrische Form und bestehen aus transparentem Glas und Schraubverschl\u00fcssen aus Naturholz. Das Produkt ist in verschiedenen Gr\u00f6\u00dfen erh\u00e4ltlich.<\/p>\n<h2>Produkteigenschaften<\/h2>\n<ul>\n<li><strong>Hochwertiges Borosilikatglas:<\/strong> Das Glas ist extrem hitzebest\u00e4ndig und f\u00fcr das Auge absolut klar.<\/li>\n<li><strong>Design mit strukturierter Holzschraubenkappe:<\/strong> Die hellen Holzteile der Schraubverschl\u00fcsse sind mit kreisf\u00f6rmigen Strukturen verziert, die die Abdichtung unterst\u00fctzen, obwohl sich der Verschluss leicht \u00f6ffnen l\u00e4sst.<\/li>\n<li><strong>Transparente und leicht zu reinigende Konstruktion:<\/strong> Der transparente Korpus des Glases erm\u00f6glicht einen freien Blick auf die aufbewahrten Gegenst\u00e4nde und die glatte Glasoberfl\u00e4che ist sehr leicht zu reinigen.<\/li>\n<\/ul>\n<h2 style=\"text-align: left;\">Wichtigste Spezifikationen<\/h2>\n<table class=\"aligncenter\" style=\"border-collapse: collapse; width: 452.27pt;\" border=\"0\" width=\"603\" cellspacing=\"0\" cellpadding=\"0\">\n<tbody>\n<tr style=\"height: 13.50pt;\">\n<td style=\"height: 13.50pt; width: 135.00pt;\" width=\"180\" height=\"18\">Spezifikation<\/td>\n<td style=\"width: 317.25pt;\" width=\"423\">Details<\/td>\n<\/tr>\n<tr style=\"height: 13.50pt;\">\n<td style=\"height: 13.50pt;\" height=\"18\">Kapazit\u00e4t<\/td>\n<td>450ml \/ 750ml \/ 950ml \/ 1550ml<\/td>\n<\/tr>\n<tr style=\"height: 13.50pt;\">\n<td style=\"height: 13.50pt;\" height=\"18\">Abmessungen<\/td>\n<td>9\u00d710cm \/ 9\u00d715cm \/ 9\u00d719cm \/ 9\u00d729.5cm<\/td>\n<\/tr>\n<tr style=\"height: 13.50pt;\">\n<td style=\"height: 13.50pt;\" height=\"18\">Material<\/td>\n<td>Hochborosilikatglas<\/td>\n<\/tr>\n<tr style=\"height: 13.50pt;\">\n<td style=\"height: 13.50pt;\" height=\"18\">Deckeltyp<\/td>\n<td>Heller Holz-Schraubdeckel mit kreisf\u00f6rmiger Maserung<\/td>\n<\/tr>\n<tr style=\"height: 13.50pt;\">\n<td style=\"height: 13.50pt;\" height=\"18\">Deckeldurchmesser<\/td>\n<td>90 mm (einheitlich \u00fcber alle Gr\u00f6\u00dfen hinweg)<\/td>\n<\/tr>\n<tr style=\"height: 13.50pt;\">\n<td style=\"height: 13.50pt;\" height=\"18\">Materialeigenschaften<\/td>\n<td>Thermisch und chemikalienbest\u00e4ndig, hohe Transparenz, langlebig<\/td>\n<\/tr>\n<tr style=\"height: 13.50pt;\">\n<td style=\"height: 13.50pt;\" height=\"18\">Ideal f\u00fcr<\/td>\n<td>Einmachgl\u00e4ser mit Holzdeckeln, Einmachgl\u00e4ser in gro\u00dfen Mengen<\/td>\n<\/tr>\n<\/tbody>\n<\/table>\n<h2>Erfolgsgeschichte: Eine Sonderanfertigung von einer Kaffeer\u00f6sterei im pazifischen Nordwesten<\/h2>\n<p>Eine Spezialit\u00e4tenr\u00f6sterei in Oregon entschied sich f\u00fcr unsere Glasbeh\u00e4lter mit Deckeln, die aus ma\u00dfgefertigtem, dunklem Walnussholz und UV-best\u00e4ndigem Braunglas bestehen. Die individuell angefertigten Beh\u00e4lter funktionierten optimal, da das UV-best\u00e4ndige Glas die Frische und das Aroma der Kaffeebohnen besser bewahrte als Klarglas, was zu einer um 35 % l\u00e4ngeren Haltbarkeit f\u00fchrte. Das ansprechende Design der Beh\u00e4lter steigerte die Kundenbindung in den sozialen Medien um 200 %. Die R\u00f6sterei war so zufrieden, dass sie zus\u00e4tzlich 320.000 Beh\u00e4lter f\u00fcr ihre neu eingef\u00fchrte Produktlinie mit vorgemischten R\u00f6stzutaten bestellte.<\/p>\n<h2>Anpassbare Glasbeh\u00e4lter mit verschiedenen Deckeloptionen<\/h2>\n<ul>\n<li>Material des Deckels aus Echtholz \u2013 Die Deckel k\u00f6nnen aus verschiedenen Holzarten wie Bambus, Buche oder Ahorn gefertigt sein.<\/li>\n<li>Individuelle Holzbeize \u2013 Sie k\u00f6nnen aus einer breiten Palette von Beizoptionen w\u00e4hlen, von hellem Naturholz bis hin zu dunklem Walnussholz.<\/li>\n<li>Dekoriertes Bodenmuster \u2013 Durch den Produktionsprozess entsteht am Flaschenboden ein feines Texturmuster.<\/li>\n<\/ul>","protected":false},"excerpt":{"rendered":"<p>Premium glass jars with wood lids, clear jars made from crystal-clear borosilicate glass, multiple sizes, ideal for pantry storage. Free samples available.<\/p>","protected":false},"featured_media":24482,"template":"","meta":[],"product_brand":[],"product_cat":[137,124,122],"product_tag":[],"class_list":{"0":"post-24478","1":"product","2":"type-product","3":"status-publish","4":"has-post-thumbnail","6":"product_cat-glass-jars-with-lids","7":"product_cat-custom-glass-jars","8":"product_cat-custom-glass-packaging","10":"first","11":"instock","12":"shipping-taxable","13":"product-type-simple"},"jetpack_sharing_enabled":true,"_links":{"self":[{"href":"https:\/\/yebodaglass.com\/de\/wp-json\/wp\/v2\/product\/24478","targetHints":{"allow":["GET"]}}],"collection":[{"href":"https:\/\/yebodaglass.com\/de\/wp-json\/wp\/v2\/product"}],"about":[{"href":"https:\/\/yebodaglass.com\/de\/wp-json\/wp\/v2\/types\/product"}],"version-history":[{"count":5,"href":"https:\/\/yebodaglass.com\/de\/wp-json\/wp\/v2\/product\/24478\/revisions"}],"predecessor-version":[{"id":25776,"href":"https:\/\/yebodaglass.com\/de\/wp-json\/wp\/v2\/product\/24478\/revisions\/25776"}],"wp:featuredmedia":[{"embeddable":true,"href":"https:\/\/yebodaglass.com\/de\/wp-json\/wp\/v2\/media\/24482"}],"wp:attachment":[{"href":"https:\/\/yebodaglass.com\/de\/wp-json\/wp\/v2\/media?parent=24478"}],"wp:term":[{"taxonomy":"product_brand","embeddable":true,"href":"https:\/\/yebodaglass.com\/de\/wp-json\/wp\/v2\/product_brand?post=24478"},{"taxonomy":"product_cat","embeddable":true,"href":"https:\/\/yebodaglass.com\/de\/wp-json\/wp\/v2\/product_cat?post=24478"},{"taxonomy":"product_tag","embeddable":true,"href":"https:\/\/yebodaglass.com\/de\/wp-json\/wp\/v2\/product_tag?post=24478"}],"curies":[{"name":"wp","href":"https:\/\/api.w.org\/{rel}","templated":true}]}}