{"id":24457,"date":"2025-12-18T10:59:35","date_gmt":"2025-12-18T02:59:35","guid":{"rendered":"https:\/\/yebodaglass.com\/?post_type=product&#038;p=24457"},"modified":"2026-04-13T16:19:06","modified_gmt":"2026-04-13T08:19:06","slug":"wholesale-glass-jars-with-lids-for-storage","status":"publish","type":"product","link":"https:\/\/yebodaglass.com\/de\/wholesale-glass-jars-with-lids-for-storage\/","title":{"rendered":"Gro\u00dfhandel mit Glasbeh\u00e4ltern mit Deckel (600 ml \u2013 1400 ml) zur Aufbewahrung\u00a0"},"content":{"rendered":"<p>Die im Gro\u00dfhandel erh\u00e4ltlichen Glasbeh\u00e4lter haben eine quadratische Form mit abgerundeten Ecken und bestehen aus hochtransparentem Borosilikatglas, das den Lebensmittelstandards entspricht. Die Beh\u00e4lter sind mit Schraubverschl\u00fcssen aus nat\u00fcrlichem Bambus und integrierten Silikondichtungen ausgestattet, die f\u00fcr Luftdichtigkeit sorgen.<\/p>\n<h2>Produkteigenschaften<\/h2>\n<ul>\n<li><strong>Einfaches, quadratisches, geradliniges Zylinderdesign:<\/strong> Die quadratische, zylinderf\u00f6rmige Struktur mit abgerundeten Ecken erm\u00f6glicht das Stapeln und das Design sorgt f\u00fcr eine einfache Erkennbarkeit.<\/li>\n<li><strong>Verschlussdeckel aus nat\u00fcrlichem Bambus:<\/strong> Der Deckel aus nat\u00fcrlichem Bambus in Kombination mit einem Dichtungsring aus lebensmittelechtem Silikon sorgt f\u00fcr eine hervorragende Abdichtung und verhindert effektiv das Eindringen von Feuchtigkeit und Insekten.<\/li>\n<li><strong>Verschiedene Gr\u00f6\u00dfen erh\u00e4ltlich:<\/strong> Die verschiedenen Gr\u00f6\u00dfen decken unterschiedliche Aufbewahrungsbed\u00fcrfnisse ab, darunter kleine Gew\u00fcrzbeh\u00e4lter sowie gro\u00dfe Aufbewahrungsl\u00f6sungen f\u00fcr Getreide oder Snacks.<\/li>\n<\/ul>\n<h2>Wichtigste Spezifikationen<\/h2>\n<table style=\"border-collapse: collapse; width: 80%; margin-right: auto; margin-left: auto;\" border=\"0\" width=\"432\" cellspacing=\"0\" cellpadding=\"0\">\n<tbody>\n<tr style=\"height: 13.50pt;\">\n<td style=\"height: 13.5pt; width: 54pt; text-align: center;\" width=\"72\" height=\"18\">Kapazit\u00e4t<\/td>\n<td style=\"width: 54pt; text-align: center;\" width=\"72\">Gr\u00f6\u00dfe (cm)<\/td>\n<td style=\"width: 54pt; text-align: center;\" width=\"72\">Munddurchmesser (mm)<\/td>\n<td style=\"width: 54pt; text-align: center;\" width=\"72\">Material<\/td>\n<td style=\"width: 54pt; text-align: center;\" width=\"72\">Farbe<\/td>\n<td style=\"width: 54pt; text-align: center;\" width=\"72\">Form<\/td>\n<\/tr>\n<tr style=\"height: 13.50pt;\">\n<td style=\"height: 13.5pt; text-align: center;\" height=\"18\">600 ml<\/td>\n<td style=\"text-align: center;\">10 x 10 x 10,5<\/td>\n<td class=\"et2\" style=\"text-align: center;\" rowspan=\"5\">94&#215;100<\/td>\n<td class=\"et2\" style=\"text-align: center;\" rowspan=\"5\">Borosilikat<\/td>\n<td class=\"et2\" style=\"text-align: center;\" rowspan=\"5\">Klar, individuell<\/td>\n<td class=\"et2\" style=\"text-align: center;\" rowspan=\"5\">Quadrat<\/td>\n<\/tr>\n<tr style=\"height: 13.50pt;\">\n<td style=\"height: 13.5pt; text-align: center;\" height=\"18\">800 ml<\/td>\n<td style=\"text-align: center;\">10 x 10 x 13<\/td>\n<\/tr>\n<tr style=\"height: 13.50pt;\">\n<td style=\"height: 13.5pt; text-align: center;\" height=\"18\">1000 ml<\/td>\n<td style=\"text-align: center;\">10 x 10 x 16<\/td>\n<\/tr>\n<tr style=\"height: 13.50pt;\">\n<td style=\"height: 13.5pt; text-align: center;\" height=\"18\">1200 ml<\/td>\n<td style=\"text-align: center;\">10 x 10 x 19<\/td>\n<\/tr>\n<tr style=\"height: 13.50pt;\">\n<td style=\"height: 13.5pt; text-align: center;\" height=\"18\">1400 ml<\/td>\n<td style=\"text-align: center;\">10 x 10 x 21<\/td>\n<\/tr>\n<\/tbody>\n<\/table>\n<h2>Erfolgsgeschichte: Gro\u00dfpackungen f\u00fcr Tee einer nationalen Teemarke<\/h2>\n<p>Eine nationale Teemarke entschied sich f\u00fcr 250-ml-Glasbeh\u00e4lter im Gro\u00dfhandel mit individuell gestalteten Bambusdeckeln. Teename und Herkunft wurden auf die Deckel gedruckt. Die individuell gestalteten Glasbeh\u00e4lter erzielten einen enormen Erfolg, da ihr quadratisches Design die Verpackungseffizienz im Lager um 20 % steigerte und ihre hervorragende Versiegelung das Aroma und den Geschmack des Tees um 40 % l\u00e4nger bewahrte als herk\u00f6mmliche Teebeutel. Die Marke war von der neuen Verpackung begeistert und bestellte daraufhin weitere 520.000 Glasbeh\u00e4lter f\u00fcr ihre neu eingef\u00fchrte Kr\u00e4utertee- und Geschenkset-Kollektion.<\/p>\n<h2>Anpassungsm\u00f6glichkeiten f\u00fcr Glasbeh\u00e4lter im Gro\u00dfhandel<\/h2>\n<ol>\n<li>Unterst\u00fctzt das Hinzuf\u00fcgen von Graduierungslinien oder Volumenmarkierungen auf dem Beh\u00e4lter aus Borosilikatglas und erleichtert so die Verwendung durch professionelle Kunden in der Lebensmittelverarbeitung, der Kaffee- und Backwarenindustrie.<\/li>\n<li>Es sind verschiedene Transparenzgrade oder eine leicht bernsteinfarbene Oberfl\u00e4che erh\u00e4ltlich, wodurch ein Gleichgewicht zwischen Darstellungsqualit\u00e4t und dem erforderlichen Lichtschutz f\u00fcr den Inhalt geschaffen wird.<\/li>\n<li>Unterst\u00fctzt individuell angepasste Messl\u00f6ffel in verschiedenen Gr\u00f6\u00dfen und Formen f\u00fcr die pr\u00e4zise Dosierung von Pulvern, Gew\u00fcrzen oder funktionellen Lebensmitteln.<\/li>\n<\/ol>","protected":false},"excerpt":{"rendered":"<p>Gro\u00dfe Auswahl an quadratischen Borosilikatglas-Vorratsgl\u00e4sern mit Bambusdeckeln. Ideal f\u00fcr Tee, Getreide und Snacks. Kostenlose Muster erh\u00e4ltlich. Schneller Versand.<\/p>","protected":false},"featured_media":24458,"template":"","meta":[],"product_brand":[],"product_cat":[137,124,122],"product_tag":[],"class_list":{"0":"post-24457","1":"product","2":"type-product","3":"status-publish","4":"has-post-thumbnail","6":"product_cat-glass-jars-with-lids","7":"product_cat-custom-glass-jars","8":"product_cat-custom-glass-packaging","10":"first","11":"instock","12":"shipping-taxable","13":"product-type-simple"},"jetpack_sharing_enabled":true,"_links":{"self":[{"href":"https:\/\/yebodaglass.com\/de\/wp-json\/wp\/v2\/product\/24457","targetHints":{"allow":["GET"]}}],"collection":[{"href":"https:\/\/yebodaglass.com\/de\/wp-json\/wp\/v2\/product"}],"about":[{"href":"https:\/\/yebodaglass.com\/de\/wp-json\/wp\/v2\/types\/product"}],"version-history":[{"count":5,"href":"https:\/\/yebodaglass.com\/de\/wp-json\/wp\/v2\/product\/24457\/revisions"}],"predecessor-version":[{"id":25770,"href":"https:\/\/yebodaglass.com\/de\/wp-json\/wp\/v2\/product\/24457\/revisions\/25770"}],"wp:featuredmedia":[{"embeddable":true,"href":"https:\/\/yebodaglass.com\/de\/wp-json\/wp\/v2\/media\/24458"}],"wp:attachment":[{"href":"https:\/\/yebodaglass.com\/de\/wp-json\/wp\/v2\/media?parent=24457"}],"wp:term":[{"taxonomy":"product_brand","embeddable":true,"href":"https:\/\/yebodaglass.com\/de\/wp-json\/wp\/v2\/product_brand?post=24457"},{"taxonomy":"product_cat","embeddable":true,"href":"https:\/\/yebodaglass.com\/de\/wp-json\/wp\/v2\/product_cat?post=24457"},{"taxonomy":"product_tag","embeddable":true,"href":"https:\/\/yebodaglass.com\/de\/wp-json\/wp\/v2\/product_tag?post=24457"}],"curies":[{"name":"wp","href":"https:\/\/api.w.org\/{rel}","templated":true}]}}