{"id":24455,"date":"2025-12-18T09:55:12","date_gmt":"2025-12-18T01:55:12","guid":{"rendered":"https:\/\/yebodaglass.com\/?post_type=product&#038;p=24455"},"modified":"2025-12-18T11:55:49","modified_gmt":"2025-12-18T03:55:49","slug":"airtight-clear-jars-with-wooden-lids-bulk","status":"publish","type":"product","link":"https:\/\/yebodaglass.com\/de\/airtight-clear-jars-with-wooden-lids-bulk\/","title":{"rendered":"250 ml \u2013 1550 ml luftdichte, durchsichtige Gl\u00e4ser mit Holzdeckeln (Gro\u00dfpackung)"},"content":{"rendered":"<p data-start=\"66\" data-end=\"288\">Diese wundersch\u00f6nen Borosilikatglas-Einmachgl\u00e4ser mit Holzdeckeln haben eine traditionelle runde Form mit einem etwas schmaleren Hals. Der Korpus des Glases besteht vollst\u00e4ndig aus klarem Borosilikatglas und wird mit einem flachen Deckel in Holzoptik mit abgerundeten Rillen kombiniert.<\/p>\n<h2>Produkteigenschaften<\/h2>\n<ul>\n<li><strong>Konvexe Bodenform:<\/strong> Durch die abgerundete, konvexe Bodenform steht das Gef\u00e4\u00df stabiler auf dem Boden und wirkt gleichzeitig optisch etwas hochwertiger.<\/li>\n<li><strong>Deckel mit nat\u00fcrlicher Holzmaserung:<\/strong> Der Deckel ist schlicht, in Holzoptik gehalten und mit geschwungenen Rillen versehen, wodurch er sich sehr komfortabel \u00f6ffnen und schlie\u00dfen l\u00e4sst und das Glas zudem dicht verschlie\u00dft.<\/li>\n<li><strong>F\u00fcnf verschiedene Kapazit\u00e4ten im Angebot:<\/strong> Eine Person kann sich f\u00fcr einen Beh\u00e4lter mit einem von f\u00fcnf verschiedenen Fassungsverm\u00f6gen entscheiden, also von 250 ml bis 1550 ml Speichervolumen.<\/li>\n<\/ul>\n<h2 style=\"text-align: left;\">Wichtigste Spezifikationen<\/h2>\n<table class=\"aligncenter\" style=\"border-collapse: collapse; width: 422.27pt;\" border=\"0\" width=\"563\" cellspacing=\"0\" cellpadding=\"0\">\n<tbody>\n<tr style=\"height: 13.50pt;\">\n<td style=\"height: 13.50pt; width: 99.75pt;\" width=\"133\" height=\"18\">Spezifikation<\/td>\n<td style=\"width: 322.50pt;\" width=\"430\">Details<\/td>\n<\/tr>\n<tr style=\"height: 13.50pt;\">\n<td style=\"height: 13.50pt;\" height=\"18\">Kapazit\u00e4t<\/td>\n<td>250 ml \/ 450 ml \/ 750 ml \/ 950 ml \/ 1550 ml<\/td>\n<\/tr>\n<tr style=\"height: 13.50pt;\">\n<td style=\"height: 13.50pt;\" height=\"18\">Ma\u00dfe<\/td>\n<td>9\u00d77 cm \/ 9\u00d710 cm \/ 9\u00d715 cm \/ 9\u00d719 cm \/ 9\u00d729,5 cm<\/td>\n<\/tr>\n<tr style=\"height: 13.50pt;\">\n<td style=\"height: 13.50pt;\" height=\"18\">Material<\/td>\n<td>Hochborosilikatglas<\/td>\n<\/tr>\n<tr style=\"height: 13.50pt;\">\n<td style=\"height: 13.50pt;\" height=\"18\">Deckeltyp<\/td>\n<td>Flacher Deckel in Holzoptik mit rundem Griff<\/td>\n<\/tr>\n<tr style=\"height: 13.50pt;\">\n<td style=\"height: 13.50pt;\" height=\"18\">Deckeldurchmesser<\/td>\n<td>90 mm (einheitlich \u00fcber alle Gr\u00f6\u00dfen hinweg)<\/td>\n<\/tr>\n<tr style=\"height: 13.50pt;\">\n<td style=\"height: 13.50pt;\" height=\"18\">Materialeigenschaften<\/td>\n<td>Hohe thermische und chemische Best\u00e4ndigkeit, \u00fcberragende Klarheit<\/td>\n<\/tr>\n<tr style=\"height: 13.50pt;\">\n<td style=\"height: 13.50pt;\" height=\"18\">Ideal f\u00fcr<\/td>\n<td>Gl\u00e4ser mit Holzdeckeln \/ Glasgef\u00e4\u00dfe mit Deckeln<\/td>\n<\/tr>\n<\/tbody>\n<\/table>\n<h2>Die Markentransformation einer Kaffeer\u00f6sterei: Der Aufstieg der Marke<\/h2>\n<p>Eine Spezialit\u00e4tenr\u00f6sterei w\u00fcnschte sich eine luxuri\u00f6se Verpackung, um ihr Markenimage aufzuwerten. Daher entschied sie sich f\u00fcr unsere 750-ml-Klarsichtgl\u00e4ser mit Holzdeckel f\u00fcr die Verpackung ihrer Kaffeebohnen. Dieses Borosilikatglas ist \u00e4u\u00dferst robust. Tats\u00e4chlich wird der Transportbruch im Vergleich zum Branchendurchschnitt f\u00fcr \u00e4hnliche Produkte um 65 % reduziert. Der Deckel in Holzoptik ist absolut luftdicht und verl\u00e4ngert laut Kundenfeedback die Frische und das Aroma der Kaffeebohnen um 50 %. Aufgrund dieses gro\u00dfen Erfolgs bestellte die R\u00f6sterei weitere 50.000 Gl\u00e4ser f\u00fcr die Einf\u00fchrung einer neuen Single-Origin-Kaffeebohnenlinie.<\/p>\n<h2>Anpassungsoptionen f\u00fcr durchsichtige Gl\u00e4ser<\/h2>\n<ul>\n<li>Deckel aus Massivholz \u2013 Wechseln Sie von Holzmaserung zu Deckeln aus echtem Bambus, Eiche oder Walnuss.<\/li>\n<li>Laserge\u00e4tzte Deckelkunst \u2013 Verzieren Sie Ihren Holzdeckel mit einem eleganten Logo, Muster oder Schriftzug.<\/li>\n<li>Aufgedruckte F\u00fcllstandsanzeigen \u2013 Einfache und dauerhafte F\u00fcllstandsanzeigen f\u00fcr das Glas, die auf der Seite des Glases aufgedruckt sind.<\/li>\n<li>Farben des Silikondichtungsrings \u2013 Der innere Dichtungsring kann in verschiedenen Farben aus lebensmittelechtem Silikon hergestellt werden.<\/li>\n<li>Strukturierte, rutschfeste Fl\u00e4che \u2013 Unterseite sandgestrahlt oder strukturiert f\u00fcr besseren Halt und mehr Sicherheit.<\/li>\n<\/ul>","protected":false},"excerpt":{"rendered":"<p>Diese transparenten Gl\u00e4ser mit Holzdeckeln bestehen aus dickem Borosilikatglas und haben glatte Holzdeckel. Elegant und praktisch f\u00fcr die K\u00fcche. Kostenlose Muster erh\u00e4ltlich. Schneller Versand.<\/p>","protected":false},"featured_media":24465,"template":"","meta":[],"product_brand":[],"product_cat":[122,124,137],"product_tag":[],"class_list":{"0":"post-24455","1":"product","2":"type-product","3":"status-publish","4":"has-post-thumbnail","6":"product_cat-custom-glass-packaging","7":"product_cat-custom-glass-jars","8":"product_cat-glass-jars-with-lids","10":"first","11":"instock","12":"shipping-taxable","13":"product-type-simple"},"jetpack_sharing_enabled":true,"_links":{"self":[{"href":"https:\/\/yebodaglass.com\/de\/wp-json\/wp\/v2\/product\/24455","targetHints":{"allow":["GET"]}}],"collection":[{"href":"https:\/\/yebodaglass.com\/de\/wp-json\/wp\/v2\/product"}],"about":[{"href":"https:\/\/yebodaglass.com\/de\/wp-json\/wp\/v2\/types\/product"}],"version-history":[{"count":4,"href":"https:\/\/yebodaglass.com\/de\/wp-json\/wp\/v2\/product\/24455\/revisions"}],"predecessor-version":[{"id":24472,"href":"https:\/\/yebodaglass.com\/de\/wp-json\/wp\/v2\/product\/24455\/revisions\/24472"}],"wp:featuredmedia":[{"embeddable":true,"href":"https:\/\/yebodaglass.com\/de\/wp-json\/wp\/v2\/media\/24465"}],"wp:attachment":[{"href":"https:\/\/yebodaglass.com\/de\/wp-json\/wp\/v2\/media?parent=24455"}],"wp:term":[{"taxonomy":"product_brand","embeddable":true,"href":"https:\/\/yebodaglass.com\/de\/wp-json\/wp\/v2\/product_brand?post=24455"},{"taxonomy":"product_cat","embeddable":true,"href":"https:\/\/yebodaglass.com\/de\/wp-json\/wp\/v2\/product_cat?post=24455"},{"taxonomy":"product_tag","embeddable":true,"href":"https:\/\/yebodaglass.com\/de\/wp-json\/wp\/v2\/product_tag?post=24455"}],"curies":[{"name":"wp","href":"https:\/\/api.w.org\/{rel}","templated":true}]}}