{"id":24443,"date":"2025-12-17T11:52:45","date_gmt":"2025-12-17T03:52:45","guid":{"rendered":"https:\/\/yebodaglass.com\/?post_type=product&#038;p=24443"},"modified":"2025-12-18T11:56:27","modified_gmt":"2025-12-18T03:56:27","slug":"borosilicate-glass-jars-with-lids-bulk","status":"publish","type":"product","link":"https:\/\/yebodaglass.com\/de\/borosilicate-glass-jars-with-lids-bulk\/","title":{"rendered":"16oz, 25oz, 32oz Borosilikatglas-Einmachgl\u00e4ser mit Deckel (Gro\u00dfpackung)"},"content":{"rendered":"<p data-start=\"66\" data-end=\"288\">Diese Borosilikatglas-Vorratsdosen mit Deckel zeichnen sich durch ihren schlanken, abgerundeten Korpus und die glatten, abgerundeten Kanten aus. Sie bestehen aus klarem Borosilikatglas, wodurch der Inhalt von au\u00dfen gut sichtbar ist. Der helle, flache Bambusdeckel mit integriertem Dichtungsring sorgt f\u00fcr einen auslaufsicheren Verschluss und verleiht dem Beh\u00e4lter gleichzeitig ein ansprechendes, nat\u00fcrliches Aussehen.<\/p>\n<h2>Produkteigenschaften<\/h2>\n<ul>\n<li><strong>Vorteile von hochborosilikathaltigem Glas:<\/strong> Da es aus hochborosilikathaltigem Glas hergestellt ist, beh\u00e4lt es dank seiner hervorragenden Hitze- und Chemikalienbest\u00e4ndigkeit seine Z\u00e4higkeit auch unter rauen Umgebungsbedingungen \u00fcber lange Zeit.<\/li>\n<li><strong>Dichtungsdesign f\u00fcr Bambusdeckel:<\/strong> Der helle, flache Bambusdeckel bildet zusammen mit der inneren Dichtungsschicht ein ideales Paar zur Verhinderung von Luftdichtheit.<\/li>\n<li><strong>Verschiedene Gr\u00f6\u00dfenkombinationen:<\/strong> Die Option mit drei Gr\u00f6\u00dfen ist ideal f\u00fcr unterschiedliche Volumenbed\u00fcrfnisse (kleine Gl\u00e4ser f\u00fcr Gew\u00fcrze, gro\u00dfe Gl\u00e4ser f\u00fcr Getreide).<\/li>\n<\/ul>\n<h2 style=\"text-align: left;\">Wichtigste Spezifikationen<\/h2>\n<table class=\"aligncenter\" style=\"border-collapse: collapse; width: 440.27pt;\" border=\"0\" width=\"587\" cellspacing=\"0\" cellpadding=\"0\">\n<tbody>\n<tr style=\"height: 13.50pt;\">\n<td style=\"height: 13.50pt; width: 99.75pt;\" width=\"133\" height=\"18\">Spezifikation<\/td>\n<td style=\"width: 340.50pt;\" width=\"454\">Details<\/td>\n<\/tr>\n<tr style=\"height: 13.50pt;\">\n<td style=\"height: 13.50pt;\" height=\"18\">Kapazit\u00e4t<\/td>\n<td>500 ml \/ 750 ml \/ 1000 ml<\/td>\n<\/tr>\n<tr style=\"height: 13.50pt;\">\n<td style=\"height: 13.50pt;\" height=\"18\">Ma\u00dfe<\/td>\n<td>9\u00d710cm \/ 9\u00d715cm \/ 9\u00d720cm<\/td>\n<\/tr>\n<tr style=\"height: 13.50pt;\">\n<td style=\"height: 13.50pt;\" height=\"18\">Material<\/td>\n<td>Hochborosilikatglas<\/td>\n<\/tr>\n<tr style=\"height: 13.50pt;\">\n<td style=\"height: 13.50pt;\" height=\"18\">Deckeltyp<\/td>\n<td>Flacher Bambusdeckel mit integriertem Dichtungsring<\/td>\n<\/tr>\n<tr style=\"height: 13.50pt;\">\n<td style=\"height: 13.50pt;\" height=\"18\">Deckeldurchmesser<\/td>\n<td>90 mm (einheitlich \u00fcber alle Gr\u00f6\u00dfen hinweg)<\/td>\n<\/tr>\n<tr style=\"height: 13.50pt;\">\n<td style=\"height: 13.50pt;\" height=\"18\">Materialeigenschaften<\/td>\n<td>Thermoschockbest\u00e4ndig, chemisch stabil, hohe Transparenz<\/td>\n<\/tr>\n<tr style=\"height: 13.50pt;\">\n<td style=\"height: 13.50pt;\" height=\"18\">Ideal f\u00fcr<\/td>\n<td>Gro\u00dfpackung Glasbeh\u00e4lter mit Deckel, Glasbeh\u00e4lter mit Bambusdeckel<\/td>\n<\/tr>\n<\/tbody>\n<\/table>\n<h2>Erfolgsgeschichte: Expansion eines Spezialit\u00e4ten-Teeh\u00e4ndlers<\/h2>\n<p>Das schnell wachsende Teeunternehmen ben\u00f6tigte hochwertige und einheitliche Verpackungen f\u00fcr seine Teeprodukte in Gro\u00dfpackungen. Unsere 750-ml-Glasbeh\u00e4lter mit Deckel wurden schlie\u00dflich als Standardverpackung f\u00fcr alle Einzelhandelsprodukte ausgew\u00e4hlt. Die herausragende Haltbarkeit des Borosilikatglases reduzierte die Bruchrate um 70 %. Bambusdeckel sorgen f\u00fcr eine optimale Abdichtung, wodurch die Haltbarkeit der Produkte im Durchschnitt um 8 Monate verl\u00e4ngert und der Abfall um beachtliche 40 % reduziert wird. Aufgrund der hervorragenden Produktleistung bestellte das Unternehmen zus\u00e4tzlich 120.000 Glasbeh\u00e4lter f\u00fcr den lokalen Vertrieb.<\/p>\n<h2>Glasbeh\u00e4lter mit Deckel \u2013 Individuelle Anpassungsm\u00f6glichkeiten f\u00fcr gro\u00dfe Mengen<\/h2>\n<ul>\n<li>Personalisierte Gravur von Bambusdeckeln \u2013 Lasergravur von Logos oder Mustern auf Bambusdeckeln.<\/li>\n<li>Farbige Silikondichtungsringe \u2013 Die Farbe des f\u00fcr den Dichtungsring verwendeten Silikons kann ge\u00e4ndert werden. Es sind verschiedene Farboptionen f\u00fcr die lebensmittelechten Silikondichtungsringe erh\u00e4ltlich.<\/li>\n<li>Siebgedruckte Volumenmarkierungen \u2013 Absolute ml- und Tassenmarkierungen k\u00f6nnen aufgedruckt werden, wodurch sichergestellt wird, dass die Markierungen dauerhaft wirksam bleiben.<\/li>\n<li>Mattierter Sockel oder Schulterbereich \u2013 Durch das Sandstrahlverfahren in den ausgew\u00e4hlten Bereichen wird ein hochwertiger, matter Oberfl\u00e4cheneffekt erzielt.<\/li>\n<li>Individuelle Glasfarben \u2013 Das Glas kann entweder hellbernsteinfarben oder gr\u00fcn sein und verf\u00fcgt zus\u00e4tzlich \u00fcber einen UV-Schutz.<\/li>\n<\/ul>","protected":false},"excerpt":{"rendered":"<p>Hochwertige Glasbeh\u00e4lter mit Deckel in gro\u00dfen Mengen. Die Beh\u00e4lter bestehen aus klarem Borosilikatglas und sind mit Deckeln aus nat\u00fcrlichem Bambus erh\u00e4ltlich. Schlichtes Design und attraktive Gro\u00dfhandelspreise.<\/p>","protected":false},"featured_media":24450,"template":"","meta":[],"product_brand":[],"product_cat":[122,124,137],"product_tag":[],"class_list":{"0":"post-24443","1":"product","2":"type-product","3":"status-publish","4":"has-post-thumbnail","6":"product_cat-custom-glass-packaging","7":"product_cat-custom-glass-jars","8":"product_cat-glass-jars-with-lids","10":"first","11":"instock","12":"shipping-taxable","13":"product-type-simple"},"jetpack_sharing_enabled":true,"_links":{"self":[{"href":"https:\/\/yebodaglass.com\/de\/wp-json\/wp\/v2\/product\/24443","targetHints":{"allow":["GET"]}}],"collection":[{"href":"https:\/\/yebodaglass.com\/de\/wp-json\/wp\/v2\/product"}],"about":[{"href":"https:\/\/yebodaglass.com\/de\/wp-json\/wp\/v2\/types\/product"}],"version-history":[{"count":4,"href":"https:\/\/yebodaglass.com\/de\/wp-json\/wp\/v2\/product\/24443\/revisions"}],"predecessor-version":[{"id":24473,"href":"https:\/\/yebodaglass.com\/de\/wp-json\/wp\/v2\/product\/24443\/revisions\/24473"}],"wp:featuredmedia":[{"embeddable":true,"href":"https:\/\/yebodaglass.com\/de\/wp-json\/wp\/v2\/media\/24450"}],"wp:attachment":[{"href":"https:\/\/yebodaglass.com\/de\/wp-json\/wp\/v2\/media?parent=24443"}],"wp:term":[{"taxonomy":"product_brand","embeddable":true,"href":"https:\/\/yebodaglass.com\/de\/wp-json\/wp\/v2\/product_brand?post=24443"},{"taxonomy":"product_cat","embeddable":true,"href":"https:\/\/yebodaglass.com\/de\/wp-json\/wp\/v2\/product_cat?post=24443"},{"taxonomy":"product_tag","embeddable":true,"href":"https:\/\/yebodaglass.com\/de\/wp-json\/wp\/v2\/product_tag?post=24443"}],"curies":[{"name":"wp","href":"https:\/\/api.w.org\/{rel}","templated":true}]}}