{"id":24435,"date":"2025-12-17T10:37:34","date_gmt":"2025-12-17T02:37:34","guid":{"rendered":"https:\/\/yebodaglass.com\/?post_type=product&#038;p=24435"},"modified":"2025-12-23T10:15:44","modified_gmt":"2025-12-23T02:15:44","slug":"large-glass-food-storage-canisters-with-lids-bulk","status":"publish","type":"product","link":"https:\/\/yebodaglass.com\/de\/large-glass-food-storage-canisters-with-lids-bulk\/","title":{"rendered":"2750 ml gro\u00dfe Glas-Vorratsdosen mit Deckel (Gro\u00dfpackung)"},"content":{"rendered":"<p data-start=\"66\" data-end=\"288\">Diese gro\u00dfen Glasgef\u00e4\u00dfe mit Deckel sind aus Borosilikatglas gefertigt und zeichnen sich durch ihre schlanke, geschwungene Form aus, die ihr gro\u00dfz\u00fcgiges Volumen \u00e4sthetisch zur Geltung bringt. Die Gef\u00e4\u00dfe bestehen aus klarem, transparentem Borosilikatglas und sind mit flachen Deckeln in Holzoptik kombiniert. So entsteht ein nat\u00fcrlicher, minimalistischer Stil, der hervorragend mit dem klaren Glas harmoniert.<\/p>\n<h2>Produkteigenschaften<\/h2>\n<ul>\n<li><strong>Gro\u00dfes Fassungsverm\u00f6gen und schlankes Design:<\/strong> Dank des schlanken, runden Designs l\u00e4sst sich eine gro\u00dfe Menge an Lebensmitteln aufbewahren, und das Glas kann platzsparend im Schrank verstaut werden.<\/li>\n<li><strong>Vorteile von hochborosilikathaltigem Glas:<\/strong> Da es sich um ein Produkt aus Borosilikatglas handelt, ist es sehr best\u00e4ndig gegen Temperaturschwankungen, nimmt keine Ger\u00fcche an und ist langlebig.<\/li>\n<li><strong>Geschlossener, flacher Deckel in Holzoptik:<\/strong> Der flache Deckel mit strukturierter Holzmaserung passt dicht auf die \u00d6ffnung des Glases, sodass der Verschluss nahezu luftdicht ist.<\/li>\n<\/ul>\n<h2 style=\"text-align: left;\">Wichtigste Spezifikationen<\/h2>\n<table class=\"aligncenter\" style=\"border-collapse: collapse; width: 458.27pt;\" border=\"0\" width=\"611\" cellspacing=\"0\" cellpadding=\"0\">\n<tbody>\n<tr style=\"height: 13.50pt;\">\n<td style=\"height: 13.50pt; width: 99.75pt;\" width=\"133\" height=\"18\">Spezifikation<\/td>\n<td style=\"width: 358.50pt;\" width=\"478\">Details<\/td>\n<\/tr>\n<tr style=\"height: 13.50pt;\">\n<td style=\"height: 13.50pt;\" height=\"18\">Kapazit\u00e4t<\/td>\n<td>2750 ml (2,75 l)<\/td>\n<\/tr>\n<tr style=\"height: 13.50pt;\">\n<td style=\"height: 13.50pt;\" height=\"18\">Ma\u00dfe<\/td>\n<td>14\u00d729.5cm<\/td>\n<\/tr>\n<tr style=\"height: 13.50pt;\">\n<td style=\"height: 13.50pt;\" height=\"18\">Material<\/td>\n<td>Hochborosilikatglas<\/td>\n<\/tr>\n<tr style=\"height: 13.50pt;\">\n<td style=\"height: 13.50pt;\" height=\"18\">Deckeltyp<\/td>\n<td>Flacher Deckel mit Holzstruktur<\/td>\n<\/tr>\n<tr style=\"height: 13.50pt;\">\n<td style=\"height: 13.50pt;\" height=\"18\">Materialeigenschaften<\/td>\n<td>Thermoschock- und chemikalienbest\u00e4ndig, hohe Transparenz, langlebig<\/td>\n<\/tr>\n<tr style=\"height: 13.50pt;\">\n<td style=\"height: 13.50pt;\" height=\"18\">Ideal f\u00fcr<\/td>\n<td>Vorratsdosen mit Deckel, Einmachgl\u00e4ser mit Holzdeckel<\/td>\n<\/tr>\n<\/tbody>\n<\/table>\n<h2>Gro\u00dfeinkaufsrezepte neu gedacht: Wie eine B\u00e4ckerei sich wandelte<\/h2>\n<p>Eine expandierende B\u00e4ckerei ben\u00f6tigte dringend ein zuverl\u00e4ssiges System zur Lagerung von 22,7-kg-Beh\u00e4ltern f\u00fcr St\u00e4rke und Zucker. Die Zutatenabteilungen ihrer Produktionsst\u00e4tten wurden mit unseren 2,75-Liter-Vorratsbeh\u00e4ltern mit Deckel ausgestattet, die f\u00fcr die gesamte Lagerung verwendet wurden. Diese Beh\u00e4lter aus hochfestem Borosilikatglas \u00fcberstanden die t\u00e4glichen Temperaturschwankungen zwischen K\u00fchlhaus und K\u00fcche problemlos und sind somit absolut bruchfest. Der perfekt passende Deckel in Holzoptik tr\u00e4gt dazu bei, das Mehl frisch und sicher zu halten, Sch\u00e4dlingsbefall zu verhindern und den Verderb von Zutaten um 55 % zu reduzieren. Dar\u00fcber hinaus bestellte die B\u00e4ckerei nicht nur weitere 350.000 Beh\u00e4lter f\u00fcr ihre neuen Produktionsst\u00e4tten, sondern tat dies auch, weil sie von der Langlebigkeit und Leistung des Produkts \u00e4u\u00dferst \u00fcberzeugt war.<\/p>\n<h2>Gro\u00dfe Glasbeh\u00e4lter mit Deckel \u2013 individuelle Anpassungsm\u00f6glichkeiten<\/h2>\n<ul>\n<li>Upgrade mit Massivholzdeckel \u2013 Tauschen Sie den Deckel mit Holzmaserung gegen einen Deckel aus echtem Bambus oder Eiche.<\/li>\n<li>Laserge\u00e4tzte Volumenmarkierungen \u2013 Pr\u00e4zise Liter- und Tassenmarkierungen.<\/li>\n<li>Verst\u00e4rkter Boden \u2013 Der Boden des Glases ist verdickt, um auch schwere Gegenst\u00e4nde tragen zu k\u00f6nnen.<\/li>\n<li>Einteiliger Silikondichtungsring \u2013 Der lebensmittelechte Silikondichtungsring befindet sich am Deckel.<\/li>\n<li>Akzente aus Buntglas \u2013 Setzen Sie einen kleinen hellgr\u00fcnen oder bernsteinfarbenen Fleck auf die Schulter des Glases.<\/li>\n<\/ul>","protected":false},"excerpt":{"rendered":"<p>Gro\u00dfe Glasbeh\u00e4lter mit Deckel, bestehend aus einem hohen, transparenten Korpus aus Borosilikatglas und einem flachen Holzdeckel. Ideal zur Aufbewahrung von Lebensmitteln, direkt vom Hersteller.<\/p>","protected":false},"featured_media":24438,"template":"","meta":[],"product_brand":[],"product_cat":[122,124,137],"product_tag":[],"class_list":{"0":"post-24435","1":"product","2":"type-product","3":"status-publish","4":"has-post-thumbnail","6":"product_cat-custom-glass-packaging","7":"product_cat-custom-glass-jars","8":"product_cat-glass-jars-with-lids","10":"first","11":"instock","12":"shipping-taxable","13":"product-type-simple"},"jetpack_sharing_enabled":true,"_links":{"self":[{"href":"https:\/\/yebodaglass.com\/de\/wp-json\/wp\/v2\/product\/24435","targetHints":{"allow":["GET"]}}],"collection":[{"href":"https:\/\/yebodaglass.com\/de\/wp-json\/wp\/v2\/product"}],"about":[{"href":"https:\/\/yebodaglass.com\/de\/wp-json\/wp\/v2\/types\/product"}],"version-history":[{"count":5,"href":"https:\/\/yebodaglass.com\/de\/wp-json\/wp\/v2\/product\/24435\/revisions"}],"predecessor-version":[{"id":24534,"href":"https:\/\/yebodaglass.com\/de\/wp-json\/wp\/v2\/product\/24435\/revisions\/24534"}],"wp:featuredmedia":[{"embeddable":true,"href":"https:\/\/yebodaglass.com\/de\/wp-json\/wp\/v2\/media\/24438"}],"wp:attachment":[{"href":"https:\/\/yebodaglass.com\/de\/wp-json\/wp\/v2\/media?parent=24435"}],"wp:term":[{"taxonomy":"product_brand","embeddable":true,"href":"https:\/\/yebodaglass.com\/de\/wp-json\/wp\/v2\/product_brand?post=24435"},{"taxonomy":"product_cat","embeddable":true,"href":"https:\/\/yebodaglass.com\/de\/wp-json\/wp\/v2\/product_cat?post=24435"},{"taxonomy":"product_tag","embeddable":true,"href":"https:\/\/yebodaglass.com\/de\/wp-json\/wp\/v2\/product_tag?post=24435"}],"curies":[{"name":"wp","href":"https:\/\/api.w.org\/{rel}","templated":true}]}}