{"id":24404,"date":"2025-12-16T10:55:52","date_gmt":"2025-12-16T02:55:52","guid":{"rendered":"https:\/\/yebodaglass.com\/?post_type=product&#038;p=24404"},"modified":"2025-12-23T10:16:06","modified_gmt":"2025-12-23T02:16:06","slug":"clear-glass-canister-with-wood-lid-bulk","status":"publish","type":"product","link":"https:\/\/yebodaglass.com\/de\/clear-glass-canister-with-wood-lid-bulk\/","title":{"rendered":"500 ml, 800 ml, 1200 ml Klarglasbeh\u00e4lter mit Holzdeckel (Gro\u00dfpackung)"},"content":{"rendered":"<p data-start=\"66\" data-end=\"288\">Diese attraktive Glasdose mit Holzdeckel besticht durch ihren schlanken, geraden Korpus, der sich elegant zu einer etwas schmaleren Schulter verj\u00fcngt und mit einem runden Naturkorken verschlossen wird. Dank der Verwendung von transparentem Borosilikatglas ist sie sehr robust.<\/p>\n<h2>Produkteigenschaften<\/h2>\n<ul>\n<li><strong>Kugelf\u00f6rmiger Korkenverschluss:<\/strong> Der kugelf\u00f6rmige Naturkorken l\u00e4sst das Glas attraktiver aussehen und erleichtert zudem das \u00d6ffnen und Entnehmen des Inhalts.<\/li>\n<li><strong>Welche Vorteile bietet hochborosilikathaltiges Glas?<\/strong> Das bei der Herstellung des Gef\u00e4\u00dfes verwendete Borosilikatglas macht es best\u00e4ndig gegen Temperaturschocks und chemische Korrosion, wodurch es seine Haltbarkeit \u00fcber einen langen Zeitraum beibeh\u00e4lt.<\/li>\n<li><strong>Hochwertiges Material, sehr klar:<\/strong> Das Glas ist vollkommen transparent, und diese Eigenschaft ist sehr n\u00fctzlich f\u00fcr die Pr\u00e4sentation der im Glas aufbewahrten Produkte.<\/li>\n<\/ul>\n<h2 style=\"text-align: left;\">Wichtigste Spezifikationen<\/h2>\n<table class=\"aligncenter\" style=\"border-collapse: collapse; width: 452.27pt;\" border=\"0\" width=\"603\" cellspacing=\"0\" cellpadding=\"0\">\n<tbody>\n<tr style=\"height: 13.50pt;\">\n<td style=\"height: 13.50pt; width: 101.25pt;\" width=\"135\" height=\"18\">Spezifikation<\/td>\n<td style=\"width: 351.00pt;\" width=\"468\">Details<\/td>\n<\/tr>\n<tr style=\"height: 13.50pt;\">\n<td style=\"height: 13.50pt;\" height=\"18\">Kapazit\u00e4t<\/td>\n<td>500 ml \/ 800 ml \/ 1200 ml<\/td>\n<\/tr>\n<tr style=\"height: 13.50pt;\">\n<td style=\"height: 13.50pt;\" height=\"18\">Ma\u00dfe<\/td>\n<td>9\u00d710cm\/9\u00d715.5cm\/9\u00d720cm<\/td>\n<\/tr>\n<tr style=\"height: 13.50pt;\">\n<td style=\"height: 13.50pt;\" height=\"18\">Material<\/td>\n<td>Hochborosilikatglas<\/td>\n<\/tr>\n<tr style=\"height: 13.50pt;\">\n<td style=\"height: 13.50pt;\" height=\"18\">Deckeltyp<\/td>\n<td>Kugelf\u00f6rmiger Naturkorkenverschluss (Holzdeckel optional erh\u00e4ltlich)<\/td>\n<\/tr>\n<tr style=\"height: 13.50pt;\">\n<td style=\"height: 13.50pt;\" height=\"18\">Materialeigenschaften<\/td>\n<td>Temperaturwechselbest\u00e4ndig, hohe Transparenz, chemisch stabil<\/td>\n<\/tr>\n<tr style=\"height: 13.50pt;\">\n<td style=\"height: 13.50pt;\" height=\"18\">Ideal f\u00fcr<\/td>\n<td>Glasbeh\u00e4lter mit Holzdeckel, Glasbeh\u00e4lter mit Deckel<\/td>\n<\/tr>\n<\/tbody>\n<\/table>\n<h2>Markterfolgsgeschichte einer handwerklichen Lebensmittelmarke<\/h2>\n<p>Ein Hersteller von Spezialit\u00e4tenlebensmitteln wollte seine Markenbekanntheit steigern. Zu diesem Zweck w\u00e4hlte er unsere 1200-ml-Glasdose mit Holzdeckel f\u00fcr seine Cerealien. Dank der luftdichten, ma\u00dfgefertigten Holzdeckel verl\u00e4ngerte sich die Haltbarkeit um mehr als 12 Monate, und die Verderblichkeitsrate sank um 65 %. Das moderne Design machte das Produkt f\u00fcr den Einzelhandel attraktiver, was zu einem Anstieg der Neukundenvertr\u00e4ge um 45 % f\u00fchrte. Daraufhin bestellte der Hersteller zus\u00e4tzlich 350.000 Einheiten.<\/p>\n<h2>Individuell gestaltbare Glasbeh\u00e4lter mit Deckeloptionen<\/h2>\n<ul>\n<li>Individuelle Holzdeckel-Oberfl\u00e4che \u2013 Eiche, Bambus oder Walnuss \u2013 Sie haben die Wahl, und es gibt auch eine Vielzahl von Beizoptionen zur Auswahl.<\/li>\n<li>Laserge\u00e4tztes Branding \u2013 Pr\u00e4zises Aufbringen eines Logos oder Designs auf die Glasoberfl\u00e4che mittels Laser\u00e4tzung.<\/li>\n<li>Siebgedruckte Kapazit\u00e4tsmarkierungen \u2013 Durch Siebdruck werden klare, von Zeit zu Zeit nicht abnutzbare Messmarkierungen auf das Glas aufgebracht.<\/li>\n<li>Holzdeckel mit Korkauskleidung \u2013 Ein Holzdeckel mit Korkauskleidung eignet sich perfekt zum Verschlie\u00dfen.<\/li>\n<li>Besonderheiten des farbigen Glases \u2013 Sie k\u00f6nnen es in einem Glasgef\u00e4\u00df mit einem leichten Bernstein- oder Gr\u00fcnstich an der Schulter erhalten.<\/li>\n<\/ul>","protected":false},"excerpt":{"rendered":"<p>Hochwertige Glasdose mit Holzdeckel, gefertigt aus klarem Borosilikatglas in modernem Design. Direkt vom Hersteller, schneller Versand.<\/p>","protected":false},"featured_media":24411,"template":"","meta":[],"product_brand":[],"product_cat":[122,124,137],"product_tag":[],"class_list":{"0":"post-24404","1":"product","2":"type-product","3":"status-publish","4":"has-post-thumbnail","6":"product_cat-custom-glass-packaging","7":"product_cat-custom-glass-jars","8":"product_cat-glass-jars-with-lids","10":"first","11":"instock","12":"shipping-taxable","13":"product-type-simple"},"jetpack_sharing_enabled":true,"_links":{"self":[{"href":"https:\/\/yebodaglass.com\/de\/wp-json\/wp\/v2\/product\/24404","targetHints":{"allow":["GET"]}}],"collection":[{"href":"https:\/\/yebodaglass.com\/de\/wp-json\/wp\/v2\/product"}],"about":[{"href":"https:\/\/yebodaglass.com\/de\/wp-json\/wp\/v2\/types\/product"}],"version-history":[{"count":5,"href":"https:\/\/yebodaglass.com\/de\/wp-json\/wp\/v2\/product\/24404\/revisions"}],"predecessor-version":[{"id":24535,"href":"https:\/\/yebodaglass.com\/de\/wp-json\/wp\/v2\/product\/24404\/revisions\/24535"}],"wp:featuredmedia":[{"embeddable":true,"href":"https:\/\/yebodaglass.com\/de\/wp-json\/wp\/v2\/media\/24411"}],"wp:attachment":[{"href":"https:\/\/yebodaglass.com\/de\/wp-json\/wp\/v2\/media?parent=24404"}],"wp:term":[{"taxonomy":"product_brand","embeddable":true,"href":"https:\/\/yebodaglass.com\/de\/wp-json\/wp\/v2\/product_brand?post=24404"},{"taxonomy":"product_cat","embeddable":true,"href":"https:\/\/yebodaglass.com\/de\/wp-json\/wp\/v2\/product_cat?post=24404"},{"taxonomy":"product_tag","embeddable":true,"href":"https:\/\/yebodaglass.com\/de\/wp-json\/wp\/v2\/product_tag?post=24404"}],"curies":[{"name":"wp","href":"https:\/\/api.w.org\/{rel}","templated":true}]}}