{"id":24324,"date":"2025-12-12T12:00:03","date_gmt":"2025-12-12T04:00:03","guid":{"rendered":"https:\/\/yebodaglass.com\/?post_type=product&#038;p=24324"},"modified":"2025-12-16T11:42:50","modified_gmt":"2025-12-16T03:42:50","slug":"glass-empty-water-bottles-for-drinking-wholesale","status":"publish","type":"product","link":"https:\/\/yebodaglass.com\/de\/glass-empty-water-bottles-for-drinking-wholesale\/","title":{"rendered":"550-ml-Leerglas-Trinkwasserflaschen im Gro\u00dfhandel"},"content":{"rendered":"<p>Sie haben genug von Glasflaschen, die nicht zu Ihrem Markenstil passen? Wir fertigen leere Glaswasserflaschen \u2013 speziell f\u00fcr Marken, die Wert auf Qualit\u00e4t legen. Mit diesen leeren Wasserflaschen wird die t\u00e4gliche Fl\u00fcssigkeitszufuhr zu einem stilvollen Markenstatement. Bei Gro\u00dfbestellungen erhalten Sie individuelle Oberfl\u00e4chenveredelungen, die perfekt zu Ihrer Marke passen.<\/p>\n<h2>Produktmerkmale<\/h2>\n<p><strong>Weite 38-mm-\u00d6ffnung<\/strong><\/p>\n<p>L\u00e4sst sich leicht mit Fr\u00fcchten oder Eis bef\u00fcllen \u2013 Schluss mit umst\u00e4ndlichen Aufg\u00fcssen f\u00fcr die Fl\u00fcssigkeitszufuhr.<\/p>\n<p><strong>Langlebiges Borosilikatglas<\/strong><\/p>\n<p>Kein Temperaturschock \u2013 gefriergeeignet, sp\u00fclmaschinenfest und auf Langlebigkeit ausgelegt.<\/p>\n<p><strong>Auslaufsicherer Edelstahldeckel<\/strong><\/p>\n<p>H\u00e4lt den Inhalt sicher \u2013 perfekt, um unterwegs ausreichend Fl\u00fcssigkeit zu sich zu nehmen.<\/p>\n<p><strong>Anpassbare Silikonh\u00fclle<\/strong><\/p>\n<p>F\u00fcgen Sie Ihr Logo hinzu \u2013 so wird Ihre wiederverwendbare Glaswasserflasche unvergesslich.<\/p>\n<h2>Wichtigste Spezifikationen<\/h2>\n<table style=\"border-collapse: collapse; width: 80%; margin-left: auto; margin-right: auto;\" border=\"0\" width=\"360\" cellspacing=\"0\" cellpadding=\"0\">\n<tbody>\n<tr style=\"height: 13.50pt;\">\n<td style=\"height: 13.5pt; width: 54pt; text-align: center;\" width=\"72\" height=\"18\">Kapazit\u00e4t<\/td>\n<td style=\"width: 54pt; text-align: center;\" width=\"72\">Gr\u00f6\u00dfe (cm)<\/td>\n<td style=\"width: 54pt; text-align: center;\" width=\"72\">Durchmesser<\/td>\n<td style=\"width: 54pt; text-align: center;\" width=\"72\">Material<\/td>\n<td style=\"width: 54pt; text-align: center;\" width=\"72\">Farbe<\/td>\n<\/tr>\n<tr style=\"height: 13.50pt;\">\n<td style=\"height: 13.5pt; text-align: center;\" height=\"18\">550 ml<\/td>\n<td style=\"text-align: center;\">6.6&#215;22.3<\/td>\n<td style=\"text-align: center;\">38 mm<\/td>\n<td style=\"text-align: center;\">Borosilikat<\/td>\n<td style=\"text-align: center;\">Klar oder benutzerdefiniert<\/td>\n<\/tr>\n<\/tbody>\n<\/table>\n<h2>Erfolgsbeispiel<\/h2>\n<p>Eine der gr\u00f6\u00dften s\u00fcdostasiatischen Saftketten, die ihr Gesch\u00e4ft mit abgef\u00fcllten Getr\u00e4nken ausbauen m\u00f6chte, ben\u00f6tigte eine Verpackung, die den K\u00fchlkettenbedingungen standh\u00e4lt und gleichzeitig im Regal ansprechend und hochwertig wirkt. Sie entschieden sich f\u00fcr diese Weithals-Wasserflasche, und wir passten Verschluss und Etikettengr\u00f6\u00dfe an ihre Markenfarben an.<\/p>\n<p>Nach der Umsetzung der \u00c4nderungen stieg der Absatz ihrer Premium-S\u00e4fte um fast 30 %.<\/p>\n<h2>Ihr individuelles Anpassungshandbuch<\/h2>\n<ol>\n<li>Durch die Ver\u00e4nderung des Halsdurchmessers, der Bodenform oder der K\u00f6rperproportionen der Flasche ist es uns m\u00f6glich, die bestm\u00f6gliche Kompatibilit\u00e4t mit den Abf\u00fcllanlagen zu gew\u00e4hrleisten und gleichzeitig die visuelle Einzigartigkeit zu erh\u00f6hen.<\/li>\n<li>Unsere Produktionsst\u00e4tte ist bestens ausgestattet, um Ihre W\u00fcnsche hinsichtlich Siebdruck, Hei\u00dfpr\u00e4gung, Etikettierung und Mattierung zu erf\u00fcllen. Wir geben Ihnen die Freiheit, die f\u00fcr Ihre Marke optimale Darstellungsform auszuw\u00e4hlen.<\/li>\n<li>Wir sind in der Lage, die Flaschenverschl\u00fcsse in verschiedenen Farbt\u00f6nen zu gestalten oder unterschiedliche Materialien (z. B. Edelstahl, Galvanisierung und Spr\u00fchbeschichtung) zu verwenden, um Ihnen dabei zu helfen, Ihre Produkte zum Blickfang im Regal zu machen.<\/li>\n<\/ol>","protected":false},"excerpt":{"rendered":"<p>Leere Wasserflaschen mit breiter \u00d6ffnung, ideal f\u00fcr Trinkmarken. Zuverl\u00e4ssiger Lieferant mit individuell gestaltbaren Wasserflaschen und Gro\u00dfbestellungen. Kostenlose Probe.<\/p>","protected":false},"featured_media":24336,"template":"","meta":[],"product_brand":[],"product_cat":[123,122,136],"product_tag":[],"class_list":{"0":"post-24324","1":"product","2":"type-product","3":"status-publish","4":"has-post-thumbnail","6":"product_cat-custom-glass-bottles","7":"product_cat-custom-glass-packaging","8":"product_cat-glass-water-bottles","10":"first","11":"instock","12":"shipping-taxable","13":"product-type-simple"},"jetpack_sharing_enabled":true,"_links":{"self":[{"href":"https:\/\/yebodaglass.com\/de\/wp-json\/wp\/v2\/product\/24324","targetHints":{"allow":["GET"]}}],"collection":[{"href":"https:\/\/yebodaglass.com\/de\/wp-json\/wp\/v2\/product"}],"about":[{"href":"https:\/\/yebodaglass.com\/de\/wp-json\/wp\/v2\/types\/product"}],"version-history":[{"count":5,"href":"https:\/\/yebodaglass.com\/de\/wp-json\/wp\/v2\/product\/24324\/revisions"}],"predecessor-version":[{"id":24413,"href":"https:\/\/yebodaglass.com\/de\/wp-json\/wp\/v2\/product\/24324\/revisions\/24413"}],"wp:featuredmedia":[{"embeddable":true,"href":"https:\/\/yebodaglass.com\/de\/wp-json\/wp\/v2\/media\/24336"}],"wp:attachment":[{"href":"https:\/\/yebodaglass.com\/de\/wp-json\/wp\/v2\/media?parent=24324"}],"wp:term":[{"taxonomy":"product_brand","embeddable":true,"href":"https:\/\/yebodaglass.com\/de\/wp-json\/wp\/v2\/product_brand?post=24324"},{"taxonomy":"product_cat","embeddable":true,"href":"https:\/\/yebodaglass.com\/de\/wp-json\/wp\/v2\/product_cat?post=24324"},{"taxonomy":"product_tag","embeddable":true,"href":"https:\/\/yebodaglass.com\/de\/wp-json\/wp\/v2\/product_tag?post=24324"}],"curies":[{"name":"wp","href":"https:\/\/api.w.org\/{rel}","templated":true}]}}