{"id":24229,"date":"2025-12-02T10:26:17","date_gmt":"2025-12-02T02:26:17","guid":{"rendered":"https:\/\/yebodaglass.com\/?post_type=product&#038;p=24229"},"modified":"2025-12-02T11:37:09","modified_gmt":"2025-12-02T03:37:09","slug":"bulk-pumpkin-glass-airtight-jars-with-clamp-lids","status":"publish","type":"product","link":"https:\/\/yebodaglass.com\/de\/bulk-pumpkin-glass-airtight-jars-with-clamp-lids\/","title":{"rendered":"Gro\u00dfpackung 100-ml-K\u00fcrbisglas-Luftdichtgl\u00e4ser mit B\u00fcgelverschluss"},"content":{"rendered":"<p data-start=\"66\" data-end=\"288\">Diese luftdichten Gl\u00e4ser aus Klarglas sind h\u00fcbsch geformt wie kleine K\u00fcrbisse. Dank der Transparenz kann jeder Snacks, Gew\u00fcrze oder Bastelmaterialien auf einen Blick erkennen, ohne die Gl\u00e4ser \u00f6ffnen zu m\u00fcssen.<\/p>\n<h2>Produkteigenschaften<\/h2>\n<ul>\n<li><strong>Transparente K\u00fcrbisform:<\/strong> Der absolut transparente Glasbeh\u00e4lter und die abgerundete, formsch\u00f6ne K\u00fcrbisfigur erm\u00f6glichen es nicht nur, von au\u00dfen ins Innere zu sehen, sondern lassen auch das dekorative Licht flackern.<\/li>\n<li><strong>Schnappverschluss-Dichtungsdesign:<\/strong> Der Metall-Schnappverschluss schlie\u00dft sehr gut und h\u00e4lt das Produkt somit vollst\u00e4ndig frisch und verhindert nahezu vollst\u00e4ndig das Eindringen von Feuchtigkeit. Au\u00dferdem l\u00e4sst er sich einfach und bequem \u00f6ffnen und schlie\u00dfen.<\/li>\n<li><strong>Kleine Kapazit\u00e4t:<\/strong> Das geringe Fassungsverm\u00f6gen ist genau richtig f\u00fcr kleine Mengen an Artikeln wie S\u00fc\u00dfigkeiten, Kr\u00e4utertee und kleine Snacks, sodass keine Verschwendung durch das \u00d6ffnen gr\u00f6\u00dferer Gl\u00e4ser entsteht.<\/li>\n<\/ul>\n<h2 style=\"text-align: left;\">Wichtigste Spezifikationen<\/h2>\n<table class=\"aligncenter\" style=\"border-collapse: collapse; width: 342.77pt;\" border=\"0\" width=\"457\" cellspacing=\"0\" cellpadding=\"0\">\n<tbody>\n<tr style=\"height: 13.50pt;\">\n<td style=\"height: 13.50pt; width: 92.25pt;\" width=\"123\" height=\"18\">Spezifikation<\/td>\n<td style=\"width: 250.50pt;\" width=\"334\">Details<\/td>\n<\/tr>\n<tr style=\"height: 13.50pt;\">\n<td style=\"height: 13.50pt;\" height=\"18\">Kapazit\u00e4t<\/td>\n<td>100 ml<\/td>\n<\/tr>\n<tr style=\"height: 13.50pt;\">\n<td style=\"height: 13.50pt;\" height=\"18\">Abmessungen<\/td>\n<td>6,4 \u00d7 8 cm (Grundfl\u00e4che \u00d7 H\u00f6he)<\/td>\n<\/tr>\n<tr style=\"height: 13.50pt;\">\n<td style=\"height: 13.50pt;\" height=\"18\">Material<\/td>\n<td>Klarglas<\/td>\n<\/tr>\n<tr style=\"height: 13.50pt;\">\n<td style=\"height: 13.50pt;\" height=\"18\">Deckeltyp<\/td>\n<td>Metall-Klemmdeckel mit Drahtb\u00fcgel<\/td>\n<\/tr>\n<tr style=\"height: 13.50pt;\">\n<td style=\"height: 13.50pt;\" height=\"18\">Ideal f\u00fcr<\/td>\n<td>luftdichte Glasbeh\u00e4lter, Vorratsgl\u00e4ser<\/td>\n<\/tr>\n<\/tbody>\n<\/table>\n<h2>Erfolgsgeschichte: Die Wiederbelebung eines Gew\u00fcrzspezialit\u00e4tenunternehmens<\/h2>\n<p>Unter den m\u00f6glichen Produkten zur Imageverbesserung entschied sich ein Gew\u00fcrzunternehmen, das kurz vor dem Aus stand, f\u00fcr eine Verpackung, die die Produkte sichtbar machen und somit die Wettbewerbsf\u00e4higkeit auf dem Markt st\u00e4rken sollte. Wir waren es, deren Gl\u00e4ser sie f\u00fcr ihre neue, prestigetr\u00e4chtige Produktlinie ausw\u00e4hlten: 100-ml-Gl\u00e4ser in K\u00fcrbisform mit Schnappdeckeln. Die Schnappdeckel erwiesen sich als entscheidend: Sie reduzierten den Produktverderb im Vergleich zur vorherigen Verpackung um 45 %, was zu einer Steigerung der Wiederkaufsrate um 35 % f\u00fchrte. Ihre einzigartige K\u00fcrbisform wurde zu ihrem Markenzeichen und steigerte die Interaktion in den sozialen Medien sowie die Anzahl der Kundenfotos um 60 %. Nach diesem gro\u00dfen Erfolg bestellten sie weitere 150.000 Gl\u00e4ser f\u00fcr ihre nationale Produktlinie und planen eine weitere Expansion.<\/p>\n<h2>Anpassungsoptionen<\/h2>\n<ul>\n<li>Optionen f\u00fcr Buntglas \u2013 Gl\u00e4ser k\u00f6nnen entweder bernsteinfarben oder gr\u00fcn sein, f\u00fcr Gegenst\u00e4nde, die vor Licht gesch\u00fctzt aufbewahrt werden sollten.<\/li>\n<li>Individuelle Clip-Oberfl\u00e4chen \u2013 Die Clip-Oberfl\u00e4che kann entweder schwarz, kupferfarben oder aus Metall im Antik-Stil sein.<\/li>\n<li>Dekorativer, mattierter Ring \u2013 Durch die S\u00e4urebehandlung entsteht in der Mitte des Glases ein eleganter, matter Streifen.<\/li>\n<li>Kapazit\u00e4tsgitter \u2013 Durch die Verwendung der Graduierungen f\u00fcr die genaue Dosierung erfolgt<\/li>\n<\/ul>","protected":false},"excerpt":{"rendered":"<p>H\u00fcbsche, luftdichte Glasbeh\u00e4lter bewahren Frische m\u00fchelos. Stilvolle, kompakte Gl\u00e4ser mit B\u00fcgelverschluss \u2013 ideal f\u00fcr K\u00fcche oder als Geschenk. Gratisproben inklusive.<\/p>","protected":false},"featured_media":24231,"template":"","meta":[],"product_brand":[],"product_cat":[122,134,124],"product_tag":[],"class_list":{"0":"post-24229","1":"product","2":"type-product","3":"status-publish","4":"has-post-thumbnail","6":"product_cat-custom-glass-packaging","7":"product_cat-airtight-jars","8":"product_cat-custom-glass-jars","10":"first","11":"instock","12":"shipping-taxable","13":"product-type-simple"},"jetpack_sharing_enabled":true,"_links":{"self":[{"href":"https:\/\/yebodaglass.com\/de\/wp-json\/wp\/v2\/product\/24229","targetHints":{"allow":["GET"]}}],"collection":[{"href":"https:\/\/yebodaglass.com\/de\/wp-json\/wp\/v2\/product"}],"about":[{"href":"https:\/\/yebodaglass.com\/de\/wp-json\/wp\/v2\/types\/product"}],"version-history":[{"count":4,"href":"https:\/\/yebodaglass.com\/de\/wp-json\/wp\/v2\/product\/24229\/revisions"}],"predecessor-version":[{"id":24238,"href":"https:\/\/yebodaglass.com\/de\/wp-json\/wp\/v2\/product\/24229\/revisions\/24238"}],"wp:featuredmedia":[{"embeddable":true,"href":"https:\/\/yebodaglass.com\/de\/wp-json\/wp\/v2\/media\/24231"}],"wp:attachment":[{"href":"https:\/\/yebodaglass.com\/de\/wp-json\/wp\/v2\/media?parent=24229"}],"wp:term":[{"taxonomy":"product_brand","embeddable":true,"href":"https:\/\/yebodaglass.com\/de\/wp-json\/wp\/v2\/product_brand?post=24229"},{"taxonomy":"product_cat","embeddable":true,"href":"https:\/\/yebodaglass.com\/de\/wp-json\/wp\/v2\/product_cat?post=24229"},{"taxonomy":"product_tag","embeddable":true,"href":"https:\/\/yebodaglass.com\/de\/wp-json\/wp\/v2\/product_tag?post=24229"}],"curies":[{"name":"wp","href":"https:\/\/api.w.org\/{rel}","templated":true}]}}