{"id":24213,"date":"2025-12-02T10:19:55","date_gmt":"2025-12-02T02:19:55","guid":{"rendered":"https:\/\/yebodaglass.com\/?post_type=product&#038;p=24213"},"modified":"2026-03-25T13:18:27","modified_gmt":"2026-03-25T05:18:27","slug":"custom-water-bottle-for-beverage-filling-bulk","status":"publish","type":"product","link":"https:\/\/yebodaglass.com\/de\/custom-water-bottle-for-beverage-filling-bulk\/","title":{"rendered":"Individuell gestaltbare Wasserflasche f\u00fcr Getr\u00e4nkeabf\u00fcllung in gro\u00dfen Mengen (300 ml \u2013 650 ml)"},"content":{"rendered":"<p>Die schlichte, zylindrische Form dieser individuell gestaltbaren Wasserflasche und der breite, flache Boden in Kombination mit einem Glas kristallklarem Wasser machen sie so einfach. Der Gewindehals ist mit vielen verschiedenen Verschlusskappen kompatibel und in verschiedenen Kappengr\u00f6\u00dfen erh\u00e4ltlich.<\/p>\n<h2>Produkteigenschaften<\/h2>\n<ul>\n<li><strong>Hochreines Glasmaterial:<\/strong> Die Flasche besteht aus hochtransparentem Glas, was ihr ein transparentes und klares Design verleiht; dadurch kann der Benutzer die Fl\u00fcssigkeit in der Flasche deutlich sehen und sie hat ein ausgezeichnetes Aussehen und eine angenehme Haptik.<\/li>\n<li><strong>Gewindehalsdesign:<\/strong> Die allgemeine Gewindehalskonstruktion erm\u00f6glicht die Verwendung mehrerer Verschlusskappen und maximiert so die Dichtigkeit und Sicherheit bei der Fl\u00fcssigkeitslagerung.<\/li>\n<li><strong>Einfache geradlinige Zylinderform:<\/strong> Die einfache, gerade Zylinderform erm\u00f6glicht ein leichtes Halten und Stapeln.<\/li>\n<\/ul>\n<h2>Wichtigste Spezifikationen<\/h2>\n<table style=\"border-collapse: collapse; width: 80%; margin-left: auto; margin-right: auto;\" border=\"0\" width=\"360\" cellspacing=\"0\" cellpadding=\"0\">\n<tbody>\n<tr style=\"height: 13.50pt;\">\n<td style=\"height: 13.5pt; width: 54pt; text-align: center;\" width=\"72\" height=\"18\">Fassungsverm\u00f6gen (ml)<\/td>\n<td style=\"width: 54pt; text-align: center;\" width=\"72\">Gr\u00f6\u00dfe (cm)<\/td>\n<td style=\"width: 54pt; text-align: center;\" width=\"72\">Durchmesser<\/td>\n<td style=\"width: 54pt; text-align: center;\" width=\"72\">Material<\/td>\n<td style=\"width: 54pt; text-align: center;\" width=\"72\">Farbe<\/td>\n<\/tr>\n<tr style=\"height: 13.50pt;\">\n<td style=\"height: 13.5pt; text-align: center;\" align=\"right\" height=\"18\">300<\/td>\n<td style=\"text-align: center;\">6,6 x 13,7<\/td>\n<td class=\"et2\" style=\"text-align: center;\" rowspan=\"4\">38 mm<\/td>\n<td class=\"et2\" style=\"text-align: center;\" rowspan=\"4\">Borosilikat<\/td>\n<td class=\"et2\" style=\"text-align: center;\" rowspan=\"4\">Klar oder benutzerdefiniert<\/td>\n<\/tr>\n<tr style=\"height: 13.50pt;\">\n<td style=\"height: 13.5pt; text-align: center;\" align=\"right\" height=\"18\">480<\/td>\n<td style=\"text-align: center;\">6,6 x 19,5<\/td>\n<\/tr>\n<tr style=\"height: 13.50pt;\">\n<td style=\"height: 13.5pt; text-align: center;\" align=\"right\" height=\"18\">550<\/td>\n<td style=\"text-align: center;\">6,6 x 22,5<\/td>\n<\/tr>\n<tr style=\"height: 13.50pt;\">\n<td style=\"height: 13.5pt; text-align: center;\" align=\"right\" height=\"18\">650<\/td>\n<td style=\"text-align: center;\">7,0 x 22,0<\/td>\n<\/tr>\n<\/tbody>\n<\/table>\n<h2>Erfolgsgeschichte<\/h2>\n<p>Eine landesweite Hotelkette wollte ihre Plastikwasserflaschen in den G\u00e4stezimmern durch unsere 473-ml-Wasserflasche ersetzen. Sie entschied sich f\u00fcr unsere 473-ml-Wasserflasche mit Silikonh\u00fclle, Bambusverschluss und sandgestrahltem Markenlogo. Die Flasche hat sich zu einem Markenzeichen des Hotels entwickelt und erhielt zahlreiche positive Online-Bewertungen (15 % der Rezensionen). Dank ihrer Stabilit\u00e4t lag die Bruchrate beim Transport unter 1 %. Der Erfolg war so gro\u00df, dass das Hotel weitere 250.000 Flaschen bestellte, um alle G\u00e4stezimmer auszustatten und die Flaschen auch in der Lobby zu verkaufen.<\/p>\n<h2>Ihr individuelles Anpassungshandbuch<\/h2>\n<ol>\n<li><strong>\u00c4u\u00dfere Oberfl\u00e4che der Flasche:<\/strong> Man kann zwischen klaren, matten, Farbverlaufs-, Spr\u00fchlack-, Einbrennlack- oder Teilglanzeffekten w\u00e4hlen.<\/li>\n<li><strong>Logo-Finish:<\/strong> Zur Auswahl stehen Siebdruck, UV-Druck, Pr\u00e4gung der Etiketten, Metalletiketten und Thermotransferdruck.<\/li>\n<li><strong>Zubeh\u00f6r:<\/strong> Die Verwendung von Silikonh\u00fcllen, Tee-Eiern oder Strohhalmen ist m\u00f6glich.<\/li>\n<\/ol>","protected":false},"excerpt":{"rendered":"<p>Individuell gestaltbare Wasserflasche mit dickem Boden, erh\u00e4ltlich als robuste 16-Unzen-Wasserflasche f\u00fcr Getr\u00e4nkemarken, die eine schnelle Lieferung und einen Direktvertrieb ab Werk w\u00fcnschen.<\/p>","protected":false},"featured_media":24214,"template":"","meta":[],"product_brand":[],"product_cat":[136,123,122],"product_tag":[],"class_list":{"0":"post-24213","1":"product","2":"type-product","3":"status-publish","4":"has-post-thumbnail","6":"product_cat-glass-water-bottles","7":"product_cat-custom-glass-bottles","8":"product_cat-custom-glass-packaging","10":"first","11":"instock","12":"shipping-taxable","13":"product-type-simple"},"jetpack_sharing_enabled":true,"_links":{"self":[{"href":"https:\/\/yebodaglass.com\/de\/wp-json\/wp\/v2\/product\/24213","targetHints":{"allow":["GET"]}}],"collection":[{"href":"https:\/\/yebodaglass.com\/de\/wp-json\/wp\/v2\/product"}],"about":[{"href":"https:\/\/yebodaglass.com\/de\/wp-json\/wp\/v2\/types\/product"}],"version-history":[{"count":5,"href":"https:\/\/yebodaglass.com\/de\/wp-json\/wp\/v2\/product\/24213\/revisions"}],"predecessor-version":[{"id":25598,"href":"https:\/\/yebodaglass.com\/de\/wp-json\/wp\/v2\/product\/24213\/revisions\/25598"}],"wp:featuredmedia":[{"embeddable":true,"href":"https:\/\/yebodaglass.com\/de\/wp-json\/wp\/v2\/media\/24214"}],"wp:attachment":[{"href":"https:\/\/yebodaglass.com\/de\/wp-json\/wp\/v2\/media?parent=24213"}],"wp:term":[{"taxonomy":"product_brand","embeddable":true,"href":"https:\/\/yebodaglass.com\/de\/wp-json\/wp\/v2\/product_brand?post=24213"},{"taxonomy":"product_cat","embeddable":true,"href":"https:\/\/yebodaglass.com\/de\/wp-json\/wp\/v2\/product_cat?post=24213"},{"taxonomy":"product_tag","embeddable":true,"href":"https:\/\/yebodaglass.com\/de\/wp-json\/wp\/v2\/product_tag?post=24213"}],"curies":[{"name":"wp","href":"https:\/\/api.w.org\/{rel}","templated":true}]}}