{"id":24212,"date":"2025-12-01T11:58:09","date_gmt":"2025-12-01T03:58:09","guid":{"rendered":"https:\/\/yebodaglass.com\/?post_type=product&#038;p=24212"},"modified":"2025-12-02T13:23:40","modified_gmt":"2025-12-02T05:23:40","slug":"bulk-unique-airtight-small-glass-jars-for-food-storage","status":"publish","type":"product","link":"https:\/\/yebodaglass.com\/de\/bulk-unique-airtight-small-glass-jars-for-food-storage\/","title":{"rendered":"Gro\u00dfpackung mit 100 ml einzigartigen, luftdichten kleinen Glasbeh\u00e4ltern zur Aufbewahrung von Lebensmitteln"},"content":{"rendered":"<p data-start=\"66\" data-end=\"288\">Diese kleinen, luftdichten Gl\u00e4ser aus Glas mit ihren abgerundeten Formen werden Ihre K\u00fcchenarbeitsplatte auf stilvolle Weise aufwerten.<\/p>\n<h2>Produkteigenschaften<\/h2>\n<ul>\n<li><strong>Transparente, einzigartige Form:<\/strong> Ein v\u00f6llig durchsichtiger Glasbeh\u00e4lter mit abgerundeter Form macht nicht nur die darin enthaltenen Produkte gut sichtbar, sondern kann auch zur Dekoration verwendet werden.<\/li>\n<li><strong>Schnappverschluss-Dichtungsdesign:<\/strong> Der Metall-Schnappverschlussdeckel sorgt f\u00fcr eine hervorragende Abdichtung und verhindert so effektiv das Eindringen von Feuchtigkeit, wodurch das Produkt frisch bleibt. \u00d6ffnen und Schlie\u00dfen sind kinderleicht.<\/li>\n<li><strong>Kleine Kapazit\u00e4t:<\/strong> Das kleine Volumen ist genau richtig f\u00fcr die Aufbewahrung kleiner Dinge wie S\u00fc\u00dfigkeiten, Kr\u00e4utertees und Snacks, um die Verschwendung durch das \u00d6ffnen gr\u00f6\u00dferer, bereits ge\u00f6ffneter Gl\u00e4ser zu vermeiden.<\/li>\n<\/ul>\n<h2 style=\"text-align: left;\">Wichtigste Spezifikationen<\/h2>\n<table class=\"aligncenter\" style=\"border-collapse: collapse; width: 394.52pt;\" border=\"0\" width=\"526\" cellspacing=\"0\" cellpadding=\"0\">\n<tbody>\n<tr style=\"height: 13.50pt;\">\n<td style=\"height: 13.50pt; width: 92.25pt;\" width=\"123\" height=\"18\">Spezifikation<\/td>\n<td style=\"width: 302.25pt;\" width=\"403\">Details<\/td>\n<\/tr>\n<tr style=\"height: 13.50pt;\">\n<td style=\"height: 13.50pt;\" height=\"18\">Kapazit\u00e4t<\/td>\n<td>100 ml<\/td>\n<\/tr>\n<tr style=\"height: 13.50pt;\">\n<td style=\"height: 13.50pt;\" height=\"18\">Abmessungen<\/td>\n<td>5,6 \u00d7 8,4 cm (Grundfl\u00e4che \u00d7 H\u00f6he)<\/td>\n<\/tr>\n<tr style=\"height: 13.50pt;\">\n<td style=\"height: 13.50pt;\" height=\"18\">Material<\/td>\n<td>Klarglas<\/td>\n<\/tr>\n<tr style=\"height: 13.50pt;\">\n<td style=\"height: 13.50pt;\" height=\"18\">Deckeltyp<\/td>\n<td>Metall-Klemmdeckel mit Drahtb\u00fcgel<\/td>\n<\/tr>\n<tr style=\"height: 13.50pt;\">\n<td style=\"height: 13.50pt;\" height=\"18\">Ideal f\u00fcr<\/td>\n<td>Glasbeh\u00e4lter zur Aufbewahrung von Lebensmitteln, kleine luftdichte Gl\u00e4ser<\/td>\n<\/tr>\n<\/tbody>\n<\/table>\n<h2>Erfolgsgeschichte: Die Geschenklinie einer Premium-Teemarke entwickelte sich zu einer gro\u00dfen Erfolgsgeschichte<\/h2>\n<p>Eine Luxus-Teemarke suchte nach einer passenden Verpackung f\u00fcr ihre neu eingef\u00fchrte Probierlinie mit Premium-Tees. Schlie\u00dflich entschied man sich aufgrund ihrer ungew\u00f6hnlichen Form f\u00fcr unsere luftdichten 100-ml-Glasbeh\u00e4lter zur Aufbewahrung von Lebensmitteln. Diese Form wurde zum Markenzeichen und f\u00fchrte zu einem Anstieg der Social-Media-Erw\u00e4hnungen und nutzergenerierten Inhalte um 40 %. Einzelh\u00e4ndler berichteten, dass die einzigartige Form die Spontank\u00e4ufe ihrer Produkte um 35 % steigerte. Aufgrund dieses hervorragenden Ergebnisses bestellte die Marke \u00fcber 200.000 Gl\u00e4ser f\u00fcr eine Weihnachtsgeschenk-Kollektion.<\/p>\n<h2>Luftdichte kleine Gl\u00e4ser \u2013 Anpassungsm\u00f6glichkeiten<\/h2>\n<ul>\n<li>Optionen f\u00fcr Buntglas \u2013 F\u00fcr lichtempfindliche Gegenst\u00e4nde sind get\u00f6nte Glasgef\u00e4\u00dfe erh\u00e4ltlich.<\/li>\n<li>Logo im Siebdruckverfahren \u2013 Das Produkt verwendet langlebige Keramikfarbe, die sich perfekt an die Konturen des Gef\u00e4\u00dfes anpasst.<\/li>\n<li>Matte Oberfl\u00e4che \u2013 Eine Soft-Touch-Beschichtung rundum auf dem Glas sorgt f\u00fcr besseren Halt<\/li>\n<li>Kapazit\u00e4tsraster \u2013 Sehr kleine Teilungen f\u00fcr genaue Messung<\/li>\n<\/ul>\n<p>Haben Sie Produkte, denen Sie eine besondere Note verleihen m\u00f6chten? Kontaktieren Sie uns umgehend bez\u00fcglich der Gro\u00dfhandelspreise f\u00fcr diese einzigartigen, luftdichten Gl\u00e4ser.<\/p>","protected":false},"excerpt":{"rendered":"<p>Entdecken Sie luftdichte kleine Gl\u00e4ser, die f\u00fcr sichere Frische sorgen \u2013 hochwertige, klare Glasbeh\u00e4lter zur Aufbewahrung von Lebensmitteln mit einem kompakten Clipverschluss, erh\u00e4ltlich mit schnellem Versand.<\/p>","protected":false},"featured_media":24225,"template":"","meta":[],"product_brand":[],"product_cat":[122,134,124],"product_tag":[],"class_list":{"0":"post-24212","1":"product","2":"type-product","3":"status-publish","4":"has-post-thumbnail","6":"product_cat-custom-glass-packaging","7":"product_cat-airtight-jars","8":"product_cat-custom-glass-jars","10":"first","11":"instock","12":"shipping-taxable","13":"product-type-simple"},"jetpack_sharing_enabled":true,"_links":{"self":[{"href":"https:\/\/yebodaglass.com\/de\/wp-json\/wp\/v2\/product\/24212","targetHints":{"allow":["GET"]}}],"collection":[{"href":"https:\/\/yebodaglass.com\/de\/wp-json\/wp\/v2\/product"}],"about":[{"href":"https:\/\/yebodaglass.com\/de\/wp-json\/wp\/v2\/types\/product"}],"version-history":[{"count":4,"href":"https:\/\/yebodaglass.com\/de\/wp-json\/wp\/v2\/product\/24212\/revisions"}],"predecessor-version":[{"id":24247,"href":"https:\/\/yebodaglass.com\/de\/wp-json\/wp\/v2\/product\/24212\/revisions\/24247"}],"wp:featuredmedia":[{"embeddable":true,"href":"https:\/\/yebodaglass.com\/de\/wp-json\/wp\/v2\/media\/24225"}],"wp:attachment":[{"href":"https:\/\/yebodaglass.com\/de\/wp-json\/wp\/v2\/media?parent=24212"}],"wp:term":[{"taxonomy":"product_brand","embeddable":true,"href":"https:\/\/yebodaglass.com\/de\/wp-json\/wp\/v2\/product_brand?post=24212"},{"taxonomy":"product_cat","embeddable":true,"href":"https:\/\/yebodaglass.com\/de\/wp-json\/wp\/v2\/product_cat?post=24212"},{"taxonomy":"product_tag","embeddable":true,"href":"https:\/\/yebodaglass.com\/de\/wp-json\/wp\/v2\/product_tag?post=24212"}],"curies":[{"name":"wp","href":"https:\/\/api.w.org\/{rel}","templated":true}]}}