{"id":24205,"date":"2025-12-01T11:14:09","date_gmt":"2025-12-01T03:14:09","guid":{"rendered":"https:\/\/yebodaglass.com\/?post_type=product&#038;p=24205"},"modified":"2025-12-01T11:52:30","modified_gmt":"2025-12-01T03:52:30","slug":"bulk-small-square-glass-food-storage-jars","status":"publish","type":"product","link":"https:\/\/yebodaglass.com\/de\/bulk-small-square-glass-food-storage-jars\/","title":{"rendered":"Gro\u00dfpackung kleine quadratische 100-ml-Glas-Vorratsdosen mit luftdichten Deckeln"},"content":{"rendered":"<p data-start=\"66\" data-end=\"288\"><span class=\"bg-green-200\">Diese eleganten<\/span> sauber <span class=\"bg-green-200\">klein<\/span> Es werden luftdichte Glasbeh\u00e4lter hergestellt <span class=\"bg-green-200\">aus<\/span> transparentes Klarglas und <span class=\"bg-green-200\">habe ein fantastisches<\/span> quadratische Form. <span class=\"bg-green-200\">Sie eignen sich hervorragend zum Aufbewahren von kleinen Gegenst\u00e4nden in der K\u00fcche, da sie<\/span> klein <span class=\"bg-green-200\">Gr\u00f6\u00dfe, glatte Oberfl\u00e4che und funktionales Design.<\/span><\/p>\n<h2>Produkteigenschaften<\/h2>\n<ul>\n<li><strong>Klares quadratisches Design:<\/strong> Ein vollkommen transparenter Glasbeh\u00e4lter und eine kleine quadratische Form erm\u00f6glichen es dem Benutzer, den Inhalt visuell zu \u00fcberpr\u00fcfen; seine geringe Gr\u00f6\u00dfe macht ihn ideal f\u00fcr Arbeitsplatten, Aufbewahrungsboxen und andere beengte Bereiche.<\/li>\n<li><strong>Schnappverschluss-Dichtungsdesign:<\/strong> Ein Metall-Schnappdeckel sorgt f\u00fcr einen dichten Verschluss, h\u00e4lt so die Feuchtigkeit vom Inhalt fern und bewahrt dessen Frische. Er l\u00e4sst sich sehr einfach und bequem \u00f6ffnen und schlie\u00dfen.<\/li>\n<li><strong>Geeignet f\u00fcr kleine Kapazit\u00e4ten:<\/strong> F\u00fcr die Aufbewahrung kleiner Mengen von Gegenst\u00e4nden, wie zum Beispiel Ohrringen, Duftkerzenperlen und kleinen Gew\u00fcrzproben, eignet sich am besten ein kleines Beh\u00e4ltnis, ohne dass der Aufbewahrungsort unordentlich wird.<\/li>\n<\/ul>\n<h2 style=\"text-align: left;\">Wichtigste Spezifikationen<\/h2>\n<table class=\"aligncenter\" style=\"border-collapse: collapse; width: 414.77pt;\" border=\"0\" width=\"553\" cellspacing=\"0\" cellpadding=\"0\">\n<tbody>\n<tr style=\"height: 13.50pt;\">\n<td style=\"height: 13.50pt; width: 99.75pt;\" width=\"133\" height=\"18\">Spezifikation<\/td>\n<td style=\"width: 315.00pt;\" width=\"420\">Details<\/td>\n<\/tr>\n<tr style=\"height: 13.50pt;\">\n<td style=\"height: 13.50pt;\" height=\"18\">Kapazit\u00e4t<\/td>\n<td>100 ml<\/td>\n<\/tr>\n<tr style=\"height: 13.50pt;\">\n<td style=\"height: 13.50pt;\" height=\"18\">Abmessungen<\/td>\n<td>5,1 \u00d7 7,9 cm (Grundfl\u00e4che \u00d7 H\u00f6he)<\/td>\n<\/tr>\n<tr style=\"height: 13.50pt;\">\n<td style=\"height: 13.50pt;\" height=\"18\">Munddurchmesser<\/td>\n<td>4,3 cm<\/td>\n<\/tr>\n<tr style=\"height: 13.50pt;\">\n<td style=\"height: 13.50pt;\" height=\"18\">Material<\/td>\n<td>Klarglas<\/td>\n<\/tr>\n<tr style=\"height: 13.50pt;\">\n<td style=\"height: 13.50pt;\" height=\"18\">Deckeltyp<\/td>\n<td>Metall-Klemmdeckel mit Drahtb\u00fcgel<\/td>\n<\/tr>\n<tr style=\"height: 13.50pt;\">\n<td style=\"height: 13.50pt;\" height=\"18\">Ideal f\u00fcr<\/td>\n<td>quadratische Vorratsgl\u00e4ser aus Glas, luftdichte Gl\u00e4ser<\/td>\n<\/tr>\n<\/tbody>\n<\/table>\n<h2>Erfolgsgeschichte: Verpackungsl\u00f6sung f\u00fcr ein Gew\u00fcrzspezialit\u00e4tenunternehmen<\/h2>\n<p>Ein renommiertes Gew\u00fcrzunternehmen ben\u00f6tigte elegante, kleine und luftdichte Glasbeh\u00e4lter f\u00fcr die Verpackung einer neu eingef\u00fchrten Spezialgew\u00fcrzlinie. Die Wahl fiel auf unsere quadratischen 100-ml-Vorratsgl\u00e4ser. Kundenfeedback best\u00e4tigt, dass diese Verpackung die Haltbarkeit im Vergleich zur vorherigen um 40 % verl\u00e4ngert hat. Zudem trug das quadratische, transparente Design zu einer Umsatzsteigerung von 30 % bei. Aufgrund dieser hervorragenden Ergebnisse bestellte das Unternehmen weitere 150.000 Gl\u00e4ser, um sein Sortiment zu erweitern.<\/p>\n<h2>Anpassungsm\u00f6glichkeiten f\u00fcr kleine, luftdichte Glasbeh\u00e4lter<\/h2>\n<ul>\n<li>Gepr\u00e4gte F\u00fcllstandsmarkierungen \u2013 Durch Hinzuf\u00fcgen feiner Graduierungen f\u00fcr genaue Dosierung<\/li>\n<li>Farbige Dichtungsringoptionen \u2013 Silikondichtungsringe k\u00f6nnen in verschiedenen Farben erh\u00e4ltlich sein, passend zu den farbcodierten Aufbewahrungssystemen.<\/li>\n<li>Matte, strukturierte Beschichtung \u2013 Die Soft-Touch-Beschichtung sorgt f\u00fcr besseren Halt<\/li>\n<li>Individuelle Formvariationen \u2013 Ver\u00e4nderbare Eckradien f\u00fcr einen einzigartigen Look<\/li>\n<\/ul>","protected":false},"excerpt":{"rendered":"<p>Our small glass jars with airtight lids and small airtight jars deliver clean sealing and sleek design for food and craft use\u2014request free samples today.<\/p>","protected":false},"featured_media":24207,"template":"","meta":[],"product_brand":[],"product_cat":[122,134,124],"product_tag":[],"class_list":{"0":"post-24205","1":"product","2":"type-product","3":"status-publish","4":"has-post-thumbnail","6":"product_cat-custom-glass-packaging","7":"product_cat-airtight-jars","8":"product_cat-custom-glass-jars","10":"first","11":"instock","12":"shipping-taxable","13":"product-type-simple"},"jetpack_sharing_enabled":true,"_links":{"self":[{"href":"https:\/\/yebodaglass.com\/de\/wp-json\/wp\/v2\/product\/24205","targetHints":{"allow":["GET"]}}],"collection":[{"href":"https:\/\/yebodaglass.com\/de\/wp-json\/wp\/v2\/product"}],"about":[{"href":"https:\/\/yebodaglass.com\/de\/wp-json\/wp\/v2\/types\/product"}],"version-history":[{"count":2,"href":"https:\/\/yebodaglass.com\/de\/wp-json\/wp\/v2\/product\/24205\/revisions"}],"predecessor-version":[{"id":24211,"href":"https:\/\/yebodaglass.com\/de\/wp-json\/wp\/v2\/product\/24205\/revisions\/24211"}],"wp:featuredmedia":[{"embeddable":true,"href":"https:\/\/yebodaglass.com\/de\/wp-json\/wp\/v2\/media\/24207"}],"wp:attachment":[{"href":"https:\/\/yebodaglass.com\/de\/wp-json\/wp\/v2\/media?parent=24205"}],"wp:term":[{"taxonomy":"product_brand","embeddable":true,"href":"https:\/\/yebodaglass.com\/de\/wp-json\/wp\/v2\/product_brand?post=24205"},{"taxonomy":"product_cat","embeddable":true,"href":"https:\/\/yebodaglass.com\/de\/wp-json\/wp\/v2\/product_cat?post=24205"},{"taxonomy":"product_tag","embeddable":true,"href":"https:\/\/yebodaglass.com\/de\/wp-json\/wp\/v2\/product_tag?post=24205"}],"curies":[{"name":"wp","href":"https:\/\/api.w.org\/{rel}","templated":true}]}}