{"id":24195,"date":"2025-12-01T09:53:22","date_gmt":"2025-12-01T01:53:22","guid":{"rendered":"https:\/\/yebodaglass.com\/?post_type=product&#038;p=24195"},"modified":"2025-12-01T11:13:59","modified_gmt":"2025-12-01T03:13:59","slug":"wholesale-cylindrical-small-airtight-jars-with-lids","status":"publish","type":"product","link":"https:\/\/yebodaglass.com\/de\/wholesale-cylindrical-small-airtight-jars-with-lids\/","title":{"rendered":"Gro\u00dfhandel mit zylindrischen, kleinen, luftdichten Gl\u00e4sern mit Deckel, 45 ml, 60 ml, 100 ml, 130 ml"},"content":{"rendered":"<p data-start=\"66\" data-end=\"288\">Diese kleinen, luftdichten Gl\u00e4ser sind alle identisch und mit einem Metall-Schnappverschluss versehen. Sie bestehen aus transparentem, zylindrischem Glas. Jedes Glas hat einen Metall-Schnappverschluss. Sie eignen sich perfekt f\u00fcr kleine R\u00e4ume und sind ideal zur Aufbewahrung von kleinen K\u00fcchenutensilien oder Bastelmaterialien.<\/p>\n<h2>Produkteigenschaften<\/h2>\n<ul>\n<li><strong>Klares und schlankes Material:<\/strong> Diese Beh\u00e4lter bestehen vollst\u00e4ndig aus Glas und sind daher transparent, sodass man den Inhalt sehen kann, ohne das Glas zu \u00f6ffnen. Au\u00dferdem sind die Gl\u00e4ser kompakt und eignen sich daher perfekt f\u00fcr kleine Aufbewahrungsr\u00e4ume.<\/li>\n<li><strong>Schnappverschluss-Dichtungsdesign:<\/strong> Der Metall-Schnappverschluss dieser Gl\u00e4ser sorgt f\u00fcr eine perfekte Abdichtung, sodass kein Tropfen Feuchtigkeit eindringen kann und die Frische optimal erhalten bleibt. Zudem lassen sich die Gl\u00e4ser sehr leicht \u00f6ffnen und schlie\u00dfen.<\/li>\n<li><strong>Kompakte Gr\u00f6\u00dfe und Kapazit\u00e4t:<\/strong> Diese winzigen Gl\u00e4ser eignen sich gut zur Aufbewahrung kleiner Mengen von Dingen wie zum Beispiel zum Umpacken von Gew\u00fcrzen oder kleinen Proben von Kr\u00e4utertees, wodurch der Abfall reduziert wird, der beim \u00d6ffnen gro\u00dfer Gl\u00e4ser entsteht.<\/li>\n<\/ul>\n<h2 style=\"text-align: left;\">Wichtigste Spezifikationen<\/h2>\n<table class=\"aligncenter\" style=\"border-collapse: collapse; width: 414.77pt;\" border=\"0\" width=\"553\" cellspacing=\"0\" cellpadding=\"0\">\n<tbody>\n<tr style=\"height: 13.50pt;\">\n<td style=\"height: 13.50pt; width: 99.75pt;\" width=\"133\" height=\"18\">Spezifikation<\/td>\n<td style=\"width: 315.00pt;\" width=\"420\">Details<\/td>\n<\/tr>\n<tr style=\"height: 13.50pt;\">\n<td style=\"height: 13.50pt;\" height=\"18\">Kapazit\u00e4t<\/td>\n<td>45 ml \/ 60 ml \/ 100 ml \/ 130 ml<\/td>\n<\/tr>\n<tr style=\"height: 13.50pt;\">\n<td style=\"height: 13.50pt;\" height=\"18\">Abmessungen<\/td>\n<td>4,5 \u00d7 6,5 cm \/ 4,4 \u00d7 8,5 cm \/ 4,4 \u00d7 10,8 cm \/ 4,4 \u00d7 13,2 cm<\/td>\n<\/tr>\n<tr style=\"height: 13.50pt;\">\n<td style=\"height: 13.50pt;\" height=\"18\">Material<\/td>\n<td>Klarglas<\/td>\n<\/tr>\n<tr style=\"height: 13.50pt;\">\n<td style=\"height: 13.50pt;\" height=\"18\">Deckeltyp<\/td>\n<td>Metall-Klemmdeckel mit Drahtb\u00fcgel (Silber)<\/td>\n<\/tr>\n<tr style=\"height: 13.50pt;\">\n<td style=\"height: 13.50pt;\" height=\"18\">Ideal f\u00fcr<\/td>\n<td>Kleine, luftdichte Gl\u00e4ser, Vorratsgl\u00e4ser<\/td>\n<\/tr>\n<\/tbody>\n<\/table>\n<h2>Erfolgsgeschichte: Beispiell\u00f6sung eines renommierten Teeunternehmens<\/h2>\n<p>Ein Premium-Teehersteller ben\u00f6tigte formsch\u00f6ne, kleine, luftdichte Gl\u00e4ser zur Aufbewahrung seiner Produktproben und Geschenksets. Sie entschieden sich f\u00fcr unsere 60-ml-Gl\u00e4ser mit luftdichtem Deckel, um ihre hochwertigen Teeproben darin aufzubewahren. Dank des schlanken Designs konnten sie stilvolle Probierboxen gestalten, in denen 12 verschiedene Teesorten kompakt Platz finden. Die Kundenzufriedenheit mit den Proben stieg um 40 %, und die Konversionsrate von Proben zu K\u00e4ufen in Originalgr\u00f6\u00dfe erh\u00f6hte sich um 25 %. Daraufhin bestellten sie 200.000 Gl\u00e4ser, um eine landesweite Teeverkostungskampagne zu unterst\u00fctzen.<\/p>\n<h2>Anpassungsm\u00f6glichkeiten f\u00fcr kleine, luftdichte Gl\u00e4ser<\/h2>\n<ul>\n<li>Buntglasdeckel \u2013 Get\u00f6nte Glasdeckel f\u00fcr lichtempfindliche Gegenst\u00e4nde<\/li>\n<li>Pr\u00e4zisionssiebdruck \u2013 Kleinste Mikrologos werden mit Keramikfarbe gedruckt.<\/li>\n<li>Kapazit\u00e4tsraster \u2013 Kleine Graduierungslinien f\u00fcr genaues Dosieren hinzugef\u00fcgt<\/li>\n<li>Dekorative Mattstreifen \u2013 Wundersch\u00f6ne, matte Streifen durch selektives \u00c4tzen<\/li>\n<\/ul>\n<p>Sind Sie bereit, Ihre kleinen Dinge ordentlich zu verstauen? Kontaktieren Sie uns noch heute f\u00fcr Gro\u00dfhandelspreise auf diese platzsparenden kleinen Glasbeh\u00e4lter mit luftdichten Deckeln.<\/p>","protected":false},"excerpt":{"rendered":"<p>Zylindrische, kleine, luftdichte Glasbeh\u00e4lter mit Deckel sowie kleine, luftdichte Beh\u00e4lter f\u00fcr Gew\u00fcrze, Proben und zur Aufbewahrung \u2013 erstklassige Qualit\u00e4t, schneller Versand f\u00fcr Gro\u00dfh\u00e4ndler.<\/p>","protected":false},"featured_media":24199,"template":"","meta":[],"product_brand":[],"product_cat":[122,134,124],"product_tag":[],"class_list":{"0":"post-24195","1":"product","2":"type-product","3":"status-publish","4":"has-post-thumbnail","6":"product_cat-custom-glass-packaging","7":"product_cat-airtight-jars","8":"product_cat-custom-glass-jars","10":"first","11":"instock","12":"shipping-taxable","13":"product-type-simple"},"jetpack_sharing_enabled":true,"_links":{"self":[{"href":"https:\/\/yebodaglass.com\/de\/wp-json\/wp\/v2\/product\/24195","targetHints":{"allow":["GET"]}}],"collection":[{"href":"https:\/\/yebodaglass.com\/de\/wp-json\/wp\/v2\/product"}],"about":[{"href":"https:\/\/yebodaglass.com\/de\/wp-json\/wp\/v2\/types\/product"}],"version-history":[{"count":4,"href":"https:\/\/yebodaglass.com\/de\/wp-json\/wp\/v2\/product\/24195\/revisions"}],"predecessor-version":[{"id":24204,"href":"https:\/\/yebodaglass.com\/de\/wp-json\/wp\/v2\/product\/24195\/revisions\/24204"}],"wp:featuredmedia":[{"embeddable":true,"href":"https:\/\/yebodaglass.com\/de\/wp-json\/wp\/v2\/media\/24199"}],"wp:attachment":[{"href":"https:\/\/yebodaglass.com\/de\/wp-json\/wp\/v2\/media?parent=24195"}],"wp:term":[{"taxonomy":"product_brand","embeddable":true,"href":"https:\/\/yebodaglass.com\/de\/wp-json\/wp\/v2\/product_brand?post=24195"},{"taxonomy":"product_cat","embeddable":true,"href":"https:\/\/yebodaglass.com\/de\/wp-json\/wp\/v2\/product_cat?post=24195"},{"taxonomy":"product_tag","embeddable":true,"href":"https:\/\/yebodaglass.com\/de\/wp-json\/wp\/v2\/product_tag?post=24195"}],"curies":[{"name":"wp","href":"https:\/\/api.w.org\/{rel}","templated":true}]}}