{"id":24163,"date":"2025-11-28T10:31:40","date_gmt":"2025-11-28T02:31:40","guid":{"rendered":"https:\/\/yebodaglass.com\/?post_type=product&#038;p=24163"},"modified":"2025-11-28T11:43:27","modified_gmt":"2025-11-28T03:43:27","slug":"bulk-large-square-glass-food-storage-jars-with-lids","status":"publish","type":"product","link":"https:\/\/yebodaglass.com\/de\/bulk-large-square-glass-food-storage-jars-with-lids\/","title":{"rendered":"Gro\u00dfe, quadratische Vorratsgl\u00e4ser aus Glas mit Deckel (50 oz, 64 oz, 100 oz)"},"content":{"rendered":"<p data-start=\"66\" data-end=\"288\">Diese gro\u00dfen Vorratsgl\u00e4ser mit Deckel sind aus Klarglas gefertigt und in drei trendigen rechteckigen Formen erh\u00e4ltlich. Jedes Glas verf\u00fcgt \u00fcber einen Metall-Schnappverschluss.<\/p>\n<h2>Produkteigenschaften<\/h2>\n<ul>\n<li><strong>Klares rechteckiges Material:<\/strong> Der Glask\u00f6rper ist transparent, sodass man den Inhalt sofort erkennen und den Bestand im Blick behalten kann, ohne das Glas \u00f6ffnen zu m\u00fcssen.<\/li>\n<li><strong>Schnappverschluss-Dichtungsdesign:<\/strong> Ausgestattet mit einem Metall-Schnappverschlussdeckel, bietet das Glas eine hervorragende Abdichtung und h\u00e4lt es somit absolut frei von Kondenswasser, wodurch die Frische des Inhalts erhalten bleibt. Das Glas l\u00e4sst sich einfach und bequem \u00f6ffnen und schlie\u00dfen.<\/li>\n<li><strong>Gro\u00dfe Kapazit\u00e4t:<\/strong> Diese gro\u00dfvolumigen Aufbewahrungsbeh\u00e4lter bieten Ihnen ausreichend Platz f\u00fcr Ihre K\u00fcche und eignen sich daher perfekt zur Lagerung gro\u00dfer Mengen Reis, Getreide oder anderer Rohstoffe usw. und reduzieren Ihren Bedarf an Beh\u00e4ltern.<\/li>\n<\/ul>\n<h2 style=\"text-align: left;\">Wichtigste Spezifikationen<\/h2>\n<table class=\"aligncenter\" style=\"border-collapse: collapse; width: 438.02pt;\" border=\"0\" width=\"584\" cellspacing=\"0\" cellpadding=\"0\">\n<tbody>\n<tr style=\"height: 13.50pt;\">\n<td style=\"height: 13.50pt; width: 99.75pt;\" width=\"133\" height=\"18\">Spezifikation<\/td>\n<td style=\"width: 338.25pt;\" width=\"451\">Details<\/td>\n<\/tr>\n<tr style=\"height: 13.50pt;\">\n<td style=\"height: 13.50pt;\" height=\"18\">Kapazit\u00e4t<\/td>\n<td>1500 ml (50 oz) \/ 2000 ml (64 oz) \/ 3000 ml (100 oz)<\/td>\n<\/tr>\n<tr style=\"height: 13.50pt;\">\n<td style=\"height: 13.50pt;\" height=\"18\">Abmessungen<\/td>\n<td>11,4 \u00d7 19,5 cm \/ 11,4 \u00d7 25,8 cm \/ 14,2 \u00d7 23,9 cm<\/td>\n<\/tr>\n<tr style=\"height: 13.50pt;\">\n<td style=\"height: 13.50pt;\" height=\"18\">Material<\/td>\n<td>Dickes, klares Glas<\/td>\n<\/tr>\n<tr style=\"height: 13.50pt;\">\n<td style=\"height: 13.50pt;\" height=\"18\">Deckeltyp\/Farbe<\/td>\n<td>Metall-Klemmdeckel mit Drahtb\u00fcgel<\/td>\n<\/tr>\n<tr style=\"height: 13.50pt;\">\n<td style=\"height: 13.50pt;\" height=\"18\">Ideal f\u00fcr<\/td>\n<td>Vorratsgl\u00e4ser aus Glas mit Deckel<\/td>\n<\/tr>\n<\/tbody>\n<\/table>\n<h2>Erfolgsgeschichte: Zutatenl\u00f6sung f\u00fcr eine Gro\u00dfb\u00e4ckerei<\/h2>\n<p>Eine handwerkliche B\u00e4ckerei, die sich in einer Phase rasanten Wachstums befand und eine effizientere Lagermethode f\u00fcr Mehl und Zucker ben\u00f6tigte, entschied sich schlie\u00dflich f\u00fcr unsere gro\u00dfen, quadratischen 2000-ml-Glasbeh\u00e4lter. Die luftdichte Abdichtung wurde als wichtigster Faktor genannt \u2013 sie verl\u00e4ngerte nicht nur die Haltbarkeit des Mehls um 60 %, sondern verhinderte auch vollst\u00e4ndig den Befall durch Sch\u00e4dlinge. Dank der rechteckigen Form konnten 40 % mehr Zutaten auf demselben Raum gelagert werden, wodurch die kleine K\u00fcchenaufteilung optimiert wurde. Infolgedessen wurde die Lagerung in allen Filialen standardisiert, und es wurden 500.000 Glasbeh\u00e4lter nachbestellt.<\/p>\n<h2>Anpassungsm\u00f6glichkeiten f\u00fcr Glasvorratsgl\u00e4ser:<\/h2>\n<ul>\n<li>Erhabene Volumenmarkierungen \u2013 F\u00fcgen Sie dauerhafte erhabene Markierungen f\u00fcr eine einfache Portionskontrolle hinzu.<\/li>\n<li>Siebgedruckte Etiketten \u2013 Gro\u00dfe, langlebige Markenlogos, gedruckt mit Keramikfarbe.<\/li>\n<li>Verst\u00e4rkte Bodenkonstruktion \u2013 Dickeres Glas zur Unterst\u00fctzung schwererer Gegenst\u00e4nde wie Mehl oder Getreide.<\/li>\n<li>Integrierte Griffe \u2013 Optionale geformte Glasgriffe f\u00fcr die einfache Handhabung voller Gl\u00e4ser.<\/li>\n<\/ul>\n<p>M\u00f6chten Sie Ihren Stauraum effizienter nutzen? Kontaktieren Sie uns gerne, wenn Sie die Gro\u00dfhandelspreise dieser platzsparenden, gro\u00dfen, quadratischen Glasvorratsgl\u00e4ser erfahren m\u00f6chten.<\/p>","protected":false},"excerpt":{"rendered":"<p>Entscheiden Sie sich f\u00fcr robuste Vorratsgl\u00e4ser mit Deckel und gro\u00dfe, quadratische Vorratsgl\u00e4ser aus hochwertigen Materialien \u2013 direkt vom Hersteller. Kostenlose Muster.<\/p>","protected":false},"featured_media":24166,"template":"","meta":[],"product_brand":[],"product_cat":[122,134,124],"product_tag":[],"class_list":{"0":"post-24163","1":"product","2":"type-product","3":"status-publish","4":"has-post-thumbnail","6":"product_cat-custom-glass-packaging","7":"product_cat-airtight-jars","8":"product_cat-custom-glass-jars","10":"first","11":"instock","12":"shipping-taxable","13":"product-type-simple"},"jetpack_sharing_enabled":true,"_links":{"self":[{"href":"https:\/\/yebodaglass.com\/de\/wp-json\/wp\/v2\/product\/24163","targetHints":{"allow":["GET"]}}],"collection":[{"href":"https:\/\/yebodaglass.com\/de\/wp-json\/wp\/v2\/product"}],"about":[{"href":"https:\/\/yebodaglass.com\/de\/wp-json\/wp\/v2\/types\/product"}],"version-history":[{"count":4,"href":"https:\/\/yebodaglass.com\/de\/wp-json\/wp\/v2\/product\/24163\/revisions"}],"predecessor-version":[{"id":24190,"href":"https:\/\/yebodaglass.com\/de\/wp-json\/wp\/v2\/product\/24163\/revisions\/24190"}],"wp:featuredmedia":[{"embeddable":true,"href":"https:\/\/yebodaglass.com\/de\/wp-json\/wp\/v2\/media\/24166"}],"wp:attachment":[{"href":"https:\/\/yebodaglass.com\/de\/wp-json\/wp\/v2\/media?parent=24163"}],"wp:term":[{"taxonomy":"product_brand","embeddable":true,"href":"https:\/\/yebodaglass.com\/de\/wp-json\/wp\/v2\/product_brand?post=24163"},{"taxonomy":"product_cat","embeddable":true,"href":"https:\/\/yebodaglass.com\/de\/wp-json\/wp\/v2\/product_cat?post=24163"},{"taxonomy":"product_tag","embeddable":true,"href":"https:\/\/yebodaglass.com\/de\/wp-json\/wp\/v2\/product_tag?post=24163"}],"curies":[{"name":"wp","href":"https:\/\/api.w.org\/{rel}","templated":true}]}}