{"id":24154,"date":"2025-11-28T08:55:51","date_gmt":"2025-11-28T00:55:51","guid":{"rendered":"https:\/\/yebodaglass.com\/?post_type=product&#038;p=24154"},"modified":"2025-11-28T11:44:03","modified_gmt":"2025-11-28T03:44:03","slug":"bulk-clear-square-glass-storage-jars-with-glass-lids","status":"publish","type":"product","link":"https:\/\/yebodaglass.com\/de\/bulk-clear-square-glass-storage-jars-with-glass-lids\/","title":{"rendered":"Gro\u00dfpackung durchsichtige, quadratische Vorratsgl\u00e4ser aus Glas mit Glasdeckel, 380 ml, 500 ml, 750 ml, 1000 ml"},"content":{"rendered":"<p data-start=\"66\" data-end=\"288\">Diese quadratischen Vorratsgl\u00e4ser aus Klarglas sind in vier verschiedenen Gr\u00f6\u00dfen erh\u00e4ltlich. Sie haben eine abgerundete quadratische Form. Jedes Glas wird mit einem Glasdeckel geliefert, der mit einem einfachen Metallverschluss befestigt ist.<\/p>\n<h2>Produkteigenschaften<\/h2>\n<ul>\n<li><strong>Transparentes quadratisches Material:<\/strong> Durch die Verwendung von vollst\u00e4ndig transparentem Glas mit abgerundeten quadratischen Ecken ist der Inhalt gut sichtbar, und die Gl\u00e4ser sparen mehr Lagerplatz als rein zylindrische Gl\u00e4ser.<\/li>\n<li><strong>Schnappverschluss-Dichtungsdesign:<\/strong> Der Metall-Schnappverschlussdeckel des Glases sorgt f\u00fcr eine hervorragende Abdichtung und verhindert so effektiv das Eindringen von Feuchtigkeit und bewahrt die Frische des Produkts. Das \u00d6ffnen und Schlie\u00dfen des Beh\u00e4lters ist kinderleicht.<\/li>\n<li><strong>Vier verschiedene Gr\u00f6\u00dfen:<\/strong> Die vier Gr\u00f6\u00dfen sollen Gegenst\u00e4nden unterschiedlicher Gr\u00f6\u00dfe Platz bieten (zum Beispiel kleine Gl\u00e4ser f\u00fcr Gew\u00fcrze, gro\u00dfe Gl\u00e4ser f\u00fcr Trockenwaren).<\/li>\n<\/ul>\n<h2 style=\"text-align: left;\">Wichtigste Spezifikationen<\/h2>\n<table class=\"aligncenter\" style=\"border-collapse: collapse; width: 435.02pt;\" border=\"0\" width=\"580\" cellspacing=\"0\" cellpadding=\"0\">\n<tbody>\n<tr style=\"height: 13.50pt;\">\n<td style=\"height: 13.50pt; width: 99.75pt;\" width=\"133\" height=\"18\">Spezifikation<\/td>\n<td style=\"width: 335.25pt;\" width=\"447\">Details<\/td>\n<\/tr>\n<tr style=\"height: 13.50pt;\">\n<td style=\"height: 13.50pt;\" height=\"18\">Kapazit\u00e4t<\/td>\n<td>380 ml \/ 500 ml \/ 750 ml \/ 1000 ml<\/td>\n<\/tr>\n<tr style=\"height: 13.50pt;\">\n<td style=\"height: 13.50pt;\" height=\"18\">Abmessungen<\/td>\n<td>8,7 \u00d7 10 cm \/ 10,8 \u00d7 10 cm \/ 11 \u00d7 12,3 cm \/ 11,3 \u00d7 15 cm<\/td>\n<\/tr>\n<tr style=\"height: 13.50pt;\">\n<td style=\"height: 13.50pt;\" height=\"18\">Material<\/td>\n<td>Klarglas (Glas &amp; Deckel)<\/td>\n<\/tr>\n<tr style=\"height: 13.50pt;\">\n<td style=\"height: 13.50pt;\" height=\"18\">Deckeltyp\/Farbe<\/td>\n<td>Glasdeckel mit Stahlklammerverschluss<\/td>\n<\/tr>\n<tr style=\"height: 13.50pt;\">\n<td style=\"height: 13.50pt;\" height=\"18\">Ideal f\u00fcr<\/td>\n<td>Vorratsgl\u00e4ser aus Glas, Vorratsgl\u00e4ser aus Glas mit Glasdeckel<\/td>\n<\/tr>\n<\/tbody>\n<\/table>\n<h2>Erfolgsgeschichte: Wie ein Teeladen seine Warenauslage verbesserte<\/h2>\n<p>Ein renommiertes Teeunternehmen suchte nach einer Aufbewahrungsl\u00f6sung, die die Produkte ansprechend pr\u00e4sentieren und gleichzeitig frisch halten sollte. Das Unternehmen entschied sich f\u00fcr unsere quadratischen 500-ml-Glasbeh\u00e4lter f\u00fcr seine Filialen. Dank des quadratischen Designs konnte das Unternehmen 30 % mehr Produkte auf derselben Verkaufsfl\u00e4che pr\u00e4sentieren. Die hervorragende Versiegelung sorgt daf\u00fcr, dass der Tee monatelang frisch bleibt, wodurch der Abfall um 40 % reduziert wird. Nach diesem Erfolg bestellte das Unternehmen 25.000 Glasbeh\u00e4lter, um neue Verkaufsstellen zu er\u00f6ffnen.<\/p>\n<h2>Anpassungsm\u00f6glichkeiten f\u00fcr Glasvorratsgl\u00e4ser<\/h2>\n<ul>\n<li>Siebgedruckte Farbverl\u00e4ufe \u2013 F\u00fcgen Sie n\u00fctzliche F\u00fcllstandsmarkierungen hinzu, um die jeweilige Produktmenge leichter ablesen zu k\u00f6nnen.<\/li>\n<li>Farbige Glasdeckel \u2013 Bei lichtempfindlichen Gegenst\u00e4nden sollten unbedingt farbige Glasdeckel verwendet werden.<\/li>\n<li>Individuelle Clipfarben \u2013 Sie k\u00f6nnen zwischen Bronze, Schwarz oder Nickel f\u00fcr Ihre Clips w\u00e4hlen.<\/li>\n<li>Optionen f\u00fcr Silikon-Dichtungsringe \u2013 Die Farbe des Dichtungsrings kann Ihrer Markenfarbe entsprechen, um das Farbschema beizubehalten.<\/li>\n<\/ul>\n<p>M\u00f6chten Sie Ihren Stauraum optimal nutzen? Kontaktieren Sie uns jetzt, um Gro\u00dfhandelspreise f\u00fcr diese sch\u00f6nen quadratischen Glasvorratsdosen mit Glasdeckeln zu erhalten.<\/p>","protected":false},"excerpt":{"rendered":"<p>Unsere quadratischen Glasvorratsgl\u00e4ser und Glasvorratsgl\u00e4ser mit Deckel sind hochtransparent, langlebig und haben gute Dichtungseigenschaften \u2013 kostenlose Muster sind erh\u00e4ltlich.<\/p>","protected":false},"featured_media":24157,"template":"","meta":[],"product_brand":[],"product_cat":[122,134,124],"product_tag":[],"class_list":{"0":"post-24154","1":"product","2":"type-product","3":"status-publish","4":"has-post-thumbnail","6":"product_cat-custom-glass-packaging","7":"product_cat-airtight-jars","8":"product_cat-custom-glass-jars","10":"first","11":"instock","12":"shipping-taxable","13":"product-type-simple"},"jetpack_sharing_enabled":true,"_links":{"self":[{"href":"https:\/\/yebodaglass.com\/de\/wp-json\/wp\/v2\/product\/24154","targetHints":{"allow":["GET"]}}],"collection":[{"href":"https:\/\/yebodaglass.com\/de\/wp-json\/wp\/v2\/product"}],"about":[{"href":"https:\/\/yebodaglass.com\/de\/wp-json\/wp\/v2\/types\/product"}],"version-history":[{"count":5,"href":"https:\/\/yebodaglass.com\/de\/wp-json\/wp\/v2\/product\/24154\/revisions"}],"predecessor-version":[{"id":24189,"href":"https:\/\/yebodaglass.com\/de\/wp-json\/wp\/v2\/product\/24154\/revisions\/24189"}],"wp:featuredmedia":[{"embeddable":true,"href":"https:\/\/yebodaglass.com\/de\/wp-json\/wp\/v2\/media\/24157"}],"wp:attachment":[{"href":"https:\/\/yebodaglass.com\/de\/wp-json\/wp\/v2\/media?parent=24154"}],"wp:term":[{"taxonomy":"product_brand","embeddable":true,"href":"https:\/\/yebodaglass.com\/de\/wp-json\/wp\/v2\/product_brand?post=24154"},{"taxonomy":"product_cat","embeddable":true,"href":"https:\/\/yebodaglass.com\/de\/wp-json\/wp\/v2\/product_cat?post=24154"},{"taxonomy":"product_tag","embeddable":true,"href":"https:\/\/yebodaglass.com\/de\/wp-json\/wp\/v2\/product_tag?post=24154"}],"curies":[{"name":"wp","href":"https:\/\/api.w.org\/{rel}","templated":true}]}}