{"id":24141,"date":"2025-11-27T11:41:17","date_gmt":"2025-11-27T03:41:17","guid":{"rendered":"https:\/\/yebodaglass.com\/?post_type=product&#038;p=24141"},"modified":"2025-11-27T18:27:41","modified_gmt":"2025-11-27T10:27:41","slug":"wholesale-clear-large-glass-food-storage-jars","status":"publish","type":"product","link":"https:\/\/yebodaglass.com\/de\/wholesale-clear-large-glass-food-storage-jars\/","title":{"rendered":"Gro\u00dfe, durchsichtige Glas-Vorratsgl\u00e4ser (64 oz, 100 oz) im Gro\u00dfhandel"},"content":{"rendered":"<p data-start=\"66\" data-end=\"288\">Diese gro\u00dfen Vorratsgl\u00e4ser aus transparentem Glas sind in zwei eleganten, schlanken, runden Formen erh\u00e4ltlich. Jedes Glas wird mit einem Metall-Schnappdeckel geliefert und eignet sich daher ideal zur Aufbewahrung gr\u00f6\u00dferer Lebensmittelmengen in der K\u00fcche.<\/p>\n<h2>Produkteigenschaften<\/h2>\n<ul>\n<li><strong>Gro\u00dfe Kapazit\u00e4t:<\/strong> Diese Vorratsdosen sind in den Gr\u00f6\u00dfen 2 Liter und 3 Liter erh\u00e4ltlich und k\u00f6nnen eine gro\u00dfe Menge desselben Inhalts aufnehmen, wodurch Verpackungsm\u00fcll und h\u00e4ufiges Nachf\u00fcllen minimiert werden.<\/li>\n<li><strong>Perfekte Abdichtung:<\/strong> Die Klemmen und die Gummidichtung sorgen gemeinsam daf\u00fcr, dass Feuchtigkeit, Sch\u00e4dlinge und Luft vollst\u00e4ndig ausgeschlossen werden und die Lebensmittel somit einen Monat oder l\u00e4nger frisch bleiben.<\/li>\n<li><strong>Weite \u00d6ffnung f\u00fcr einfaches Bef\u00fcllen und Nachf\u00fcllen:<\/strong> Dank der weiten \u00d6ffnung l\u00e4sst sich das Essen schnell und einfach einf\u00fcllen und herausnehmen, selbst f\u00fcr Menschen mit gro\u00dfen H\u00e4nden oder solche, die gro\u00dfe L\u00f6ffel benutzen.<\/li>\n<\/ul>\n<h2 style=\"text-align: left;\">Wichtigste Spezifikationen<\/h2>\n<table class=\"aligncenter\" style=\"border-collapse: collapse; width: 402.77pt;\" border=\"0\" width=\"537\" cellspacing=\"0\" cellpadding=\"0\">\n<tbody>\n<tr style=\"height: 13.50pt;\">\n<td style=\"height: 13.50pt; width: 99.75pt;\" width=\"133\" height=\"18\">Spezifikation<\/td>\n<td style=\"width: 303.00pt;\" width=\"404\">Details<\/td>\n<\/tr>\n<tr style=\"height: 13.50pt;\">\n<td style=\"height: 13.50pt;\" height=\"18\">Kapazit\u00e4t<\/td>\n<td>2000 ml (64 oz) \/ 3000 ml (100 oz)<\/td>\n<\/tr>\n<tr style=\"height: 13.50pt;\">\n<td style=\"height: 13.50pt;\" height=\"18\">Abmessungen<\/td>\n<td>12,7 \u00d7 25,3 cm \/ 14,5 \u00d7 26,5 cm<\/td>\n<\/tr>\n<tr style=\"height: 13.50pt;\">\n<td style=\"height: 13.50pt;\" height=\"18\">Material<\/td>\n<td>Dickes, klares Glas<\/td>\n<\/tr>\n<tr style=\"height: 13.50pt;\">\n<td style=\"height: 13.50pt;\" height=\"18\">Deckeltyp<\/td>\n<td>Metall-Klemmdeckel mit Drahtb\u00fcgel (Silber)<\/td>\n<\/tr>\n<tr style=\"height: 13.50pt;\">\n<td style=\"height: 13.50pt;\" height=\"18\">Ideal f\u00fcr<\/td>\n<td>Gro\u00dfe Vorratsgl\u00e4ser, Glasvorratsgl\u00e4ser f\u00fcr Lebensmittel<\/td>\n<\/tr>\n<\/tbody>\n<\/table>\n<h2>Erfolgsgeschichte: Die Erfolgsgeschichte eines Zero-Waste-Supermarkts<\/h2>\n<p>Ein Lebensmittelgesch\u00e4ft mit Zero-Waste-Konzept ben\u00f6tigte gro\u00dfe, praktische und ansprechende Vorratsgl\u00e4ser aus Glas f\u00fcr die Lagerung von losen Lebensmitteln. Sie entschieden sich f\u00fcr unsere 3-Liter-Vorratsgl\u00e4ser zur Aufbewahrung von Getreide, N\u00fcssen und Nudeln. Dank des hervorragenden Verschlusses verl\u00e4ngerte sich die Haltbarkeit der Produkte deutlich, was zu einer Reduzierung der Lebensmittelabf\u00e4lle um 40 % und einer Steigerung der Wiederkaufsrate um 65 % f\u00fchrte. Aufgrund des positiven Feedbacks bestellte das Gesch\u00e4ft weitere 500.000 Gl\u00e4ser f\u00fcr die Er\u00f6ffnung weiterer Filialen.<\/p>\n<h2>L\u00f6sungen f\u00fcr ma\u00dfgefertigte Glasaufbewahrungsbeh\u00e4lter<\/h2>\n<ul>\n<li>Gepr\u00e4gte Kapazit\u00e4tsmarkierungen \u2013 Durch die Erh\u00f6hung der Markierungen wird die Graduierung einfach und dauerhaft.<\/li>\n<li>Siebdrucketiketten \u2013 Verwenden Sie Keramikfarbe, um klare und gut sichtbare Marken- oder Inhaltsetiketten zu drucken.<\/li>\n<li>Verst\u00e4rkter Boden \u2013 Ein dickerer Glasboden, der auch schwere Gegenst\u00e4nde tragen kann.<\/li>\n<li>Integrierter Griff \u2013 Kann mit einem integrierten Glasgriff f\u00fcr bequemes Tragen ausgestattet werden.<\/li>\n<\/ul>","protected":false},"excerpt":{"rendered":"<p>Unsere gro\u00dfen Vorratsgl\u00e4ser sind glasklar, robust und ideal zur Aufbewahrung von Vorr\u00e4ten und Zutaten. Gratisproben.<\/p>","protected":false},"featured_media":24152,"template":"","meta":[],"product_brand":[],"product_cat":[122,134,124],"product_tag":[],"class_list":{"0":"post-24141","1":"product","2":"type-product","3":"status-publish","4":"has-post-thumbnail","6":"product_cat-custom-glass-packaging","7":"product_cat-airtight-jars","8":"product_cat-custom-glass-jars","10":"first","11":"instock","12":"shipping-taxable","13":"product-type-simple"},"jetpack_sharing_enabled":true,"_links":{"self":[{"href":"https:\/\/yebodaglass.com\/de\/wp-json\/wp\/v2\/product\/24141","targetHints":{"allow":["GET"]}}],"collection":[{"href":"https:\/\/yebodaglass.com\/de\/wp-json\/wp\/v2\/product"}],"about":[{"href":"https:\/\/yebodaglass.com\/de\/wp-json\/wp\/v2\/types\/product"}],"version-history":[{"count":3,"href":"https:\/\/yebodaglass.com\/de\/wp-json\/wp\/v2\/product\/24141\/revisions"}],"predecessor-version":[{"id":24153,"href":"https:\/\/yebodaglass.com\/de\/wp-json\/wp\/v2\/product\/24141\/revisions\/24153"}],"wp:featuredmedia":[{"embeddable":true,"href":"https:\/\/yebodaglass.com\/de\/wp-json\/wp\/v2\/media\/24152"}],"wp:attachment":[{"href":"https:\/\/yebodaglass.com\/de\/wp-json\/wp\/v2\/media?parent=24141"}],"wp:term":[{"taxonomy":"product_brand","embeddable":true,"href":"https:\/\/yebodaglass.com\/de\/wp-json\/wp\/v2\/product_brand?post=24141"},{"taxonomy":"product_cat","embeddable":true,"href":"https:\/\/yebodaglass.com\/de\/wp-json\/wp\/v2\/product_cat?post=24141"},{"taxonomy":"product_tag","embeddable":true,"href":"https:\/\/yebodaglass.com\/de\/wp-json\/wp\/v2\/product_tag?post=24141"}],"curies":[{"name":"wp","href":"https:\/\/api.w.org\/{rel}","templated":true}]}}