{"id":24128,"date":"2025-11-28T12:00:50","date_gmt":"2025-11-28T04:00:50","guid":{"rendered":"https:\/\/yebodaglass.com\/?post_type=product&#038;p=24128"},"modified":"2026-04-14T13:10:55","modified_gmt":"2026-04-14T05:10:55","slug":"custom-clear-water-bottle-with-sleeve-wholesale","status":"publish","type":"product","link":"https:\/\/yebodaglass.com\/de\/custom-clear-water-bottle-with-sleeve-wholesale\/","title":{"rendered":"Individuell gestaltbare, transparente Wasserflasche mit Schutzh\u00fclle, Gro\u00dfhandel 550 ml \u2013 1000 ml"},"content":{"rendered":"<p>Die transparente Wasserflasche besticht durch ihr schlichtes, zylindrisches Design und ist aus lebensmittelechtem Borosilikatglas gefertigt. Der Glask\u00f6rper ist glatt verarbeitet und verf\u00fcgt \u00fcber einen silbernen Metallschraubverschluss mit einem lebensmittelechten Silikondichtungsring, der f\u00fcr Auslaufsicherheit und Luftdichtigkeit sorgt.<\/p>\n<h2>Produkteigenschaften<\/h2>\n<p><strong>Langlebiges Borosilikatglas<\/strong><\/p>\n<p>Kein Temperaturschock \u2013 kann in den Gefrierschrank oder in die Sp\u00fclmaschine gegeben werden und ist f\u00fcr den Langzeitgebrauch geeignet.<\/p>\n<p><strong>Weite 38-mm-\u00d6ffnung<\/strong><\/p>\n<p>Bef\u00fcllen, Reinigen und Ausgie\u00dfen sind kinderleicht \u2013 ideal f\u00fcr die t\u00e4gliche Wasseraufnahme oder als Sportflasche.<\/p>\n<p><strong>Anpassbares \u00c4rmeldesign<\/strong><\/p>\n<p>Bringen Sie Ihr Logo auf der Silikonh\u00fclle an \u2013 so wird Ihre transparente Wasserflasche zu einer Marke mit Erinnerungswert.<\/p>\n<h2>Wichtigste Spezifikationen<\/h2>\n<table style=\"border-collapse: collapse; width: 80%; margin-left: auto; margin-right: auto;\" border=\"0\" width=\"360\" cellspacing=\"0\" cellpadding=\"0\">\n<tbody>\n<tr style=\"height: 13.50pt;\">\n<td style=\"height: 13.5pt; width: 54pt; text-align: center;\" width=\"72\" height=\"18\">Fassungsverm\u00f6gen (ml)<\/td>\n<td style=\"width: 54pt; text-align: center;\" width=\"72\">Gr\u00f6\u00dfe (cm)<\/td>\n<td style=\"width: 54pt; text-align: center;\" width=\"72\">Durchmesser<\/td>\n<td style=\"width: 54pt; text-align: center;\" width=\"72\">Material<\/td>\n<td style=\"width: 54pt; text-align: center;\" width=\"72\">Farbe<\/td>\n<\/tr>\n<tr style=\"height: 13.50pt;\">\n<td style=\"height: 13.5pt; text-align: center;\" align=\"right\" height=\"18\">550<\/td>\n<td style=\"text-align: center;\">6.6&#215;23.0<\/td>\n<td class=\"et2\" style=\"text-align: center;\" rowspan=\"3\">38 mm<\/td>\n<td class=\"et2\" style=\"text-align: center;\" rowspan=\"3\">Borosilikat<\/td>\n<td class=\"et2\" style=\"text-align: center;\" rowspan=\"3\">Klar<\/td>\n<\/tr>\n<tr style=\"height: 13.50pt;\">\n<td style=\"height: 13.5pt; text-align: center;\" align=\"right\" height=\"18\">750<\/td>\n<td style=\"text-align: center;\">7.0&#215;27.2<\/td>\n<\/tr>\n<tr style=\"height: 13.50pt;\">\n<td style=\"height: 13.5pt; text-align: center;\" align=\"right\" height=\"18\">1000<\/td>\n<td style=\"text-align: center;\">7.9&#215;29.1<\/td>\n<\/tr>\n<\/tbody>\n<\/table>\n<h2>Erfolgsgeschichte: Eine individuelle Bestellung einer Abo-Box von National Health<\/h2>\n<p>Das US-amerikanische Unternehmen f\u00fcr Gesundheitsabonnements entschied sich f\u00fcr unsere 500-ml-Wasserflasche mit Schutzh\u00fclle, die mit einer Neoprenh\u00fclle und einem lasergravierten, inspirierenden Slogan personalisiert wurde. Das System aus Schutzh\u00fclle und Flasche erwies sich als \u00e4u\u00dferst effektiv, da die Kunden damit 70 % der Bruchf\u00e4lle zwischen gesch\u00fctzten und ungesch\u00fctzten Glasflaschen aus robustem Borosilikatglas vermeiden konnten. Das Flaschendesign erm\u00f6glicht eine einfache Reinigung bei gleichzeitigem Geschmackserhalt, wodurch die Abonnenten die Flasche in 95 % der F\u00e4lle \u00fcber den Tag verteilt nutzen. Nach dem Erfolg ihrer bestehenden Produkte bestellten sie zus\u00e4tzlich 380.000 Flaschen, um ihre neue Produktlinie mit funktionellen Getr\u00e4nkepulvern zu unterst\u00fctzen.<\/p>\n<h2>Personalisierungsoptionen f\u00fcr transparente Wasserflaschen<\/h2>\n<ul>\n<li>Kappen-Design: Das Produkt ist in verschiedenen Metallausf\u00fchrungen erh\u00e4ltlich, darunter Schwarz, Gold und Ros\u00e9gold sowie Bambusmaterialien.<\/li>\n<li>Individuell anpassbare Flaschenh\u00fcllen: Das Produkt bietet drei H\u00fcllenmaterialien an, darunter Neopren, Silikon und Stoff. Kunden k\u00f6nnen aus verschiedenen Farboptionen, Musterdesigns und Logodruck w\u00e4hlen.<\/li>\n<li>Zubeh\u00f6r: Kompatibel mit Reinigungsb\u00fcrsten, Einweichkernen f\u00fcr Fr\u00fcchte oder Tragegurten.<\/li>\n<\/ul>","protected":false},"excerpt":{"rendered":"<p>Transparente Wasserflasche mit Schutzh\u00fclle. Direkt vom Hersteller, sofort lieferbar und schnell versandt \u2013 ideal f\u00fcr Gro\u00dfbestellungen und die Abf\u00fcllung im Einzelhandel.<\/p>","protected":false},"featured_media":24129,"template":"","meta":[],"product_brand":[],"product_cat":[136,123,122],"product_tag":[],"class_list":{"0":"post-24128","1":"product","2":"type-product","3":"status-publish","4":"has-post-thumbnail","6":"product_cat-glass-water-bottles","7":"product_cat-custom-glass-bottles","8":"product_cat-custom-glass-packaging","10":"first","11":"instock","12":"shipping-taxable","13":"product-type-simple"},"jetpack_sharing_enabled":true,"_links":{"self":[{"href":"https:\/\/yebodaglass.com\/de\/wp-json\/wp\/v2\/product\/24128","targetHints":{"allow":["GET"]}}],"collection":[{"href":"https:\/\/yebodaglass.com\/de\/wp-json\/wp\/v2\/product"}],"about":[{"href":"https:\/\/yebodaglass.com\/de\/wp-json\/wp\/v2\/types\/product"}],"version-history":[{"count":5,"href":"https:\/\/yebodaglass.com\/de\/wp-json\/wp\/v2\/product\/24128\/revisions"}],"predecessor-version":[{"id":25780,"href":"https:\/\/yebodaglass.com\/de\/wp-json\/wp\/v2\/product\/24128\/revisions\/25780"}],"wp:featuredmedia":[{"embeddable":true,"href":"https:\/\/yebodaglass.com\/de\/wp-json\/wp\/v2\/media\/24129"}],"wp:attachment":[{"href":"https:\/\/yebodaglass.com\/de\/wp-json\/wp\/v2\/media?parent=24128"}],"wp:term":[{"taxonomy":"product_brand","embeddable":true,"href":"https:\/\/yebodaglass.com\/de\/wp-json\/wp\/v2\/product_brand?post=24128"},{"taxonomy":"product_cat","embeddable":true,"href":"https:\/\/yebodaglass.com\/de\/wp-json\/wp\/v2\/product_cat?post=24128"},{"taxonomy":"product_tag","embeddable":true,"href":"https:\/\/yebodaglass.com\/de\/wp-json\/wp\/v2\/product_tag?post=24128"}],"curies":[{"name":"wp","href":"https:\/\/api.w.org\/{rel}","templated":true}]}}