{"id":24111,"date":"2025-11-27T12:00:19","date_gmt":"2025-11-27T04:00:19","guid":{"rendered":"https:\/\/yebodaglass.com\/?post_type=product&#038;p=24111"},"modified":"2026-04-13T09:34:01","modified_gmt":"2026-04-13T01:34:01","slug":"28mm-diameter-custom-water-bottles-bulk","status":"publish","type":"product","link":"https:\/\/yebodaglass.com\/de\/28mm-diameter-custom-water-bottles-bulk\/","title":{"rendered":"Individuell gestaltbare Wasserflaschen mit 28 mm Durchmesser, Gro\u00dfpackungen, 280 ml \u2013 1000 ml"},"content":{"rendered":"<p>Die individuell gestalteten Wasserflaschen \u00fcberzeugen durch ihr modernes, minimalistisches Design mit zylindrischer Form. Das transparente Borosilikatglas gibt den Blick auf die Flaschen frei und sorgt f\u00fcr hohe Haltbarkeit und Schutz vor Temperaturschocks. Ein Standard-Schraubverschluss mit gl\u00e4nzend silbernem Metallverschluss gew\u00e4hrleistet eine zuverl\u00e4ssige Abdichtung.<\/p>\n<h2>Produkteigenschaften<\/h2>\n<ul>\n<li><strong>Minimalistisches zylindrisches Design:<\/strong> Der Glaszylinder mit geraden W\u00e4nden bietet eine einfache M\u00f6glichkeit, den Glasbeh\u00e4lter zu halten, der gereinigt und beschriftet werden kann, w\u00e4hrend sein Grunddesign erhalten bleibt.<\/li>\n<li><strong>Langlebiges Borosilikatglas:<\/strong> Das Borosilikatglas bietet Best\u00e4ndigkeit gegen Temperaturschocks und eignet sich daher sowohl zur sicheren Aufbewahrung hei\u00dfer als auch kalter Getr\u00e4nke ohne Geruchsr\u00fcckst\u00e4nde.<\/li>\n<li><strong>Stilvoller Metallschraubverschluss:<\/strong> Die silberfarbene Metallkappe mit Hochglanzfinish sorgt f\u00fcr ein modernes Aussehen und sch\u00fctzt dank ihres sicheren Dichtungsmechanismus vor Auslaufen.<\/li>\n<\/ul>\n<h2>Wichtigste Spezifikationen<\/h2>\n<table style=\"border-collapse: collapse; width: 80%; margin-left: auto; margin-right: auto;\" border=\"0\" width=\"360\" cellspacing=\"0\" cellpadding=\"0\">\n<tbody>\n<tr style=\"height: 13.50pt;\">\n<td style=\"height: 13.5pt; width: 54pt; text-align: center;\" width=\"72\" height=\"18\">Fassungsverm\u00f6gen (ml)<\/td>\n<td style=\"width: 54pt; text-align: center;\" width=\"72\">Gr\u00f6\u00dfe (cm)<\/td>\n<td style=\"width: 54pt; text-align: center;\" width=\"72\">Durchmesser (mm)<\/td>\n<td style=\"width: 54pt; text-align: center;\" width=\"72\">Material<\/td>\n<td style=\"width: 54pt; text-align: center;\" width=\"72\">Farbe<\/td>\n<\/tr>\n<tr style=\"height: 13.50pt;\">\n<td style=\"height: 13.5pt; text-align: center;\" align=\"right\" height=\"18\">280<\/td>\n<td style=\"text-align: center;\">5,5 x 17,5<\/td>\n<td class=\"et2\" style=\"text-align: center;\" rowspan=\"6\">28<\/td>\n<td class=\"et2\" style=\"text-align: center;\" rowspan=\"6\">Borosilikat<\/td>\n<td class=\"et2\" style=\"text-align: center;\" rowspan=\"6\">Klar oder benutzerdefiniert<\/td>\n<\/tr>\n<tr style=\"height: 13.50pt;\">\n<td style=\"height: 13.5pt; text-align: center;\" align=\"right\" height=\"18\">360<\/td>\n<td style=\"text-align: center;\">6,0 x 19,0<\/td>\n<\/tr>\n<tr style=\"height: 13.50pt;\">\n<td style=\"height: 13.5pt; text-align: center;\" align=\"right\" height=\"18\">450<\/td>\n<td style=\"text-align: center;\">6,6 x 21,5<\/td>\n<\/tr>\n<tr style=\"height: 13.50pt;\">\n<td style=\"height: 13.5pt; text-align: center;\" align=\"right\" height=\"18\">550<\/td>\n<td style=\"text-align: center;\">6,6 x 22,5<\/td>\n<\/tr>\n<tr style=\"height: 13.50pt;\">\n<td style=\"height: 13.5pt; text-align: center;\" align=\"right\" height=\"18\">750<\/td>\n<td style=\"text-align: center;\">7,0 x 25,9<\/td>\n<\/tr>\n<tr style=\"height: 13.50pt;\">\n<td style=\"height: 13.5pt; text-align: center;\" align=\"right\" height=\"18\">1000<\/td>\n<td style=\"text-align: center;\">7,9 x 27,8<\/td>\n<\/tr>\n<\/tbody>\n<\/table>\n<h2>Erfolgsgeschichte: Sonderanfertigung einer Wellnessmarke von der Westk\u00fcste<\/h2>\n<p>Ein kalifornisches Unternehmen, das Wellness-Abo-Boxen anbietet, entschied sich f\u00fcr unsere individuell gestalteten 500-ml-Wasserflaschen, die mit eigenen Siebdrucketiketten und schwarzen Silikonh\u00fcllen versehen wurden. Die Flaschen erzielten hervorragende Ergebnisse, da Kunden angaben, dass das Borosilikatglas eine um 60 % geringere Bruchrate als herk\u00f6mmliche Natronkalkglasflaschen aufwies. Abonnenten, die den Premium-Service und die personalisierte Kommunikation nutzten, verzeichneten eine um 40 % h\u00f6here Kundenbindung. Das Unternehmen konnte seinen Erfolg weiter ausbauen, indem es 350.000 Wasserflaschen erwarb, um sein Produktsortiment, das auch mit Adaptogenen angereicherte Getr\u00e4nke umfasst, zu erweitern.<\/p>\n<h2>Vorschl\u00e4ge zur individuellen Gestaltung von Wasserflaschen in Gro\u00dfpackungen<\/h2>\n<ul>\n<li>Kappen-Design: Das Produkt bietet verschiedene Metalloberfl\u00e4chen zur Auswahl, darunter Gold, Ros\u00e9gold, Schwarz und Kupfer, sowie Bambusmaterial.<\/li>\n<li>Zubeh\u00f6r: Kunden k\u00f6nnen zwischen Silikonh\u00fcllen, die f\u00fcr besseren Halt und Isolierung sorgen, oder individuell anpassbaren Griffen w\u00e4hlen.<\/li>\n<li>Eingebauter Filter: Das Produkt verf\u00fcgt \u00fcber einen abnehmbaren Filter aus Glas oder Edelstahl zum Filtern von hinzugef\u00fcgten Fr\u00fcchten, Kr\u00e4utern und Tee.<\/li>\n<\/ul>","protected":false},"excerpt":{"rendered":"<p>Direkt vom Hersteller: Individuell gestaltete Wasserflaschen mit 28 mm Durchmesser \u2013 eine zuverl\u00e4ssige L\u00f6sung f\u00fcr die Abf\u00fcllung verschiedenster Getr\u00e4nke in gro\u00dfen Mengen. Kostenloses Muster.<\/p>","protected":false},"featured_media":24112,"template":"","meta":[],"product_brand":[],"product_cat":[136,123,122],"product_tag":[],"class_list":{"0":"post-24111","1":"product","2":"type-product","3":"status-publish","4":"has-post-thumbnail","6":"product_cat-glass-water-bottles","7":"product_cat-custom-glass-bottles","8":"product_cat-custom-glass-packaging","10":"first","11":"instock","12":"shipping-taxable","13":"product-type-simple"},"jetpack_sharing_enabled":true,"_links":{"self":[{"href":"https:\/\/yebodaglass.com\/de\/wp-json\/wp\/v2\/product\/24111","targetHints":{"allow":["GET"]}}],"collection":[{"href":"https:\/\/yebodaglass.com\/de\/wp-json\/wp\/v2\/product"}],"about":[{"href":"https:\/\/yebodaglass.com\/de\/wp-json\/wp\/v2\/types\/product"}],"version-history":[{"count":5,"href":"https:\/\/yebodaglass.com\/de\/wp-json\/wp\/v2\/product\/24111\/revisions"}],"predecessor-version":[{"id":25752,"href":"https:\/\/yebodaglass.com\/de\/wp-json\/wp\/v2\/product\/24111\/revisions\/25752"}],"wp:featuredmedia":[{"embeddable":true,"href":"https:\/\/yebodaglass.com\/de\/wp-json\/wp\/v2\/media\/24112"}],"wp:attachment":[{"href":"https:\/\/yebodaglass.com\/de\/wp-json\/wp\/v2\/media?parent=24111"}],"wp:term":[{"taxonomy":"product_brand","embeddable":true,"href":"https:\/\/yebodaglass.com\/de\/wp-json\/wp\/v2\/product_brand?post=24111"},{"taxonomy":"product_cat","embeddable":true,"href":"https:\/\/yebodaglass.com\/de\/wp-json\/wp\/v2\/product_cat?post=24111"},{"taxonomy":"product_tag","embeddable":true,"href":"https:\/\/yebodaglass.com\/de\/wp-json\/wp\/v2\/product_tag?post=24111"}],"curies":[{"name":"wp","href":"https:\/\/api.w.org\/{rel}","templated":true}]}}