{"id":24110,"date":"2025-11-27T09:30:57","date_gmt":"2025-11-27T01:30:57","guid":{"rendered":"https:\/\/yebodaglass.com\/?post_type=product&#038;p=24110"},"modified":"2025-11-27T10:43:48","modified_gmt":"2025-11-27T02:43:48","slug":"bulk-round-glass-pantry-storage-jars-with-airtight-lids","status":"publish","type":"product","link":"https:\/\/yebodaglass.com\/de\/bulk-round-glass-pantry-storage-jars-with-airtight-lids\/","title":{"rendered":"Gro\u00dfe Auswahl an runden Vorratsgl\u00e4sern aus Glas mit luftdichtem Deckel, 150 ml, 380 ml, 500 ml"},"content":{"rendered":"<p data-start=\"66\" data-end=\"288\">Diese Vorratsgl\u00e4ser aus Klarglas bestechen durch ihre schlichte, aber stilvolle, glatte, runde Form. Jedes Glas wird mit einem eleganten Metall-Schnappdeckel und einem Verschlussdeckel geliefert. Die sanft geschwungene Form bringt Farbe in jede dunkle Ecke Ihres Vorratsschranks.<\/p>\n<h2>Produkteigenschaften<\/h2>\n<ul>\n<li><strong>Schnappverschluss-Dichtungsdesign:<\/strong> Der dazugeh\u00f6rige Metall-Schnappverschluss sorgt f\u00fcr eine gute Abdichtung und verhindert so effektiv das Eindringen von Feuchtigkeit, wodurch die gelagerten Produkte frisch bleiben. Das \u00d6ffnen und Schlie\u00dfen ist kinderleicht und in Sekundenschnelle erledigt.<\/li>\n<li><strong>Verschiedene Gr\u00f6\u00dfen mit breitem Sockeldesign:<\/strong> Ein Set runder Vorratsgl\u00e4ser wird in den Gr\u00f6\u00dfen klein, mittel und gro\u00df geliefert, die f\u00fcr unterschiedlich gro\u00dfe Gegenst\u00e4nde verwendet werden k\u00f6nnen, und das charmante Design ist h\u00fcbsch.<\/li>\n<li><strong>Bequem und sicher:<\/strong> Der breite Boden der Box sorgt f\u00fcr hohe Stabilit\u00e4t und verringert die Wahrscheinlichkeit des Umkippens. Die glatten, abgerundeten Linien des Beh\u00e4lters sparen Platz und machen ihn ideal f\u00fcr K\u00fcchen, Arbeitsplatten und andere Aufbewahrungsm\u00f6glichkeiten.<\/li>\n<\/ul>\n<h2 style=\"text-align: left;\">Wichtigste Spezifikationen<\/h2>\n<table class=\"aligncenter\" style=\"border-collapse: collapse; width: 521.27pt;\" border=\"0\" width=\"695\" cellspacing=\"0\" cellpadding=\"0\">\n<tbody>\n<tr style=\"height: 13.50pt;\">\n<td style=\"height: 13.50pt; width: 99.75pt;\" width=\"133\" height=\"18\">Besonderheit<\/td>\n<td style=\"width: 421.50pt;\" width=\"562\">Details<\/td>\n<\/tr>\n<tr style=\"height: 13.50pt;\">\n<td style=\"height: 13.50pt;\" height=\"18\">Ma\u00dfe<\/td>\n<td>150 ml: 7,6 \u00d7 7,8 cm \/ 380 ml: 9,5 \u00d7 9,8 cm \/ 500 ml: 11 \u00d7 10,5 cm<\/td>\n<\/tr>\n<tr style=\"height: 13.50pt;\">\n<td style=\"height: 13.50pt;\" height=\"18\">Material<\/td>\n<td>Klares Natronkalkglasgef\u00e4\u00df + Deckel aus geh\u00e4rtetem Glas<\/td>\n<\/tr>\n<tr style=\"height: 13.50pt;\">\n<td style=\"height: 13.50pt;\" height=\"18\">Geeignet f\u00fcr<\/td>\n<td>Glasgef\u00e4\u00df mit luftdichtem Deckel, Glasvorratsgl\u00e4ser<\/td>\n<\/tr>\n<\/tbody>\n<\/table>\n<h2>Erfolgsgeschichte: Die Erfolgsgeschichte eines Gourmetunternehmens im Einzelhandel<\/h2>\n<p>Ein Feinkosthersteller suchte nach einer Verpackung, die seine Produkte im Vergleich zu anderen Keksen und Snacks im Regal hervorheben w\u00fcrde. Deshalb entschied er sich f\u00fcr unsere 500-ml-Vorratsgl\u00e4ser aus Glas f\u00fcr seine Premium-Produktlinie. Der Verschluss spielte dabei die wichtigste Rolle \u2013 er verl\u00e4ngerte die Haltbarkeit der Backwaren um 40 %. Das beliebte, etwas rundliche Aussehen der Gl\u00e4ser wurde schnell mit der Marke assoziiert, wodurch die Spontank\u00e4ufe um 35 % stiegen. Angesichts dieses bemerkenswerten Erfolgs bestellte das Unternehmen weitere 300.000 Gl\u00e4ser, um seine Expansion in die nationale Einzelhandelskette fortzusetzen.<\/p>\n<h2>Anpassungsm\u00f6glichkeiten f\u00fcr Glasvorratsgl\u00e4ser<\/h2>\n<ul>\n<li>Oberfl\u00e4che in Mattglasoptik \u2013 Durch ein S\u00e4ure\u00e4tzverfahren entsteht ein edler, matter Look.<\/li>\n<li>Farbige Dichtungsringoptionen \u2013 Die Silikondichtungsringe sind in den Farben Ihrer Marke erh\u00e4ltlich.<\/li>\n<li>Kapazit\u00e4tsraster \u2013 N\u00fctzliche Graduierungen f\u00fcr eine bequeme Nachverfolgung der Nutzer.<\/li>\n<li>Individuelle Form \u2013 Ver\u00e4ndern Sie den Kr\u00fcmmungsgrad der \u201erunden\u201c Form, um ein anderes Markenimage zu pr\u00e4sentieren.<\/li>\n<li>Matte Beschichtung \u2013 Eine rundum Soft-Touch-Beschichtung f\u00fcr dauerhaften Halt und optischen Genuss.<\/li>\n<\/ul>\n<p>Wollen Sie Ihre Aufbewahrungsm\u00f6glichkeiten aufpeppen? Diese wundersch\u00f6nen Glasbeh\u00e4lter mit luftdichtem Deckel sind zum Gro\u00dfhandelspreis erh\u00e4ltlich, wenn Sie sich noch heute mit uns in Verbindung setzen.<\/p>","protected":false},"excerpt":{"rendered":"<p>Mit unseren Glasbeh\u00e4ltern mit luftdichtem Deckel halten Sie Ihre Vorr\u00e4te ordentlich. Die robusten und hygienischen Vorratsgl\u00e4ser sind in verschiedenen Gr\u00f6\u00dfen erh\u00e4ltlich und werden schnell geliefert.<\/p>","protected":false},"featured_media":24120,"template":"","meta":[],"product_brand":[],"product_cat":[122,134,124],"product_tag":[],"class_list":{"0":"post-24110","1":"product","2":"type-product","3":"status-publish","4":"has-post-thumbnail","6":"product_cat-custom-glass-packaging","7":"product_cat-airtight-jars","8":"product_cat-custom-glass-jars","10":"first","11":"instock","12":"shipping-taxable","13":"product-type-simple"},"jetpack_sharing_enabled":true,"_links":{"self":[{"href":"https:\/\/yebodaglass.com\/de\/wp-json\/wp\/v2\/product\/24110","targetHints":{"allow":["GET"]}}],"collection":[{"href":"https:\/\/yebodaglass.com\/de\/wp-json\/wp\/v2\/product"}],"about":[{"href":"https:\/\/yebodaglass.com\/de\/wp-json\/wp\/v2\/types\/product"}],"version-history":[{"count":4,"href":"https:\/\/yebodaglass.com\/de\/wp-json\/wp\/v2\/product\/24110\/revisions"}],"predecessor-version":[{"id":24188,"href":"https:\/\/yebodaglass.com\/de\/wp-json\/wp\/v2\/product\/24110\/revisions\/24188"}],"wp:featuredmedia":[{"embeddable":true,"href":"https:\/\/yebodaglass.com\/de\/wp-json\/wp\/v2\/media\/24120"}],"wp:attachment":[{"href":"https:\/\/yebodaglass.com\/de\/wp-json\/wp\/v2\/media?parent=24110"}],"wp:term":[{"taxonomy":"product_brand","embeddable":true,"href":"https:\/\/yebodaglass.com\/de\/wp-json\/wp\/v2\/product_brand?post=24110"},{"taxonomy":"product_cat","embeddable":true,"href":"https:\/\/yebodaglass.com\/de\/wp-json\/wp\/v2\/product_cat?post=24110"},{"taxonomy":"product_tag","embeddable":true,"href":"https:\/\/yebodaglass.com\/de\/wp-json\/wp\/v2\/product_tag?post=24110"}],"curies":[{"name":"wp","href":"https:\/\/api.w.org\/{rel}","templated":true}]}}