{"id":24100,"date":"2025-11-26T12:11:49","date_gmt":"2025-11-26T04:11:49","guid":{"rendered":"https:\/\/yebodaglass.com\/?post_type=product&#038;p=24100"},"modified":"2026-04-15T15:15:39","modified_gmt":"2026-04-15T07:15:39","slug":"bulk-food-storage-glass-jars-with-airtight-clamp-lids","status":"publish","type":"product","link":"https:\/\/yebodaglass.com\/de\/bulk-food-storage-glass-jars-with-airtight-clamp-lids\/","title":{"rendered":"Vorratsgl\u00e4ser f\u00fcr gr\u00f6\u00dfere Mengen Lebensmittel mit luftdichten B\u00fcgelverschl\u00fcssen, 80 ml \u2013 350 ml"},"content":{"rendered":"<p data-start=\"66\" data-end=\"288\">Die Aufbewahrungsgl\u00e4ser haben ein zylindrisches Design, bestehen aus transparentem Glas und sind mit traditionellen Edelstahl-Clipdeckeln ausgestattet, die mit starken Metallclips und Gummidichtungsringen einen vollst\u00e4ndig luftdichten Verschluss gew\u00e4hrleisten.<\/p>\n<h2>Produkteigenschaften<\/h2>\n<ul>\n<li><strong>Echter Siegelschutz:<\/strong> Der Schnappdeckel mit Gummidichtung verhindert vollst\u00e4ndig das Eindringen von Sauerstoff und Feuchtigkeit, sodass Kaffee, Mehl, Gew\u00fcrze oder Tee l\u00e4nger frisch bleiben.<\/li>\n<li><strong>Gro\u00dfe \u00d6ffnung f\u00fcr einfaches Bef\u00fcllen und Reinigen:<\/strong> Durch die weite \u00d6ffnung lassen sich die Gl\u00e4ser leicht sch\u00f6pfen, ausgie\u00dfen oder abwischen, wodurch sie benutzerfreundlicher sind.<\/li>\n<li><strong>Freundliches und langlebiges Leben mit diesen Gl\u00e4sern:<\/strong> Diese aus robustem Glas gefertigten Vorratsgl\u00e4ser sind sp\u00fclmaschinenfest und k\u00f6nnen daher nach jedem t\u00e4glichen Gebrauch schnell in der Waschmaschine gereinigt werden.<\/li>\n<\/ul>\n<h2 style=\"text-align: left;\">Wichtigste Spezifikationen<\/h2>\n<table class=\"aligncenter\" style=\"border-collapse: collapse; width: 807.02pt;\" border=\"0\" width=\"1076\" cellspacing=\"0\" cellpadding=\"0\">\n<tbody>\n<tr style=\"height: 13.50pt;\">\n<td style=\"height: 13.50pt; width: 99.75pt;\" width=\"133\" height=\"18\">Besonderheit<\/td>\n<td style=\"width: 707.25pt;\" width=\"943\">Details<\/td>\n<\/tr>\n<tr style=\"height: 13.50pt;\">\n<td style=\"height: 13.50pt;\" height=\"18\">Gr\u00f6\u00dfe und Kapazit\u00e4t<\/td>\n<td>80 ml: 6,1 \u00d7 7,3 cm \/ 100 ml: 6,3 \u00d7 7,1 cm \/ 150 ml: 7,5 \u00d7 7,2 cm \/ 180 ml: 7,9 \u00d7 8,1 cm \/ 200 ml: 7,6 \u00d7 8,2 cm \/ 220 ml: 7,6 \u00d7 9 cm \/ 300 ml: 7,8 \u00d7 10,3 cm \/ 350 ml: 9,2 \u00d7 9,7 cm<\/td>\n<\/tr>\n<tr style=\"height: 13.50pt;\">\n<td style=\"height: 13.50pt;\" height=\"18\">Material<\/td>\n<td>Klares Natronkalkglasgef\u00e4\u00df + Deckel aus geh\u00e4rtetem Glas<\/td>\n<\/tr>\n<tr style=\"height: 13.50pt;\">\n<td style=\"height: 13.50pt;\" height=\"18\">Geeignet f\u00fcr<\/td>\n<td>Vorratsgl\u00e4ser, Glasbeh\u00e4lter zur Aufbewahrung von Lebensmitteln<\/td>\n<\/tr>\n<\/tbody>\n<\/table>\n<h2>Erfolgsgeschichte: Eine Sonderbestellung einer nationalen Kaffeekette<\/h2>\n<p>Die amerikanische Kaffeekette entschied sich f\u00fcr unsere lebensmittelechten Glasbeh\u00e4lter, die sie mit Kupferclips und aufgedruckten R\u00f6stdaten individuell gestaltete, um ihre Kaffeebohnen aufzubewahren. Die individuell angepassten Glasbeh\u00e4lter erzielten hervorragende Ergebnisse: Sie verl\u00e4ngerten die Haltbarkeit der Kaffeebohnen im Vergleich zu abgepacktem Kaffee um 50 % und reduzierten die Bruchrate im Vergleich zu den vorherigen Beh\u00e4ltern um 60 %. Aufgrund der positiven Erfahrungen bestellte die Kette zus\u00e4tzlich 350.000 Beh\u00e4lter f\u00fcr ihre neue Teespezialit\u00e4ten-Produktlinie.<\/p>\n<h2>Anpassungsm\u00f6glichkeiten f\u00fcr Aufbewahrungsgl\u00e4ser<\/h2>\n<ul>\n<li>Individuelle Verschlussausf\u00fchrungen \u2013 Um dem Glas eine elit\u00e4re Ausstrahlung zu verleihen, kann man sich f\u00fcr Verschl\u00fcsse aus Kupfer, Gold oder Schwarz entscheiden.<\/li>\n<li>Die Silikondichtungen der Gl\u00e4ser sind in verschiedenen Farben lackiert \u2013 w\u00e4hlen Sie Dichtungen, die zu den Farben Ihrer Marke passen.<\/li>\n<li>Individuell gestaltete Glasformen \u2013 \u00c4ndern Sie die Glasform, um ihr ein unverwechselbares Aussehen zu verleihen.<\/li>\n<\/ul>","protected":false},"excerpt":{"rendered":"<p>Entdecken Sie hochwertige Vorratsgl\u00e4ser aus klarem, dickwandigem Glas. Unsere luftdichten Vorratsgl\u00e4ser sorgen f\u00fcr langanhaltende Frische Ihrer Lebensmittel und enthalten Gratisproben.<\/p>","protected":false},"featured_media":24101,"template":"","meta":[],"product_brand":[],"product_cat":[134,124,122],"product_tag":[],"class_list":{"0":"post-24100","1":"product","2":"type-product","3":"status-publish","4":"has-post-thumbnail","6":"product_cat-airtight-jars","7":"product_cat-custom-glass-jars","8":"product_cat-custom-glass-packaging","10":"first","11":"instock","12":"shipping-taxable","13":"product-type-simple"},"jetpack_sharing_enabled":true,"_links":{"self":[{"href":"https:\/\/yebodaglass.com\/de\/wp-json\/wp\/v2\/product\/24100","targetHints":{"allow":["GET"]}}],"collection":[{"href":"https:\/\/yebodaglass.com\/de\/wp-json\/wp\/v2\/product"}],"about":[{"href":"https:\/\/yebodaglass.com\/de\/wp-json\/wp\/v2\/types\/product"}],"version-history":[{"count":5,"href":"https:\/\/yebodaglass.com\/de\/wp-json\/wp\/v2\/product\/24100\/revisions"}],"predecessor-version":[{"id":25787,"href":"https:\/\/yebodaglass.com\/de\/wp-json\/wp\/v2\/product\/24100\/revisions\/25787"}],"wp:featuredmedia":[{"embeddable":true,"href":"https:\/\/yebodaglass.com\/de\/wp-json\/wp\/v2\/media\/24101"}],"wp:attachment":[{"href":"https:\/\/yebodaglass.com\/de\/wp-json\/wp\/v2\/media?parent=24100"}],"wp:term":[{"taxonomy":"product_brand","embeddable":true,"href":"https:\/\/yebodaglass.com\/de\/wp-json\/wp\/v2\/product_brand?post=24100"},{"taxonomy":"product_cat","embeddable":true,"href":"https:\/\/yebodaglass.com\/de\/wp-json\/wp\/v2\/product_cat?post=24100"},{"taxonomy":"product_tag","embeddable":true,"href":"https:\/\/yebodaglass.com\/de\/wp-json\/wp\/v2\/product_tag?post=24100"}],"curies":[{"name":"wp","href":"https:\/\/api.w.org\/{rel}","templated":true}]}}