{"id":24084,"date":"2025-11-26T11:40:59","date_gmt":"2025-11-26T03:40:59","guid":{"rendered":"https:\/\/yebodaglass.com\/?post_type=product&#038;p=24084"},"modified":"2026-03-12T18:03:24","modified_gmt":"2026-03-12T10:03:24","slug":"custom-design-water-bottles-with-silicone-sleeve","status":"publish","type":"product","link":"https:\/\/yebodaglass.com\/de\/custom-design-water-bottles-with-silicone-sleeve\/","title":{"rendered":"Individuell gestaltete Glaswasserflaschen mit Silikonh\u00fclle, 250 ml, 350 ml, 500 ml"},"content":{"rendered":"<p>Diese individuell gestalteten Wasserflaschen haben eine hohe, zylindrische Glasform mit schlankem Hals und glattem Korpus sowie einem sicheren Aluminiumverschluss. Dank ihres transparenten Materials wirken sie modern und sauber und eignen sich f\u00fcr S\u00e4fte, Tee, Milch, Smoothies und viele weitere Getr\u00e4nke. Die Flaschen sind handlich und praktisch gestaltet und eignen sich ideal f\u00fcr den t\u00e4glichen Gebrauch, Sport, Caf\u00e9s, Saftmarken und den Einzelhandel.<\/p>\n<p>Der auslaufsichere Deckel wird mit einem Gewinde verschlossen, was einen sicheren Transport erm\u00f6glicht. Silikonh\u00fclle und Trageschlaufe sind nur einige Beispiele f\u00fcr praktisches Zubeh\u00f6r, das den Transport der Flasche erleichtert und sie zu einem angenehmen Begleiter macht. Die wiederverwendbaren und umweltfreundlichen Glas-Trinkflaschen sind eine hervorragende M\u00f6glichkeit, ausreichend Fl\u00fcssigkeit zu sich zu nehmen und gleichzeitig Einwegplastik zu reduzieren.<\/p>\n<h2>Wichtigste Spezifikationen<\/h2>\n<table style=\"border-collapse: collapse; width: 80%; margin-left: auto; margin-right: auto;\" border=\"0\" width=\"868\" cellspacing=\"0\" cellpadding=\"0\">\n<tbody>\n<tr style=\"height: 13.50pt;\">\n<td style=\"height: 13.50pt; width: 138.00pt;\" width=\"184\" height=\"18\">Produkt<\/td>\n<td style=\"width: 513.00pt;\" width=\"684\">individuell gestaltete Wasserflasche<\/td>\n<\/tr>\n<tr style=\"height: 13.50pt;\">\n<td style=\"height: 13.50pt; width: 138.00pt;\" width=\"184\" height=\"18\">Kapazit\u00e4tsoptionen<\/td>\n<td style=\"width: 513.00pt;\" width=\"684\">250 ml \/ 350 ml \/ 500 ml<\/td>\n<\/tr>\n<tr style=\"height: 13.50pt;\">\n<td style=\"height: 13.50pt;\" height=\"18\">Flaschenmaterial<\/td>\n<td>Bleifreies Natronkalkglas<\/td>\n<\/tr>\n<tr style=\"height: 13.50pt;\">\n<td style=\"height: 13.50pt;\" height=\"18\">Deckelmaterial<\/td>\n<td>Aluminiumdeckel mit Dichtungseinlage<\/td>\n<\/tr>\n<tr style=\"height: 13.50pt;\">\n<td style=\"height: 13.50pt;\" height=\"18\">Flaschenm\u00fcndung<\/td>\n<td>30 mm Innendurchmesser<\/td>\n<\/tr>\n<tr style=\"height: 13.50pt;\">\n<td style=\"height: 13.50pt;\" height=\"18\">Struktur<\/td>\n<td>Schlanke zylindrische Glasflasche<\/td>\n<\/tr>\n<tr style=\"height: 13.50pt;\">\n<td style=\"height: 13.50pt;\" height=\"18\">Dichtungstyp<\/td>\n<td>Auslaufsicherer Schraubverschluss mit dickem Dichtungsring<\/td>\n<\/tr>\n<tr style=\"height: 13.50pt;\">\n<td style=\"height: 13.50pt;\" height=\"18\">Optionales Zubeh\u00f6r<\/td>\n<td>Silikonh\u00fclle, Trageschlaufe, Messmarkierungen<\/td>\n<\/tr>\n<tr style=\"height: 13.50pt;\">\n<td style=\"height: 13.50pt;\" height=\"18\">Benutzerdefinierte Optionen<\/td>\n<td>Logodruck, Flaschenfarbe, Deckelart, Silikonh\u00fclle, Verpackungskarton<\/td>\n<\/tr>\n<tr style=\"height: 13.50pt;\">\n<td style=\"height: 13.50pt;\" height=\"18\">Anwendungen<\/td>\n<td>S\u00e4fte, Teegetr\u00e4nke, Milch, Smoothies, wiederverwendbare Wassergl\u00e4ser<\/td>\n<\/tr>\n<\/tbody>\n<\/table>\n<h2>Produkt-Highlights<\/h2>\n<ol>\n<li><strong>Minimalistisches \/ Tragbares Design<\/strong>Die Trinkflasche ist schlank und leicht und passt daher in jede Sport- oder Pendlertasche. Sie ist somit die ideale Wahl, um die t\u00e4gliche Wasserzufuhr aufrechtzuerhalten.<\/li>\n<li><strong>Umweltfreundliche, wiederverwendbare L\u00f6sung<\/strong>Diese umweltfreundlichen und wiederverwendbaren Beh\u00e4lter helfen den Verbrauchern, sich auf nachhaltige Weise mit Fl\u00fcssigkeit zu versorgen und den Abfall von Plastikflaschen zu reduzieren.<\/li>\n<li><strong>Auslaufsicherer und sicherer Deckel<\/strong>Diese Flasche verf\u00fcgt \u00fcber einen d\u00fcnnen Silikondichtungsring mit Pr\u00e4zisionsgewinde, wodurch sie auch in Taschen oder Rucks\u00e4cken auslaufsicher ist.<\/li>\n<\/ol>\n<h2>Erfolgreicher B2B-Fall<\/h2>\n<p>Eine australische Marke f\u00fcr Gesundheitsgetr\u00e4nke hat uns als langfristigen Lieferanten f\u00fcr individuell gestaltete Wasserflaschenverpackungen f\u00fcr kaltgepresste S\u00e4fte ausgew\u00e4hlt.<\/p>\n<p>Das Unternehmen hatte 15.000 St\u00fcck 350-ml-Glaswasserflaschen mit Silikonh\u00fclle als neues Produkt bestellt. Ihr traditioneller Bedarf bestand aus:<\/p>\n<ul>\n<li>Logo auf der Glasflasche.<\/li>\n<li>UV-Schutz, bernsteinfarbene Flasche.<\/li>\n<li>Individuell gestalteter Aluminiumdeckel<\/li>\n<li>Markenverpackungen<\/li>\n<\/ul>\n<p>Die Produkteinf\u00fchrung war ein voller Erfolg, und die Flasche entwickelte sich zu einer der beliebtesten Glasflaschenverpackungen f\u00fcr S\u00e4fte im Einzelhandel. Innerhalb von acht Monaten gab die Marke eine zweite Gro\u00dfbestellung \u00fcber 25.000 Einheiten auf, was erneut die hohe Marktnachfrage nach umweltfreundlichen, wiederverwendbaren Getr\u00e4nkeverpackungen unterstreicht.<\/p>\n<h2>Individualisierungsempfehlungen f\u00fcr B2B-Anwendungen<\/h2>\n<ol>\n<li><strong>Saft- und Getr\u00e4nkemarken<\/strong>: Durch Hinzuf\u00fcgen einer Silikonh\u00fclle oder einer strukturierten Beschichtung l\u00e4sst sich eine Glaswasserflasche mit Silikon\u00fcberzug herstellen, was die Griffigkeit verbessert und die Markendifferenzierung erh\u00f6ht.<\/li>\n<li><strong>Einzelh\u00e4ndler f\u00fcr Fitness \/ Lifestyle<\/strong>: Mit Trageschlaufe und aufgedruckten Messmarkierungen, die Kunden daran erinnern, ihren t\u00e4glichen Wasserverbrauch zu \u00fcberwachen und w\u00e4hrend des Trainings ausreichend Fl\u00fcssigkeit zu sich zu nehmen.<\/li>\n<li><strong>Werbeartikel f\u00fcr Unternehmen<\/strong>Bieten Sie individuell gestaltete Wasserflaschen mit Logodruck und budgetfreundlicher Verpackung f\u00fcr Werbegeschenke oder Wellness-Kampagnen an.<\/li>\n<\/ol>\n<p>Als etablierter Hersteller von Glaswasserflaschen bieten wir Distributoren, Getr\u00e4nkemarken und Einzelh\u00e4ndlern weltweit zuverl\u00e4ssige Gro\u00dfhandelsdienstleistungen. Unsere Produktionsst\u00e4tte erm\u00f6glicht uns eine flexible Massenproduktion, und unsere Kunden haben damit hochwertige Glaswasserflaschen entwickelt, die Stil, Nachhaltigkeit und Leistung vereinen.<\/p>","protected":false},"excerpt":{"rendered":"<p>Individuell gestaltete Wasserflasche aus robustem Glas mit Silikonh\u00fclle. Umweltfreundliche Glaswasserflaschen f\u00fcr den Gro\u00dfhandel, auslaufsicher und wiederverwendbar f\u00fcr die t\u00e4gliche Fl\u00fcssigkeitszufuhr.<\/p>","protected":false},"featured_media":25425,"template":"","meta":[],"product_brand":[],"product_cat":[136,123,122],"product_tag":[],"class_list":{"0":"post-24084","1":"product","2":"type-product","3":"status-publish","4":"has-post-thumbnail","6":"product_cat-glass-water-bottles","7":"product_cat-custom-glass-bottles","8":"product_cat-custom-glass-packaging","10":"first","11":"instock","12":"shipping-taxable","13":"product-type-simple"},"jetpack_sharing_enabled":true,"_links":{"self":[{"href":"https:\/\/yebodaglass.com\/de\/wp-json\/wp\/v2\/product\/24084","targetHints":{"allow":["GET"]}}],"collection":[{"href":"https:\/\/yebodaglass.com\/de\/wp-json\/wp\/v2\/product"}],"about":[{"href":"https:\/\/yebodaglass.com\/de\/wp-json\/wp\/v2\/types\/product"}],"version-history":[{"count":5,"href":"https:\/\/yebodaglass.com\/de\/wp-json\/wp\/v2\/product\/24084\/revisions"}],"predecessor-version":[{"id":25427,"href":"https:\/\/yebodaglass.com\/de\/wp-json\/wp\/v2\/product\/24084\/revisions\/25427"}],"wp:featuredmedia":[{"embeddable":true,"href":"https:\/\/yebodaglass.com\/de\/wp-json\/wp\/v2\/media\/25425"}],"wp:attachment":[{"href":"https:\/\/yebodaglass.com\/de\/wp-json\/wp\/v2\/media?parent=24084"}],"wp:term":[{"taxonomy":"product_brand","embeddable":true,"href":"https:\/\/yebodaglass.com\/de\/wp-json\/wp\/v2\/product_brand?post=24084"},{"taxonomy":"product_cat","embeddable":true,"href":"https:\/\/yebodaglass.com\/de\/wp-json\/wp\/v2\/product_cat?post=24084"},{"taxonomy":"product_tag","embeddable":true,"href":"https:\/\/yebodaglass.com\/de\/wp-json\/wp\/v2\/product_tag?post=24084"}],"curies":[{"name":"wp","href":"https:\/\/api.w.org\/{rel}","templated":true}]}}