{"id":24080,"date":"2025-11-26T09:31:37","date_gmt":"2025-11-26T01:31:37","guid":{"rendered":"https:\/\/yebodaglass.com\/?post_type=product&#038;p=24080"},"modified":"2025-11-26T11:53:52","modified_gmt":"2025-11-26T03:53:52","slug":"wholesale-small-clear-glass-storage-jars-with-lids","status":"publish","type":"product","link":"https:\/\/yebodaglass.com\/de\/wholesale-small-clear-glass-storage-jars-with-lids\/","title":{"rendered":"Gro\u00dfhandel Kleine, durchsichtige Glasvorratsgl\u00e4ser mit Deckel 80 ml 100 ml 150 ml"},"content":{"rendered":"<p data-start=\"66\" data-end=\"288\">Es handelt sich um zylinderf\u00f6rmige Vorratsgl\u00e4ser aus transparentem Glas. Jedes Glas wird mit einem eleganten Schnappdeckel aus Metall geliefert.<\/p>\n<h2>Produkteigenschaften<\/h2>\n<ul>\n<li><strong>Transparentes Material:<\/strong> Die Gl\u00e4ser bestehen aus vollst\u00e4ndig transparentem Glas, wodurch Art und Menge des Inhalts deutlich erkennbar sind und man ihn somit leicht identifizieren kann, ohne den Deckel \u00f6ffnen zu m\u00fcssen.<\/li>\n<li><strong>Schnappverschluss-Dichtungsdesign:<\/strong> Der Beh\u00e4lter ist mit einem Metall-Schnappverschlussdeckel ausgestattet, der eine hervorragende Abdichtung gew\u00e4hrleistet und das Eindringen von Feuchtigkeit effektiv verhindert, wodurch die Frische erhalten bleibt. Das \u00d6ffnen und Schlie\u00dfen ist kinderleicht und schnell.<\/li>\n<li><strong>Kurze und stabile Bauweise:<\/strong> Der kurze, gedrungene und abgerundete Korpus der Gl\u00e4ser sorgt nicht nur f\u00fcr Stabilit\u00e4t und Langlebigkeit im Regal, sondern spart auch Platz bei der Aufbewahrung, wodurch sie sich f\u00fcr K\u00fcchen, Spinde und andere Orte eignen.<\/li>\n<\/ul>\n<h2 style=\"text-align: left;\">Wichtigste Spezifikationen<\/h2>\n<table class=\"aligncenter\" style=\"border-collapse: collapse; width: 519.77pt;\" border=\"0\" width=\"693\" cellspacing=\"0\" cellpadding=\"0\">\n<tbody>\n<tr style=\"height: 13.50pt;\">\n<td style=\"height: 13.50pt; width: 94.50pt;\" width=\"126\" height=\"18\">Besonderheit<\/td>\n<td style=\"width: 425.25pt;\" width=\"567\">Details<\/td>\n<\/tr>\n<tr style=\"height: 13.50pt;\">\n<td style=\"height: 13.50pt;\" height=\"18\">Ma\u00dfe<\/td>\n<td>80 ml: 6,1 \u00d7 7,3 cm \/ 100 ml: 6,3 \u00d7 7,1 cm \/ 150 ml: 7,5 \u00d7 7,2 cm<\/td>\n<\/tr>\n<tr style=\"height: 13.50pt;\">\n<td style=\"height: 13.50pt;\" height=\"18\">Material<\/td>\n<td>Klares Natronkalkglasgef\u00e4\u00df + Deckel aus geh\u00e4rtetem Glas<\/td>\n<\/tr>\n<tr style=\"height: 13.50pt;\">\n<td style=\"height: 13.50pt;\" height=\"18\">Dichtungstyp<\/td>\n<td>Drahtclip-Befestigung mit luftdichten Deckeln<\/td>\n<\/tr>\n<tr style=\"height: 13.50pt;\">\n<td style=\"height: 13.50pt;\" height=\"18\">Geeignet f\u00fcr<\/td>\n<td>Glasvorratsglas, Lebensmittelvorratsglas<\/td>\n<\/tr>\n<\/tbody>\n<\/table>\n<h2>Erfolgsgeschichte: Lagermodernisierung einer Lebensmittelmarke<\/h2>\n<p>Ein Feinkosthersteller suchte nach kleinen, verschlie\u00dfbaren Glasbeh\u00e4ltern f\u00fcr seine hochwertigen Gew\u00fcrzmischungen. Die Wahl fiel schlie\u00dflich auf unsere 150-ml-Glasbeh\u00e4lter. Dank der hervorragenden Abdichtung der Schnappdeckel, die die Gew\u00fcrze \u00fcber 12 Monate lang frisch hielten, stieg die Kundenzufriedenheit um 35 %. Die Kunden konnten die leuchtenden Farben der Gew\u00fcrze durch die gekauften Glasbeh\u00e4lter deutlich erkennen, was zu einem Umsatzplus von 20 % im station\u00e4ren Handel f\u00fchrte. Das Unternehmen war so zufrieden, dass es eine weitere Gro\u00dfbestellung \u00fcber 200.000 Beh\u00e4lter aufgab, um sein Gesch\u00e4ft auf neue Einzelhandelsm\u00e4rkte auszuweiten.<\/p>\n<h2>Individuelle L\u00f6sungen f\u00fcr Glasvorratsgl\u00e4ser<\/h2>\n<ul>\n<li>Siebgedruckte Etiketten \u2013 Durch die Anwendung eines permanenten Keramikdruckverfahrens wird eine visuell beeindruckende Markenidentit\u00e4t geschaffen.<\/li>\n<li>Milchglas-Effekt \u2013 Erzielen Sie ein edles, mattes Finish durch die Anwendung eines S\u00e4ure\u00e4tzverfahrens.<\/li>\n<li>Kapazit\u00e4tsmarkierungen \u2013 Erleichtern Sie die Navigation f\u00fcr den Benutzer durch das Hinzuf\u00fcgen von gepr\u00e4gten oder gedruckten Graduierungen.<\/li>\n<li>Individuelle Glasformen \u2013 Schon eine kleine \u00c4nderung der Kontur sorgt f\u00fcr ein einzigartiges Aussehen.<\/li>\n<\/ul>\n<p>Wenn Sie eine Anpassung f\u00fcr einen bestimmten Markt ben\u00f6tigen oder eine Preisliste basierend auf der Kapazit\u00e4t hinzuf\u00fcgen m\u00f6chten, z\u00f6gern Sie nicht, sich mit uns in Verbindung zu setzen.<\/p>","protected":false},"excerpt":{"rendered":"<p>Unser rundes Vorratsglas aus Glas bietet luftdichten Verschluss f\u00fcr Gew\u00fcrze, Snacks und Bastelmaterialien. Hochwertige Vorratsgl\u00e4ser mit Deckel, sofort lieferbar, schneller Versand.<\/p>","protected":false},"featured_media":24093,"template":"","meta":[],"product_brand":[],"product_cat":[122,134,124],"product_tag":[],"class_list":{"0":"post-24080","1":"product","2":"type-product","3":"status-publish","4":"has-post-thumbnail","6":"product_cat-custom-glass-packaging","7":"product_cat-airtight-jars","8":"product_cat-custom-glass-jars","10":"first","11":"instock","12":"shipping-taxable","13":"product-type-simple"},"jetpack_sharing_enabled":true,"_links":{"self":[{"href":"https:\/\/yebodaglass.com\/de\/wp-json\/wp\/v2\/product\/24080","targetHints":{"allow":["GET"]}}],"collection":[{"href":"https:\/\/yebodaglass.com\/de\/wp-json\/wp\/v2\/product"}],"about":[{"href":"https:\/\/yebodaglass.com\/de\/wp-json\/wp\/v2\/types\/product"}],"version-history":[{"count":3,"href":"https:\/\/yebodaglass.com\/de\/wp-json\/wp\/v2\/product\/24080\/revisions"}],"predecessor-version":[{"id":24098,"href":"https:\/\/yebodaglass.com\/de\/wp-json\/wp\/v2\/product\/24080\/revisions\/24098"}],"wp:featuredmedia":[{"embeddable":true,"href":"https:\/\/yebodaglass.com\/de\/wp-json\/wp\/v2\/media\/24093"}],"wp:attachment":[{"href":"https:\/\/yebodaglass.com\/de\/wp-json\/wp\/v2\/media?parent=24080"}],"wp:term":[{"taxonomy":"product_brand","embeddable":true,"href":"https:\/\/yebodaglass.com\/de\/wp-json\/wp\/v2\/product_brand?post=24080"},{"taxonomy":"product_cat","embeddable":true,"href":"https:\/\/yebodaglass.com\/de\/wp-json\/wp\/v2\/product_cat?post=24080"},{"taxonomy":"product_tag","embeddable":true,"href":"https:\/\/yebodaglass.com\/de\/wp-json\/wp\/v2\/product_tag?post=24080"}],"curies":[{"name":"wp","href":"https:\/\/api.w.org\/{rel}","templated":true}]}}