{"id":24044,"date":"2025-11-24T16:02:34","date_gmt":"2025-11-24T08:02:34","guid":{"rendered":"https:\/\/yebodaglass.com\/?post_type=product&#038;p=24044"},"modified":"2025-11-24T17:34:31","modified_gmt":"2025-11-24T09:34:31","slug":"vintage-spice-jars-with-wooden-lids-wholesale","status":"publish","type":"product","link":"https:\/\/yebodaglass.com\/de\/vintage-spice-jars-with-wooden-lids-wholesale\/","title":{"rendered":"Vintage-Gew\u00fcrzgl\u00e4ser mit Holzdeckel, Gro\u00dfhandel, 410 ml"},"content":{"rendered":"<p>Sie haben genug von alten Gew\u00fcrzgl\u00e4sern, die ihre Gew\u00fcrze nicht frisch halten? Wir fertigen Gew\u00fcrzgl\u00e4ser im Vintage-Stil \u2013 mit Holzdeckel f\u00fcr einen authentischen Vintage-Look. Diese Gew\u00fcrzgl\u00e4ser-Sets machen Ihre Gew\u00fcrzaufbewahrung zum Blickfang f\u00fcr Ihre Marke. Bei gr\u00f6\u00dferen Bestellmengen erhalten Sie individuelle Holzoberfl\u00e4chen, die perfekt zu Ihrem Etikett passen.<\/p>\n<h2>Produkteigenschaften<\/h2>\n<p><strong>Vintage-Texturdesign<\/strong><\/p>\n<p>Mattiertes Glas mit erhabenem Muster \u2013 wie geschaffen f\u00fcr Gew\u00fcrze.<\/p>\n<p><strong>Holzdeckeldichtung<\/strong><\/p>\n<p>Der Holzdeckel sorgt f\u00fcr einen luftdichten Verschluss \u2013 so bleiben die Gew\u00fcrze frisch.<\/p>\n<p><strong>Vielseitiges Fassungsverm\u00f6gen von 410 ml<\/strong><\/p>\n<p>Kann alle Arten von Gew\u00fcrzen aufnehmen \u2013 perfekt f\u00fcr Gro\u00dfeink\u00e4ufe und Gro\u00dfhandelsk\u00e4ufe.<\/p>\n<h2>Wichtigste Spezifikationen<\/h2>\n<table style=\"border-collapse: collapse; width: 80%; margin-left: auto; margin-right: auto;\" border=\"0\" width=\"216\" cellspacing=\"0\" cellpadding=\"0\">\n<tbody>\n<tr style=\"height: 13.50pt;\">\n<td style=\"height: 13.5pt; width: 54pt; text-align: center;\" width=\"72\" height=\"18\">Kapazit\u00e4t<\/td>\n<td style=\"width: 54pt; text-align: center;\" width=\"72\">Gr\u00f6\u00dfe (cm)<\/td>\n<td style=\"width: 54pt; text-align: center;\" width=\"72\">Zubeh\u00f6r<\/td>\n<\/tr>\n<tr style=\"height: 13.50pt;\">\n<td style=\"height: 13.5pt; text-align: center;\" height=\"18\">410 ml<\/td>\n<td style=\"text-align: center;\">8,6 x 10,5<\/td>\n<td style=\"text-align: center;\">Holzl\u00f6ffel<\/td>\n<\/tr>\n<\/tbody>\n<\/table>\n<h2>Erfolgsbeispiel<\/h2>\n<p>Eine hochwertige Gew\u00fcrzmarke aus Vancouver hatte aufgrund der schwankenden Produktqualit\u00e4t lange Zeit mit Schwierigkeiten zu k\u00e4mpfen, da sie im Handel kaum wahrgenommen wurde. Sie entschied sich f\u00fcr Vintage-Gew\u00fcrzgl\u00e4ser mit Holzdeckel und passendem L\u00f6ffelset. Durch die Verwendung unserer gepr\u00e4gten Textur, des dunklen Holzdeckels und der individuellen Gr\u00f6\u00dfenoptionen konnte eine Markenidentit\u00e4t geschaffen werden, die nat\u00fcrlicher und handgefertigt wirkt.<\/p>\n<p>In den ersten drei Monaten nach der Produkteinf\u00fchrung zeigte sich eine deutliche Ver\u00e4nderung im Kundenfeedback, wobei sich insbesondere das beigef\u00fcgte Geschenkset sehr gut verkaufte. Der Gesamtumsatz stieg im Vergleich zur vorherigen Verpackung um rund 28 %.<\/p>\n<h2>Ihr individuelles Anpassungshandbuch<\/h2>\n<ol>\n<li><strong>Anpassbare Holzdeckel:<\/strong>W\u00e4hlen Sie f\u00fcr Ihre Deckel Materialien wie Walnuss, Bambus oder Eiche und entscheiden Sie sich f\u00fcr die Farbe und Textur, die am besten zum nat\u00fcrlichen oder luxuri\u00f6sen Aspekt Ihrer Marke passen.<\/li>\n<li><strong>Glaspr\u00e4gung und strukturierte Oberfl\u00e4chen:<\/strong>Bieten Sie Ihren Kunden Rauten-, Wellen- oder Vintage-Karomuster oder ein individuell gepr\u00e4gtes Logo an, um Ihre Marke wiedererkennbarer zu machen.<\/li>\n<li><strong>Kapazit\u00e4ts- und Halsdesignoptionen:<\/strong>Sie k\u00f6nnen entweder das Volumen des Glases aus 100 ml, 150 ml und 250 ml w\u00e4hlen oder Sie k\u00f6nnen die Halsgr\u00f6\u00dfe so anpassen, dass der L\u00f6ffel oder der Deckel mit dem Sieb passt.<\/li>\n<\/ol>","protected":false},"excerpt":{"rendered":"<p>Dieses von Vintage-Gew\u00fcrzgl\u00e4sern inspirierte Gew\u00fcrzset bietet den Charme eines Gew\u00fcrzglassets und ist ideal f\u00fcr alle, die eine stilvolle und individuell anpassbare Aufbewahrungsm\u00f6glichkeit f\u00fcr ihre Gew\u00fcrze suchen.<\/p>","protected":false},"featured_media":24059,"template":"","meta":[],"product_brand":[],"product_cat":[128,124,122],"product_tag":[],"class_list":{"0":"post-24044","1":"product","2":"type-product","3":"status-publish","4":"has-post-thumbnail","6":"product_cat-spice-jars","7":"product_cat-custom-glass-jars","8":"product_cat-custom-glass-packaging","10":"first","11":"instock","12":"shipping-taxable","13":"product-type-simple"},"jetpack_sharing_enabled":true,"_links":{"self":[{"href":"https:\/\/yebodaglass.com\/de\/wp-json\/wp\/v2\/product\/24044","targetHints":{"allow":["GET"]}}],"collection":[{"href":"https:\/\/yebodaglass.com\/de\/wp-json\/wp\/v2\/product"}],"about":[{"href":"https:\/\/yebodaglass.com\/de\/wp-json\/wp\/v2\/types\/product"}],"version-history":[{"count":5,"href":"https:\/\/yebodaglass.com\/de\/wp-json\/wp\/v2\/product\/24044\/revisions"}],"predecessor-version":[{"id":24060,"href":"https:\/\/yebodaglass.com\/de\/wp-json\/wp\/v2\/product\/24044\/revisions\/24060"}],"wp:featuredmedia":[{"embeddable":true,"href":"https:\/\/yebodaglass.com\/de\/wp-json\/wp\/v2\/media\/24059"}],"wp:attachment":[{"href":"https:\/\/yebodaglass.com\/de\/wp-json\/wp\/v2\/media?parent=24044"}],"wp:term":[{"taxonomy":"product_brand","embeddable":true,"href":"https:\/\/yebodaglass.com\/de\/wp-json\/wp\/v2\/product_brand?post=24044"},{"taxonomy":"product_cat","embeddable":true,"href":"https:\/\/yebodaglass.com\/de\/wp-json\/wp\/v2\/product_cat?post=24044"},{"taxonomy":"product_tag","embeddable":true,"href":"https:\/\/yebodaglass.com\/de\/wp-json\/wp\/v2\/product_tag?post=24044"}],"curies":[{"name":"wp","href":"https:\/\/api.w.org\/{rel}","templated":true}]}}