{"id":24035,"date":"2025-11-24T14:21:56","date_gmt":"2025-11-24T06:21:56","guid":{"rendered":"https:\/\/yebodaglass.com\/?post_type=product&#038;p=24035"},"modified":"2025-11-24T17:30:11","modified_gmt":"2025-11-24T09:30:11","slug":"custom-vintage-pickle-jar-with-lids-wholesale","status":"publish","type":"product","link":"https:\/\/yebodaglass.com\/de\/custom-vintage-pickle-jar-with-lids-wholesale\/","title":{"rendered":"50 ml \u2013 380 ml Individuell gestaltete Vintage-Gurkengl\u00e4ser mit Deckeln \u2013 Gro\u00dfhandel"},"content":{"rendered":"<p>Sie haben genug von Gurkengl\u00e4sern, die Ihre Gurken ausbleichen lassen? Wir fertigen Gurkengl\u00e4ser im Vintage-Stil \u2013 mit rot-wei\u00dfem Deckel f\u00fcr sofortige Nostalgie. Diese Gl\u00e4ser mit eingelegten Zwiebeln machen Ihre Vorratskammer zum Blickfang f\u00fcr Ihre Marke. Bei Gro\u00dfbestellungen erhalten Sie individuelle Gr\u00f6\u00dfen, passend zu Ihrem Etikett.<\/p>\n<h2>Produkteigenschaften<\/h2>\n<p><strong>Klassischer Retro-Look<\/strong><\/p>\n<p>Mit seinem karierten Retro-Schraubverschluss wertet dieser Artikel optisch auf und passt perfekt zu handwerklich hergestellten Lebensmitteln, landwirtschaftlichen Verarbeitungsbetrieben und Marken-Geschenksets.<\/p>\n<p><strong>Verschiedene Gr\u00f6\u00dfen verf\u00fcgbar<\/strong><\/p>\n<p>Die Produktlinie ist in der Lage, die Verpackungsbed\u00fcrfnisse von Gro\u00dfh\u00e4ndlern und Lebensmittelbetrieben f\u00fcr die verschiedenen Arten von eingelegten Produkten durch die Bandbreite an Gr\u00f6\u00dfen vom kleinen Probierglas bis zur gro\u00dfen Familienpackung zu erf\u00fcllen.<\/p>\n<p><strong>Hohe Hitze- und S\u00e4urebest\u00e4ndigkeit<\/strong><\/p>\n<p>Das Glas eignet sich zum Einlegen von Gem\u00fcse in verschiedenen Fl\u00fcssigkeiten wie Essig, Chili\u00f6l und Zuckersirup und ist geruchs- und korrosionsbest\u00e4ndig, wodurch eine sichere Aufbewahrung \u00fcber einen langen Zeitraum gew\u00e4hrleistet wird.<\/p>\n<h2>Wichtigste Spezifikationen<\/h2>\n<table style=\"border-collapse: collapse; width: 80%; margin-left: auto; margin-right: auto;\" border=\"0\" width=\"288\" cellspacing=\"0\" cellpadding=\"0\">\n<tbody>\n<tr style=\"height: 13.50pt;\">\n<td style=\"height: 13.5pt; width: 54pt; text-align: center;\" width=\"72\" height=\"18\">Fassungsverm\u00f6gen (ml)<\/td>\n<td style=\"width: 54pt; text-align: center;\" width=\"72\">Gr\u00f6\u00dfe (cm)<\/td>\n<td style=\"width: 54pt; text-align: center;\" width=\"72\">Verwendung<\/td>\n<td style=\"width: 54pt; text-align: center;\" width=\"72\">Deckel<\/td>\n<\/tr>\n<tr style=\"height: 13.50pt;\">\n<td style=\"height: 13.5pt; text-align: center;\" align=\"right\" height=\"18\">50<\/td>\n<td style=\"text-align: center;\">4.4 * 5.5<\/td>\n<td class=\"et2\" style=\"text-align: center;\" rowspan=\"6\">Marmelade, Essiggurken, Honig<\/td>\n<td class=\"et2\" style=\"text-align: center;\" rowspan=\"6\">Blechdeckel<\/td>\n<\/tr>\n<tr style=\"height: 13.50pt;\">\n<td style=\"height: 13.5pt; text-align: center;\" align=\"right\" height=\"18\">100<\/td>\n<td style=\"text-align: center;\">5.9 * 6.4<\/td>\n<\/tr>\n<tr style=\"height: 13.50pt;\">\n<td style=\"height: 13.5pt; text-align: center;\" align=\"right\" height=\"18\">150<\/td>\n<td style=\"text-align: center;\">6.5 * 6.8<\/td>\n<\/tr>\n<tr style=\"height: 13.50pt;\">\n<td style=\"height: 13.5pt; text-align: center;\" align=\"right\" height=\"18\">200<\/td>\n<td style=\"text-align: center;\">6.5 * 8.5<\/td>\n<\/tr>\n<tr style=\"height: 13.50pt;\">\n<td style=\"height: 13.5pt; text-align: center;\" align=\"right\" height=\"18\">250<\/td>\n<td style=\"text-align: center;\">7.5 * 9.7<\/td>\n<\/tr>\n<tr style=\"height: 13.50pt;\">\n<td style=\"height: 13.5pt; text-align: center;\" align=\"right\" height=\"18\">380<\/td>\n<td style=\"text-align: center;\">8.4 * 11.5<\/td>\n<\/tr>\n<\/tbody>\n<\/table>\n<h2>Erfolgsbeispiel<\/h2>\n<p>Ein Unternehmen, das in der Verarbeitung polnischer Agrarprodukte t\u00e4tig ist, wandte sich mit der Herausforderung an uns, eine Verpackung zu entwickeln, die nicht nur den traditionellen, heimeligen Stil widerspiegelt, sondern auch die Markenpr\u00e4senz in Superm\u00e4rkten steigert. Unser Vorschlag war ein altmodisches Gurkenglas mit einem nostalgischen karierten Deckel. Wir passten Gr\u00f6\u00dfe und Farbe des Deckels f\u00fcr die beiden Produktlinien \u2013 eingelegte Zwiebeln und gemischtes Gem\u00fcse \u2013 an.<\/p>\n<p>Nach der ersten Charge eingelegter Zwiebeln in Gl\u00e4sern durch lokale Supermarktketten wurde innerhalb von nur zwei Monaten ein Umsatzwachstum von 35 % verzeichnet, was auf ihr attraktives Aussehen und ihre gute Dichtigkeit zur\u00fcckzuf\u00fchren ist.<\/p>\n<h2>Ihr individuelles Anpassungshandbuch<\/h2>\n<ol>\n<li><strong>Gestalten Sie das Deckeldesign pers\u00f6nlicher:<\/strong> Platzieren Sie Ihr Firmenlogo, eine Rahmenstruktur oder Farbbl\u00f6cke des ausgew\u00e4hlten Themas zusammen mit dem klassischen rot-wei\u00dfen Karomuster auf dem Deckel, um ihn zu einem einzigartigen Erkennungsmerkmal zu machen.<\/li>\n<li><strong>Versch\u00f6nern Sie den Stoff des Etiketts:<\/strong> W\u00e4hlen Sie mattes Papier, oleophobes Synthetikpapier oder Metallic-Etiketten, um Ihrem Produkt einen edleren oder \u201erustikalen Retro\u201c-Look und eine ansprechendere Textur zu verleihen.<\/li>\n<\/ol>","protected":false},"excerpt":{"rendered":"<p>Vintage-Gurkenglas mit Deckel, ideal zum Einlegen von Zwiebeln. Direkt vom Hersteller, individuelle Anpassung m\u00f6glich. Sofort lieferbar.<\/p>","protected":false},"featured_media":24036,"template":"","meta":[],"product_brand":[],"product_cat":[122,124,133],"product_tag":[],"class_list":{"0":"post-24035","1":"product","2":"type-product","3":"status-publish","4":"has-post-thumbnail","6":"product_cat-custom-glass-packaging","7":"product_cat-custom-glass-jars","8":"product_cat-pickle-jars","10":"first","11":"instock","12":"shipping-taxable","13":"product-type-simple"},"jetpack_sharing_enabled":true,"_links":{"self":[{"href":"https:\/\/yebodaglass.com\/de\/wp-json\/wp\/v2\/product\/24035","targetHints":{"allow":["GET"]}}],"collection":[{"href":"https:\/\/yebodaglass.com\/de\/wp-json\/wp\/v2\/product"}],"about":[{"href":"https:\/\/yebodaglass.com\/de\/wp-json\/wp\/v2\/types\/product"}],"version-history":[{"count":5,"href":"https:\/\/yebodaglass.com\/de\/wp-json\/wp\/v2\/product\/24035\/revisions"}],"predecessor-version":[{"id":24054,"href":"https:\/\/yebodaglass.com\/de\/wp-json\/wp\/v2\/product\/24035\/revisions\/24054"}],"wp:featuredmedia":[{"embeddable":true,"href":"https:\/\/yebodaglass.com\/de\/wp-json\/wp\/v2\/media\/24036"}],"wp:attachment":[{"href":"https:\/\/yebodaglass.com\/de\/wp-json\/wp\/v2\/media?parent=24035"}],"wp:term":[{"taxonomy":"product_brand","embeddable":true,"href":"https:\/\/yebodaglass.com\/de\/wp-json\/wp\/v2\/product_brand?post=24035"},{"taxonomy":"product_cat","embeddable":true,"href":"https:\/\/yebodaglass.com\/de\/wp-json\/wp\/v2\/product_cat?post=24035"},{"taxonomy":"product_tag","embeddable":true,"href":"https:\/\/yebodaglass.com\/de\/wp-json\/wp\/v2\/product_tag?post=24035"}],"curies":[{"name":"wp","href":"https:\/\/api.w.org\/{rel}","templated":true}]}}