{"id":24010,"date":"2025-11-21T14:34:47","date_gmt":"2025-11-21T06:34:47","guid":{"rendered":"https:\/\/yebodaglass.com\/?post_type=product&#038;p=24010"},"modified":"2025-11-21T14:52:06","modified_gmt":"2025-11-21T06:52:06","slug":"glass-pickle-jars-wholesale-with-high-top-lids","status":"publish","type":"product","link":"https:\/\/yebodaglass.com\/de\/glass-pickle-jars-wholesale-with-high-top-lids\/","title":{"rendered":"100 ml \u2013 750 ml Glas-Gurkengl\u00e4ser mit hohem Deckel im Gro\u00dfhandel"},"content":{"rendered":"<p>Sie haben genug von auslaufenden oder Ihre Gurken verf\u00e4rbenden Gurkengl\u00e4sern? Wir produzieren Gurkengl\u00e4ser aus Glas im Gro\u00dfhandel \u2013 Schluss mit unsch\u00f6nen Lake-Flecken! Mit diesen Gl\u00e4sern wird Ihre Vorratskammer zum echten Hingucker. Bei Gro\u00dfbestellungen erhalten Sie individuelle Gr\u00f6\u00dfen passend zu Ihrer Marke.<\/p>\n<h2>Produkteigenschaften<\/h2>\n<p><strong>Metalldeckeldichtung f\u00fcr hohe Deckel<\/strong><\/p>\n<p>Durch den Metalldeckel bleiben Lake und Aroma eingeschlossen \u2013 die Gurken bleiben frisch, kein Verderben, niemals.<\/p>\n<p><strong>Kristallklare Sicht durch Glas<\/strong><\/p>\n<p>Erleben Sie die frischesten Dill-Schmieden \u2013 Ihre Glasbeh\u00e4lter geben Ihren Kunden sofortiges Vertrauen.<\/p>\n<p><strong>Mehrere Kapazit\u00e4tsoptionen<\/strong><\/p>\n<p>Von 100 ml bis 220 ml k\u00f6nnen kleine Mengen oder gro\u00dfe Mengen abgedeckt werden.<\/p>\n<h2>Wichtigste Spezifikationen<\/h2>\n<table style=\"border-collapse: collapse; width: 80%; margin-left: auto; margin-right: auto;\" border=\"0\" width=\"216\" cellspacing=\"0\" cellpadding=\"0\">\n<tbody>\n<tr style=\"height: 13.50pt;\">\n<td style=\"height: 13.5pt; width: 54pt; text-align: center;\" width=\"72\" height=\"18\">Fassungsverm\u00f6gen (ml)<\/td>\n<td style=\"width: 54pt; text-align: center;\" width=\"72\">Gr\u00f6\u00dfe (cm)<\/td>\n<td style=\"width: 54pt; text-align: center;\" width=\"72\">Deckel<\/td>\n<\/tr>\n<tr style=\"height: 13.50pt;\">\n<td style=\"height: 13.5pt; text-align: center;\" align=\"right\" height=\"18\">100<\/td>\n<td style=\"text-align: center;\">6,2 x 6,8<\/td>\n<td class=\"et2\" style=\"text-align: center;\" rowspan=\"7\">Hohe Metalldeckel<\/td>\n<\/tr>\n<tr style=\"height: 13.50pt;\">\n<td style=\"height: 13.5pt; text-align: center;\" align=\"right\" height=\"18\">150 \/ 5oz<\/td>\n<td style=\"text-align: center;\">7,5 x 6,6<\/td>\n<\/tr>\n<tr style=\"height: 13.50pt;\">\n<td style=\"height: 13.5pt; text-align: center;\" align=\"right\" height=\"18\">180 \/ 6oz<\/td>\n<td style=\"text-align: center;\">7,3 x 7,8<\/td>\n<\/tr>\n<tr style=\"height: 13.50pt;\">\n<td style=\"height: 13.5pt; text-align: center;\" align=\"right\" height=\"18\">220<\/td>\n<td style=\"text-align: center;\">6,6 x 10,6<\/td>\n<\/tr>\n<tr style=\"height: 13.50pt;\">\n<td style=\"height: 13.5pt; text-align: center;\" align=\"right\" height=\"18\">380<\/td>\n<td style=\"text-align: center;\">7,5 x 12,5<\/td>\n<\/tr>\n<tr style=\"height: 13.50pt;\">\n<td style=\"height: 13.5pt; text-align: center;\" align=\"right\" height=\"18\">500<\/td>\n<td style=\"text-align: center;\">7,5 x 14,9<\/td>\n<\/tr>\n<tr style=\"height: 13.50pt;\">\n<td style=\"height: 13.5pt; text-align: center;\" align=\"right\" height=\"18\">750 \/ 25oz<\/td>\n<td style=\"text-align: center;\">8,6 x 17,5<\/td>\n<\/tr>\n<\/tbody>\n<\/table>\n<h2>Erfolgsgeschichte<\/h2>\n<p>Eine westkanadische Marke f\u00fcr eingelegtes Gem\u00fcse beauftragte uns mit der \u00dcberarbeitung ihrer Produktlinie und entschied sich f\u00fcr dieses hohe Glas-Einmachglas. Ihr neues Sortiment umfasste verschiedene eingelegte Gem\u00fcsesorten und Laken, und die alte Verpackung war oft undicht und wurde beim Transport besch\u00e4digt. Wir lieferten ihnen ein Glas mit dickeren W\u00e4nden und einem stabileren Deckel.<\/p>\n<p>Als Ergebnis konnte die Abdichtung des neuen Glasgurkenglases verbessert werden, und der Absatz des neuen Produkts stieg innerhalb von drei Monaten um fast 30 %.<\/p>\n<h2>Ihr individuelles Anpassungshandbuch<\/h2>\n<ol>\n<li><strong>Unterst\u00fctzt mehrere Kappenarten:<\/strong> Neben dem einfachen hohen Verschluss k\u00f6nnen auch dichtungsverst\u00e4rkte Verschl\u00fcsse oder Verschl\u00fcsse aus verschiedenen Materialien zur Auswahl stehen, wodurch ein harmonischerer Stil und eine bessere Kompatibilit\u00e4t mit automatisierten Verschlie\u00dfanlagen erreicht werden.<\/li>\n<li><strong>Mattierter Etikettenbereich:<\/strong> Der Beh\u00e4lter kann mattiert oder mit einer leicht rutschfesten Textur versehen sein, was das Aufbringen der Etiketten erleichtert und die Gesamtqualit\u00e4t der Verpackung verbessert.<\/li>\n<li><strong>Farbiges Glas Ihrer Wahl f\u00fcr gr\u00f6\u00dfere Bestellmengen:<\/strong> Bernsteinfarbenes, gr\u00fcnes oder anders get\u00f6ntes Glas kann nicht nur zur Verbesserung der Schutzeigenschaften lichtempfindlicher Produkte, sondern auch zur St\u00e4rkung der Marke verwendet werden.<\/li>\n<\/ol>","protected":false},"excerpt":{"rendered":"<p>Gurkengl\u00e4ser aus Glas im Gro\u00dfhandel mit hochschlie\u00dfendem Deckel, ideal f\u00fcr Marken, die eine Gurkenglasl\u00f6sung in gro\u00dfen Mengen ben\u00f6tigen, Direktlieferung ab Werk und individuelle Anpassungsm\u00f6glichkeiten.<\/p>","protected":false},"featured_media":24020,"template":"","meta":[],"product_brand":[],"product_cat":[122,124,133],"product_tag":[],"class_list":{"0":"post-24010","1":"product","2":"type-product","3":"status-publish","4":"has-post-thumbnail","6":"product_cat-custom-glass-packaging","7":"product_cat-custom-glass-jars","8":"product_cat-pickle-jars","10":"first","11":"instock","12":"shipping-taxable","13":"product-type-simple"},"jetpack_sharing_enabled":true,"_links":{"self":[{"href":"https:\/\/yebodaglass.com\/de\/wp-json\/wp\/v2\/product\/24010","targetHints":{"allow":["GET"]}}],"collection":[{"href":"https:\/\/yebodaglass.com\/de\/wp-json\/wp\/v2\/product"}],"about":[{"href":"https:\/\/yebodaglass.com\/de\/wp-json\/wp\/v2\/types\/product"}],"version-history":[{"count":5,"href":"https:\/\/yebodaglass.com\/de\/wp-json\/wp\/v2\/product\/24010\/revisions"}],"predecessor-version":[{"id":24021,"href":"https:\/\/yebodaglass.com\/de\/wp-json\/wp\/v2\/product\/24010\/revisions\/24021"}],"wp:featuredmedia":[{"embeddable":true,"href":"https:\/\/yebodaglass.com\/de\/wp-json\/wp\/v2\/media\/24020"}],"wp:attachment":[{"href":"https:\/\/yebodaglass.com\/de\/wp-json\/wp\/v2\/media?parent=24010"}],"wp:term":[{"taxonomy":"product_brand","embeddable":true,"href":"https:\/\/yebodaglass.com\/de\/wp-json\/wp\/v2\/product_brand?post=24010"},{"taxonomy":"product_cat","embeddable":true,"href":"https:\/\/yebodaglass.com\/de\/wp-json\/wp\/v2\/product_cat?post=24010"},{"taxonomy":"product_tag","embeddable":true,"href":"https:\/\/yebodaglass.com\/de\/wp-json\/wp\/v2\/product_tag?post=24010"}],"curies":[{"name":"wp","href":"https:\/\/api.w.org\/{rel}","templated":true}]}}