{"id":23979,"date":"2025-11-20T15:57:22","date_gmt":"2025-11-20T07:57:22","guid":{"rendered":"https:\/\/yebodaglass.com\/?post_type=product&#038;p=23979"},"modified":"2026-04-14T15:42:13","modified_gmt":"2026-04-14T07:42:13","slug":"double-ear-glass-pickle-jar-storage-wholesale","status":"publish","type":"product","link":"https:\/\/yebodaglass.com\/de\/double-ear-glass-pickle-jar-storage-wholesale\/","title":{"rendered":"280 ml \u2013 630 ml Doppelohr-Gurkengl\u00e4ser aus Glas, Gro\u00dfhandel"},"content":{"rendered":"<p>Sie haben genug von auslaufenden Gurkengl\u00e4sern oder Gurken, deren Farbe verblasst? Wir fertigen Gurkengl\u00e4ser in gro\u00dfen Mengen \u2013 Schluss mit unsch\u00f6nen Lake-Flecken! Diese Glasbeh\u00e4lter verwandeln Ihre Vorratskammer in ein Markenprodukt. Bei Gro\u00dfbestellungen erhalten Sie individuelle Gr\u00f6\u00dfen passend zu Ihrer Marke.<\/p>\n<h2>Produkteigenschaften<\/h2>\n<ul>\n<li><strong>Double-handled design: <\/strong>Die abgerundete Doppelgriffkonstruktion verbessert nicht nur den Halt, sondern verleiht dem Glasgef\u00e4\u00df auch ein einzigartiges Aussehen.<\/li>\n<li><strong>Crystal clear glass: <\/strong>Jeder einzelne Dillzweig ist deutlich sichtbar \u2013 Kunden k\u00f6nnen Ihrem Glas auf einen Blick vertrauen.<\/li>\n<li><strong>Excellent airtight metal lid: <\/strong>H\u00e4lt die Lake und die leckeren Gurken sicher im Inneren \u2013 so verderben sie nie.<\/li>\n<li><strong>Multiple sizes available: <\/strong>Von 280 ml bis 630 ml, passend f\u00fcr die Anforderungen von kleinen und gro\u00dfen Produktionsmengen.<\/li>\n<\/ul>\n<h2>Wichtigste Spezifikationen<\/h2>\n<table style=\"border-collapse: collapse; width: 80%; margin-left: auto; margin-right: auto;\" border=\"0\" width=\"216\" cellspacing=\"0\" cellpadding=\"0\">\n<tbody>\n<tr style=\"height: 13.50pt;\">\n<td style=\"height: 13.5pt; width: 54pt; text-align: center;\" width=\"72\" height=\"18\">Fassungsverm\u00f6gen (ml)<\/td>\n<td style=\"width: 54pt; text-align: center;\" width=\"72\">Gr\u00f6\u00dfe (cm)<\/td>\n<td style=\"width: 54pt; text-align: center;\" width=\"72\">Deckeloptionen<\/td>\n<\/tr>\n<tr style=\"height: 13.50pt;\">\n<td style=\"height: 13.5pt; text-align: center;\" height=\"18\">280<\/td>\n<td style=\"text-align: center;\">7,8 x 8,8<\/td>\n<td class=\"et2\" style=\"text-align: center;\" rowspan=\"4\">Aluminiumkappe, Farbe anpassbar<\/td>\n<\/tr>\n<tr style=\"height: 13.50pt;\">\n<td style=\"height: 13.5pt; text-align: center;\" height=\"18\">350<\/td>\n<td style=\"text-align: center;\">8,8 x 9,5<\/td>\n<\/tr>\n<tr style=\"height: 13.50pt;\">\n<td style=\"height: 13.5pt; text-align: center;\" height=\"18\">500<\/td>\n<td style=\"text-align: center;\">9,9 x 10,0<\/td>\n<\/tr>\n<tr style=\"height: 13.50pt;\">\n<td style=\"height: 13.5pt; text-align: center;\" height=\"18\">630<\/td>\n<td style=\"text-align: center;\">10,4 x 10,7<\/td>\n<\/tr>\n<\/tbody>\n<\/table>\n<h2>Erfolgsbeispiel<\/h2>\n<p>Wir wurden von einer osteurop\u00e4ischen Marke f\u00fcr eingelegte Lebensmittel kontaktiert, um dieses Einmachglas mit zwei Henkeln zu personalisieren. Wir haben die Gr\u00f6\u00dfe des Schraubverschlusses an ihre Abf\u00fcllmaschine angepasst und au\u00dferdem einen farbigen Metalldeckel exklusiv f\u00fcr ihre Marke angefertigt.<\/p>\n<p>Durch die Einf\u00fchrung des Produkts hat sich die Verf\u00fcgbarkeit in den Supermarktregalen erheblich verbessert, und im ersten Quartal wurde ein Umsatzanstieg von 22 % verzeichnet.<\/p>\n<h2>Ihr individuelles Anpassungshandbuch<\/h2>\n<ol>\n<li>Wenn die eingelegten Zutaten eine bestimmte Farbe haben und der Benutzer sie verwenden m\u00f6chte, dann stehen drei Optionen zur Verf\u00fcgung, aus denen man die Deckeloberfl\u00e4che ausw\u00e4hlen kann, d. h. galvanisiert, lackiert oder perlmuttfarben, um ein einheitlicheres Erscheinungsbild f\u00fcr das gesamte Einmachglas zu erzielen.<\/li>\n<li>Durch die Verwendung von Mustern wie Obst- und Gem\u00fcsemotiven, Markeninitialen oder geometrischen Texturen k\u00f6nnen die Gl\u00e4ser hervorgehoben werden, wodurch die Aufbewahrung von Gurkengl\u00e4sern im Regal leicht erkennbar wird.<\/li>\n<\/ol>","protected":false},"excerpt":{"rendered":"<p>Einmachgl\u00e4ser aus Glas, ideal zur Aufbewahrung von Obst- und Gem\u00fcsekonserven. Direkt vom Hersteller: Wir bieten Gro\u00dfbestellungen von Einmachgl\u00e4sern mit individuellen Deckeln und Branding-Optionen.<\/p>","protected":false},"featured_media":23981,"template":"","meta":[],"product_brand":[],"product_cat":[133,124,122],"product_tag":[],"class_list":{"0":"post-23979","1":"product","2":"type-product","3":"status-publish","4":"has-post-thumbnail","6":"product_cat-pickle-jars","7":"product_cat-custom-glass-jars","8":"product_cat-custom-glass-packaging","10":"first","11":"instock","12":"shipping-taxable","13":"product-type-simple"},"jetpack_sharing_enabled":true,"_links":{"self":[{"href":"https:\/\/yebodaglass.com\/de\/wp-json\/wp\/v2\/product\/23979","targetHints":{"allow":["GET"]}}],"collection":[{"href":"https:\/\/yebodaglass.com\/de\/wp-json\/wp\/v2\/product"}],"about":[{"href":"https:\/\/yebodaglass.com\/de\/wp-json\/wp\/v2\/types\/product"}],"version-history":[{"count":4,"href":"https:\/\/yebodaglass.com\/de\/wp-json\/wp\/v2\/product\/23979\/revisions"}],"predecessor-version":[{"id":25782,"href":"https:\/\/yebodaglass.com\/de\/wp-json\/wp\/v2\/product\/23979\/revisions\/25782"}],"wp:featuredmedia":[{"embeddable":true,"href":"https:\/\/yebodaglass.com\/de\/wp-json\/wp\/v2\/media\/23981"}],"wp:attachment":[{"href":"https:\/\/yebodaglass.com\/de\/wp-json\/wp\/v2\/media?parent=23979"}],"wp:term":[{"taxonomy":"product_brand","embeddable":true,"href":"https:\/\/yebodaglass.com\/de\/wp-json\/wp\/v2\/product_brand?post=23979"},{"taxonomy":"product_cat","embeddable":true,"href":"https:\/\/yebodaglass.com\/de\/wp-json\/wp\/v2\/product_cat?post=23979"},{"taxonomy":"product_tag","embeddable":true,"href":"https:\/\/yebodaglass.com\/de\/wp-json\/wp\/v2\/product_tag?post=23979"}],"curies":[{"name":"wp","href":"https:\/\/api.w.org\/{rel}","templated":true}]}}