{"id":23970,"date":"2025-11-20T14:40:02","date_gmt":"2025-11-20T06:40:02","guid":{"rendered":"https:\/\/yebodaglass.com\/?post_type=product&#038;p=23970"},"modified":"2025-11-20T14:40:03","modified_gmt":"2025-11-20T06:40:03","slug":"double-handle-glass-jar-for-pickles-bulk","status":"publish","type":"product","link":"https:\/\/yebodaglass.com\/de\/double-handle-glass-jar-for-pickles-bulk\/","title":{"rendered":"80 ml \u2013 200 ml Doppelgriff-Glasgef\u00e4\u00df f\u00fcr eingelegtes Gem\u00fcse (lose)"},"content":{"rendered":"<p>Sie haben genug von Gurkengl\u00e4sern, die Ihnen aus der Hand rutschen? Wir fertigen Gurkengl\u00e4ser mit doppelten Griffen f\u00fcr sicheren Halt. Diese Gurkengl\u00e4ser machen Ihre Vorratskammer zum Blickfang und verleihen Ihrer Marke das gewisse Etwas. Bei Gro\u00dfbestellungen erhalten Sie individuelle Gr\u00f6\u00dfen, die perfekt zu Ihrem Branding passen.<\/p>\n<h2>Produkteigenschaften<\/h2>\n<p><strong>Doppelohr-Griffdesign<\/strong><\/p>\n<p>L\u00e4sst sich m\u00fchelos halten \u2013 Gurkenportionen fallen nicht mehr herunter.<\/p>\n<p><strong>Kristallklare Sicht durch Glas<\/strong><\/p>\n<p>Sehen Sie jeden einzelnen Dillzweig \u2013 Ihre Kunden vertrauen Ihren Glasgef\u00e4\u00dfen sofort.<\/p>\n<p><strong>Luftdichter Metalldeckelverschluss<\/strong><\/p>\n<p>In Salzlake eingeschlossen und geschmackvolle, haltbar gemachte Gurken \u2013 kein Verderben, niemals.<\/p>\n<h2>Wichtigste Spezifikationen<\/h2>\n<table style=\"border-collapse: collapse; width: 80%; margin-left: auto; margin-right: auto;\" border=\"0\" width=\"216\" cellspacing=\"0\" cellpadding=\"0\">\n<tbody>\n<tr style=\"height: 13.50pt;\">\n<td style=\"height: 13.5pt; width: 54pt; text-align: center;\" width=\"72\" height=\"18\">Fassungsverm\u00f6gen (ml)<\/td>\n<td style=\"width: 54pt; text-align: center;\" width=\"72\">Gr\u00f6\u00dfe (cm)<\/td>\n<td style=\"width: 54pt; text-align: center;\" width=\"72\">Form<\/td>\n<\/tr>\n<tr style=\"height: 13.50pt;\">\n<td style=\"height: 13.5pt; text-align: center;\" align=\"right\" height=\"18\">80<\/td>\n<td style=\"text-align: center;\">6,9 x 4,4<\/td>\n<td class=\"et2\" style=\"text-align: center;\" rowspan=\"4\">Runden<\/td>\n<\/tr>\n<tr style=\"height: 13.50pt;\">\n<td style=\"height: 13.5pt; text-align: center;\" align=\"right\" height=\"18\">100<\/td>\n<td style=\"text-align: center;\">7,6 x 4,6<\/td>\n<\/tr>\n<tr style=\"height: 13.50pt;\">\n<td style=\"height: 13.5pt; text-align: center;\" align=\"right\" height=\"18\">150<\/td>\n<td style=\"text-align: center;\">8,0 x 5,4<\/td>\n<\/tr>\n<tr style=\"height: 13.50pt;\">\n<td style=\"height: 13.5pt; text-align: center;\" align=\"right\" height=\"18\">200<\/td>\n<td style=\"text-align: center;\">8,9 x 5,5<\/td>\n<\/tr>\n<\/tbody>\n<\/table>\n<h2>Erfolgsbeispiel<\/h2>\n<p>Ein s\u00fcdostasiatischer W\u00fcrzmittelhersteller hat seine Verpackung durch den Umstieg auf unsere Kimchi-Gl\u00e4ser mit zwei Henkeln optimiert. Die Mitarbeiter ben\u00f6tigten Gl\u00e4ser, die sich beim Bef\u00fcllen mit hei\u00dfem Inhalt gut greifen lassen und gleichzeitig robust genug f\u00fcr l\u00e4ngere Transporte sind.<\/p>\n<p>Durch die Verwendung unseres verst\u00e4rkten Glasgef\u00e4\u00dfk\u00f6rpers, der Weithals\u00f6ffnung und des luftdichten Deckels konnte die F\u00fcllleistung um 22 % gesteigert werden, und die Bruchh\u00e4ufigkeit beim Transport wurde erheblich reduziert.<\/p>\n<p>Herb &amp; Spice Co. hat auf unsere Gurkengl\u00e4ser umgestellt. Das Ergebnis? Sie waren 15-mal schneller ausverkauft und erhielten 5-Sterne-Bewertungen. Warum? Dank des Doppelgriffs lassen sich ganze Gurken problemlos handhaben, und die individuell gestalteten roten Metalldeckel passen perfekt zum Markenauftritt. Sie sind jetzt in \u00fcber 200 Gesch\u00e4ften ein Verkaufsschlager.<\/p>\n<h2>Ihr individuelles Anpassungshandbuch<\/h2>\n<ol>\n<li><strong>Verbesserte Deckel:<\/strong> Es k\u00f6nnen Deckel aus Metall, farbige, galvanisierte oder manipulationssichere Deckel verwendet werden, optional kann zus\u00e4tzlich eine Dichtung f\u00fcr eine bessere Konservierung angebracht werden.<\/li>\n<li><strong>Die Glasdicke und -kontur:<\/strong> Es kann aus dickerem, verst\u00e4rktem Glas hergestellt werden, um eine bessere Druckbest\u00e4ndigkeit und einen sicheren Transport zu gew\u00e4hrleisten; au\u00dferdem k\u00f6nnen die Kr\u00fcmmung des Gef\u00e4\u00dfes und die Abmessungen des Griffs ver\u00e4ndert werden.<\/li>\n<li><strong>Personalisierte Marke:<\/strong> Das Gurkenglas kann mithilfe von Spr\u00fchlackierung, Druck, Hei\u00dfpr\u00e4gung und Etikettierung individuell gestaltet werden.<\/li>\n<\/ol>","protected":false},"excerpt":{"rendered":"<p>Einmachglas mit zwei Henkeln, ideal f\u00fcr die Gro\u00dfpackung. Dieses Einmachglas bietet sicheren Verschluss, ist direkt vom Hersteller erh\u00e4ltlich und individuell anpassbar.<\/p>","protected":false},"featured_media":23971,"template":"","meta":[],"product_brand":[],"product_cat":[122,124,133],"product_tag":[],"class_list":{"0":"post-23970","1":"product","2":"type-product","3":"status-publish","4":"has-post-thumbnail","6":"product_cat-custom-glass-packaging","7":"product_cat-custom-glass-jars","8":"product_cat-pickle-jars","10":"first","11":"instock","12":"shipping-taxable","13":"product-type-simple"},"jetpack_sharing_enabled":true,"_links":{"self":[{"href":"https:\/\/yebodaglass.com\/de\/wp-json\/wp\/v2\/product\/23970","targetHints":{"allow":["GET"]}}],"collection":[{"href":"https:\/\/yebodaglass.com\/de\/wp-json\/wp\/v2\/product"}],"about":[{"href":"https:\/\/yebodaglass.com\/de\/wp-json\/wp\/v2\/types\/product"}],"version-history":[{"count":4,"href":"https:\/\/yebodaglass.com\/de\/wp-json\/wp\/v2\/product\/23970\/revisions"}],"predecessor-version":[{"id":23978,"href":"https:\/\/yebodaglass.com\/de\/wp-json\/wp\/v2\/product\/23970\/revisions\/23978"}],"wp:featuredmedia":[{"embeddable":true,"href":"https:\/\/yebodaglass.com\/de\/wp-json\/wp\/v2\/media\/23971"}],"wp:attachment":[{"href":"https:\/\/yebodaglass.com\/de\/wp-json\/wp\/v2\/media?parent=23970"}],"wp:term":[{"taxonomy":"product_brand","embeddable":true,"href":"https:\/\/yebodaglass.com\/de\/wp-json\/wp\/v2\/product_brand?post=23970"},{"taxonomy":"product_cat","embeddable":true,"href":"https:\/\/yebodaglass.com\/de\/wp-json\/wp\/v2\/product_cat?post=23970"},{"taxonomy":"product_tag","embeddable":true,"href":"https:\/\/yebodaglass.com\/de\/wp-json\/wp\/v2\/product_tag?post=23970"}],"curies":[{"name":"wp","href":"https:\/\/api.w.org\/{rel}","templated":true}]}}