{"id":23940,"date":"2025-11-19T14:08:56","date_gmt":"2025-11-19T06:08:56","guid":{"rendered":"https:\/\/yebodaglass.com\/?post_type=product&#038;p=23940"},"modified":"2025-11-19T17:21:31","modified_gmt":"2025-11-19T09:21:31","slug":"custom-glass-jar-for-pickle-with-airtight-cap-bulk","status":"publish","type":"product","link":"https:\/\/yebodaglass.com\/de\/custom-glass-jar-for-pickle-with-airtight-cap-bulk\/","title":{"rendered":"Ma\u00dfgefertigtes Glas f\u00fcr Gurken mit luftdichtem Deckel, 100 oz (ca. 2,8 l)"},"content":{"rendered":"<p>Sie haben genug von auslaufenden Gurkengl\u00e4sern oder Gurken, deren Farbe verblasst? Wir fertigen Gl\u00e4ser speziell f\u00fcr Gurken \u2013 Schluss mit unsch\u00f6nen Lake-Flecken! Mit diesen Gl\u00e4sern wird Ihre Lebensmittelaufbewahrung zum echten Hingucker. Bei Gro\u00dfbestellungen erhalten Sie individuelle Oberfl\u00e4chenveredelungen passend zu Ihrer Marke.<\/p>\n<h2>Produkteigenschaften<\/h2>\n<p><strong>Gro\u00dfvolumige Struktur<\/strong><\/p>\n<p>Kann zum Einlegen ganzer Gem\u00fcse oder gro\u00dfer Mengen an Zutaten verwendet werden und erf\u00fcllt somit die Lagerbed\u00fcrfnisse von Familien, gro\u00dfen Restaurants oder Lebensmittelbetrieben.<\/p>\n<p><strong>Glasdeckel + Metall-Schnappverschluss<\/strong><\/p>\n<p>Der Schnappverschlussmechanismus verst\u00e4rkt die Luftdichtigkeit und ist somit eine wirksame Methode, das Eindringen von Luft zu reduzieren. Dadurch eignet sich das Ger\u00e4t f\u00fcr die Fermentation, das Einlegen und die Langzeitlagerung.<\/p>\n<p><strong>Superklares Glas<\/strong><\/p>\n<p>Das Glas zeigt visuell die Farbe und den Zustand der eingelegten Produkte an, wodurch es sehr einfach wird, die Fermentation oder etwaige Ver\u00e4nderungen der Qualit\u00e4t zu \u00fcberwachen.<\/p>\n<h2>Wichtigste Spezifikationen<\/h2>\n<table style=\"border-collapse: collapse; width: 80%; margin-left: AUTO; margin-right: AUTO;\" border=\"0\" width=\"288\" cellspacing=\"0\" cellpadding=\"0\">\n<tbody>\n<tr style=\"height: 13.50pt;\">\n<td style=\"height: 13.5pt; width: 54pt; text-align: center;\" width=\"72\" height=\"18\">Kapazit\u00e4t<\/td>\n<td style=\"width: 54pt; text-align: center;\" width=\"72\">Material<\/td>\n<td style=\"width: 54pt; text-align: center;\" width=\"72\">Deckeltyp<\/td>\n<td style=\"width: 54pt; text-align: center;\" width=\"72\">Form<\/td>\n<\/tr>\n<tr style=\"height: 13.50pt;\">\n<td style=\"height: 13.5pt; text-align: center;\" height=\"18\">3000 ml (kundenspezifisch)<\/td>\n<td style=\"text-align: center;\">Hochwertiges Glas<\/td>\n<td style=\"text-align: center;\">Luftdichte Klemmdeckel<\/td>\n<td style=\"text-align: center;\">Rund (anpassbar)<\/td>\n<\/tr>\n<\/tbody>\n<\/table>\n<h2>Erfolgsbeispiel<\/h2>\n<p>Ein gro\u00dfer Lebensmittelverarbeitungsbetrieb, der traditionelle Essiggurken herstellt, entschied sich f\u00fcr unsere gro\u00dfvolumigen Glasbeh\u00e4lter, als er nach einer besseren Verpackungsl\u00f6sung f\u00fcr seinen Fermentationsprozess suchte. Um den Anforderungen des anspruchsvollen und langen Fermentationsprozesses gerecht zu werden, verst\u00e4rkte der Betrieb die Glasw\u00e4nde und installierte salz- und s\u00e4urebest\u00e4ndige Dichtungen. So bleibt der Metallverschluss auch bei langfristiger Lagerung in einer salzreichen Umgebung stabil.<\/p>\n<p>Durch die Modernisierung sind die Gurken w\u00e4hrend der Fermentation sichtbar geworden, die Fehlerquote bei einzelnen Chargen ist um etwa 22 % gesunken, und die Lagerverwaltung ist mehr zu einer Aufgabe geworden, die von den Mitarbeitern selbst erledigt wird.<\/p>\n<h2>Ihr individuelles Anpassungshandbuch<\/h2>\n<ol>\n<li><strong>Upgrade des Dichtungssystems:<\/strong>Metallverschl\u00fcsse k\u00f6nnen galvanisiert, lackiert oder aus Edelstahl gefertigt sein, und s\u00e4urebest\u00e4ndige Dichtungen sowie Silikonringe k\u00f6nnen f\u00fcr eine bessere Abdichtung ausgetauscht werden.<\/li>\n<li><strong>Glasmaterialien und Oberfl\u00e4chen:<\/strong>Es gibt Materialien wie hochtransparentes, mattiertes, halbtransparentes und explosionsgesch\u00fctztes Glas. Au\u00dferdem k\u00f6nnen Logos auf dem Flaschenk\u00f6rper oder dem Flaschenboden eingepr\u00e4gt werden.<\/li>\n<li><strong>Zubeh\u00f6roptionen:<\/strong>Messl\u00f6ffel, Siegelaufkleber, Markenanh\u00e4nger und externe Etikettendesigns sind allesamt kompatible Produkte, mit denen Sie ein umfassenderes Produktportfolio f\u00fcr Ihre Marke erstellen k\u00f6nnen.<\/li>\n<\/ol>","protected":false},"excerpt":{"rendered":"<p>Glass jar for pickle are available with free samples for testing. And glass jars for pickling, ideal for bulk buyers with factory-direct supply. Custom available.<\/p>","protected":false},"featured_media":23941,"template":"","meta":[],"product_brand":[],"product_cat":[122,124,133],"product_tag":[],"class_list":{"0":"post-23940","1":"product","2":"type-product","3":"status-publish","4":"has-post-thumbnail","6":"product_cat-custom-glass-packaging","7":"product_cat-custom-glass-jars","8":"product_cat-pickle-jars","10":"first","11":"instock","12":"shipping-taxable","13":"product-type-simple"},"jetpack_sharing_enabled":true,"_links":{"self":[{"href":"https:\/\/yebodaglass.com\/de\/wp-json\/wp\/v2\/product\/23940","targetHints":{"allow":["GET"]}}],"collection":[{"href":"https:\/\/yebodaglass.com\/de\/wp-json\/wp\/v2\/product"}],"about":[{"href":"https:\/\/yebodaglass.com\/de\/wp-json\/wp\/v2\/types\/product"}],"version-history":[{"count":5,"href":"https:\/\/yebodaglass.com\/de\/wp-json\/wp\/v2\/product\/23940\/revisions"}],"predecessor-version":[{"id":23954,"href":"https:\/\/yebodaglass.com\/de\/wp-json\/wp\/v2\/product\/23940\/revisions\/23954"}],"wp:featuredmedia":[{"embeddable":true,"href":"https:\/\/yebodaglass.com\/de\/wp-json\/wp\/v2\/media\/23941"}],"wp:attachment":[{"href":"https:\/\/yebodaglass.com\/de\/wp-json\/wp\/v2\/media?parent=23940"}],"wp:term":[{"taxonomy":"product_brand","embeddable":true,"href":"https:\/\/yebodaglass.com\/de\/wp-json\/wp\/v2\/product_brand?post=23940"},{"taxonomy":"product_cat","embeddable":true,"href":"https:\/\/yebodaglass.com\/de\/wp-json\/wp\/v2\/product_cat?post=23940"},{"taxonomy":"product_tag","embeddable":true,"href":"https:\/\/yebodaglass.com\/de\/wp-json\/wp\/v2\/product_tag?post=23940"}],"curies":[{"name":"wp","href":"https:\/\/api.w.org\/{rel}","templated":true}]}}