{"id":23900,"date":"2025-11-18T17:00:16","date_gmt":"2025-11-18T09:00:16","guid":{"rendered":"https:\/\/yebodaglass.com\/?post_type=product&#038;p=23900"},"modified":"2025-11-18T17:00:18","modified_gmt":"2025-11-18T09:00:18","slug":"wholesale-square-glass-jars-for-pickle-for-packing","status":"publish","type":"product","link":"https:\/\/yebodaglass.com\/de\/wholesale-square-glass-jars-for-pickle-for-packing\/","title":{"rendered":"Quadratische Glasbeh\u00e4lter f\u00fcr Essiggurken im Gro\u00dfhandel, 50 ml \u2013 150 ml"},"content":{"rendered":"<p>Sie haben genug von Einmachgl\u00e4sern, die auslaufen oder Ihre Gurken stumpf machen? Wir fertigen Gl\u00e4ser speziell f\u00fcr Gurken \u2013 Schluss mit unsch\u00f6nen Lake-Flecken! Diese leeren Gurkengl\u00e4ser verwandeln Ihre Vorratskammer in einen wirkungsvollen Markenauftritt. Bei Gro\u00dfbestellungen erhalten Sie individuelle Gr\u00f6\u00dfen passend zu Ihrer Marke.<\/p>\n<h2>Produkteigenschaften<\/h2>\n<p><strong>Hochtransparentes Glas<\/strong><\/p>\n<p>Das durchsichtige Glas macht das farbenfrohe Gem\u00fcse und die Konserven gut sichtbar und tr\u00e4gt so zu einem ansprechenderen Erscheinungsbild der Verkaufsregale bei.<\/p>\n<p><strong>Dichtung des Metallschraubverschlusses<\/strong><\/p>\n<p>Durch das innere Polster ist es sehr luftdicht und Oxidation wird vermieden, daher kann es zur Lagerung \u00fcber lange Zeitr\u00e4ume verwendet werden.<\/p>\n<p><strong>Clean Label Space<\/strong><\/p>\n<p>Die ebene Flaschenoberfl\u00e4che bietet eine gute Fl\u00e4che zum Bedrucken und Etikettieren, wodurch die Markenpr\u00e4sentation einheitlicher und professioneller wirkt.<\/p>\n<h2>Wichtigste Spezifikationen<\/h2>\n<table style=\"border-collapse: collapse; width: 80%; margin-left: auto; margin-right: auto;\" border=\"0\" width=\"216\" cellspacing=\"0\" cellpadding=\"0\">\n<tbody>\n<tr style=\"height: 13.50pt;\">\n<td style=\"height: 13.5pt; width: 54pt; text-align: center;\" width=\"72\" height=\"18\">Kapazit\u00e4t<\/td>\n<td style=\"width: 54pt; text-align: center;\" width=\"72\">Gr\u00f6\u00dfe (cm)<\/td>\n<td style=\"width: 54pt; text-align: center;\" width=\"72\">Verschlussart<\/td>\n<\/tr>\n<tr style=\"height: 13.50pt;\">\n<td style=\"height: 13.5pt; text-align: center;\" height=\"18\">50 ml<\/td>\n<td style=\"text-align: center;\">4,5 x 5,6<\/td>\n<td class=\"et2\" style=\"text-align: center;\" rowspan=\"4\">Gewinde (Kunststoff\/Metall)<\/td>\n<\/tr>\n<tr style=\"height: 13.50pt;\">\n<td style=\"height: 13.5pt; text-align: center;\" height=\"18\">80 ml<\/td>\n<td style=\"text-align: center;\">5,0 x 5,5<\/td>\n<\/tr>\n<tr style=\"height: 13.50pt;\">\n<td style=\"height: 13.5pt; text-align: center;\" height=\"18\">100 ml<\/td>\n<td style=\"text-align: center;\">5,4 x 7,5<\/td>\n<\/tr>\n<tr style=\"height: 13.50pt;\">\n<td style=\"height: 13.5pt; text-align: center;\" height=\"18\">150 ml<\/td>\n<td style=\"text-align: center;\">5,7 x 7,6<\/td>\n<\/tr>\n<\/tbody>\n<\/table>\n<h2>Erfolgsbeispiel<\/h2>\n<p>Als ein Lebensmittelhersteller, der sich auf eingelegte Paprika und Salate spezialisiert hat, seine Verpackung modernisieren wollte, entschied er sich f\u00fcr unsere quadratischen, leeren Einmachgl\u00e4ser. Das helle, klare Glas hebt die Produkte im Supermarktregal deutlich von anderen ab und steigert so deren Attraktivit\u00e4t im Einzelhandel erheblich. Wir haben die schwarzen, auslaufsicheren Deckel und die Etikettenfl\u00e4che exakt an die Bed\u00fcrfnisse des Herstellers angepasst, sodass die Abf\u00fcllanlage ohne Umr\u00fcstungen direkt mit der Produktion beginnen konnte.<\/p>\n<p>Als Folge der Verpackungs\u00e4nderung stieg der Absatz neuer Produkte der Marke in zwei Quartalen um 29 %.<\/p>\n<h2>Ihr Leitfaden zur individuellen Gestaltung leerer Gurkengl\u00e4ser<\/h2>\n<ol>\n<li><strong>Flaschendruck- und Etikettierungsverfahren:<\/strong>Marken k\u00f6nnen Siebdruck, Einbrennpr\u00e4gung, Hei\u00dfpr\u00e4gung oder transparente Selbstklebeetiketten verwenden, um ihre Logos attraktiver, \u00f6l- und abriebfester zu pr\u00e4sentieren.<\/li>\n<li><strong>Auswahl an Flaschenverschlussmaterialien und -farben:<\/strong>Es gibt schwarze Metallkappen, farbige Metallkappen oder lebensmittelechte Kunststoffkappen, die man wahlweise mit Originalit\u00e4tsverschl\u00fcssen, auslaufsicheren Dichtungen oder Dichtungsverst\u00e4rkungen ausstatten kann.<\/li>\n<li><strong>Oberfl\u00e4chenveredelungen und Flaschen-Upgrades:<\/strong>Das Glas kann mattiert, halbtransparent oder strukturiert sein. Au\u00dferdem k\u00f6nnen Logo und Chargennummer auf dem Flaschenboden eingepr\u00e4gt werden, um den Wiedererkennungswert der Marke zu steigern.<\/li>\n<\/ol>","protected":false},"excerpt":{"rendered":"<p>Wir bieten Einmachgl\u00e4ser f\u00fcr Essiggurken an, die Sie individuell mit Ihrem Logo versehen k\u00f6nnen. Diese leeren Einmachgl\u00e4ser sind direkt ab Werk erh\u00e4ltlich, und zwar zu g\u00fcnstigen Preisen f\u00fcr gr\u00f6\u00dfere Mengen.<\/p>","protected":false},"featured_media":23904,"template":"","meta":[],"product_brand":[],"product_cat":[122,124,133],"product_tag":[],"class_list":{"0":"post-23900","1":"product","2":"type-product","3":"status-publish","4":"has-post-thumbnail","6":"product_cat-custom-glass-packaging","7":"product_cat-custom-glass-jars","8":"product_cat-pickle-jars","10":"first","11":"instock","12":"shipping-taxable","13":"product-type-simple"},"jetpack_sharing_enabled":true,"_links":{"self":[{"href":"https:\/\/yebodaglass.com\/de\/wp-json\/wp\/v2\/product\/23900","targetHints":{"allow":["GET"]}}],"collection":[{"href":"https:\/\/yebodaglass.com\/de\/wp-json\/wp\/v2\/product"}],"about":[{"href":"https:\/\/yebodaglass.com\/de\/wp-json\/wp\/v2\/types\/product"}],"version-history":[{"count":5,"href":"https:\/\/yebodaglass.com\/de\/wp-json\/wp\/v2\/product\/23900\/revisions"}],"predecessor-version":[{"id":23913,"href":"https:\/\/yebodaglass.com\/de\/wp-json\/wp\/v2\/product\/23900\/revisions\/23913"}],"wp:featuredmedia":[{"embeddable":true,"href":"https:\/\/yebodaglass.com\/de\/wp-json\/wp\/v2\/media\/23904"}],"wp:attachment":[{"href":"https:\/\/yebodaglass.com\/de\/wp-json\/wp\/v2\/media?parent=23900"}],"wp:term":[{"taxonomy":"product_brand","embeddable":true,"href":"https:\/\/yebodaglass.com\/de\/wp-json\/wp\/v2\/product_brand?post=23900"},{"taxonomy":"product_cat","embeddable":true,"href":"https:\/\/yebodaglass.com\/de\/wp-json\/wp\/v2\/product_cat?post=23900"},{"taxonomy":"product_tag","embeddable":true,"href":"https:\/\/yebodaglass.com\/de\/wp-json\/wp\/v2\/product_tag?post=23900"}],"curies":[{"name":"wp","href":"https:\/\/api.w.org\/{rel}","templated":true}]}}