{"id":23894,"date":"2025-11-18T15:02:38","date_gmt":"2025-11-18T07:02:38","guid":{"rendered":"https:\/\/yebodaglass.com\/?post_type=product&#038;p=23894"},"modified":"2026-04-10T09:36:18","modified_gmt":"2026-04-10T01:36:18","slug":"empty-clear-glass-flip-top-bottles-wholesale","status":"publish","type":"product","link":"https:\/\/yebodaglass.com\/de\/empty-clear-glass-flip-top-bottles-wholesale\/","title":{"rendered":"350 ml \u2013 1000 ml Leere Klarglasflaschen mit B\u00fcgelverschluss \u2013 Gro\u00dfhandel"},"content":{"rendered":"<p data-start=\"66\" data-end=\"288\"><span aria-haspopup=\"dialog\" aria-expanded=\"false\" aria-controls=\"radix-_r_8f_\" data-state=\"closed\" data-slot=\"popover-trigger\">Diese Glasflasche mit Klappverschluss ist ein Klassiker: traditionell, praktisch, mit einem glatten, leicht konischen Korpus und einem schlanken Hals.<\/span> <span aria-haspopup=\"dialog\" aria-expanded=\"false\" aria-controls=\"radix-_r_8g_\" data-state=\"closed\" data-slot=\"popover-trigger\">Die Flasche besteht aus transparentem Glas und verf\u00fcgt \u00fcber einen Klappverschluss, der den Verschluss oben fest verschlie\u00dft.<\/span> <span aria-haspopup=\"dialog\" aria-expanded=\"false\" aria-controls=\"radix-_r_8h_\" data-state=\"closed\" data-slot=\"popover-trigger\">Dieses Geb\u00e4ude bildet eine luftdichte H\u00fclle, die die Frische bewahrt und gleichzeitig Leckagen verhindert.<\/span> <span aria-haspopup=\"dialog\" aria-expanded=\"false\" aria-controls=\"radix-_r_8i_\" data-state=\"closed\" data-slot=\"popover-trigger\">Die Serie bietet Flexibilit\u00e4t bei den Verpackungsanforderungen, da sie in Gr\u00f6\u00dfen von 350 ml bis 1000 ml erh\u00e4ltlich ist.<\/span> <span aria-haspopup=\"dialog\" aria-expanded=\"false\" aria-controls=\"radix-_r_8j_\" data-state=\"closed\" data-slot=\"popover-trigger\">Diese Flaschen werden h\u00e4ufig zur Aufbewahrung von Getr\u00e4nken wie Limonade, Saft und Kombucha verwendet. Wir bieten B\u00fcgelverschlussflaschen im Gro\u00dfhandel an.<\/span><\/p>\n<h2>Produkteigenschaften<\/h2>\n<ul>\n<li><strong>Schnappverschluss-Dichtungsdesign:<\/strong> Die roten und wei\u00dfen Schnappverschl\u00fcsse aus Metall sorgen f\u00fcr eine gute Abdichtung und verl\u00e4ngern so die Haltbarkeit des Inhalts. Au\u00dferdem lassen sie sich sehr leicht \u00f6ffnen und schlie\u00dfen.<\/li>\n<li><strong>Verschiedene Flaschenformen und -gr\u00f6\u00dfen:<\/strong> Vier verschiedene Flaschenformen und -gr\u00f6\u00dfen erf\u00fcllen nicht nur unterschiedliche Volumen-, sondern auch optische Anforderungen. Dar\u00fcber hinaus eignen sie sich f\u00fcr Getr\u00e4nke, So\u00dfen und andere Verpackungsszenarien.<\/li>\n<li><strong>Seriendesign:<\/strong> Die Beh\u00e4lter mit einheitlichem Design k\u00f6nnen als Serie eingesetzt werden, wodurch die Gesamtharmonie von Lagerung und Nutzung verbessert wird.<\/li>\n<\/ul>\n<h2 style=\"text-align: left;\">Wichtigste Spezifikationen<\/h2>\n<table style=\"border-collapse: collapse; width: 80%; margin-left: auto; margin-right: auto;\" border=\"0\" width=\"144\" cellspacing=\"0\" cellpadding=\"0\">\n<tbody>\n<tr style=\"height: 13.50pt;\">\n<td style=\"height: 13.5pt; width: 54pt; text-align: center;\" width=\"72\" height=\"18\">Spezifikation<\/td>\n<td style=\"width: 54pt; text-align: center;\" width=\"72\">Details<\/td>\n<\/tr>\n<tr style=\"height: 13.50pt;\">\n<td style=\"height: 13.5pt; text-align: center;\" height=\"18\">Kapazit\u00e4ten<\/td>\n<td style=\"text-align: center;\">350 ml (12 oz) \/ 500 ml (16 oz) \/ 750 ml (25 oz) \/ 1000 ml (32 oz)<\/td>\n<\/tr>\n<tr style=\"height: 13.50pt;\">\n<td style=\"height: 13.5pt; text-align: center;\" height=\"18\">Hals\u00f6ffnung<\/td>\n<td style=\"text-align: center;\">1,9 cm (350.500 ml) \u2022 1,8 cm (750.1000 ml)<\/td>\n<\/tr>\n<tr style=\"height: 13.50pt;\">\n<td style=\"height: 13.5pt; text-align: center;\" height=\"18\">Schlie\u00dfung<\/td>\n<td style=\"text-align: center;\">Metallschwingdeckel mit rot\/wei\u00dfem Stopper und austauschbarer Silikondichtung<\/td>\n<\/tr>\n<tr style=\"height: 13.50pt;\">\n<td style=\"height: 13.5pt; text-align: center;\" height=\"18\">Material<\/td>\n<td style=\"text-align: center;\">Hochtransparentes Klarglas<\/td>\n<\/tr>\n<tr style=\"height: 13.50pt;\">\n<td style=\"height: 13.5pt; text-align: center;\" height=\"18\">Dichtungstyp<\/td>\n<td style=\"text-align: center;\">Kompressionsversiegelter Deckel mit gummiartiger Dichtung<\/td>\n<\/tr>\n<\/tbody>\n<\/table>\n<h2>Erfolgsgeschichte<\/h2>\n<p><span aria-haspopup=\"dialog\" aria-expanded=\"false\" aria-controls=\"radix-_r_8k_\" data-state=\"closed\" data-slot=\"popover-trigger\">Eine der deutschen Craft-Getr\u00e4nkemarken stand kurz vor der Einf\u00fchrung einer neuen Produktlinie von handwerklich hergestellter, kohlens\u00e4urehaltiger Limonade.<\/span> <span aria-haspopup=\"dialog\" aria-expanded=\"false\" aria-controls=\"radix-_r_8l_\" data-state=\"closed\" data-slot=\"popover-trigger\">Nach dem Vergleich mehrerer Anbieter haben sie sich f\u00fcr unsere 25-Unzen-Schnappverschluss-Glasflaschen entschieden.<\/span> <span aria-haspopup=\"dialog\" aria-expanded=\"false\" aria-controls=\"radix-_r_8m_\" data-state=\"closed\" data-slot=\"popover-trigger\">Ihr Markenzeichen ist mit wei\u00dfer Keramik auf die Flasche gedruckt, und der Edelstahl-Schraubverschluss verf\u00fcgt \u00fcber eine gelbe Silikondichtung in Lebensmittelqualit\u00e4t, die f\u00fcr langanhaltende Sprudelwirkung sorgt und das Zitronenthema unterstreicht.<\/span><\/p>\n<p><span aria-haspopup=\"dialog\" aria-expanded=\"false\" aria-controls=\"radix-_r_8n_\" data-state=\"closed\" data-slot=\"popover-trigger\">Innerhalb von sechs Monaten verkaufte die Marke ihre neue Verpackung in einem um 28 Prozent h\u00f6heren Volumen als zum Zeitpunkt der Markteinf\u00fchrung.<\/span> <span aria-haspopup=\"dialog\" aria-expanded=\"false\" aria-controls=\"radix-_r_8o_\" data-state=\"closed\" data-slot=\"popover-trigger\">Aufgrund der positiven Marktresonanz hat der Kunde innerhalb des ersten Jahres auch drei Gro\u00dfbestellungen aufgegeben.<\/span><\/p>\n<h2>Gestalte deine Flip-Top-Flaschen<\/h2>\n<ul>\n<li><strong>Benutzerdefinierte Siegelfarbe:<\/strong> Wandeln Sie die roten und wei\u00dfen Teile des Siegels in Ihre Markenfarbe um, um eine schnelle und einfache Wiedererkennung zu erm\u00f6glichen.<\/li>\n<li><strong>Glast\u00f6nung:<\/strong> Verwenden Sie bernsteinfarbenes oder gr\u00fcnes Glas, wenn Sie lichtempfindliche Produkte wie Bier oder Essig vor UV-Strahlen sch\u00fctzen m\u00f6chten.<\/li>\n<li><strong>Acid-Faced-Logo:<\/strong> Lassen Sie Ihr Logo durch S\u00e4ure\u00e4tzung auf das Glas aufbringen \u2013 f\u00fcr einen eleganten, langlebigen und unausl\u00f6schlichen mattierten Look.<\/li>\n<li><strong>Oberfl\u00e4che des Druckknopfverschlusses:<\/strong> Verleihen Sie Ihrem Druckknopf eine individuellere Note, indem Sie eine bestimmte Metalloberfl\u00e4che wie Schwarz oder Verzinkt ausw\u00e4hlen.<\/li>\n<\/ul>\n<p>Wir bieten B\u00fcgelverschlussflaschen im Gro\u00dfhandel an, die Sie zu g\u00fcnstigen Mengenpreisen und mit schnellem Versand erwerben k\u00f6nnen. Kontaktieren Sie uns gerne f\u00fcr ein Preisangebot f\u00fcr diese vielseitige Glasflasche mit Schraubverschluss.<\/p>","protected":false},"excerpt":{"rendered":"<p>Robuste Glasflaschen mit B\u00fcgelverschluss im Gro\u00dfhandel \u2013 luftdicht und ideal f\u00fcr Marken, die Flaschen mit B\u00fcgelverschluss im Gro\u00dfhandel suchen. Kostenlose Muster.<\/p>","protected":false},"featured_media":23895,"template":"","meta":[],"product_brand":[],"product_cat":[132,123,122],"product_tag":[],"class_list":{"0":"post-23894","1":"product","2":"type-product","3":"status-publish","4":"has-post-thumbnail","6":"product_cat-glass-flip-top-bottles","7":"product_cat-custom-glass-bottles","8":"product_cat-custom-glass-packaging","10":"first","11":"instock","12":"shipping-taxable","13":"product-type-simple"},"jetpack_sharing_enabled":true,"_links":{"self":[{"href":"https:\/\/yebodaglass.com\/de\/wp-json\/wp\/v2\/product\/23894","targetHints":{"allow":["GET"]}}],"collection":[{"href":"https:\/\/yebodaglass.com\/de\/wp-json\/wp\/v2\/product"}],"about":[{"href":"https:\/\/yebodaglass.com\/de\/wp-json\/wp\/v2\/types\/product"}],"version-history":[{"count":5,"href":"https:\/\/yebodaglass.com\/de\/wp-json\/wp\/v2\/product\/23894\/revisions"}],"predecessor-version":[{"id":25398,"href":"https:\/\/yebodaglass.com\/de\/wp-json\/wp\/v2\/product\/23894\/revisions\/25398"}],"wp:featuredmedia":[{"embeddable":true,"href":"https:\/\/yebodaglass.com\/de\/wp-json\/wp\/v2\/media\/23895"}],"wp:attachment":[{"href":"https:\/\/yebodaglass.com\/de\/wp-json\/wp\/v2\/media?parent=23894"}],"wp:term":[{"taxonomy":"product_brand","embeddable":true,"href":"https:\/\/yebodaglass.com\/de\/wp-json\/wp\/v2\/product_brand?post=23894"},{"taxonomy":"product_cat","embeddable":true,"href":"https:\/\/yebodaglass.com\/de\/wp-json\/wp\/v2\/product_cat?post=23894"},{"taxonomy":"product_tag","embeddable":true,"href":"https:\/\/yebodaglass.com\/de\/wp-json\/wp\/v2\/product_tag?post=23894"}],"curies":[{"name":"wp","href":"https:\/\/api.w.org\/{rel}","templated":true}]}}