{"id":23879,"date":"2025-11-18T13:42:49","date_gmt":"2025-11-18T05:42:49","guid":{"rendered":"https:\/\/yebodaglass.com\/?post_type=product&#038;p=23879"},"modified":"2026-03-26T13:58:11","modified_gmt":"2026-03-26T05:58:11","slug":"wholesale-clear-cylindrical-glass-resealable-bottles","status":"publish","type":"product","link":"https:\/\/yebodaglass.com\/de\/wholesale-clear-cylindrical-glass-resealable-bottles\/","title":{"rendered":"Gro\u00dfhandel mit wiederverschlie\u00dfbaren, transparenten, zylindrischen Glasflaschen (600 ml, 1000 ml)"},"content":{"rendered":"<p>Our glass resealable bottles ( 600ml and 1000ml capacities ) feature a clean cylindrical shape with a distinct shoulder and thick, stable base. The bottles are made of clear glass that gives the product a high visibility. The durable swing top topper is attached to each unit, consisting of a metal wire bail and a food grade sealing gasket to provide airtight protection. There is also easy branding and labelling done on the smooth surface.<\/p>\n<h2 style=\"text-align: left;\">Wichtigste Spezifikationen<\/h2>\n<table class=\"aligncenter\" style=\"border-collapse: collapse; width: 581.27pt;\" border=\"0\" width=\"775\" cellspacing=\"0\" cellpadding=\"0\">\n<tbody>\n<tr style=\"height: 13.50pt;\">\n<td style=\"height: 13.50pt; width: 164.25pt;\" width=\"219\" height=\"18\">Spezifikation<\/td>\n<td style=\"width: 417.00pt;\" width=\"556\">Details<\/td>\n<\/tr>\n<tr style=\"height: 13.50pt;\">\n<td style=\"height: 13.50pt;\" height=\"18\">Abmessungen (T \u00d7 H)<\/td>\n<td>600 ml (20 oz) 7,4 \u00d7 23,7 cm \/ 1000 ml (32 oz) 8,1 \u00d7 28,9 cm<\/td>\n<\/tr>\n<tr style=\"height: 13.50pt;\">\n<td style=\"height: 13.50pt;\" height=\"18\">Innendurchmesser des Flaschenhalses<\/td>\n<td>2,8 cm Durchmesser<\/td>\n<\/tr>\n<tr style=\"height: 13.50pt;\">\n<td style=\"height: 13.50pt;\" height=\"18\">Verschlussart<\/td>\n<td>swing top<\/td>\n<\/tr>\n<tr style=\"height: 13.50pt;\">\n<td style=\"height: 13.50pt;\" height=\"18\">Material<\/td>\n<td>Lead-free soda-lime glass, stainless steel, silicone pad<\/td>\n<\/tr>\n<tr style=\"height: 13.50pt;\">\n<td style=\"height: 13.50pt;\" height=\"18\">ustomization Options:<\/td>\n<td>C Color, Size, Surface Finish, Logo, Packaging<\/td>\n<\/tr>\n<\/tbody>\n<\/table>\n<h2>Anwendung<\/h2>\n<p>These sealable glass bottles are widely used across food and beverage industries where airtight storage is essential. They can be used to store oils, vinegar, syrups and homemade beverages or to package water, juices, kombucha, beer and other fermented beverages. The resealable secure closure ensures that they can be distributed to retailers as well as used repeatedly by consumers. Moreover, they are also widely utilised in the hospitality, cafes, breweries, and line of their own products to provide quality preservation and maintenance of the quality of products during storing and transportation.<\/p>\n<h2>Erfolgsgeschichte: Die perfekte Wahl f\u00fcr eine Craft-Brauerei<\/h2>\n<p>Eine kleine Brauerei, die Craft-Limonaden herstellt, ben\u00f6tigte einen robusten Beh\u00e4lter f\u00fcr ihr stark kohlens\u00e4urehaltiges Ginger Ale. Dank unserer wiederverschlie\u00dfbaren Glasflaschen verzeichneten sie innerhalb von sieben Tagen einen Kohlendioxidverlust von unter 2 % und die Beschwerden ihrer Kunden \u00fcber abgestandenes Bier gingen komplett zur\u00fcck. Zudem musste die Dichtung nach f\u00fcnf Abf\u00fcllvorg\u00e4ngen pro Flasche nur in weniger als 0,5 % der F\u00e4lle ausgetauscht werden. Die Brauerei war so zufrieden, dass sie innerhalb von sechs Monaten drei weitere Bestellungen aufgab und so ihr Bestellvolumen bis zum Ende des Sechsmonatszeitraums von 1.200 auf 200.000 Flaschen steigerte.<\/p>\n<h2>Gestalten Sie Ihre Schraubverschlussflaschen individuell<\/h2>\n<ul>\n<li><strong>Siebdruck:<\/strong> Bringen Sie Ihr Etikettendesign mithilfe des Siebdruckverfahrens direkt auf die Flasche auf. Das Ergebnis ist eine sehr haltbare und professionell aussehende Oberfl\u00e4che.<\/li>\n<li><strong>Oberfl\u00e4chenausf\u00fchrungen f\u00fcr Druckkn\u00f6pfe:<\/strong> Beispielsweise gibt es bei den Metall-Druckkn\u00f6pfen Ausf\u00fchrungen wie Schwarz oder Verzinkt, die Sie f\u00fcr ein einzigartiges Erscheinungsbild Ihres Produkts w\u00e4hlen k\u00f6nnen.<\/li>\n<li><strong>Bernstein- oder gr\u00fcnes Glas:<\/strong> Die Wahl von farbigem Glas kann eine M\u00f6glichkeit sein, lichtempfindliche Getr\u00e4nke wie Bier oder Essig zu sch\u00fctzen.<\/li>\n<li><strong>Bandmarkierungen:<\/strong> Alternativ k\u00f6nnen Sie auch Volumenangaben anbringen, die entweder gepr\u00e4gt oder auf die Seite der Flasche gedruckt sind \u2013 sowohl aus Gr\u00fcnden der Praktikabilit\u00e4t als auch der Professionalit\u00e4t.<\/li>\n<\/ul>\n<p>Sind Sie bereit, Ihre ideale Verpackung zu gestalten? Unsere Schraubverschlussflaschen sind sofort verf\u00fcgbar und k\u00f6nnen Ihnen in K\u00fcrze geliefert werden. Gro\u00dfhandelspreise f\u00fcr diese wiederverwendbaren Glasflaschen sind verhandelbar. Kontaktieren Sie uns noch heute!<\/p>","protected":false},"excerpt":{"rendered":"<p>Wiederverschlie\u00dfbare Glasflaschen mit wei\u00dfem B\u00fcgelverschluss, ideal f\u00fcr Lebensmittel, Getr\u00e4nke oder G\u00e4rprodukte. Verschlie\u00dfbare Glasflaschen in gro\u00dfen Mengen erh\u00e4ltlich. Schneller Versand.<\/p>","protected":false},"featured_media":25624,"template":"","meta":[],"product_brand":[],"product_cat":[132,123,122,80,81,20],"product_tag":[],"class_list":{"0":"post-23879","1":"product","2":"type-product","3":"status-publish","4":"has-post-thumbnail","6":"product_cat-glass-flip-top-bottles","7":"product_cat-custom-glass-bottles","8":"product_cat-custom-glass-packaging","9":"product_cat-glass-bottles","10":"product_cat-flip-top-bottles","11":"product_cat-glass-containers","13":"first","14":"instock","15":"shipping-taxable","16":"product-type-simple"},"jetpack_sharing_enabled":true,"_links":{"self":[{"href":"https:\/\/yebodaglass.com\/de\/wp-json\/wp\/v2\/product\/23879","targetHints":{"allow":["GET"]}}],"collection":[{"href":"https:\/\/yebodaglass.com\/de\/wp-json\/wp\/v2\/product"}],"about":[{"href":"https:\/\/yebodaglass.com\/de\/wp-json\/wp\/v2\/types\/product"}],"version-history":[{"count":5,"href":"https:\/\/yebodaglass.com\/de\/wp-json\/wp\/v2\/product\/23879\/revisions"}],"predecessor-version":[{"id":25617,"href":"https:\/\/yebodaglass.com\/de\/wp-json\/wp\/v2\/product\/23879\/revisions\/25617"}],"wp:featuredmedia":[{"embeddable":true,"href":"https:\/\/yebodaglass.com\/de\/wp-json\/wp\/v2\/media\/25624"}],"wp:attachment":[{"href":"https:\/\/yebodaglass.com\/de\/wp-json\/wp\/v2\/media?parent=23879"}],"wp:term":[{"taxonomy":"product_brand","embeddable":true,"href":"https:\/\/yebodaglass.com\/de\/wp-json\/wp\/v2\/product_brand?post=23879"},{"taxonomy":"product_cat","embeddable":true,"href":"https:\/\/yebodaglass.com\/de\/wp-json\/wp\/v2\/product_cat?post=23879"},{"taxonomy":"product_tag","embeddable":true,"href":"https:\/\/yebodaglass.com\/de\/wp-json\/wp\/v2\/product_tag?post=23879"}],"curies":[{"name":"wp","href":"https:\/\/api.w.org\/{rel}","templated":true}]}}