{"id":23874,"date":"2025-11-18T14:12:37","date_gmt":"2025-11-18T06:12:37","guid":{"rendered":"https:\/\/yebodaglass.com\/?post_type=product&#038;p=23874"},"modified":"2025-11-18T14:12:38","modified_gmt":"2025-11-18T06:12:38","slug":"pickling-jar-wholesale-glass-jar-factory","status":"publish","type":"product","link":"https:\/\/yebodaglass.com\/de\/pickling-jar-wholesale-glass-jar-factory\/","title":{"rendered":"Klarglas-Einmachgl\u00e4ser f\u00fcr Verpackungszwecke, Gro\u00dfhandel, 220 ml, 250 ml, 280 ml"},"content":{"rendered":"<p>Sie haben genug von Einmachgl\u00e4sern, die auslaufen oder Ihre Gurken stumpf machen? Wir fertigen Einmachgl\u00e4ser aus Glas \u2013 Schluss mit unsch\u00f6nen Lake-Flecken! Mit diesen Gl\u00e4sern wird Ihre Vorratshaltung zum Blickfang. Bei gr\u00f6\u00dferen Bestellmengen erhalten Sie individuelle Farben passend zu Ihrer Marke.<\/p>\n<h2>Produkteigenschaften<\/h2>\n<p><strong>Rutschfester Flaschenboden<\/strong><\/p>\n<p>Durch die Verwendung eines rutschfesten Flaschenbodens wird das Einmachglas nicht nur stabilisiert, sondern auch sicherer in der Handhabung.<\/p>\n<p><strong>3D-strukturierte Oberfl\u00e4che<\/strong><\/p>\n<p>Die Textur an der Seite des Einmachglases hilft dem Benutzer nicht nur dabei, das Glas festzuhalten, sondern macht den Inhalt des Glases auch optisch ansprechender.<\/p>\n<p><strong>Schraubverschluss-Dichtungsdesign<\/strong><\/p>\n<p>Der rote Schraubverschluss besteht aus einer eng anliegenden Gewindekonstruktion, die eine hervorragende Auslaufsicherheit gew\u00e4hrleistet und somit Hei\u00dfabf\u00fcllung und Lagerung bei Raumtemperatur erm\u00f6glicht.<\/p>\n<h2>Wichtigste Spezifikationen<\/h2>\n<table style=\"border-collapse: collapse; width: 80%; margin-left: auto; margin-right: auto;\" border=\"0\" width=\"216\" cellspacing=\"0\" cellpadding=\"0\">\n<tbody>\n<tr style=\"height: 13.50pt;\">\n<td style=\"height: 13.5pt; width: 54pt; text-align: center;\" width=\"72\" height=\"18\">Fassungsverm\u00f6gen (ml)<\/td>\n<td style=\"width: 54pt; text-align: center;\" width=\"72\">Gr\u00f6\u00dfe (cm)<\/td>\n<td style=\"width: 54pt; text-align: center;\" width=\"72\">Benutzerdefinierte Optionen<\/td>\n<\/tr>\n<tr style=\"height: 13.50pt;\">\n<td style=\"height: 13.5pt; text-align: center;\" align=\"right\" height=\"18\">220<\/td>\n<td style=\"text-align: center;\">6,2 x 11,3<\/td>\n<td class=\"et2\" style=\"text-align: center;\" rowspan=\"3\">Deckel, Farbe, Etikett, Logo<\/td>\n<\/tr>\n<tr style=\"height: 13.50pt;\">\n<td style=\"height: 13.5pt; text-align: center;\" align=\"right\" height=\"18\">250<\/td>\n<td style=\"text-align: center;\">6,5 x 12,7<\/td>\n<\/tr>\n<tr style=\"height: 13.50pt;\">\n<td style=\"height: 13.5pt; text-align: center;\" align=\"right\" height=\"18\">280<\/td>\n<td style=\"text-align: center;\">6,5 x 13,5<\/td>\n<\/tr>\n<\/tbody>\n<\/table>\n<h2>Erfolgsbeispiel<\/h2>\n<p>Eine osteurop\u00e4ische Marke f\u00fcr eingelegtes Gem\u00fcse w\u00e4hlte unser Einmachglas f\u00fcr ihre neue Verpackung. Um die Produktqualit\u00e4t zu unterstreichen, entwarfen sie ein exklusives Markenetikett und einen schwarzen Verschlussdeckel, der perfekt zu der hochtransparenten Flasche passt.<\/p>\n<p>Ihr neues Produktpaket war ma\u00dfgeblich daran beteiligt, im letzten Quartal des Jahres nach der Markteinf\u00fchrung ein Umsatzwachstum von 28 % zu erzielen.<\/p>\n<h2>Ihr Leitfaden zur individuellen Gestaltung von Einmachgl\u00e4sern<\/h2>\n<ol>\n<li><strong>Flaschendruck und Etikettengestaltung:<\/strong> Sie k\u00f6nnen zwischen verschiedenen Druckverfahren w\u00e4hlen, z. B. Siebdruck oder Thermotransferdruck, um Ihr Markenlogo, eine Grafik oder einen Text direkt auf das Einmachglas zu drucken; oder Sie w\u00e4hlen farbige oder transparente Etiketten f\u00fcr unterschiedliche Verpackungsanforderungen.<\/li>\n<li><strong>Auswahl von Material und Farbe des Flaschenverschlusses:<\/strong> Sie k\u00f6nnen zwischen Metallschraubverschl\u00fcssen mit galvanisierter, einbrennlackierter oder matter Oberfl\u00e4che w\u00e4hlen, um Ihren Anforderungen gerecht zu werden; alternativ kann ein Kunststoffschraubverschluss in einer Farbe gew\u00e4hlt werden, die an den Flaschenstil angepasst werden kann, was die Massenproduktion erleichtert.<\/li>\n<\/ol>\n<p>&nbsp;<\/p>","protected":false},"excerpt":{"rendered":"<p>Einmachglas direkt vom Hersteller f\u00fcr Lebensmittelmarken; dieses Einmachglas f\u00fcr eingelegtes Gem\u00fcse eignet sich f\u00fcr Gro\u00dfbestellungen, individuelle Deckel und Etiketten und bietet K\u00e4ufern eine zuverl\u00e4ssige Verpackung.<\/p>","protected":false},"featured_media":23880,"template":"","meta":[],"product_brand":[],"product_cat":[122,124,133],"product_tag":[],"class_list":{"0":"post-23874","1":"product","2":"type-product","3":"status-publish","4":"has-post-thumbnail","6":"product_cat-custom-glass-packaging","7":"product_cat-custom-glass-jars","8":"product_cat-pickle-jars","10":"first","11":"instock","12":"shipping-taxable","13":"product-type-simple"},"jetpack_sharing_enabled":true,"_links":{"self":[{"href":"https:\/\/yebodaglass.com\/de\/wp-json\/wp\/v2\/product\/23874","targetHints":{"allow":["GET"]}}],"collection":[{"href":"https:\/\/yebodaglass.com\/de\/wp-json\/wp\/v2\/product"}],"about":[{"href":"https:\/\/yebodaglass.com\/de\/wp-json\/wp\/v2\/types\/product"}],"version-history":[{"count":2,"href":"https:\/\/yebodaglass.com\/de\/wp-json\/wp\/v2\/product\/23874\/revisions"}],"predecessor-version":[{"id":23884,"href":"https:\/\/yebodaglass.com\/de\/wp-json\/wp\/v2\/product\/23874\/revisions\/23884"}],"wp:featuredmedia":[{"embeddable":true,"href":"https:\/\/yebodaglass.com\/de\/wp-json\/wp\/v2\/media\/23880"}],"wp:attachment":[{"href":"https:\/\/yebodaglass.com\/de\/wp-json\/wp\/v2\/media?parent=23874"}],"wp:term":[{"taxonomy":"product_brand","embeddable":true,"href":"https:\/\/yebodaglass.com\/de\/wp-json\/wp\/v2\/product_brand?post=23874"},{"taxonomy":"product_cat","embeddable":true,"href":"https:\/\/yebodaglass.com\/de\/wp-json\/wp\/v2\/product_cat?post=23874"},{"taxonomy":"product_tag","embeddable":true,"href":"https:\/\/yebodaglass.com\/de\/wp-json\/wp\/v2\/product_tag?post=23874"}],"curies":[{"name":"wp","href":"https:\/\/api.w.org\/{rel}","templated":true}]}}