{"id":23813,"date":"2025-11-17T16:50:25","date_gmt":"2025-11-17T08:50:25","guid":{"rendered":"https:\/\/yebodaglass.com\/?post_type=product&#038;p=23813"},"modified":"2026-03-12T15:12:09","modified_gmt":"2026-03-12T07:12:09","slug":"amber-glass-pop-top-bottles-with-metal-clamp-wholesale","status":"publish","type":"product","link":"https:\/\/yebodaglass.com\/de\/amber-glass-pop-top-bottles-with-metal-clamp-wholesale\/","title":{"rendered":"Gro\u00dfhandel f\u00fcr 485-ml-Braunglasflaschen mit Metallverschluss"},"content":{"rendered":"<p data-start=\"66\" data-end=\"288\">Die Pop-Top-Flaschen zeichnen sich durch ihre minimalistische, l\u00e4ngliche Form aus bernsteinfarbenem Glas aus. Dank ihres wiederverschlie\u00dfbaren Korpus und des luftdichten Metallverschlusses eignen sie sich ideal zur Aufbewahrung von Fl\u00fcssigkeiten oder Gew\u00fcrzen.<\/p>\n<h2>Produkteigenschaften<\/h2>\n<ul>\n<li>\n<div class=\"whitespace-pre-line p-2 sm:p-1 min-h-[80px] max-w-full overflow-x-auto\"><span aria-haspopup=\"dialog\" aria-expanded=\"false\" aria-controls=\"radix-_r_9a_\" data-state=\"closed\" data-slot=\"popover-trigger\"><strong>Bernsteinfarbenes UV-Schutzglas:<\/strong> Die Flasche wird aus Braunglas hergestellt, was zur Abweisung von ultraviolettem Licht beitr\u00e4gt und somit empfindliche Getr\u00e4nke wie Bier sch\u00fctzt und den Geschmack des Getr\u00e4nks \u00fcber die Zeit bewahrt.<\/span><\/div>\n<\/li>\n<li>\n<div class=\"whitespace-pre-line p-2 sm:p-1 min-h-[80px] max-w-full overflow-x-auto\"><span aria-haspopup=\"dialog\" aria-expanded=\"false\" aria-controls=\"radix-_r_9b_\" data-state=\"closed\" data-slot=\"popover-trigger\"><strong>Wiederverwendbares mechanisches Verriegelungssystem:<\/strong> Das B\u00fcgelverschlusssystem erm\u00f6glicht ein mehrmaliges \u00d6ffnen und Schlie\u00dfen ohne Werkzeug und macht die Flasche leicht wiederverwendbar und einfach als Beh\u00e4lter f\u00fcr nachf\u00fcllbare Getr\u00e4nke zu nutzen.<\/span><\/div>\n<\/li>\n<li>\n<div class=\"whitespace-pre-line p-2 sm:p-1 min-h-[80px] max-w-full overflow-x-auto\"><span aria-haspopup=\"dialog\" aria-expanded=\"false\" aria-controls=\"radix-_r_9c_\" data-state=\"closed\" data-slot=\"popover-trigger\"><strong>Flache Unterseite:<\/strong> Flacher und breiter Boden: Der flache Boden erh\u00f6ht die Stabilit\u00e4t beim Abstellen auf Tischen, Regalen oder Bartheken und verringert so die Gefahr des Umkippens w\u00e4hrend des Gebrauchs oder der Pr\u00e4sentation.<\/span><\/div>\n<div class=\"bg-border shrink-0 data-[orientation=horizontal]:h-px data-[orientation=horizontal]:w-full data-[orientation=vertical]:h-full data-[orientation=vertical]:w-px my-2\" role=\"none\" data-orientation=\"horizontal\" data-slot=\"separator\"><\/div>\n<\/li>\n<\/ul>\n<h2 style=\"text-align: left;\">Wichtigste Spezifikationen<\/h2>\n<table style=\"border-collapse: collapse; width: 80%; margin-left: auto; margin-right: auto;\" border=\"0\" width=\"856\" cellspacing=\"0\" cellpadding=\"0\">\n<tbody>\n<tr style=\"height: 13.50pt;\">\n<td style=\"height: 13.5pt; width: 128.25pt; text-align: center;\" width=\"171\" height=\"18\">Spezifikation<\/td>\n<td style=\"width: 513.75pt; text-align: center;\" width=\"685\">Details<\/td>\n<\/tr>\n<tr style=\"height: 13.50pt;\">\n<td style=\"height: 13.5pt; text-align: center;\" height=\"18\">Kapazit\u00e4t<\/td>\n<td style=\"text-align: center;\">485 ml<\/td>\n<\/tr>\n<tr style=\"height: 13.50pt;\">\n<td style=\"height: 13.5pt; text-align: center;\" height=\"18\">Ma\u00dfe<\/td>\n<td style=\"text-align: center;\">7,75 cm \u00d7 22,3 cm<\/td>\n<\/tr>\n<tr style=\"height: 13.50pt;\">\n<td style=\"height: 13.5pt; text-align: center;\" height=\"18\">Material<\/td>\n<td style=\"text-align: center;\">Braunes Glas (UV-Schutz)<\/td>\n<\/tr>\n<tr style=\"height: 13.50pt;\">\n<td style=\"height: 13.5pt; text-align: center;\" height=\"18\">Verschlussart<\/td>\n<td style=\"text-align: center;\">Schwingdeckel aus Edelstahl mit Stopper<\/td>\n<\/tr>\n<tr style=\"height: 13.50pt;\">\n<td style=\"height: 13.5pt; text-align: center;\" height=\"18\">Dichtungsoptionen<\/td>\n<td style=\"text-align: center;\">Standardgummi oder Upgrade auf s\u00e4ure-\/hitzebest\u00e4ndiges Silikon<\/td>\n<\/tr>\n<tr style=\"height: 13.50pt;\">\n<td style=\"height: 13.5pt; text-align: center;\" height=\"18\">Dichtungsleistung<\/td>\n<td style=\"text-align: center;\">Luftdicht, druckgepr\u00fcft auf aktive Karbonisierung<\/td>\n<\/tr>\n<tr style=\"height: 13.50pt;\">\n<td style=\"height: 13.5pt; text-align: center;\" height=\"18\">Ideal f\u00fcr<\/td>\n<td style=\"text-align: center;\">Bier, Kombucha, Limonade, Essig, Weinherstellung, fermentierte Getr\u00e4nke<\/td>\n<\/tr>\n<\/tbody>\n<\/table>\n<h2>Erfolgsbeispiel<\/h2>\n<p><span aria-haspopup=\"dialog\" aria-expanded=\"false\" aria-controls=\"radix-_r_97_\" data-state=\"closed\" data-slot=\"popover-trigger\">Eine der kleinen Brauereien entschied sich, unsere bernsteinfarbenen Glasflaschen mit Schraubverschluss als Hauptverpackung f\u00fcr die Markteinf\u00fchrung ihrer limitierten saisonalen Ale-Serie zu verwenden.<\/span> <span aria-haspopup=\"dialog\" aria-expanded=\"false\" aria-controls=\"radix-_r_98_\" data-state=\"closed\" data-slot=\"popover-trigger\">Sie verlangten stabilere, bernsteinfarbene Glasw\u00e4nde, um die Flaschen bei der Nachg\u00e4rung haltbarer zu machen; ein gepr\u00e4gtes Radmuster und das Logo der Brauerei im unteren Bereich der Flasche sowie einen Keramikverschluss mit einem tiefroten Dichtungsring, der zu ihren Bieretiketten passte.<\/span> <span aria-haspopup=\"dialog\" aria-expanded=\"false\" aria-controls=\"radix-_r_99_\" data-state=\"closed\" data-slot=\"popover-trigger\">Die von ihnen vertriebenen Spezialbiere verzeichneten in den ersten beiden Einf\u00fchrungsphasen ein Umsatzwachstum von 35 % und aufgrund der guten Resonanz am Markt wird die Brauerei weiterhin regelm\u00e4\u00dfig bestellen.<\/span><\/p>\n<h2>Anpassungsoptionen<\/h2>\n<ul>\n<li><strong>Individuelle Farbe der Keramikkappe:<\/strong> Entscheiden Sie sich f\u00fcr eine Farbe f\u00fcr den Dosenverschluss, damit Ihre Marke im Regal die Aufmerksamkeit der Verbraucher optimal auf sich zieht.<\/li>\n<li><strong>Logopr\u00e4gung:<\/strong> Pr\u00e4gen Sie ein Logo auf die Flaschenschulter oder den Flaschenboden, um eine exklusive und hochwertige Markenidentit\u00e4t zu schaffen, die man auch f\u00fchlen kann.<\/li>\n<li><strong>S\u00e4urege\u00e4tzte Volumenmarkierung:<\/strong> Verleihen Sie der Flasche ein professionelles Aussehen, indem Sie eine saubere, mattierte \u201e485ml\u201c-Markierung mit S\u00e4ure auf den Flaschenboden \u00e4tzen.<\/li>\n<li><strong>S\u00e4urege\u00e4tzte Volumenmarkierung:<\/strong> Eine schwarze oder farbige Epoxidbeschichtung des Drahtgeflechts kann entweder zur Dekoration des Drahtgeflechts oder zur besseren Anpassung an das Gesamtbild Ihres Designs verwendet werden.<\/li>\n<\/ul>","protected":false},"excerpt":{"rendered":"<p>Wiederverschlie\u00dfbare, bernsteinfarbene Glasflaschen mit stabilem Drahtb\u00fcgelverschluss garantieren einen dichten Verschluss \u2013 ideal f\u00fcr Limonade, Bier oder Kombucha. Schneller Versand.<\/p>","protected":false},"featured_media":23831,"template":"","meta":[],"product_brand":[],"product_cat":[122,123,132],"product_tag":[],"class_list":{"0":"post-23813","1":"product","2":"type-product","3":"status-publish","4":"has-post-thumbnail","6":"product_cat-custom-glass-packaging","7":"product_cat-custom-glass-bottles","8":"product_cat-glass-flip-top-bottles","10":"first","11":"instock","12":"shipping-taxable","13":"product-type-simple"},"jetpack_sharing_enabled":true,"_links":{"self":[{"href":"https:\/\/yebodaglass.com\/de\/wp-json\/wp\/v2\/product\/23813","targetHints":{"allow":["GET"]}}],"collection":[{"href":"https:\/\/yebodaglass.com\/de\/wp-json\/wp\/v2\/product"}],"about":[{"href":"https:\/\/yebodaglass.com\/de\/wp-json\/wp\/v2\/types\/product"}],"version-history":[{"count":5,"href":"https:\/\/yebodaglass.com\/de\/wp-json\/wp\/v2\/product\/23813\/revisions"}],"predecessor-version":[{"id":25410,"href":"https:\/\/yebodaglass.com\/de\/wp-json\/wp\/v2\/product\/23813\/revisions\/25410"}],"wp:featuredmedia":[{"embeddable":true,"href":"https:\/\/yebodaglass.com\/de\/wp-json\/wp\/v2\/media\/23831"}],"wp:attachment":[{"href":"https:\/\/yebodaglass.com\/de\/wp-json\/wp\/v2\/media?parent=23813"}],"wp:term":[{"taxonomy":"product_brand","embeddable":true,"href":"https:\/\/yebodaglass.com\/de\/wp-json\/wp\/v2\/product_brand?post=23813"},{"taxonomy":"product_cat","embeddable":true,"href":"https:\/\/yebodaglass.com\/de\/wp-json\/wp\/v2\/product_cat?post=23813"},{"taxonomy":"product_tag","embeddable":true,"href":"https:\/\/yebodaglass.com\/de\/wp-json\/wp\/v2\/product_tag?post=23813"}],"curies":[{"name":"wp","href":"https:\/\/api.w.org\/{rel}","templated":true}]}}