{"id":23811,"date":"2025-11-17T17:24:30","date_gmt":"2025-11-17T09:24:30","guid":{"rendered":"https:\/\/yebodaglass.com\/?post_type=product&#038;p=23811"},"modified":"2025-11-18T10:20:05","modified_gmt":"2025-11-18T02:20:05","slug":"pickling-containers-bulk-glass-pickling-jar","status":"publish","type":"product","link":"https:\/\/yebodaglass.com\/de\/pickling-containers-bulk-glass-pickling-jar\/","title":{"rendered":"350 ml \u2013 730 ml Glas-Einmachglas f\u00fcr Kimchi (lose)"},"content":{"rendered":"<p>Sie haben genug von auslaufenden oder schnell verderblichen Gurkengl\u00e4sern? Wir fertigen Einmachgl\u00e4ser aus Glas \u2013 Schluss mit traurigen Dill- oder Gurkeneinlagen! Mit diesen Einmachgl\u00e4sern verwandeln Sie Ihre Lebensmittelvorr\u00e4te in ein Markenprodukt. Bei Gro\u00dfbestellungen erhalten Sie individuelle Gr\u00f6\u00dfen, die perfekt zu Ihrem Unternehmen passen.<\/p>\n<h2>Produkteigenschaften<\/h2>\n<p><strong>Verdicktes transparentes Glas<\/strong><\/p>\n<p>Die Beh\u00e4lterw\u00e4nde sind robust und langlebig, s\u00e4ure- und salzbest\u00e4ndig und eignen sich daher zum Einlegen, Fermentieren, f\u00fcr So\u00dfen und eine gro\u00dfe Vielfalt anderer Lebensmittel.<\/p>\n<p><strong>Hervorragende Dichtungsf\u00e4higkeit<\/strong><\/p>\n<p>Die Schraubverschlusskonstruktion verhindert in Kombination mit anderen Materialien das Eindringen von Luft und sorgt so f\u00fcr den Erhalt von Geschmack und Reinheit der Zutaten.<\/p>\n<p><strong>Runde Flasche<\/strong><\/p>\n<p>Durch die volumin\u00f6sere Optik eignet es sich gut f\u00fcr Ausstellungsst\u00fccke, wodurch die Attraktivit\u00e4t im Regal gesteigert wird.<\/p>\n<h2>Wichtigste Spezifikationen<\/h2>\n<table style=\"border-collapse: collapse; width: 80%; margin-left: auto; margin-right: auto;\" border=\"0\" width=\"216\" cellspacing=\"0\" cellpadding=\"0\">\n<tbody>\n<tr style=\"height: 13.50pt;\">\n<td style=\"height: 13.5pt; width: 54pt; text-align: center;\" width=\"72\" height=\"18\">Fassungsverm\u00f6gen (ml)<\/td>\n<td style=\"width: 54pt; text-align: center;\" width=\"72\">Gr\u00f6\u00dfe (cm)<\/td>\n<td style=\"width: 54pt; text-align: center;\" width=\"72\">Benutzerdefinierte Optionen<\/td>\n<\/tr>\n<tr style=\"height: 13.50pt;\">\n<td style=\"height: 13.5pt; text-align: center;\" align=\"right\" height=\"18\">350<\/td>\n<td style=\"text-align: center;\">8,5 x 8,1 x 11,0<\/td>\n<td class=\"et2\" style=\"text-align: center;\" rowspan=\"3\">Deckel, Farbe, Logo\u2026<\/td>\n<\/tr>\n<tr style=\"height: 13.50pt;\">\n<td style=\"height: 13.5pt; text-align: center;\" align=\"right\" height=\"18\">480<\/td>\n<td style=\"text-align: center;\">9,2 x 8,9 x 12,2<\/td>\n<\/tr>\n<tr style=\"height: 13.50pt;\">\n<td style=\"height: 13.5pt; text-align: center;\" align=\"right\" height=\"18\">730<\/td>\n<td style=\"text-align: center;\">9,5 x 14,5<\/td>\n<\/tr>\n<\/tbody>\n<\/table>\n<h2>Erfolgsgeschichte<\/h2>\n<p>Als eine s\u00fcdostasiatische Marke f\u00fcr scharfe Saucen ihre Verpackung \u00e4ndern wollte, entschied sie sich f\u00fcr unser Einmachglas. Das neue, runde und transparente Glas im Regal sprach die Verbraucher optisch sehr an, da sie die authentischen und st\u00fcckigen Zutaten sofort erkennen konnten. Der Schraubverschluss trug au\u00dferdem dazu bei, dass das Produkt l\u00e4nger frisch blieb.<\/p>\n<p>Innerhalb von nur drei Monaten stiegen die Verkaufszahlen der neuen Verpackungsserie sprunghaft an, wodurch die Marke im hart umk\u00e4mpften Markt der Gew\u00fcrze einen Durchbruch erzielen konnte.<\/p>\n<h2>Ihr Leitfaden zur individuellen Gestaltung von Einlegebeh\u00e4ltern<\/h2>\n<ol>\n<li><strong>Kundenspezifische Verschlusskappen:<\/strong> F\u00fcr eine bessere Abdichtung und Konservierung von fermentierten Gurken k\u00f6nnen Sie Dichtungsringe aus Metall, feuchtigkeitsbest\u00e4ndigem Kunststoff oder Silikon w\u00e4hlen.<\/li>\n<li><strong>Etikettierungs- und Druckvorg\u00e4nge:<\/strong> Es unterst\u00fctzt die visuellen Anforderungen der Marke durch die Umsetzung folgender Techniken: Einbrennlackierung, Siebdruck, Pr\u00e4gung oder vollst\u00e4ndige Etikettengestaltung.<\/li>\n<li><strong>Farbe und rutschfeste Textur der Kappen:<\/strong> Verschiedenfarbige Kappen mit oder ohne strukturierte Oberfl\u00e4che werden verwendet, um die Aufmerksamkeit des Verbrauchers im Regal zu erregen und einen besseren Halt beim \u00d6ffnen zu gew\u00e4hrleisten.<\/li>\n<\/ol>","protected":false},"excerpt":{"rendered":"<p>Einmachgl\u00e4ser f\u00fcr Saucen und fermentierte Lebensmittel. Unsere Glas-Einmachgl\u00e4ser bieten eine klare Pr\u00e4sentation, einen dichten Verschluss und eignen sich ideal als zuverl\u00e4ssige Gro\u00dfverpackung f\u00fcr Markenprodukte.<\/p>","protected":false},"featured_media":23817,"template":"","meta":[],"product_brand":[],"product_cat":[122,124,133],"product_tag":[],"class_list":{"0":"post-23811","1":"product","2":"type-product","3":"status-publish","4":"has-post-thumbnail","6":"product_cat-custom-glass-packaging","7":"product_cat-custom-glass-jars","8":"product_cat-pickle-jars","10":"first","11":"instock","12":"shipping-taxable","13":"product-type-simple"},"jetpack_sharing_enabled":true,"_links":{"self":[{"href":"https:\/\/yebodaglass.com\/de\/wp-json\/wp\/v2\/product\/23811","targetHints":{"allow":["GET"]}}],"collection":[{"href":"https:\/\/yebodaglass.com\/de\/wp-json\/wp\/v2\/product"}],"about":[{"href":"https:\/\/yebodaglass.com\/de\/wp-json\/wp\/v2\/types\/product"}],"version-history":[{"count":5,"href":"https:\/\/yebodaglass.com\/de\/wp-json\/wp\/v2\/product\/23811\/revisions"}],"predecessor-version":[{"id":23836,"href":"https:\/\/yebodaglass.com\/de\/wp-json\/wp\/v2\/product\/23811\/revisions\/23836"}],"wp:featuredmedia":[{"embeddable":true,"href":"https:\/\/yebodaglass.com\/de\/wp-json\/wp\/v2\/media\/23817"}],"wp:attachment":[{"href":"https:\/\/yebodaglass.com\/de\/wp-json\/wp\/v2\/media?parent=23811"}],"wp:term":[{"taxonomy":"product_brand","embeddable":true,"href":"https:\/\/yebodaglass.com\/de\/wp-json\/wp\/v2\/product_brand?post=23811"},{"taxonomy":"product_cat","embeddable":true,"href":"https:\/\/yebodaglass.com\/de\/wp-json\/wp\/v2\/product_cat?post=23811"},{"taxonomy":"product_tag","embeddable":true,"href":"https:\/\/yebodaglass.com\/de\/wp-json\/wp\/v2\/product_tag?post=23811"}],"curies":[{"name":"wp","href":"https:\/\/api.w.org\/{rel}","templated":true}]}}