{"id":23801,"date":"2025-11-17T15:49:26","date_gmt":"2025-11-17T07:49:26","guid":{"rendered":"https:\/\/yebodaglass.com\/?post_type=product&#038;p=23801"},"modified":"2025-11-17T16:50:04","modified_gmt":"2025-11-17T08:50:04","slug":"custom-grooved-resealable-bottles-for-fermentation","status":"publish","type":"product","link":"https:\/\/yebodaglass.com\/de\/custom-grooved-resealable-bottles-for-fermentation\/","title":{"rendered":"Ma\u00dfgefertigte, wiederverschlie\u00dfbare 465-ml-Flaschen mit Rillen f\u00fcr die G\u00e4rung"},"content":{"rendered":"<p data-start=\"66\" data-end=\"288\">Diese aus transparentem Glas gefertigten, wiederverschlie\u00dfbaren Flaschen verf\u00fcgen \u00fcber ein geripptes Muster und einen Metall-Schnappverschluss und vereinen so Stil, Komfort und sicheren Verschluss zu einem modernen und dennoch zeitlosen Reiz.<\/p>\n<h2>Produkteigenschaften<\/h2>\n<ul>\n<li><strong>Gerippte Flasche:<\/strong> Das gerippte Muster dient nicht nur der Verzierung des Produkts und erh\u00f6ht den Wiedererkennungswert der Marke, sondern verbessert auch die Griffigkeit und verringert die Rutschgefahr.<\/li>\n<li><strong>Press-Stop-Versiegelung:<\/strong> Dank des metallischen Druckverschlusses ist das Verschlie\u00dfen dieser Flaschen alles andere als problematisch; sie sind daher sehr dicht und halten den Inhalt effektiv frisch, w\u00e4hrend gleichzeitig das \u00d6ffnen und Schlie\u00dfen erleichtert wird.<\/li>\n<li><strong>Hervorragendes Aussehen:<\/strong> Durch das strukturierte Muster und den Schraubverschluss im Vintage-Stil erh\u00e4lt das Produkt ein luxuri\u00f6ses Aussehen und wird so zu einem echten Blickfang in den Verkaufsregalen.<\/li>\n<\/ul>\n<h2 style=\"text-align: left;\">Wichtigste Spezifikationen<\/h2>\n<table class=\"aligncenter\" style=\"border-collapse: collapse; width: 426.02pt;\" border=\"0\" width=\"568\" cellspacing=\"0\" cellpadding=\"0\">\n<tbody>\n<tr style=\"height: 13.50pt;\">\n<td style=\"height: 13.50pt; width: 105.75pt;\" width=\"141\" height=\"18\">Spezifikation<\/td>\n<td style=\"width: 320.25pt;\" width=\"427\">Details<\/td>\n<\/tr>\n<tr style=\"height: 13.50pt;\">\n<td style=\"height: 13.50pt;\" height=\"18\">Kapazit\u00e4t<\/td>\n<td>465 ml<\/td>\n<\/tr>\n<tr style=\"height: 13.50pt;\">\n<td style=\"height: 13.50pt;\" height=\"18\">Ma\u00dfe<\/td>\n<td>7,75 cm \u00d7 22,3 cm<\/td>\n<\/tr>\n<tr style=\"height: 13.50pt;\">\n<td style=\"height: 13.50pt;\" height=\"18\">Material<\/td>\n<td>Hochtransparentes Klarglas<\/td>\n<\/tr>\n<tr style=\"height: 13.50pt;\">\n<td style=\"height: 13.50pt;\" height=\"18\">Karosseriedesign<\/td>\n<td>Vertikale Rillen f\u00fcr Griffigkeit und Verst\u00e4rkung<\/td>\n<\/tr>\n<tr style=\"height: 13.50pt;\">\n<td style=\"height: 13.50pt;\" height=\"18\">Verschlussart<\/td>\n<td>Schwingdeckel aus Edelstahl mit rot\/wei\u00dfem Stopper<\/td>\n<\/tr>\n<tr style=\"height: 13.50pt;\">\n<td style=\"height: 13.50pt;\" height=\"18\">Ideal f\u00fcr<\/td>\n<td>Flasche zur G\u00e4rung, B\u00fcgelverschlussflaschen<\/td>\n<\/tr>\n<\/tbody>\n<\/table>\n<h2>Erfolgsgeschichte: Verbesserung des Images einer Essigmarke<\/h2>\n<p>Einer der Hersteller von handwerklich hergestelltem Essig ben\u00f6tigte eine Verpackung, die dem Druck der Kohlens\u00e4ure standhielt und gleichzeitig die hochwertige Positionierung des Produkts widerspiegelte. Schlie\u00dflich entschied man sich f\u00fcr unsere gerillte Flasche f\u00fcr die G\u00e4rung. Dank der Rillenform konnte das Versch\u00fctten um 41 % und der Geschmacksverlust um 38 % reduziert werden, da der Schraubverschluss, der Bier effektiv frisch h\u00e4lt, auch zum dichten Verschlie\u00dfen der Flasche verwendet wurde. Mit diesem Erfolg als Ausgangspunkt hat das Unternehmen vier Bestellungen in Folge \u00fcber insgesamt 500.000 Flaschen aufgegeben, um sein Vertriebsnetz zu erweitern.<\/p>\n<h2>Anpassungsoptionen<\/h2>\n<p>Mit den folgenden Individualisierungsoptionen k\u00f6nnen Sie Ihre eigenen, wiederverschlie\u00dfbaren Flaschen in verbesserter Qualit\u00e4t herstellen:<\/p>\n<ul>\n<li><strong>Groove Hochglanzlackierung:<\/strong> Die vertikalen Rillen k\u00f6nnen mit farbigem Emaille verziert werden, wodurch ein markantes Streifenmuster entsteht, das in Ihren Markenfarben gehalten sein kann.<\/li>\n<li><strong>Gepr\u00e4gte Bandmarkierung:<\/strong> Eine dezente, erhabene Markierung \u201e465ml\u201c am Boden oder im unteren Teil der Flasche tr\u00e4gt dazu bei, dem Produkt ein luxuri\u00f6seres Aussehen zu verleihen.<\/li>\n<li><strong>pote de vidro com tampa<\/strong> Sie haben die M\u00f6glichkeit, eine Keramikkappenfarbe zu w\u00e4hlen, die gut zum prim\u00e4ren Farbschema der Marke passt.<\/li>\n<li><strong>S\u00e4urege\u00e4tztes Logo:<\/strong> Eine klare Glasoberfl\u00e4che mit einem mattierten, s\u00e4urege\u00e4tzten Logo ist nicht nur ein anspruchsvoller, sondern auch ein langlebiger und hochwertiger Markenpr\u00e4sentator.<\/li>\n<\/ul>","protected":false},"excerpt":{"rendered":"<p>Klare Glasflasche f\u00fcr die G\u00e4rung mit geriffeltem Korpus und luftdichtem B\u00fcgelverschluss. Stilvolle, robuste und wiederverschlie\u00dfbare Flaschen \u2013 ideal zum Brauen und Aufbewahren. Gratisproben.<\/p>","protected":false},"featured_media":23804,"template":"","meta":[],"product_brand":[],"product_cat":[122,123,132],"product_tag":[],"class_list":{"0":"post-23801","1":"product","2":"type-product","3":"status-publish","4":"has-post-thumbnail","6":"product_cat-custom-glass-packaging","7":"product_cat-custom-glass-bottles","8":"product_cat-glass-flip-top-bottles","10":"first","11":"instock","12":"shipping-taxable","13":"product-type-simple"},"jetpack_sharing_enabled":true,"_links":{"self":[{"href":"https:\/\/yebodaglass.com\/de\/wp-json\/wp\/v2\/product\/23801","targetHints":{"allow":["GET"]}}],"collection":[{"href":"https:\/\/yebodaglass.com\/de\/wp-json\/wp\/v2\/product"}],"about":[{"href":"https:\/\/yebodaglass.com\/de\/wp-json\/wp\/v2\/types\/product"}],"version-history":[{"count":4,"href":"https:\/\/yebodaglass.com\/de\/wp-json\/wp\/v2\/product\/23801\/revisions"}],"predecessor-version":[{"id":23812,"href":"https:\/\/yebodaglass.com\/de\/wp-json\/wp\/v2\/product\/23801\/revisions\/23812"}],"wp:featuredmedia":[{"embeddable":true,"href":"https:\/\/yebodaglass.com\/de\/wp-json\/wp\/v2\/media\/23804"}],"wp:attachment":[{"href":"https:\/\/yebodaglass.com\/de\/wp-json\/wp\/v2\/media?parent=23801"}],"wp:term":[{"taxonomy":"product_brand","embeddable":true,"href":"https:\/\/yebodaglass.com\/de\/wp-json\/wp\/v2\/product_brand?post=23801"},{"taxonomy":"product_cat","embeddable":true,"href":"https:\/\/yebodaglass.com\/de\/wp-json\/wp\/v2\/product_cat?post=23801"},{"taxonomy":"product_tag","embeddable":true,"href":"https:\/\/yebodaglass.com\/de\/wp-json\/wp\/v2\/product_tag?post=23801"}],"curies":[{"name":"wp","href":"https:\/\/api.w.org\/{rel}","templated":true}]}}