{"id":23792,"date":"2025-11-17T14:17:35","date_gmt":"2025-11-17T06:17:35","guid":{"rendered":"https:\/\/yebodaglass.com\/?post_type=product&#038;p=23792"},"modified":"2026-03-26T14:20:30","modified_gmt":"2026-03-26T06:20:30","slug":"wholesale-clear-fermentation-bottles-with-handles","status":"publish","type":"product","link":"https:\/\/yebodaglass.com\/de\/wholesale-clear-fermentation-bottles-with-handles\/","title":{"rendered":"Klare G\u00e4rflaschen mit Henkeln im Gro\u00dfhandel, 250 ml, 350 ml, 500 ml"},"content":{"rendered":"<p>Intended to withstand usage, be easy to carry and manage, and provide assurance to good sealing ability, this glass bottle family ( 250ml, 350ml and 500ml picks ) will have built in handle and swing top closure. The bottles are made of pure, clear glass, with an easy, ergonomic handle and a rounded, smooth body that makes them easy to fill and pour in either the work or home setting.<\/p>\n<h2>Produkteigenschaften<\/h2>\n<p>All bottles come packaged with a swivel-top (flip-top) system of bottle closure: A glass stopper, stainless wire bail, and a food grade sealing gasket. This construction provides an airtight sealed cover and the bottles can be used to preserve freshness and to facilitate the fermentation process. Product visibility is improved by the transparent glass body and therefore the ease with which users can track contents.<\/p>\n<h2 style=\"text-align: left;\">Wichtigste Spezifikationen<\/h2>\n<table class=\"aligncenter\" style=\"border-collapse: collapse; width: 762.77pt;\" border=\"0\" width=\"1017\" cellspacing=\"0\" cellpadding=\"0\">\n<tbody>\n<tr style=\"height: 13.50pt;\">\n<td style=\"height: 13.50pt; width: 138.75pt;\" width=\"185\" height=\"18\">Spezifikation<\/td>\n<td style=\"width: 624.00pt;\" width=\"832\">Details<\/td>\n<\/tr>\n<tr style=\"height: 13.50pt;\">\n<td style=\"height: 13.50pt;\" height=\"18\">Ma\u00dfe<\/td>\n<td>250 ml (8 oz): 6,7 cm \u00d7 17,2 cm \/ 350 ml (12 oz): 7,6 cm \u00d7 20 cm \/ 500 ml (16 oz): 8,7 cm \u00d7 21,8 cm<\/td>\n<\/tr>\n<tr style=\"height: 13.50pt;\">\n<td style=\"height: 13.50pt;\" height=\"18\">Material<\/td>\n<td>Bleifreies Natronkalkglas<\/td>\n<\/tr>\n<tr style=\"height: 13.50pt;\">\n<td style=\"height: 13.50pt;\" height=\"18\">Griffdesign<\/td>\n<td>Eingegossener ergonomischer Griff bei allen Gr\u00f6\u00dfen<\/td>\n<\/tr>\n<tr style=\"height: 13.50pt;\">\n<td style=\"height: 13.50pt;\" height=\"18\">Verschlussart<\/td>\n<td>\u00a0swing top<\/td>\n<\/tr>\n<tr style=\"height: 13.50pt;\">\n<td style=\"height: 13.50pt;\" height=\"18\">Dichtungsoptionen<\/td>\n<td>Lebensmittelechter Gummi oder Silikon<\/td>\n<\/tr>\n<tr style=\"height: 13.50pt;\">\n<td style=\"height: 13.50pt;\" height=\"18\">Dichtungsleistung<\/td>\n<td>Luftdicht, druckbest\u00e4ndig \u2013 ideal f\u00fcr die nat\u00fcrliche Kohlens\u00e4urebildung<\/td>\n<\/tr>\n<tr style=\"height: 13.50pt;\">\n<td style=\"height: 13.50pt;\" height=\"18\">Ideal f\u00fcr<\/td>\n<td>Bier, Limonade, Weinherstellung, probiotische Tonika, Kombucha<\/td>\n<\/tr>\n<\/tbody>\n<\/table>\n<h2>Erfolgsgeschichte: Optimierung einer Produktionslinie f\u00fcr handwerklich hergestellten Kombucha<\/h2>\n<p>Die Kombucha-Brauerei hatte mit Produktionsinstabilit\u00e4t zu k\u00e4mpfen, da sie G\u00e4rtanks f\u00fcr die Nachg\u00e4rung nutzte und die Produkte anschlie\u00dfend in herk\u00f6mmlichen Flaschen verkaufte. Dies f\u00fchrte zu einer sehr hohen Kontaminationsrate und instabiler Produktion. Nach dem Wechsel zu unseren G\u00e4rflaschen mit Henkeln sank die Kontaminationsrate dank der besseren Abdichtung um 38 %. Auch die Mitarbeiter konnten auf dem Wochenmarkt leichter Proben entnehmen, da sie die Flaschen an den Henkeln greifen konnten. Dadurch reduzierte sich der Bruch beim Transport um 15 %. Die Brauerei war mit der Produktleistung und dem positiven Kundenfeedback so zufrieden, dass sie drei weitere Bestellungen \u00fcber jeweils 100.000 Flaschen aufgab.<\/p>\n<h2>Anpassungsvorschl\u00e4ge f\u00fcr G\u00e4rflaschen<\/h2>\n<p>Machen Sie funktionale G\u00e4rflaschen mit diesen produktbezogenen Individualisierungsoptionen attraktiver und markenbewusster:<\/p>\n<ul>\n<li><strong>Illustrierte Kapazit\u00e4tslinien:<\/strong> Auf der Schulter der Flasche sind deutliche Volumenmarkierungen angebracht, um ein pr\u00e4zises Volumen f\u00fcr jede Charge zu gew\u00e4hrleisten.<\/li>\n<li><strong>Glassiebdruck:<\/strong> Die Grafiken auf der Flasche bestehen aus strapazierf\u00e4higem und chemikalienbest\u00e4ndigem Material, das direkt auf den Flaschenk\u00f6rper gedruckt ist, sodass es h\u00e4ufigem Waschen und Anfassen standh\u00e4lt.<\/li>\n<li><strong>Mattierte Griffe:<\/strong> Die Griffe haben eine mattierte Oberfl\u00e4che, die f\u00fcr einen besseren Halt und ein luxuri\u00f6seres Tragegef\u00fchl sorgt.<\/li>\n<li><strong>Gepr\u00e4gtes Logo am unteren Rand:<\/strong> Das kleine, erhabene und dezente Logo, das auf dem Flaschenboden aufgedruckt ist, verleiht dem Produkt ein professionelles Aussehen, ohne das Etikett zu verdecken.<\/li>\n<\/ul>","protected":false},"excerpt":{"rendered":"<p>Durable fermentation bottles with swing top and handle. Clear ferment bottles in 250ml, 350ml, 500ml for brewing, storage, and beverage packaging.<\/p>","protected":false},"featured_media":25629,"template":"","meta":[],"product_brand":[],"product_cat":[132,123,122],"product_tag":[],"class_list":{"0":"post-23792","1":"product","2":"type-product","3":"status-publish","4":"has-post-thumbnail","6":"product_cat-glass-flip-top-bottles","7":"product_cat-custom-glass-bottles","8":"product_cat-custom-glass-packaging","10":"first","11":"instock","12":"shipping-taxable","13":"product-type-simple"},"jetpack_sharing_enabled":true,"_links":{"self":[{"href":"https:\/\/yebodaglass.com\/de\/wp-json\/wp\/v2\/product\/23792","targetHints":{"allow":["GET"]}}],"collection":[{"href":"https:\/\/yebodaglass.com\/de\/wp-json\/wp\/v2\/product"}],"about":[{"href":"https:\/\/yebodaglass.com\/de\/wp-json\/wp\/v2\/types\/product"}],"version-history":[{"count":5,"href":"https:\/\/yebodaglass.com\/de\/wp-json\/wp\/v2\/product\/23792\/revisions"}],"predecessor-version":[{"id":25615,"href":"https:\/\/yebodaglass.com\/de\/wp-json\/wp\/v2\/product\/23792\/revisions\/25615"}],"wp:featuredmedia":[{"embeddable":true,"href":"https:\/\/yebodaglass.com\/de\/wp-json\/wp\/v2\/media\/25629"}],"wp:attachment":[{"href":"https:\/\/yebodaglass.com\/de\/wp-json\/wp\/v2\/media?parent=23792"}],"wp:term":[{"taxonomy":"product_brand","embeddable":true,"href":"https:\/\/yebodaglass.com\/de\/wp-json\/wp\/v2\/product_brand?post=23792"},{"taxonomy":"product_cat","embeddable":true,"href":"https:\/\/yebodaglass.com\/de\/wp-json\/wp\/v2\/product_cat?post=23792"},{"taxonomy":"product_tag","embeddable":true,"href":"https:\/\/yebodaglass.com\/de\/wp-json\/wp\/v2\/product_tag?post=23792"}],"curies":[{"name":"wp","href":"https:\/\/api.w.org\/{rel}","templated":true}]}}