{"id":23764,"date":"2025-11-14T16:48:27","date_gmt":"2025-11-14T08:48:27","guid":{"rendered":"https:\/\/yebodaglass.com\/?post_type=product&#038;p=23764"},"modified":"2025-11-18T10:21:39","modified_gmt":"2025-11-18T02:21:39","slug":"wholesale-clear-grolsch-bottle-with-swing-top","status":"publish","type":"product","link":"https:\/\/yebodaglass.com\/de\/wholesale-clear-grolsch-bottle-with-swing-top\/","title":{"rendered":"Gro\u00dfhandel mit 16-Unzen-Klarglasflaschen von Grolsch mit B\u00fcgelverschluss"},"content":{"rendered":"<p data-start=\"66\" data-end=\"288\">Es handelt sich um eine Grolsch-Flasche aus Klarglas mit einem Metall-Schnappverschluss und roten und wei\u00dfen Farbelementen. Neben ihrer praktischen Handhabung und dem dichten Verschluss eignet sie sich hervorragend zur Aufbewahrung von Getr\u00e4nken oder Lebensmitteln.<\/p>\n<h2>Produkteigenschaften<\/h2>\n<ul>\n<li><strong>Klarglasmaterial:<\/strong> Durch das transparente Glas k\u00f6nnen Farbe und Fl\u00fcssigkeitsmenge visuell \u00fcberpr\u00fcft werden, ohne den Beh\u00e4lter zu \u00f6ffnen, was die Identifizierung und Inspektion des Produkts erleichtert.<\/li>\n<li><strong>Schnappverschluss-Dichtungsdesign:<\/strong> Der rot-wei\u00dfe Metall-Schnappverschluss am Beh\u00e4lter sorgt f\u00fcr eine hervorragende Abdichtung und garantiert so die Frische der Fl\u00fcssigkeit im Inneren. Gleichzeitig l\u00e4sst sich der Deckel leicht abnehmen und wieder aufsetzen.<\/li>\n<li><strong>Einfaches und praktisches Design:<\/strong> Die Flasche besticht durch klare, flie\u00dfende Linien und einen minimalistischen Stil, die \u00e4sthetisch ansprechend und gleichzeitig praktisch sind. So erhalten Sie ein Produkt, das nicht nur einfach zu handhaben, sondern auch einfach zu verstauen ist.<\/li>\n<\/ul>\n<h2 style=\"text-align: left;\">Wichtigste Spezifikationen<\/h2>\n<table class=\"aligncenter\" style=\"border-collapse: collapse; width: 564.02pt;\" border=\"0\" width=\"752\" cellspacing=\"0\" cellpadding=\"0\">\n<tbody>\n<tr style=\"height: 13.50pt;\">\n<td style=\"height: 13.50pt; width: 115.50pt;\" width=\"154\" height=\"18\">Spezifikation<\/td>\n<td style=\"width: 448.50pt;\" width=\"598\">Details<\/td>\n<\/tr>\n<tr style=\"height: 13.50pt;\">\n<td style=\"height: 13.50pt;\" height=\"18\">Ma\u00dfe<\/td>\n<td>500 ml (16 oz): 8,1 cm \u00d7 22,3 cm<\/td>\n<\/tr>\n<tr style=\"height: 13.50pt;\">\n<td style=\"height: 13.50pt;\" height=\"18\">Material<\/td>\n<td>Hochtransparentes Klarglas<\/td>\n<\/tr>\n<tr style=\"height: 13.50pt;\">\n<td style=\"height: 13.50pt;\" height=\"18\">Verschlusssystem<\/td>\n<td>Edelstahl-Schwingdeckel mit rot\/wei\u00dfem Verschluss und lebensmittelechter Dichtung<\/td>\n<\/tr>\n<tr style=\"height: 13.50pt;\">\n<td style=\"height: 13.50pt;\" height=\"18\">Halslackierung<\/td>\n<td>Kompatibel mit Standard-EZ-Cap-Ersatzteilen und Unterlegscheibens\u00e4tzen<\/td>\n<\/tr>\n<tr style=\"height: 13.50pt;\">\n<td style=\"height: 13.50pt;\" height=\"18\">Ideal f\u00fcr<\/td>\n<td>Kombucha, Bier, Limonade, Weinherstellung, fermentierte Tonika<\/td>\n<\/tr>\n<\/tbody>\n<\/table>\n<h2>Erfolgsgeschichte: Sanierung eines Craft-Getr\u00e4nkeunternehmens<\/h2>\n<p>Ein kleines Unternehmen f\u00fcr Erfrischungsgetr\u00e4nke geriet in Schwierigkeiten, da es keine geeigneten Verpackungen fand, die seinem Premium-Markenimage gerecht werden konnten. Schlie\u00dflich entschied man sich f\u00fcr unsere 473-ml-B\u00fcgelverschlussflaschen, um sein charakteristisches Ginger Ale und Sarsaparilla abzuf\u00fcllen. Familien waren von den gro\u00dfen Flaschengr\u00f6\u00dfen begeistert. Der Kohlens\u00e4ureverlust w\u00e4hrend der Lagerung konnte dank der luftdichten Schraubverschl\u00fcsse um 43 % reduziert werden. Dies minimierte Reklamationen wegen verdorbener Produkte und steigerte die Wiederkaufsrate um 52 %. Somit kann das Unternehmen eine hohe Kundentreue verzeichnen. Dies hat zu vielen positiven Gespr\u00e4chen seitens des Unternehmens, der Verbraucher und der Vertriebspartner gef\u00fchrt, was wiederum zu einer Erh\u00f6hung der Bestellungen auf 250.000 Einheiten pro Quartal durch die Vertriebsstellen gef\u00fchrt hat.<\/p>\n<h2>Ideen zur Personalisierung von Grolsch-Flaschen<\/h2>\n<ul>\n<li><strong>Glassiebdruck:<\/strong> Sie k\u00f6nnen den transparenten Glasbeh\u00e4lter mit modischen, druckbaren, farbenfrohen Markenlogos oder anderen Designs verzieren, die lange halten und ideal zur Pr\u00e4sentation eines Markenimages und einer Markenidentit\u00e4t geeignet sind.<\/li>\n<li><strong>Gepr\u00e4gte Kapazit\u00e4tskennzeichnung:<\/strong> Verleihen Sie Ihrem Beh\u00e4lter ein professionelleres Aussehen, indem Sie dezent am Boden oder im unteren Teil der Flasche eine gepr\u00e4gte Angabe wie \u201e16 OZ\u201c oder \u201e1 L\u201c anbringen.<\/li>\n<li><strong>Farbiger Silikon-Dichtungsring:<\/strong> Sie k\u00f6nnen einen Silikondichtungsring verwenden, der auf Ihre Markenfarben abgestimmt ist und als kleines, aber dennoch gut sichtbares individuelles Detail dient, wenn der Deckel verschlossen ist.<\/li>\n<li><strong>Spezielle Etikettenfelder mit Glanz\/Matt:<\/strong> Verwenden Sie unterschiedliche Glastexturen in Form von Glanz oder Matt auf Ihrer Aufkleberfl\u00e4che, damit Ihr Hauptetikett die Aufmerksamkeit erh\u00e4lt, die es verdient.<\/li>\n<\/ul>","protected":false},"excerpt":{"rendered":"<p>Hochwertige 473-ml-B\u00fcgelverschlussflaschen im Grolsch-Flaschen-Design mit Metall-Klappverschluss f\u00fcr die sichere und wiederverwendbare Aufbewahrung von Getr\u00e4nken. Schneller Versand. Gratisproben inklusive.<\/p>","protected":false},"featured_media":23788,"template":"","meta":[],"product_brand":[],"product_cat":[122,123,132],"product_tag":[],"class_list":{"0":"post-23764","1":"product","2":"type-product","3":"status-publish","4":"has-post-thumbnail","6":"product_cat-custom-glass-packaging","7":"product_cat-custom-glass-bottles","8":"product_cat-glass-flip-top-bottles","10":"first","11":"instock","12":"shipping-taxable","13":"product-type-simple"},"jetpack_sharing_enabled":true,"_links":{"self":[{"href":"https:\/\/yebodaglass.com\/de\/wp-json\/wp\/v2\/product\/23764","targetHints":{"allow":["GET"]}}],"collection":[{"href":"https:\/\/yebodaglass.com\/de\/wp-json\/wp\/v2\/product"}],"about":[{"href":"https:\/\/yebodaglass.com\/de\/wp-json\/wp\/v2\/types\/product"}],"version-history":[{"count":4,"href":"https:\/\/yebodaglass.com\/de\/wp-json\/wp\/v2\/product\/23764\/revisions"}],"predecessor-version":[{"id":23838,"href":"https:\/\/yebodaglass.com\/de\/wp-json\/wp\/v2\/product\/23764\/revisions\/23838"}],"wp:featuredmedia":[{"embeddable":true,"href":"https:\/\/yebodaglass.com\/de\/wp-json\/wp\/v2\/media\/23788"}],"wp:attachment":[{"href":"https:\/\/yebodaglass.com\/de\/wp-json\/wp\/v2\/media?parent=23764"}],"wp:term":[{"taxonomy":"product_brand","embeddable":true,"href":"https:\/\/yebodaglass.com\/de\/wp-json\/wp\/v2\/product_brand?post=23764"},{"taxonomy":"product_cat","embeddable":true,"href":"https:\/\/yebodaglass.com\/de\/wp-json\/wp\/v2\/product_cat?post=23764"},{"taxonomy":"product_tag","embeddable":true,"href":"https:\/\/yebodaglass.com\/de\/wp-json\/wp\/v2\/product_tag?post=23764"}],"curies":[{"name":"wp","href":"https:\/\/api.w.org\/{rel}","templated":true}]}}