{"id":23742,"date":"2025-11-14T16:48:48","date_gmt":"2025-11-14T08:48:48","guid":{"rendered":"https:\/\/yebodaglass.com\/?post_type=product&#038;p=23742"},"modified":"2026-04-14T16:03:36","modified_gmt":"2026-04-14T08:03:36","slug":"custom-pickle-container-pickles-jars-wholesale","status":"publish","type":"product","link":"https:\/\/yebodaglass.com\/de\/custom-pickle-container-pickles-jars-wholesale\/","title":{"rendered":"Gro\u00dfhandel f\u00fcr individuell gestaltete Glas-Gurkenbeh\u00e4lter (125 ml \u2013 280 ml)"},"content":{"rendered":"<p>Sie haben genug von auslaufenden Gurkengl\u00e4sern, in denen Ihre Gurken nicht mehr zu sehen sind? Wir fertigen Gurkengl\u00e4ser aus Glas \u2013 Schluss mit auslaufender Lake! Mit diesen Gurkenglas-Sets wird Ihre Lebensmittelaufbewahrung zum Markenzeichen. Bei Gro\u00dfbestellungen erhalten Sie individuelle Farben passend zu Ihrer Marke.<\/p>\n<h2>Produkteigenschaften<\/h2>\n<ul>\n<li><strong>Thick\u200b\u200d\u200b\u200c\u200d\u200b\u200d\u200c\u200b\u200d\u200b\u200c\u200d\u200b\u200d\u200c Glass Durability: <\/strong>Zerbricht nicht leicht \u2013 beh\u00e4lt die Qualit\u00e4t von eingelegten Fr\u00fcchten \u00fcber mehrere Monate, ohne ihre Farbe zu verlieren.<\/li>\n<li><strong>Airtight Metal Lid Seal: <\/strong>Verhindert das Eindringen von Luft \u2013 h\u00e4lt Dill, Essig und Aromen absolut frisch.<\/li>\n<li><strong>Wide Mouth Glass Opening: <\/strong>Ideal zum F\u00fcllen mit Gem\u00fcse \u2013 Fermentieren ist ganz ohne Kleckerei m\u00f6glich.<\/li>\n<\/ul>\n<h2>Wichtigste Spezifikationen<\/h2>\n<p>&nbsp;<\/p>\n<table style=\"border-collapse: collapse; width: 80%; margin-left: auto; margin-right: auto;\" border=\"0\" width=\"288\" cellspacing=\"0\" cellpadding=\"0\">\n<tbody>\n<tr style=\"height: 13.50pt;\">\n<td style=\"height: 13.5pt; width: 54pt; text-align: center;\" width=\"72\" height=\"18\">Fassungsverm\u00f6gen (ml)<\/td>\n<td style=\"width: 54pt; text-align: center;\" width=\"72\">Gr\u00f6\u00dfe (cm)<\/td>\n<td style=\"width: 54pt; text-align: center;\" width=\"72\">Verschlussart<\/td>\n<\/tr>\n<tr style=\"height: 13.50pt;\">\n<td style=\"height: 13.5pt; text-align: center;\" height=\"18\">125<\/td>\n<td style=\"text-align: center;\">7.5 x 7.3<\/td>\n<td class=\"et2\" style=\"text-align: center;\" rowspan=\"3\">Gewinde (Kunststoff\/Metall)<\/td>\n<\/tr>\n<tr style=\"height: 13.50pt;\">\n<td style=\"height: 13.5pt; text-align: center;\" height=\"18\">180<\/td>\n<td style=\"text-align: center;\">8.0 x 7.7<\/td>\n<\/tr>\n<tr style=\"height: 13.50pt;\">\n<td style=\"height: 13.5pt; text-align: center;\" height=\"18\">280<\/td>\n<td style=\"text-align: center;\">8.2 x 7.9<\/td>\n<\/tr>\n<\/tbody>\n<\/table>\n<h2>Erfolgsbeispiel<\/h2>\n<p>Als eine s\u00fcdostasiatische Marke f\u00fcr eingelegte Lebensmittel ihre Verpackung modernisieren wollte, entschied sie sich f\u00fcr unseren Einlegebeh\u00e4lter. Das geschwungene, transparente Glas l\u00e4sst das Produkt optisch ansprechender wirken und sorgt so f\u00fcr eine attraktive Pr\u00e4sentation im Regal. Gleichzeitig tr\u00e4gt die verbesserte Abdichtung dazu bei, die Bruchrate beim Transport um 30 % zu senken.<\/p>\n<p>Der Absatz der eingelegten Gem\u00fcseprodukte der Marke stieg innerhalb von drei Monaten nach der Produkteinf\u00fchrung um 22 %, wodurch sich die Markenbekanntheit und die Vertriebskanalerweiterung verdoppelten.<\/p>\n<h2>Ihr Leitfaden zur individuellen Anpassung von Gurkenbeh\u00e4ltern<\/h2>\n<ol>\n<li><strong>Anpassbare Kapazit\u00e4ten:<\/strong> Es stehen verschiedene Deckelgr\u00f6\u00dfen von klein bis gro\u00df zur Verf\u00fcgung, um unterschiedliche W\u00fcrzmittelinhalte (ganze Fr\u00fcchte, Scheiben oder zerkleinerte Zutaten) aufzunehmen und so die Produktpalette abzurunden.<\/li>\n<li><strong>W\u00e4hlbares Deckelmaterial und Farbe:<\/strong> Es gibt individuell gestaltbare Verschl\u00fcsse aus Metall, Kunststoff oder explosionsgesch\u00fctzte Verschl\u00fcsse mit mehrfarbiger Einbrennlackierung in Silber, Schwarz und Gold zur Auswahl.<\/li>\n<li><strong>Individuelle Etiketten und Pr\u00e4gungen:<\/strong> Es erm\u00f6glicht die individuelle Gestaltung des Markenlogos auf der Flasche und bietet Etikettenmaterialien, die \u00f6l- und feuchtigkeitsbest\u00e4ndig sind, wodurch das Erscheinungsbild professioneller und langlebiger wird.<\/li>\n<\/ol>","protected":false},"excerpt":{"rendered":"<p>Langlebiger Glasbeh\u00e4lter f\u00fcr Lebensmittelfabriken; und das Glas f\u00fcr Essiggurken eignet sich f\u00fcr Gro\u00dfbestellungen, Verpackungen mit kundenspezifischen Etiketten f\u00fcr fermentierte oder konservierte Produkte.<\/p>","protected":false},"featured_media":23743,"template":"","meta":[],"product_brand":[],"product_cat":[133,124,122],"product_tag":[],"class_list":{"0":"post-23742","1":"product","2":"type-product","3":"status-publish","4":"has-post-thumbnail","6":"product_cat-pickle-jars","7":"product_cat-custom-glass-jars","8":"product_cat-custom-glass-packaging","10":"first","11":"instock","12":"shipping-taxable","13":"product-type-simple"},"jetpack_sharing_enabled":true,"_links":{"self":[{"href":"https:\/\/yebodaglass.com\/de\/wp-json\/wp\/v2\/product\/23742","targetHints":{"allow":["GET"]}}],"collection":[{"href":"https:\/\/yebodaglass.com\/de\/wp-json\/wp\/v2\/product"}],"about":[{"href":"https:\/\/yebodaglass.com\/de\/wp-json\/wp\/v2\/types\/product"}],"version-history":[{"count":5,"href":"https:\/\/yebodaglass.com\/de\/wp-json\/wp\/v2\/product\/23742\/revisions"}],"predecessor-version":[{"id":25784,"href":"https:\/\/yebodaglass.com\/de\/wp-json\/wp\/v2\/product\/23742\/revisions\/25784"}],"wp:featuredmedia":[{"embeddable":true,"href":"https:\/\/yebodaglass.com\/de\/wp-json\/wp\/v2\/media\/23743"}],"wp:attachment":[{"href":"https:\/\/yebodaglass.com\/de\/wp-json\/wp\/v2\/media?parent=23742"}],"wp:term":[{"taxonomy":"product_brand","embeddable":true,"href":"https:\/\/yebodaglass.com\/de\/wp-json\/wp\/v2\/product_brand?post=23742"},{"taxonomy":"product_cat","embeddable":true,"href":"https:\/\/yebodaglass.com\/de\/wp-json\/wp\/v2\/product_cat?post=23742"},{"taxonomy":"product_tag","embeddable":true,"href":"https:\/\/yebodaglass.com\/de\/wp-json\/wp\/v2\/product_tag?post=23742"}],"curies":[{"name":"wp","href":"https:\/\/api.w.org\/{rel}","templated":true}]}}