{"id":23732,"date":"2025-11-14T15:47:14","date_gmt":"2025-11-14T07:47:14","guid":{"rendered":"https:\/\/yebodaglass.com\/?post_type=product&#038;p=23732"},"modified":"2025-11-14T17:05:53","modified_gmt":"2025-11-14T09:05:53","slug":"wholesale-brown-grolsch-beer-bottles-with-swing-top","status":"publish","type":"product","link":"https:\/\/yebodaglass.com\/de\/wholesale-brown-grolsch-beer-bottles-with-swing-top\/","title":{"rendered":"Gro\u00dfhandel mit braunen Grolsch-Bierflaschen mit B\u00fcgelverschluss, 485 ml und 500 ml"},"content":{"rendered":"<p data-start=\"66\" data-end=\"288\">Die aus braunem Glas hergestellten und in zwei Gr\u00f6\u00dfen erh\u00e4ltlichen Grolsch-Bierflaschen sind die perfekten Beh\u00e4lter f\u00fcr Fl\u00fcssigkeiten oder Bier.<\/p>\n<h2>Produkteigenschaften<\/h2>\n<ul>\n<li><strong>Braunes Glasmaterial:<\/strong> Braunes Glas ist ein ideales Material f\u00fcr den Lichtschutz und verleiht dem Produkt zudem ein antikes Aussehen.<\/li>\n<li><strong>Press-Stop-Versiegelung:<\/strong> Der rot-wei\u00dfe Metall-Druckverschluss dient als Dichtungselement f\u00fcr diese Flaschen und gew\u00e4hrleistet so die lange Haltbarkeit des Inhalts sowie einen schnellen Zugriff f\u00fcr die Nutzer.<\/li>\n<li><strong>Verschiedene Optionen f\u00fcr die Kappe:<\/strong> Die Flasche kann entweder ohne Verschluss (Druckverschluss) oder mit einem goldenen Kronkorkenverschluss geliefert werden, wodurch Sie eine andere Option haben und die Vielseitigkeit des Produkts erh\u00f6ht wird.<\/li>\n<\/ul>\n<h2 style=\"text-align: left;\">Wichtigste Spezifikationen<\/h2>\n<table class=\"aligncenter\" style=\"border-collapse: collapse; width: 541.52pt;\" border=\"0\" width=\"722\" cellspacing=\"0\" cellpadding=\"0\">\n<tbody>\n<tr style=\"height: 13.50pt;\">\n<td style=\"height: 13.50pt; width: 119.25pt;\" width=\"159\" height=\"18\">Merkmale<\/td>\n<td style=\"width: 422.25pt;\" width=\"563\">Beschreiben<\/td>\n<\/tr>\n<tr style=\"height: 13.50pt;\">\n<td style=\"height: 13.50pt;\" height=\"18\">Kapazit\u00e4t<\/td>\n<td>485 ml\/500 ml<\/td>\n<\/tr>\n<tr style=\"height: 13.50pt;\">\n<td style=\"height: 13.50pt;\" height=\"18\">Ma\u00dfe<\/td>\n<td>7,75 cm \u00d7 22,6 cm \/ 8,1 cm \u00d7 22,3 cm<\/td>\n<\/tr>\n<tr style=\"height: 13.50pt;\">\n<td style=\"height: 13.50pt;\" height=\"18\">Material<\/td>\n<td>Dickwandiges braunes Glas (UV-Schutz)<\/td>\n<\/tr>\n<tr style=\"height: 13.50pt;\">\n<td style=\"height: 13.50pt;\" height=\"18\">Verschlussart<\/td>\n<td>Schwingdeckel aus Edelstahl mit wahlweise rot\/wei\u00dfem oder goldenem Stopper<\/td>\n<\/tr>\n<tr style=\"height: 13.50pt;\">\n<td style=\"height: 13.50pt;\" height=\"18\">Dichtungsmaterial<\/td>\n<td>Lebensmittelechter Gummi (Standard) oder Upgrade auf Silikon<\/td>\n<\/tr>\n<tr style=\"height: 13.50pt;\">\n<td style=\"height: 13.50pt;\" height=\"18\">Ideal f\u00fcr<\/td>\n<td>Bierbrauen, Essig, Limonade, Weinherstellung, handwerklich hergestellte Getr\u00e4nke<\/td>\n<\/tr>\n<\/tbody>\n<\/table>\n<h2>Erfolgsgeschichte: Erweiterung einer Craft-Brauerei<\/h2>\n<p>Die lokale Craft-Brauerei, die haupts\u00e4chlich Biere nach belgischer Art braut, suchte nach einer Verpackungsmethode, die die Qualit\u00e4t ihrer Produkte optisch vermittelt. F\u00fcr die erste Abf\u00fcllung w\u00e4hlten sie unsere braunen B\u00fcgelverschlussflaschen aus Glas. Dank des UV-best\u00e4ndigen Glases verringerte sich die Geschmacksver\u00e4nderung des Bieres w\u00e4hrend der Lagerung um 43 %, wodurch die Bestellmenge um 40 % stieg. Dies f\u00fchrte schlie\u00dflich dazu, dass die Brauerei diese Flaschen mit Schraubverschluss als Standardverpackung einf\u00fchrte und seither drei Quartale in Folge bestellt.<\/p>\n<h2>Vorschl\u00e4ge zur Personalisierung von Grolsch-Bierflaschen<\/h2>\n<ul>\n<li><strong>pote de vidro com tampa<\/strong> Gestalten Sie die Keramikkappe in der Farbe Ihrer Kappenmarke (z. B. Gold, Wei\u00df oder Schwarz), damit Ihre Marke sofort wiedererkannt wird.<\/li>\n<li><strong>Gedrucktes Logo:<\/strong> Platzieren Sie Ihr Logo physisch auf der braunen Glasflasche und erleben Sie die Begeisterung Ihrer Kunden, wenn sie die Flasche ber\u00fchren und den Unterschied sp\u00fcren.<\/li>\n<li><strong>S\u00e4urege\u00e4tztes Branding:<\/strong> Bringen Sie ein ansprechendes Logo oder Design auf der Flasche an, indem Sie die S\u00e4ure\u00e4tztechnik anwenden, die Ihre Marke dauerhaft mit der Flasche verbindet.<\/li>\n<li><strong>Farbige Silikondichtungen:<\/strong> Farbige Silikondichtungen in Ihrer Markenfarbe eignen sich f\u00fcr ein kleines, aber sehr wirkungsvolles individuelles Detail, das ein echter Hingucker sein wird.<\/li>\n<\/ul>","protected":false},"excerpt":{"rendered":"<p>Stilvolle Grolsch-Bierflaschen mit Vintage-Charme - unsere braunen Glasflaschen mit B\u00fcgelverschluss vereinen Haltbarkeit und Zweckm\u00e4\u00dfigkeit. Fabrik Direktverkauf, schneller Versand.<\/p>","protected":false},"featured_media":23751,"template":"","meta":[],"product_brand":[],"product_cat":[122,123,132],"product_tag":[],"class_list":{"0":"post-23732","1":"product","2":"type-product","3":"status-publish","4":"has-post-thumbnail","6":"product_cat-custom-glass-packaging","7":"product_cat-custom-glass-bottles","8":"product_cat-glass-flip-top-bottles","10":"first","11":"instock","12":"shipping-taxable","13":"product-type-simple"},"jetpack_sharing_enabled":true,"_links":{"self":[{"href":"https:\/\/yebodaglass.com\/de\/wp-json\/wp\/v2\/product\/23732","targetHints":{"allow":["GET"]}}],"collection":[{"href":"https:\/\/yebodaglass.com\/de\/wp-json\/wp\/v2\/product"}],"about":[{"href":"https:\/\/yebodaglass.com\/de\/wp-json\/wp\/v2\/types\/product"}],"version-history":[{"count":5,"href":"https:\/\/yebodaglass.com\/de\/wp-json\/wp\/v2\/product\/23732\/revisions"}],"predecessor-version":[{"id":23758,"href":"https:\/\/yebodaglass.com\/de\/wp-json\/wp\/v2\/product\/23732\/revisions\/23758"}],"wp:featuredmedia":[{"embeddable":true,"href":"https:\/\/yebodaglass.com\/de\/wp-json\/wp\/v2\/media\/23751"}],"wp:attachment":[{"href":"https:\/\/yebodaglass.com\/de\/wp-json\/wp\/v2\/media?parent=23732"}],"wp:term":[{"taxonomy":"product_brand","embeddable":true,"href":"https:\/\/yebodaglass.com\/de\/wp-json\/wp\/v2\/product_brand?post=23732"},{"taxonomy":"product_cat","embeddable":true,"href":"https:\/\/yebodaglass.com\/de\/wp-json\/wp\/v2\/product_cat?post=23732"},{"taxonomy":"product_tag","embeddable":true,"href":"https:\/\/yebodaglass.com\/de\/wp-json\/wp\/v2\/product_tag?post=23732"}],"curies":[{"name":"wp","href":"https:\/\/api.w.org\/{rel}","templated":true}]}}