{"id":23714,"date":"2025-11-14T14:43:57","date_gmt":"2025-11-14T06:43:57","guid":{"rendered":"https:\/\/yebodaglass.com\/?post_type=product&#038;p=23714"},"modified":"2025-11-14T15:28:06","modified_gmt":"2025-11-14T07:28:06","slug":"wholesale-32-oz-flip-top-bottles-with-tapered-shape","status":"publish","type":"product","link":"https:\/\/yebodaglass.com\/de\/wholesale-32-oz-flip-top-bottles-with-tapered-shape\/","title":{"rendered":"Gro\u00dfhandel 16 oz und 32 oz Flip-Top-Flaschen mit konischer Form"},"content":{"rendered":"<p data-start=\"66\" data-end=\"288\">Diese 950-ml-Flaschen mit Klappverschluss sind aus Klarglas gefertigt und in zwei eleganten, konischen Designs erh\u00e4ltlich. Dank der schwarzen oder hellgr\u00fcnen Metallclips bleiben Ihre Fl\u00fcssigkeiten frisch und sicher aufbewahrt.<\/p>\n<h2>Produkteigenschaften<\/h2>\n<ul>\n<li><strong>Schnappverschluss:<\/strong> Die Flaschen sind mit Schnappverschl\u00fcssen ausgestattet, die durch Metallklammern gesichert werden. Dies gew\u00e4hrleistet eine gute Abdichtung, wodurch die Frische des Inhalts effektiv erhalten bleibt und das \u00d6ffnen und Schlie\u00dfen erleichtert wird.<\/li>\n<li><strong>Mehrere konische Formen:<\/strong> Das einzigartige und trendige Design der Flaschen sorgt f\u00fcr einen h\u00f6heren Wiedererkennungswert bei den Verbrauchern und bietet zudem einen angenehmeren Griff. Dar\u00fcber hinaus sind die Flaschen sowohl in konischer als auch in l\u00e4nglicher Form erh\u00e4ltlich.<\/li>\n<li><strong>Zwei Gr\u00f6\u00dfen, zwei Ausf\u00fchrungen:<\/strong> Es gibt zwei Produktarten, die jeweils in zwei verschiedenen Gr\u00f6\u00dfen sowie mit einer schwarzen oder hellgr\u00fcnen Kappe erh\u00e4ltlich sind, um unterschiedlichen \u00e4sthetischen Vorlieben und Anwendungsszenarien gerecht zu werden.<\/li>\n<\/ul>\n<h2 style=\"text-align: left;\">Wichtigste Spezifikationen<\/h2>\n<table class=\"aligncenter\" width=\"741\">\n<tbody>\n<tr>\n<td width=\"159\">Besonderheit<\/td>\n<td width=\"582\">Details<\/td>\n<\/tr>\n<tr>\n<td>Material<\/td>\n<td>Hochtransparentes Klarglas<\/td>\n<\/tr>\n<tr>\n<td>Ma\u00dfe<\/td>\n<td>16 oz (500 ml): 8 cm \u00d7 23 cm \/ 32 oz (1000 ml): 10 cm \u00d7 29 cm<\/td>\n<\/tr>\n<tr>\n<td>Verschlussart<\/td>\n<td>Schwingverschluss mit Edelstahlb\u00fcgel + farbigem Stopper (individuell anpassbar)<\/td>\n<\/tr>\n<tr>\n<td>Dichtungsoptionen<\/td>\n<td>Lebensmittelechter Gummi oder Silikon<\/td>\n<\/tr>\n<tr>\n<td>Dichtungsleistung<\/td>\n<td>Luftdicht, auslaufsicher, geeignet f\u00fcr kohlens\u00e4urehaltige und saure Inhalte<\/td>\n<\/tr>\n<tr>\n<td>Ideal f\u00fcr<\/td>\n<td>Kombucha, Limonade, Essig, Bierbrauen, Craft-Bier<\/td>\n<\/tr>\n<\/tbody>\n<\/table>\n<h2>Erfolgsgeschichte: Verbesserung des Markenimages von Craft Beer<\/h2>\n<p>Die Verpackung des Startups, das handwerklich hergestellten Cold-Brew-Kaffee und Kombucha produziert, war f\u00fcr das Unternehmen der wichtigste Aspekt, um das moderne Markenkonzept widerzuspiegeln. Sie entschieden sich f\u00fcr den Umstieg von herk\u00f6mmlichen Flaschen auf unsere 473-ml-Glasflaschen. Dank des innovativen Flaschendesigns fallen ihre Produkte im vollen Regal sofort ins Auge, und der Einzelhandel verzeichnete einen Anstieg von 20 % bei Erstk\u00e4ufern. Die Wiederkaufsrate stieg um 39 %, da die Kunden das wiederverwendbare Design und die ansprechende \u00c4sthetik der Flaschen sch\u00e4tzen. Mittlerweile erhalten sie 150.000 Flaschen pro Quartal.<\/p>\n<h2>Vorschl\u00e4ge zur Personalisierung von 32-Unzen-Flaschen mit Klappverschluss<\/h2>\n<ul>\n<li><strong>Einzigartige Kappenfarbe:<\/strong> Verleihen Sie Ihrem Look eine individuelle Note, indem Sie die Farbe Ihrer Keramikkappe aus einer breiten Palette von Optionen wie Schwarz oder Hellgr\u00fcn ausw\u00e4hlen, die auf dem Foto zu sehen sind.<\/li>\n<li><strong>Oberfl\u00e4che aus mattiertem Glas:<\/strong> Die vollst\u00e4ndig mattierte Oberfl\u00e4che ist eine tolle Ver\u00e4nderung f\u00fcr die transparente Glasflasche, die nicht nur ein weiches und edles mattes Gef\u00fchl vermittelt, sondern auch als fingerabdruckresistente Oberfl\u00e4che dient.<\/li>\n<li><strong>Gl\u00e4nzender Siebdruck:<\/strong> Drucken Sie gestochen scharfe und lebendige Markenlogos und Grafiken auf den Flaschenumriss, um ein dauerhaftes und einpr\u00e4gsames Markenimage zu schaffen.<\/li>\n<li><strong>S\u00e4urege\u00e4tzte Kapazit\u00e4tsmarkierungen:<\/strong> Verleihen Sie Ihrer Flasche mit aufwendig gepr\u00e4gten oder ge\u00e4tzten F\u00fcllstandsmarkierungen ein attraktiveres Aussehen. Beispielsweise erm\u00f6glichen Markierungen f\u00fcr 16 oz und 32 oz nicht nur eine einfache Erfassung des F\u00fcllstands, sondern sind auch eine elegante Erg\u00e4nzung des Flaschendesigns.<\/li>\n<\/ul>","protected":false},"excerpt":{"rendered":"<p>F\u00fcr vielseitige Einsatzm\u00f6glichkeiten und optimale Konservierung w\u00e4hlen Sie hochwertige 473-ml-Glasflaschen und robuste 946-ml-Flaschen mit B\u00fcgelverschluss. Direkt vom Hersteller, kostenlose Muster erh\u00e4ltlich.<\/p>","protected":false},"featured_media":23725,"template":"","meta":[],"product_brand":[],"product_cat":[122,123,132],"product_tag":[],"class_list":{"0":"post-23714","1":"product","2":"type-product","3":"status-publish","4":"has-post-thumbnail","6":"product_cat-custom-glass-packaging","7":"product_cat-custom-glass-bottles","8":"product_cat-glass-flip-top-bottles","10":"first","11":"instock","12":"shipping-taxable","13":"product-type-simple"},"jetpack_sharing_enabled":true,"_links":{"self":[{"href":"https:\/\/yebodaglass.com\/de\/wp-json\/wp\/v2\/product\/23714","targetHints":{"allow":["GET"]}}],"collection":[{"href":"https:\/\/yebodaglass.com\/de\/wp-json\/wp\/v2\/product"}],"about":[{"href":"https:\/\/yebodaglass.com\/de\/wp-json\/wp\/v2\/types\/product"}],"version-history":[{"count":2,"href":"https:\/\/yebodaglass.com\/de\/wp-json\/wp\/v2\/product\/23714\/revisions"}],"predecessor-version":[{"id":23729,"href":"https:\/\/yebodaglass.com\/de\/wp-json\/wp\/v2\/product\/23714\/revisions\/23729"}],"wp:featuredmedia":[{"embeddable":true,"href":"https:\/\/yebodaglass.com\/de\/wp-json\/wp\/v2\/media\/23725"}],"wp:attachment":[{"href":"https:\/\/yebodaglass.com\/de\/wp-json\/wp\/v2\/media?parent=23714"}],"wp:term":[{"taxonomy":"product_brand","embeddable":true,"href":"https:\/\/yebodaglass.com\/de\/wp-json\/wp\/v2\/product_brand?post=23714"},{"taxonomy":"product_cat","embeddable":true,"href":"https:\/\/yebodaglass.com\/de\/wp-json\/wp\/v2\/product_cat?post=23714"},{"taxonomy":"product_tag","embeddable":true,"href":"https:\/\/yebodaglass.com\/de\/wp-json\/wp\/v2\/product_tag?post=23714"}],"curies":[{"name":"wp","href":"https:\/\/api.w.org\/{rel}","templated":true}]}}