{"id":23709,"date":"2025-11-14T15:58:45","date_gmt":"2025-11-14T07:58:45","guid":{"rendered":"https:\/\/yebodaglass.com\/?post_type=product&#038;p=23709"},"modified":"2026-03-11T15:12:59","modified_gmt":"2026-03-11T07:12:59","slug":"clear-glass-large-pickle-jars-with-metal-lids-bulk","status":"publish","type":"product","link":"https:\/\/yebodaglass.com\/de\/clear-glass-large-pickle-jars-with-metal-lids-bulk\/","title":{"rendered":"Gro\u00dfe, durchsichtige Glas-Gurkengl\u00e4ser mit Metalldeckeln (lose)"},"content":{"rendered":"<p>Es handelt sich um ein gro\u00dfes Gurkenglas mit weitem Hals und zylindrischer Form aus klarem Glas, das robust ist und \u00fcber einen festen und sicheren silbernen Metallschraubverschluss verf\u00fcgt, der f\u00fcr einen luftdichten und sicheren Verschluss sorgt. Dadurch eignet es sich optimal zum Fermentieren und Konservieren von Gurken, Marinaden und Eingemachtem.<\/p>\n<h2>Produkteigenschaften<\/h2>\n<ul>\n<li><strong>Klassisches Design mit breiter \u00d6ffnung:<\/strong> Die weite \u00d6ffnung erleichtert das Bef\u00fcllen, Verpacken und Reinigen, was beim Abf\u00fcllen und Fermentieren unerl\u00e4sslich ist.<\/li>\n<li><strong>Sichere Metallplombe:<\/strong> Der silberfarbene Metallschraubverschluss sorgt daf\u00fcr, dass die Lebensmittel luftdicht verschlossen und fermentiert werden und tr\u00e4gt au\u00dferdem dazu bei, die Lebensmittel frisch zu halten.<\/li>\n<li><strong>Transparent:<\/strong> Durch das durchsichtige Glas lassen sich die Lebensmittel im Glas, die Menge der Salzlake und der G\u00e4rungsprozess leicht beobachten.<\/li>\n<\/ul>\n<h2>Wichtigste Spezifikationen<\/h2>\n<table style=\"border-collapse: collapse; width: 80%; margin-left: auto; margin-right: auto;\" border=\"0\" width=\"288\" cellspacing=\"0\" cellpadding=\"0\">\n<tbody>\n<tr style=\"height: 13.50pt;\">\n<td style=\"height: 13.5pt; width: 54pt; text-align: center;\" width=\"72\" height=\"18\">Fassungsverm\u00f6gen (ml)<\/td>\n<td style=\"width: 54pt; text-align: center;\" width=\"72\">Gr\u00f6\u00dfe (cm)<\/td>\n<td style=\"width: 54pt; text-align: center;\" width=\"72\">Oberfl\u00e4chenbehandlung<\/td>\n<td style=\"width: 54pt; text-align: center;\" width=\"72\">Form<\/td>\n<\/tr>\n<tr style=\"height: 13.50pt;\">\n<td style=\"height: 13.5pt; text-align: center;\" height=\"18\">750<\/td>\n<td style=\"text-align: center;\">9,3 x 15,1<\/td>\n<td class=\"et2\" style=\"text-align: center;\" rowspan=\"3\">Spray Painting, Carving, Embossing, etc.<\/td>\n<td class=\"et2\" style=\"text-align: center;\" rowspan=\"3\">Runden<\/td>\n<\/tr>\n<tr style=\"height: 13.50pt;\">\n<td style=\"height: 13.5pt; text-align: center;\" height=\"18\">950<\/td>\n<td style=\"text-align: center;\">9,1 x 18,8<\/td>\n<\/tr>\n<tr style=\"height: 13.50pt;\">\n<td style=\"height: 13.5pt; text-align: center;\" height=\"18\">1500<\/td>\n<td style=\"text-align: center;\">10,5 x 20,4<\/td>\n<\/tr>\n<\/tbody>\n<\/table>\n<h2>Erfolgsbeispiel: Kundenspezifische Bestellung einer Fermentationsmarke im pazifischen Nordwesten<\/h2>\n<p>Unser Gurkenglas wurde von einem professionellen Fermentationsunternehmen in Amerika ausgew\u00e4hlt und mit bernsteinfarbenem Glas und einem mattschwarzen Metalldeckel mit integriertem Gummidichtungsring personalisiert. Dieses individuelle Design l\u00f6ste eine wichtige Herausforderung: Das bernsteinfarbene Glas reduziert den Lichteinfall, verhindert so das Algenwachstum und senkt dadurch die Verderblichkeitsrate um 18 %. Der hochwertige Verschluss verl\u00e4ngerte die Haltbarkeit der Gurken zus\u00e4tzlich um ein Viertel. Die Ergebnisse waren sehr gut, und das Unternehmen bestellte weitere 80.000 Gl\u00e4ser, um die Expansion im Einzelhandel landesweit zu unterst\u00fctzen.<\/p>\n<h2>Empfehlungen zur individuellen Gestaltung gro\u00dfer Gurkengl\u00e4ser<\/h2>\n<ul>\n<li>Lichtundurchl\u00e4ssiges Glas: Es wird in bernsteinfarbenen oder gr\u00fcnen Glasgef\u00e4\u00dfen angeboten, um lichtempfindliche fermentierte und eingelegte Lebensmittel zu konservieren.<\/li>\n<li>Spezielle Deckelsysteme: Es sind Deckel mit eingebauten Gummidichtungen, G\u00e4rventilen oder kunststoffbeschichteten Innenw\u00e4nden erh\u00e4ltlich, um Korrosion durch S\u00e4uren und Salze zu vermeiden.<\/li>\n<li>Individuelle Glasformen: Herk\u00f6mmliche zylindrische Gl\u00e4ser werden zu quadratischen oder rechteckigen Gl\u00e4sern umgearbeitet, die sich effizienter in Regalen pr\u00e4sentieren und verpacken lassen.<\/li>\n<\/ul>","protected":false},"excerpt":{"rendered":"<p>Das Einmachglas mit breiter \u00d6ffnung erm\u00f6glicht einfaches Bef\u00fcllen und Reinigen. Ein zuverl\u00e4ssiges, gro\u00dfes Einmachglas, ideal zum Einlegen von Gurken und zur Aufbewahrung in der K\u00fcche. Schneller Versand.<\/p>","protected":false},"featured_media":23740,"template":"","meta":[],"product_brand":[],"product_cat":[122,124,133],"product_tag":[],"class_list":{"0":"post-23709","1":"product","2":"type-product","3":"status-publish","4":"has-post-thumbnail","6":"product_cat-custom-glass-packaging","7":"product_cat-custom-glass-jars","8":"product_cat-pickle-jars","10":"first","11":"instock","12":"shipping-taxable","13":"product-type-simple"},"jetpack_sharing_enabled":true,"_links":{"self":[{"href":"https:\/\/yebodaglass.com\/de\/wp-json\/wp\/v2\/product\/23709","targetHints":{"allow":["GET"]}}],"collection":[{"href":"https:\/\/yebodaglass.com\/de\/wp-json\/wp\/v2\/product"}],"about":[{"href":"https:\/\/yebodaglass.com\/de\/wp-json\/wp\/v2\/types\/product"}],"version-history":[{"count":5,"href":"https:\/\/yebodaglass.com\/de\/wp-json\/wp\/v2\/product\/23709\/revisions"}],"predecessor-version":[{"id":25378,"href":"https:\/\/yebodaglass.com\/de\/wp-json\/wp\/v2\/product\/23709\/revisions\/25378"}],"wp:featuredmedia":[{"embeddable":true,"href":"https:\/\/yebodaglass.com\/de\/wp-json\/wp\/v2\/media\/23740"}],"wp:attachment":[{"href":"https:\/\/yebodaglass.com\/de\/wp-json\/wp\/v2\/media?parent=23709"}],"wp:term":[{"taxonomy":"product_brand","embeddable":true,"href":"https:\/\/yebodaglass.com\/de\/wp-json\/wp\/v2\/product_brand?post=23709"},{"taxonomy":"product_cat","embeddable":true,"href":"https:\/\/yebodaglass.com\/de\/wp-json\/wp\/v2\/product_cat?post=23709"},{"taxonomy":"product_tag","embeddable":true,"href":"https:\/\/yebodaglass.com\/de\/wp-json\/wp\/v2\/product_tag?post=23709"}],"curies":[{"name":"wp","href":"https:\/\/api.w.org\/{rel}","templated":true}]}}